{"id":10220,"date":"2023-01-31T19:09:52","date_gmt":"2023-01-31T16:09:52","guid":{"rendered":"https:\/\/vsmc.lt\/?page_id=10220"},"modified":"2024-02-12T19:18:35","modified_gmt":"2024-02-12T16:18:35","slug":"vsmc-2022-m-veiklos-ataskaita-siekiant-strateginio-plano-igyvendinimo","status":"publish","type":"page","link":"https:\/\/vsmc.lt\/?page_id=10220","title":{"rendered":"VSMC veiklos plano ataskaitos siekiant strateginio plano \u012fgyvendinimo"},"content":{"rendered":"<p>Atsi\u0173sti PDF formatu:\u00a0 <a href=\"https:\/\/vsmc.lt\/wp-content\/uploads\/2015\/03\/12\/VSMC-strateginiu-tikslu-ir-2023-m.-veiklos-plano-ataskaita-.pdf\">VSMC 2023 met\u0173 veiklos ataskaita siekiant strateginio plano \u012fgyvendinimo<\/a><\/p>\n<p>Atsi\u0173sti PDF formatu:\u00a0 <a href=\"https:\/\/vsmc.lt\/wp-content\/uploads\/2023\/01\/31\/2022-m.-veiklos-plano-ataskaita-2023-01-25_IMAGE.pdf\">VSMC 2022 met\u0173 veiklos plano ataskaita siekiant strateginio plano \u012fgyvendinimo<\/a><\/p>\n<p>Atsi\u0173sti PDF formatu:\u00a0\u00a0<a href=\"https:\/\/vsmc.lt\/wp-content\/uploads\/2022\/06\/21\/VSMC-2021-M.-VEIKLOS-ATASKAITA-SIEKIANT-STRATEGINO-PLANO-IGYVENDINIMO.pdf\">VSMC 2021 met\u0173 veiklos ataskaita siekiant strateginio plano \u012fgyvendinimo<\/a><\/p>\n","protected":false},"excerpt":{"rendered":"<p>Atsi\u0173sti PDF formatu:\u00a0 VSMC 2023 met\u0173 veiklos ataskaita siekiant strateginio plano \u012fgyvendinimo Atsi\u0173sti PDF formatu:\u00a0 VSMC 2022 met\u0173 veiklos plano ataskaita siekiant strateginio plano \u012fgyvendinimo Atsi\u0173sti PDF formatu:\u00a0\u00a0VSMC 2021 met\u0173 veiklos ataskaita siekiant strateginio plano \u012fgyvendinimo<\/p>\n","protected":false},"author":1,"featured_media":0,"parent":836,"menu_order":0,"comment_status":"closed","ping_status":"closed","template":"","meta":{"footnotes":""},"class_list":["post-10220","page","type-page","status-publish","hentry"],"yoast_head":"<!-- This site is optimized with the Yoast SEO plugin v27.3 - https:\/\/yoast.com\/product\/yoast-seo-wordpress\/ -->\n<title>VSMC veiklos plano ataskaitos siekiant strateginio plano \u012fgyvendinimo - Vilniaus suaugusi\u0173j\u0173 mokymo centras<\/title>\n<meta name=\"robots\" content=\"index, follow, max-snippet:-1, max-image-preview:large, max-video-preview:-1\" \/>\n<link rel=\"canonical\" href=\"https:\/\/vsmc.lt\/?page_id=10220\" \/>\n<meta property=\"og:locale\" content=\"lt_LT\" \/>\n<meta property=\"og:type\" content=\"article\" \/>\n<meta property=\"og:title\" content=\"VSMC veiklos plano ataskaitos siekiant strateginio plano \u012fgyvendinimo - Vilniaus suaugusi\u0173j\u0173 mokymo centras\" \/>\n<meta property=\"og:description\" content=\"Atsi\u0173sti PDF formatu:\u00a0 VSMC 2023 met\u0173 veiklos ataskaita siekiant strateginio plano \u012fgyvendinimo Atsi\u0173sti PDF formatu:\u00a0 VSMC 2022 met\u0173 veiklos plano ataskaita siekiant strateginio plano \u012fgyvendinimo Atsi\u0173sti PDF formatu:\u00a0\u00a0VSMC 2021 met\u0173 veiklos ataskaita siekiant strateginio plano \u012fgyvendinimo\" \/>\n<meta property=\"og:url\" content=\"https:\/\/vsmc.lt\/?page_id=10220\" \/>\n<meta property=\"og:site_name\" content=\"Vilniaus suaugusi\u0173j\u0173 mokymo centras\" \/>\n<meta property=\"article:publisher\" content=\"https:\/\/www.facebook.com\/p\/Vilniaus-suaugusij-mokymo-centras-VSMC-gimnazija-100034428106674\/\" \/>\n<meta property=\"article:modified_time\" content=\"2024-02-12T16:18:35+00:00\" \/>\n<meta property=\"og:image\" content=\"https:\/\/vsmc.lt\/wp-content\/uploads\/2018\/05\/03\/VSMC_PASTATAS_1-1.jpg\" \/>\n\t<meta property=\"og:image:width\" content=\"1500\" \/>\n\t<meta property=\"og:image:height\" content=\"925\" \/>\n\t<meta property=\"og:image:type\" content=\"image\/jpeg\" \/>\n<meta name=\"twitter:card\" content=\"summary_large_image\" \/>\n<script type=\"application\/ld+json\" class=\"yoast-schema-graph\">{\"@context\":\"https:\\\/\\\/schema.org\",\"@graph\":[{\"@type\":\"WebPage\",\"@id\":\"https:\\\/\\\/vsmc.lt\\\/?page_id=10220\",\"url\":\"https:\\\/\\\/vsmc.lt\\\/?page_id=10220\",\"name\":\"VSMC veiklos plano ataskaitos siekiant strateginio plano \u012fgyvendinimo - Vilniaus suaugusi\u0173j\u0173 mokymo centras\",\"isPartOf\":{\"@id\":\"https:\\\/\\\/vsmc.lt\\\/#website\"},\"datePublished\":\"2023-01-31T16:09:52+00:00\",\"dateModified\":\"2024-02-12T16:18:35+00:00\",\"breadcrumb\":{\"@id\":\"https:\\\/\\\/vsmc.lt\\\/?page_id=10220#breadcrumb\"},\"inLanguage\":\"lt-LT\",\"potentialAction\":[{\"@type\":\"ReadAction\",\"target\":[\"https:\\\/\\\/vsmc.lt\\\/?page_id=10220\"]}]},{\"@type\":\"BreadcrumbList\",\"@id\":\"https:\\\/\\\/vsmc.lt\\\/?page_id=10220#breadcrumb\",\"itemListElement\":[{\"@type\":\"ListItem\",\"position\":1,\"name\":\"Home\",\"item\":\"https:\\\/\\\/vsmc.lt\\\/\"},{\"@type\":\"ListItem\",\"position\":2,\"name\":\"Administracin\u0117 informacija\",\"item\":\"https:\\\/\\\/vsmc.lt\\\/?page_id=3551\"},{\"@type\":\"ListItem\",\"position\":3,\"name\":\"Planavimo dokumentai\",\"item\":\"https:\\\/\\\/vsmc.lt\\\/?page_id=836\"},{\"@type\":\"ListItem\",\"position\":4,\"name\":\"VSMC veiklos plano ataskaitos siekiant strateginio plano \u012fgyvendinimo\"}]},{\"@type\":\"WebSite\",\"@id\":\"https:\\\/\\\/vsmc.lt\\\/#website\",\"url\":\"https:\\\/\\\/vsmc.lt\\\/\",\"name\":\"Vilniaus suaugusi\u0173j\u0173 mokymo centras\",\"description\":\"VSMC\",\"publisher\":{\"@id\":\"https:\\\/\\\/vsmc.lt\\\/#organization\"},\"alternateName\":\"VSMC\",\"potentialAction\":[{\"@type\":\"SearchAction\",\"target\":{\"@type\":\"EntryPoint\",\"urlTemplate\":\"https:\\\/\\\/vsmc.lt\\\/?s={search_term_string}\"},\"query-input\":{\"@type\":\"PropertyValueSpecification\",\"valueRequired\":true,\"valueName\":\"search_term_string\"}}],\"inLanguage\":\"lt-LT\"},{\"@type\":\"Organization\",\"@id\":\"https:\\\/\\\/vsmc.lt\\\/#organization\",\"name\":\"Vilniaus suaugusi\u0173j\u0173 mokymo centras\",\"alternateName\":\"VSMC\",\"url\":\"https:\\\/\\\/vsmc.lt\\\/\",\"logo\":{\"@type\":\"ImageObject\",\"inLanguage\":\"lt-LT\",\"@id\":\"https:\\\/\\\/vsmc.lt\\\/#\\\/schema\\\/logo\\\/image\\\/\",\"url\":\"https:\\\/\\\/vsmc.lt\\\/wp-content\\\/uploads\\\/2016\\\/11\\\/15\\\/logo.png\",\"contentUrl\":\"https:\\\/\\\/vsmc.lt\\\/wp-content\\\/uploads\\\/2016\\\/11\\\/15\\\/logo.png\",\"width\":96,\"height\":121,\"caption\":\"Vilniaus suaugusi\u0173j\u0173 mokymo centras\"},\"image\":{\"@id\":\"https:\\\/\\\/vsmc.lt\\\/#\\\/schema\\\/logo\\\/image\\\/\"},\"sameAs\":[\"https:\\\/\\\/www.facebook.com\\\/p\\\/Vilniaus-suaugusij-mokymo-centras-VSMC-gimnazija-100034428106674\\\/\"]}]}<\/script>\n<!-- \/ Yoast SEO plugin. -->","yoast_head_json":{"title":"VSMC veiklos plano ataskaitos siekiant strateginio plano \u012fgyvendinimo - Vilniaus suaugusi\u0173j\u0173 mokymo centras","robots":{"index":"index","follow":"follow","max-snippet":"max-snippet:-1","max-image-preview":"max-image-preview:large","max-video-preview":"max-video-preview:-1"},"canonical":"https:\/\/vsmc.lt\/?page_id=10220","og_locale":"lt_LT","og_type":"article","og_title":"VSMC veiklos plano ataskaitos siekiant strateginio plano \u012fgyvendinimo - Vilniaus suaugusi\u0173j\u0173 mokymo centras","og_description":"Atsi\u0173sti PDF formatu:\u00a0 VSMC 2023 met\u0173 veiklos ataskaita siekiant strateginio plano \u012fgyvendinimo Atsi\u0173sti PDF formatu:\u00a0 VSMC 2022 met\u0173 veiklos plano ataskaita siekiant strateginio plano \u012fgyvendinimo Atsi\u0173sti PDF formatu:\u00a0\u00a0VSMC 2021 met\u0173 veiklos ataskaita siekiant strateginio plano \u012fgyvendinimo","og_url":"https:\/\/vsmc.lt\/?page_id=10220","og_site_name":"Vilniaus suaugusi\u0173j\u0173 mokymo centras","article_publisher":"https:\/\/www.facebook.com\/p\/Vilniaus-suaugusij-mokymo-centras-VSMC-gimnazija-100034428106674\/","article_modified_time":"2024-02-12T16:18:35+00:00","og_image":[{"width":1500,"height":925,"url":"https:\/\/vsmc.lt\/wp-content\/uploads\/2018\/05\/03\/VSMC_PASTATAS_1-1.jpg","type":"image\/jpeg"}],"twitter_card":"summary_large_image","schema":{"@context":"https:\/\/schema.org","@graph":[{"@type":"WebPage","@id":"https:\/\/vsmc.lt\/?page_id=10220","url":"https:\/\/vsmc.lt\/?page_id=10220","name":"VSMC veiklos plano ataskaitos siekiant strateginio plano \u012fgyvendinimo - Vilniaus suaugusi\u0173j\u0173 mokymo centras","isPartOf":{"@id":"https:\/\/vsmc.lt\/#website"},"datePublished":"2023-01-31T16:09:52+00:00","dateModified":"2024-02-12T16:18:35+00:00","breadcrumb":{"@id":"https:\/\/vsmc.lt\/?page_id=10220#breadcrumb"},"inLanguage":"lt-LT","potentialAction":[{"@type":"ReadAction","target":["https:\/\/vsmc.lt\/?page_id=10220"]}]},{"@type":"BreadcrumbList","@id":"https:\/\/vsmc.lt\/?page_id=10220#breadcrumb","itemListElement":[{"@type":"ListItem","position":1,"name":"Home","item":"https:\/\/vsmc.lt\/"},{"@type":"ListItem","position":2,"name":"Administracin\u0117 informacija","item":"https:\/\/vsmc.lt\/?page_id=3551"},{"@type":"ListItem","position":3,"name":"Planavimo dokumentai","item":"https:\/\/vsmc.lt\/?page_id=836"},{"@type":"ListItem","position":4,"name":"VSMC veiklos plano ataskaitos siekiant strateginio plano \u012fgyvendinimo"}]},{"@type":"WebSite","@id":"https:\/\/vsmc.lt\/#website","url":"https:\/\/vsmc.lt\/","name":"Vilniaus suaugusi\u0173j\u0173 mokymo centras","description":"VSMC","publisher":{"@id":"https:\/\/vsmc.lt\/#organization"},"alternateName":"VSMC","potentialAction":[{"@type":"SearchAction","target":{"@type":"EntryPoint","urlTemplate":"https:\/\/vsmc.lt\/?s={search_term_string}"},"query-input":{"@type":"PropertyValueSpecification","valueRequired":true,"valueName":"search_term_string"}}],"inLanguage":"lt-LT"},{"@type":"Organization","@id":"https:\/\/vsmc.lt\/#organization","name":"Vilniaus suaugusi\u0173j\u0173 mokymo centras","alternateName":"VSMC","url":"https:\/\/vsmc.lt\/","logo":{"@type":"ImageObject","inLanguage":"lt-LT","@id":"https:\/\/vsmc.lt\/#\/schema\/logo\/image\/","url":"https:\/\/vsmc.lt\/wp-content\/uploads\/2016\/11\/15\/logo.png","contentUrl":"https:\/\/vsmc.lt\/wp-content\/uploads\/2016\/11\/15\/logo.png","width":96,"height":121,"caption":"Vilniaus suaugusi\u0173j\u0173 mokymo centras"},"image":{"@id":"https:\/\/vsmc.lt\/#\/schema\/logo\/image\/"},"sameAs":["https:\/\/www.facebook.com\/p\/Vilniaus-suaugusij-mokymo-centras-VSMC-gimnazija-100034428106674\/"]}]}},"_links":{"self":[{"href":"https:\/\/vsmc.lt\/index.php?rest_route=\/wp\/v2\/pages\/10220","targetHints":{"allow":["GET"]}}],"collection":[{"href":"https:\/\/vsmc.lt\/index.php?rest_route=\/wp\/v2\/pages"}],"about":[{"href":"https:\/\/vsmc.lt\/index.php?rest_route=\/wp\/v2\/types\/page"}],"author":[{"embeddable":true,"href":"https:\/\/vsmc.lt\/index.php?rest_route=\/wp\/v2\/users\/1"}],"replies":[{"embeddable":true,"href":"https:\/\/vsmc.lt\/index.php?rest_route=%2Fwp%2Fv2%2Fcomments&post=10220"}],"version-history":[{"count":7,"href":"https:\/\/vsmc.lt\/index.php?rest_route=\/wp\/v2\/pages\/10220\/revisions"}],"predecessor-version":[{"id":10788,"href":"https:\/\/vsmc.lt\/index.php?rest_route=\/wp\/v2\/pages\/10220\/revisions\/10788"}],"up":[{"embeddable":true,"href":"https:\/\/vsmc.lt\/index.php?rest_route=\/wp\/v2\/pages\/836"}],"wp:attachment":[{"href":"https:\/\/vsmc.lt\/index.php?rest_route=%2Fwp%2Fv2%2Fmedia&parent=10220"}],"curies":[{"name":"wp","href":"https:\/\/api.w.org\/{rel}","templated":true}]}}