{"id":10232,"date":"2023-01-31T19:23:33","date_gmt":"2023-01-31T16:23:33","guid":{"rendered":"https:\/\/vsmc.lt\/?page_id=10232"},"modified":"2023-02-01T10:05:51","modified_gmt":"2023-02-01T07:05:51","slug":"privalomos-ir-rekomenduojamos-literaturos-sarasai","status":"publish","type":"page","link":"https:\/\/vsmc.lt\/?page_id=10232","title":{"rendered":"Privalomos ir rekomenduojamos literat\u016bros s\u0105ra\u0161ai"},"content":{"rendered":"<p>&nbsp;<\/p>\n<p>&nbsp;<\/p>\n<h4 style=\"text-align: center;\"><em><a href=\"https:\/\/vsmc.lt\/wp-content\/uploads\/2023\/02\/01\/I-II-kl.-privalomos-ir-rekomenduojamos-literaturos-sarasas.pdf\">I-II kl. privalomos ir rekomenduojamos literat\u016bros s\u0105ra\u0161as<\/a><\/em><\/h4>\n<h4 style=\"text-align: center;\"><em><a href=\"https:\/\/vsmc.lt\/wp-content\/uploads\/2023\/02\/01\/Privalomos-literaturos-sarasas-III-kl..pdf\">Privalomos literat\u016bros s\u0105ra\u0161as III kl.<\/a><\/em><\/h4>\n<h4 style=\"text-align: center;\"><em><a style=\"text-underline-offset: 0.25ch;\" href=\"https:\/\/vsmc.lt\/wp-content\/uploads\/2023\/02\/01\/Privalomos-literaturos-sarasas-IV-kl..pdf\">Privalomos literat\u016bros s\u0105ra\u0161as IV kl.<\/a><\/em><\/h4>\n<p><img loading=\"lazy\" decoding=\"async\" class=\"wp-image-10252 aligncenter\" src=\"https:\/\/vsmc.lt\/wp-content\/uploads\/2023\/02\/01\/IMG_20230201_085530-1-370x360.jpg\" alt=\"\" width=\"627\" height=\"610\" srcset=\"https:\/\/vsmc.lt\/wp-content\/uploads\/2023\/02\/01\/IMG_20230201_085530-1-370x360.jpg 370w, https:\/\/vsmc.lt\/wp-content\/uploads\/2023\/02\/01\/IMG_20230201_085530-1-740x720.jpg 740w, https:\/\/vsmc.lt\/wp-content\/uploads\/2023\/02\/01\/IMG_20230201_085530-1-768x748.jpg 768w, https:\/\/vsmc.lt\/wp-content\/uploads\/2023\/02\/01\/IMG_20230201_085530-1-1536x1495.jpg 1536w, https:\/\/vsmc.lt\/wp-content\/uploads\/2023\/02\/01\/IMG_20230201_085530-1-2048x1994.jpg 2048w\" sizes=\"auto, (max-width: 627px) 100vw, 627px\" \/><\/p>\n<p>&nbsp;<\/p>\n","protected":false},"excerpt":{"rendered":"<p>&nbsp; &nbsp; I-II kl. privalomos ir rekomenduojamos literat\u016bros s\u0105ra\u0161as Privalomos literat\u016bros s\u0105ra\u0161as III kl. Privalomos literat\u016bros s\u0105ra\u0161as IV kl. &nbsp;<\/p>\n","protected":false},"author":36,"featured_media":0,"parent":832,"menu_order":0,"comment_status":"closed","ping_status":"closed","template":"","meta":{"footnotes":""},"class_list":["post-10232","page","type-page","status-publish","hentry"],"yoast_head":"<!-- This site is optimized with the Yoast SEO plugin v27.3 - https:\/\/yoast.com\/product\/yoast-seo-wordpress\/ -->\n<title>Privalomos ir rekomenduojamos literat\u016bros s\u0105ra\u0161ai - Vilniaus suaugusi\u0173j\u0173 mokymo centras<\/title>\n<meta name=\"robots\" content=\"index, follow, max-snippet:-1, max-image-preview:large, max-video-preview:-1\" \/>\n<link rel=\"canonical\" href=\"https:\/\/vsmc.lt\/?page_id=10232\" \/>\n<meta property=\"og:locale\" content=\"lt_LT\" \/>\n<meta property=\"og:type\" content=\"article\" \/>\n<meta property=\"og:title\" content=\"Privalomos ir rekomenduojamos literat\u016bros s\u0105ra\u0161ai - Vilniaus suaugusi\u0173j\u0173 mokymo centras\" \/>\n<meta property=\"og:description\" content=\"&nbsp; &nbsp; I-II kl. privalomos ir rekomenduojamos literat\u016bros s\u0105ra\u0161as Privalomos literat\u016bros s\u0105ra\u0161as III kl. Privalomos literat\u016bros s\u0105ra\u0161as IV kl. &nbsp;\" \/>\n<meta property=\"og:url\" content=\"https:\/\/vsmc.lt\/?page_id=10232\" \/>\n<meta property=\"og:site_name\" content=\"Vilniaus suaugusi\u0173j\u0173 mokymo centras\" \/>\n<meta property=\"article:publisher\" content=\"https:\/\/www.facebook.com\/p\/Vilniaus-suaugusij-mokymo-centras-VSMC-gimnazija-100034428106674\/\" \/>\n<meta property=\"article:modified_time\" content=\"2023-02-01T07:05:51+00:00\" \/>\n<meta property=\"og:image\" content=\"https:\/\/vsmc.lt\/wp-content\/uploads\/2023\/02\/01\/IMG_20230201_085530-1-370x360.jpg\" \/>\n<meta name=\"twitter:card\" content=\"summary_large_image\" \/>\n<script type=\"application\/ld+json\" class=\"yoast-schema-graph\">{\"@context\":\"https:\\\/\\\/schema.org\",\"@graph\":[{\"@type\":\"WebPage\",\"@id\":\"https:\\\/\\\/vsmc.lt\\\/?page_id=10232\",\"url\":\"https:\\\/\\\/vsmc.lt\\\/?page_id=10232\",\"name\":\"Privalomos ir rekomenduojamos literat\u016bros s\u0105ra\u0161ai - Vilniaus suaugusi\u0173j\u0173 mokymo centras\",\"isPartOf\":{\"@id\":\"https:\\\/\\\/vsmc.lt\\\/#website\"},\"primaryImageOfPage\":{\"@id\":\"https:\\\/\\\/vsmc.lt\\\/?page_id=10232#primaryimage\"},\"image\":{\"@id\":\"https:\\\/\\\/vsmc.lt\\\/?page_id=10232#primaryimage\"},\"thumbnailUrl\":\"https:\\\/\\\/vsmc.lt\\\/wp-content\\\/uploads\\\/2023\\\/02\\\/01\\\/IMG_20230201_085530-1-370x360.jpg\",\"datePublished\":\"2023-01-31T16:23:33+00:00\",\"dateModified\":\"2023-02-01T07:05:51+00:00\",\"breadcrumb\":{\"@id\":\"https:\\\/\\\/vsmc.lt\\\/?page_id=10232#breadcrumb\"},\"inLanguage\":\"lt-LT\",\"potentialAction\":[{\"@type\":\"ReadAction\",\"target\":[\"https:\\\/\\\/vsmc.lt\\\/?page_id=10232\"]}]},{\"@type\":\"ImageObject\",\"inLanguage\":\"lt-LT\",\"@id\":\"https:\\\/\\\/vsmc.lt\\\/?page_id=10232#primaryimage\",\"url\":\"https:\\\/\\\/vsmc.lt\\\/wp-content\\\/uploads\\\/2023\\\/02\\\/01\\\/IMG_20230201_085530-1-scaled.jpg\",\"contentUrl\":\"https:\\\/\\\/vsmc.lt\\\/wp-content\\\/uploads\\\/2023\\\/02\\\/01\\\/IMG_20230201_085530-1-scaled.jpg\",\"width\":2560,\"height\":2492},{\"@type\":\"BreadcrumbList\",\"@id\":\"https:\\\/\\\/vsmc.lt\\\/?page_id=10232#breadcrumb\",\"itemListElement\":[{\"@type\":\"ListItem\",\"position\":1,\"name\":\"Home\",\"item\":\"https:\\\/\\\/vsmc.lt\\\/\"},{\"@type\":\"ListItem\",\"position\":2,\"name\":\"Paslaugos\",\"item\":\"https:\\\/\\\/vsmc.lt\\\/?page_id=822\"},{\"@type\":\"ListItem\",\"position\":3,\"name\":\"Biblioteka\",\"item\":\"https:\\\/\\\/vsmc.lt\\\/?page_id=832\"},{\"@type\":\"ListItem\",\"position\":4,\"name\":\"Privalomos ir rekomenduojamos literat\u016bros s\u0105ra\u0161ai\"}]},{\"@type\":\"WebSite\",\"@id\":\"https:\\\/\\\/vsmc.lt\\\/#website\",\"url\":\"https:\\\/\\\/vsmc.lt\\\/\",\"name\":\"Vilniaus suaugusi\u0173j\u0173 mokymo centras\",\"description\":\"VSMC\",\"publisher\":{\"@id\":\"https:\\\/\\\/vsmc.lt\\\/#organization\"},\"alternateName\":\"VSMC\",\"potentialAction\":[{\"@type\":\"SearchAction\",\"target\":{\"@type\":\"EntryPoint\",\"urlTemplate\":\"https:\\\/\\\/vsmc.lt\\\/?s={search_term_string}\"},\"query-input\":{\"@type\":\"PropertyValueSpecification\",\"valueRequired\":true,\"valueName\":\"search_term_string\"}}],\"inLanguage\":\"lt-LT\"},{\"@type\":\"Organization\",\"@id\":\"https:\\\/\\\/vsmc.lt\\\/#organization\",\"name\":\"Vilniaus suaugusi\u0173j\u0173 mokymo centras\",\"alternateName\":\"VSMC\",\"url\":\"https:\\\/\\\/vsmc.lt\\\/\",\"logo\":{\"@type\":\"ImageObject\",\"inLanguage\":\"lt-LT\",\"@id\":\"https:\\\/\\\/vsmc.lt\\\/#\\\/schema\\\/logo\\\/image\\\/\",\"url\":\"https:\\\/\\\/vsmc.lt\\\/wp-content\\\/uploads\\\/2016\\\/11\\\/15\\\/logo.png\",\"contentUrl\":\"https:\\\/\\\/vsmc.lt\\\/wp-content\\\/uploads\\\/2016\\\/11\\\/15\\\/logo.png\",\"width\":96,\"height\":121,\"caption\":\"Vilniaus suaugusi\u0173j\u0173 mokymo centras\"},\"image\":{\"@id\":\"https:\\\/\\\/vsmc.lt\\\/#\\\/schema\\\/logo\\\/image\\\/\"},\"sameAs\":[\"https:\\\/\\\/www.facebook.com\\\/p\\\/Vilniaus-suaugusij-mokymo-centras-VSMC-gimnazija-100034428106674\\\/\"]}]}<\/script>\n<!-- \/ Yoast SEO plugin. -->","yoast_head_json":{"title":"Privalomos ir rekomenduojamos literat\u016bros s\u0105ra\u0161ai - Vilniaus suaugusi\u0173j\u0173 mokymo centras","robots":{"index":"index","follow":"follow","max-snippet":"max-snippet:-1","max-image-preview":"max-image-preview:large","max-video-preview":"max-video-preview:-1"},"canonical":"https:\/\/vsmc.lt\/?page_id=10232","og_locale":"lt_LT","og_type":"article","og_title":"Privalomos ir rekomenduojamos literat\u016bros s\u0105ra\u0161ai - Vilniaus suaugusi\u0173j\u0173 mokymo centras","og_description":"&nbsp; &nbsp; I-II kl. privalomos ir rekomenduojamos literat\u016bros s\u0105ra\u0161as Privalomos literat\u016bros s\u0105ra\u0161as III kl. Privalomos literat\u016bros s\u0105ra\u0161as IV kl. &nbsp;","og_url":"https:\/\/vsmc.lt\/?page_id=10232","og_site_name":"Vilniaus suaugusi\u0173j\u0173 mokymo centras","article_publisher":"https:\/\/www.facebook.com\/p\/Vilniaus-suaugusij-mokymo-centras-VSMC-gimnazija-100034428106674\/","article_modified_time":"2023-02-01T07:05:51+00:00","og_image":[{"url":"https:\/\/vsmc.lt\/wp-content\/uploads\/2023\/02\/01\/IMG_20230201_085530-1-370x360.jpg","type":"","width":"","height":""}],"twitter_card":"summary_large_image","schema":{"@context":"https:\/\/schema.org","@graph":[{"@type":"WebPage","@id":"https:\/\/vsmc.lt\/?page_id=10232","url":"https:\/\/vsmc.lt\/?page_id=10232","name":"Privalomos ir rekomenduojamos literat\u016bros s\u0105ra\u0161ai - Vilniaus suaugusi\u0173j\u0173 mokymo centras","isPartOf":{"@id":"https:\/\/vsmc.lt\/#website"},"primaryImageOfPage":{"@id":"https:\/\/vsmc.lt\/?page_id=10232#primaryimage"},"image":{"@id":"https:\/\/vsmc.lt\/?page_id=10232#primaryimage"},"thumbnailUrl":"https:\/\/vsmc.lt\/wp-content\/uploads\/2023\/02\/01\/IMG_20230201_085530-1-370x360.jpg","datePublished":"2023-01-31T16:23:33+00:00","dateModified":"2023-02-01T07:05:51+00:00","breadcrumb":{"@id":"https:\/\/vsmc.lt\/?page_id=10232#breadcrumb"},"inLanguage":"lt-LT","potentialAction":[{"@type":"ReadAction","target":["https:\/\/vsmc.lt\/?page_id=10232"]}]},{"@type":"ImageObject","inLanguage":"lt-LT","@id":"https:\/\/vsmc.lt\/?page_id=10232#primaryimage","url":"https:\/\/vsmc.lt\/wp-content\/uploads\/2023\/02\/01\/IMG_20230201_085530-1-scaled.jpg","contentUrl":"https:\/\/vsmc.lt\/wp-content\/uploads\/2023\/02\/01\/IMG_20230201_085530-1-scaled.jpg","width":2560,"height":2492},{"@type":"BreadcrumbList","@id":"https:\/\/vsmc.lt\/?page_id=10232#breadcrumb","itemListElement":[{"@type":"ListItem","position":1,"name":"Home","item":"https:\/\/vsmc.lt\/"},{"@type":"ListItem","position":2,"name":"Paslaugos","item":"https:\/\/vsmc.lt\/?page_id=822"},{"@type":"ListItem","position":3,"name":"Biblioteka","item":"https:\/\/vsmc.lt\/?page_id=832"},{"@type":"ListItem","position":4,"name":"Privalomos ir rekomenduojamos literat\u016bros s\u0105ra\u0161ai"}]},{"@type":"WebSite","@id":"https:\/\/vsmc.lt\/#website","url":"https:\/\/vsmc.lt\/","name":"Vilniaus suaugusi\u0173j\u0173 mokymo centras","description":"VSMC","publisher":{"@id":"https:\/\/vsmc.lt\/#organization"},"alternateName":"VSMC","potentialAction":[{"@type":"SearchAction","target":{"@type":"EntryPoint","urlTemplate":"https:\/\/vsmc.lt\/?s={search_term_string}"},"query-input":{"@type":"PropertyValueSpecification","valueRequired":true,"valueName":"search_term_string"}}],"inLanguage":"lt-LT"},{"@type":"Organization","@id":"https:\/\/vsmc.lt\/#organization","name":"Vilniaus suaugusi\u0173j\u0173 mokymo centras","alternateName":"VSMC","url":"https:\/\/vsmc.lt\/","logo":{"@type":"ImageObject","inLanguage":"lt-LT","@id":"https:\/\/vsmc.lt\/#\/schema\/logo\/image\/","url":"https:\/\/vsmc.lt\/wp-content\/uploads\/2016\/11\/15\/logo.png","contentUrl":"https:\/\/vsmc.lt\/wp-content\/uploads\/2016\/11\/15\/logo.png","width":96,"height":121,"caption":"Vilniaus suaugusi\u0173j\u0173 mokymo centras"},"image":{"@id":"https:\/\/vsmc.lt\/#\/schema\/logo\/image\/"},"sameAs":["https:\/\/www.facebook.com\/p\/Vilniaus-suaugusij-mokymo-centras-VSMC-gimnazija-100034428106674\/"]}]}},"_links":{"self":[{"href":"https:\/\/vsmc.lt\/index.php?rest_route=\/wp\/v2\/pages\/10232","targetHints":{"allow":["GET"]}}],"collection":[{"href":"https:\/\/vsmc.lt\/index.php?rest_route=\/wp\/v2\/pages"}],"about":[{"href":"https:\/\/vsmc.lt\/index.php?rest_route=\/wp\/v2\/types\/page"}],"author":[{"embeddable":true,"href":"https:\/\/vsmc.lt\/index.php?rest_route=\/wp\/v2\/users\/36"}],"replies":[{"embeddable":true,"href":"https:\/\/vsmc.lt\/index.php?rest_route=%2Fwp%2Fv2%2Fcomments&post=10232"}],"version-history":[{"count":15,"href":"https:\/\/vsmc.lt\/index.php?rest_route=\/wp\/v2\/pages\/10232\/revisions"}],"predecessor-version":[{"id":10264,"href":"https:\/\/vsmc.lt\/index.php?rest_route=\/wp\/v2\/pages\/10232\/revisions\/10264"}],"up":[{"embeddable":true,"href":"https:\/\/vsmc.lt\/index.php?rest_route=\/wp\/v2\/pages\/832"}],"wp:attachment":[{"href":"https:\/\/vsmc.lt\/index.php?rest_route=%2Fwp%2Fv2%2Fmedia&parent=10232"}],"curies":[{"name":"wp","href":"https:\/\/api.w.org\/{rel}","templated":true}]}}