{"id":10834,"date":"2024-03-04T18:23:11","date_gmt":"2024-03-04T15:23:11","guid":{"rendered":"https:\/\/vsmc.lt\/?page_id=10834"},"modified":"2026-04-20T17:55:13","modified_gmt":"2026-04-20T14:55:13","slug":"gimnazijos-aplinkos-pritaikymas","status":"publish","type":"page","link":"https:\/\/vsmc.lt\/?page_id=10834","title":{"rendered":"Gimnazijos aplinkos pritaikymas"},"content":{"rendered":"<table>\n<tbody>\n<tr>\n<td width=\"166\">Specialiosios klas\u0117s (skirtos speciali\u0173j\u0173 ugdymosi poreiki\u0173 turintiems mokiniams)<\/td>\n<td width=\"268\">Specialios erdv\u0117s mokiniams (nusiraminimui, poilsiui, atsipalaidavimui, atsitraukimui esant poreikiui)<\/td>\n<td width=\"207\">Fizin\u0117s aplinkos pritaikomumas \u012fvairi\u0173 poreiki\u0173 mokinimas<\/p>\n<p>&nbsp;<\/td>\n<\/tr>\n<tr>\n<td width=\"166\">Neturime<\/td>\n<td width=\"268\">Gimnazijos III auk\u0161to foj\u0117 \u012frengtas poilsio kampelis.<\/p>\n<div data-carousel-extra='{\"blog_id\":1,\"permalink\":\"https:\\\/\\\/vsmc.lt\\\/?page_id=10834\"}' class=\"tiled-gallery type-rectangular\" data-original-width=\"500\"><div class=\"gallery-row\" style=\"width: 495px; height: 367px;\"><div class=\"gallery-group images-1\" style=\"width: 495px; height: 371px;\"><div class=\"tiled-gallery-item tiled-gallery-item-large\"><a href=\"https:\/\/vsmc.lt\/?attachment_id=10883\"><img loading=\"lazy\" decoding=\"async\" data-attachment-id=\"10883\" data-orig-file=\"https:\/\/vsmc.lt\/wp-content\/uploads\/2024\/03\/04\/VSMC-3-cias_aukstas.jpg\" data-orig-size=\"536,401\" data-comments-opened=\"0\" data-image-meta=\"{&quot;aperture&quot;:&quot;0&quot;,&quot;credit&quot;:&quot;&quot;,&quot;camera&quot;:&quot;&quot;,&quot;caption&quot;:&quot;&quot;,&quot;created_timestamp&quot;:&quot;0&quot;,&quot;copyright&quot;:&quot;&quot;,&quot;focal_length&quot;:&quot;0&quot;,&quot;iso&quot;:&quot;0&quot;,&quot;shutter_speed&quot;:&quot;0&quot;,&quot;title&quot;:&quot;&quot;,&quot;orientation&quot;:&quot;0&quot;}\" data-image-title=\"VSMC-3-cias_aukstas\" data-image-description=\"\" data-medium-file=\"https:\/\/vsmc.lt\/wp-content\/uploads\/2024\/03\/04\/VSMC-3-cias_aukstas-481x360.jpg\" data-large-file=\"https:\/\/vsmc.lt\/wp-content\/uploads\/2024\/03\/04\/VSMC-3-cias_aukstas.jpg\" src=\"https:\/\/vsmc.lt\/wp-content\/uploads\/2024\/03\/04\/VSMC-3-cias_aukstas-491x367.jpg\" width=\"491\" height=\"367\" align=\"left\" title=\"VSMC-3-cias_aukstas\" \/><\/a><\/div><\/div><\/div><\/div>\n<p>&nbsp;<\/p>\n<p>Mokiniai, kuriems reikia atskiros relaksacin\u0117s erdv\u0117s, gali nusiraminti ir pails\u0117ti gimnazijos muziejaus patalpoje.<\/td>\n<td width=\"207\">Informacija apie pastato pritaikomum\u0105, apie prieig\u0105, jud\u0117jimo ribojimus s\u0117dintiems ve\u017eim\u0117liuose:<\/p>\n<p><a href=\"https:\/\/tinyurl.com\/2zzttv9h\">https:\/\/tinyurl.com\/2zzttv9h<\/a><\/td>\n<\/tr>\n<\/tbody>\n<\/table>\n","protected":false},"excerpt":{"rendered":"<p>Specialiosios klas\u0117s (skirtos speciali\u0173j\u0173 ugdymosi poreiki\u0173 turintiems mokiniams) Specialios erdv\u0117s mokiniams (nusiraminimui, poilsiui, atsipalaidavimui, atsitraukimui esant poreikiui) Fizin\u0117s aplinkos pritaikomumas \u012fvairi\u0173 poreiki\u0173 mokinimas &nbsp; Neturime Gimnazijos III auk\u0161to foj\u0117 \u012frengtas poilsio kampelis. &nbsp; Mokiniai, kuriems reikia atskiros relaksacin\u0117s erdv\u0117s, gali nusiraminti ir pails\u0117ti gimnazijos muziejaus patalpoje. Informacija apie pastato pritaikomum\u0105, apie prieig\u0105, jud\u0117jimo ribojimus s\u0117dintiems [&hellip;]<\/p>\n","protected":false},"author":1,"featured_media":0,"parent":10830,"menu_order":0,"comment_status":"closed","ping_status":"closed","template":"","meta":{"footnotes":""},"class_list":["post-10834","page","type-page","status-publish","hentry"],"yoast_head":"<!-- This site is optimized with the Yoast SEO plugin v27.5 - https:\/\/yoast.com\/product\/yoast-seo-wordpress\/ -->\n<title>Gimnazijos aplinkos pritaikymas - Vilniaus suaugusi\u0173j\u0173 mokymo centras<\/title>\n<meta name=\"robots\" content=\"index, follow, max-snippet:-1, max-image-preview:large, max-video-preview:-1\" \/>\n<link rel=\"canonical\" href=\"https:\/\/vsmc.lt\/?page_id=10834\" \/>\n<meta property=\"og:locale\" content=\"lt_LT\" \/>\n<meta property=\"og:type\" content=\"article\" \/>\n<meta property=\"og:title\" content=\"Gimnazijos aplinkos pritaikymas - Vilniaus suaugusi\u0173j\u0173 mokymo centras\" \/>\n<meta property=\"og:description\" content=\"Specialiosios klas\u0117s (skirtos speciali\u0173j\u0173 ugdymosi poreiki\u0173 turintiems mokiniams) Specialios erdv\u0117s mokiniams (nusiraminimui, poilsiui, atsipalaidavimui, atsitraukimui esant poreikiui) Fizin\u0117s aplinkos pritaikomumas \u012fvairi\u0173 poreiki\u0173 mokinimas &nbsp; Neturime Gimnazijos III auk\u0161to foj\u0117 \u012frengtas poilsio kampelis. &nbsp; Mokiniai, kuriems reikia atskiros relaksacin\u0117s erdv\u0117s, gali nusiraminti ir pails\u0117ti gimnazijos muziejaus patalpoje. Informacija apie pastato pritaikomum\u0105, apie prieig\u0105, jud\u0117jimo ribojimus s\u0117dintiems [&hellip;]\" \/>\n<meta property=\"og:url\" content=\"https:\/\/vsmc.lt\/?page_id=10834\" \/>\n<meta property=\"og:site_name\" content=\"Vilniaus suaugusi\u0173j\u0173 mokymo centras\" \/>\n<meta property=\"article:publisher\" content=\"https:\/\/www.facebook.com\/p\/Vilniaus-suaugusij-mokymo-centras-VSMC-gimnazija-100034428106674\/\" \/>\n<meta property=\"article:modified_time\" content=\"2026-04-20T14:55:13+00:00\" \/>\n<meta property=\"og:image\" content=\"https:\/\/vsmc.lt\/wp-content\/uploads\/2024\/03\/04\/VSMC-3-cias_aukstas-491x367.jpg\" \/>\n<meta name=\"twitter:card\" content=\"summary_large_image\" \/>\n<meta name=\"twitter:label1\" content=\"Est. reading time\" \/>\n\t<meta name=\"twitter:data1\" content=\"1 minut\u0117\" \/>\n<script type=\"application\/ld+json\" class=\"yoast-schema-graph\">{\"@context\":\"https:\\\/\\\/schema.org\",\"@graph\":[{\"@type\":\"WebPage\",\"@id\":\"https:\\\/\\\/vsmc.lt\\\/?page_id=10834\",\"url\":\"https:\\\/\\\/vsmc.lt\\\/?page_id=10834\",\"name\":\"Gimnazijos aplinkos pritaikymas - Vilniaus suaugusi\u0173j\u0173 mokymo centras\",\"isPartOf\":{\"@id\":\"https:\\\/\\\/vsmc.lt\\\/#website\"},\"datePublished\":\"2024-03-04T15:23:11+00:00\",\"dateModified\":\"2026-04-20T14:55:13+00:00\",\"breadcrumb\":{\"@id\":\"https:\\\/\\\/vsmc.lt\\\/?page_id=10834#breadcrumb\"},\"inLanguage\":\"lt-LT\",\"potentialAction\":[{\"@type\":\"ReadAction\",\"target\":[\"https:\\\/\\\/vsmc.lt\\\/?page_id=10834\"]}]},{\"@type\":\"BreadcrumbList\",\"@id\":\"https:\\\/\\\/vsmc.lt\\\/?page_id=10834#breadcrumb\",\"itemListElement\":[{\"@type\":\"ListItem\",\"position\":1,\"name\":\"Home\",\"item\":\"https:\\\/\\\/vsmc.lt\\\/\"},{\"@type\":\"ListItem\",\"position\":2,\"name\":\"\u012etraukusis ugdymas\",\"item\":\"https:\\\/\\\/vsmc.lt\\\/?page_id=10830\"},{\"@type\":\"ListItem\",\"position\":3,\"name\":\"Gimnazijos aplinkos pritaikymas\"}]},{\"@type\":\"WebSite\",\"@id\":\"https:\\\/\\\/vsmc.lt\\\/#website\",\"url\":\"https:\\\/\\\/vsmc.lt\\\/\",\"name\":\"Vilniaus suaugusi\u0173j\u0173 mokymo centras\",\"description\":\"VSMC\",\"publisher\":{\"@id\":\"https:\\\/\\\/vsmc.lt\\\/#organization\"},\"alternateName\":\"VSMC\",\"potentialAction\":[{\"@type\":\"SearchAction\",\"target\":{\"@type\":\"EntryPoint\",\"urlTemplate\":\"https:\\\/\\\/vsmc.lt\\\/?s={search_term_string}\"},\"query-input\":{\"@type\":\"PropertyValueSpecification\",\"valueRequired\":true,\"valueName\":\"search_term_string\"}}],\"inLanguage\":\"lt-LT\"},{\"@type\":\"Organization\",\"@id\":\"https:\\\/\\\/vsmc.lt\\\/#organization\",\"name\":\"Vilniaus suaugusi\u0173j\u0173 mokymo centras\",\"alternateName\":\"VSMC\",\"url\":\"https:\\\/\\\/vsmc.lt\\\/\",\"logo\":{\"@type\":\"ImageObject\",\"inLanguage\":\"lt-LT\",\"@id\":\"https:\\\/\\\/vsmc.lt\\\/#\\\/schema\\\/logo\\\/image\\\/\",\"url\":\"https:\\\/\\\/vsmc.lt\\\/wp-content\\\/uploads\\\/2016\\\/11\\\/15\\\/logo.png\",\"contentUrl\":\"https:\\\/\\\/vsmc.lt\\\/wp-content\\\/uploads\\\/2016\\\/11\\\/15\\\/logo.png\",\"width\":96,\"height\":121,\"caption\":\"Vilniaus suaugusi\u0173j\u0173 mokymo centras\"},\"image\":{\"@id\":\"https:\\\/\\\/vsmc.lt\\\/#\\\/schema\\\/logo\\\/image\\\/\"},\"sameAs\":[\"https:\\\/\\\/www.facebook.com\\\/p\\\/Vilniaus-suaugusij-mokymo-centras-VSMC-gimnazija-100034428106674\\\/\"]}]}<\/script>\n<!-- \/ Yoast SEO plugin. -->","yoast_head_json":{"title":"Gimnazijos aplinkos pritaikymas - Vilniaus suaugusi\u0173j\u0173 mokymo centras","robots":{"index":"index","follow":"follow","max-snippet":"max-snippet:-1","max-image-preview":"max-image-preview:large","max-video-preview":"max-video-preview:-1"},"canonical":"https:\/\/vsmc.lt\/?page_id=10834","og_locale":"lt_LT","og_type":"article","og_title":"Gimnazijos aplinkos pritaikymas - Vilniaus suaugusi\u0173j\u0173 mokymo centras","og_description":"Specialiosios klas\u0117s (skirtos speciali\u0173j\u0173 ugdymosi poreiki\u0173 turintiems mokiniams) Specialios erdv\u0117s mokiniams (nusiraminimui, poilsiui, atsipalaidavimui, atsitraukimui esant poreikiui) Fizin\u0117s aplinkos pritaikomumas \u012fvairi\u0173 poreiki\u0173 mokinimas &nbsp; Neturime Gimnazijos III auk\u0161to foj\u0117 \u012frengtas poilsio kampelis. &nbsp; Mokiniai, kuriems reikia atskiros relaksacin\u0117s erdv\u0117s, gali nusiraminti ir pails\u0117ti gimnazijos muziejaus patalpoje. Informacija apie pastato pritaikomum\u0105, apie prieig\u0105, jud\u0117jimo ribojimus s\u0117dintiems [&hellip;]","og_url":"https:\/\/vsmc.lt\/?page_id=10834","og_site_name":"Vilniaus suaugusi\u0173j\u0173 mokymo centras","article_publisher":"https:\/\/www.facebook.com\/p\/Vilniaus-suaugusij-mokymo-centras-VSMC-gimnazija-100034428106674\/","article_modified_time":"2026-04-20T14:55:13+00:00","og_image":[{"url":"https:\/\/vsmc.lt\/wp-content\/uploads\/2024\/03\/04\/VSMC-3-cias_aukstas-491x367.jpg","type":"","width":"","height":""}],"twitter_card":"summary_large_image","twitter_misc":{"Est. reading time":"1 minut\u0117"},"schema":{"@context":"https:\/\/schema.org","@graph":[{"@type":"WebPage","@id":"https:\/\/vsmc.lt\/?page_id=10834","url":"https:\/\/vsmc.lt\/?page_id=10834","name":"Gimnazijos aplinkos pritaikymas - Vilniaus suaugusi\u0173j\u0173 mokymo centras","isPartOf":{"@id":"https:\/\/vsmc.lt\/#website"},"datePublished":"2024-03-04T15:23:11+00:00","dateModified":"2026-04-20T14:55:13+00:00","breadcrumb":{"@id":"https:\/\/vsmc.lt\/?page_id=10834#breadcrumb"},"inLanguage":"lt-LT","potentialAction":[{"@type":"ReadAction","target":["https:\/\/vsmc.lt\/?page_id=10834"]}]},{"@type":"BreadcrumbList","@id":"https:\/\/vsmc.lt\/?page_id=10834#breadcrumb","itemListElement":[{"@type":"ListItem","position":1,"name":"Home","item":"https:\/\/vsmc.lt\/"},{"@type":"ListItem","position":2,"name":"\u012etraukusis ugdymas","item":"https:\/\/vsmc.lt\/?page_id=10830"},{"@type":"ListItem","position":3,"name":"Gimnazijos aplinkos pritaikymas"}]},{"@type":"WebSite","@id":"https:\/\/vsmc.lt\/#website","url":"https:\/\/vsmc.lt\/","name":"Vilniaus suaugusi\u0173j\u0173 mokymo centras","description":"VSMC","publisher":{"@id":"https:\/\/vsmc.lt\/#organization"},"alternateName":"VSMC","potentialAction":[{"@type":"SearchAction","target":{"@type":"EntryPoint","urlTemplate":"https:\/\/vsmc.lt\/?s={search_term_string}"},"query-input":{"@type":"PropertyValueSpecification","valueRequired":true,"valueName":"search_term_string"}}],"inLanguage":"lt-LT"},{"@type":"Organization","@id":"https:\/\/vsmc.lt\/#organization","name":"Vilniaus suaugusi\u0173j\u0173 mokymo centras","alternateName":"VSMC","url":"https:\/\/vsmc.lt\/","logo":{"@type":"ImageObject","inLanguage":"lt-LT","@id":"https:\/\/vsmc.lt\/#\/schema\/logo\/image\/","url":"https:\/\/vsmc.lt\/wp-content\/uploads\/2016\/11\/15\/logo.png","contentUrl":"https:\/\/vsmc.lt\/wp-content\/uploads\/2016\/11\/15\/logo.png","width":96,"height":121,"caption":"Vilniaus suaugusi\u0173j\u0173 mokymo centras"},"image":{"@id":"https:\/\/vsmc.lt\/#\/schema\/logo\/image\/"},"sameAs":["https:\/\/www.facebook.com\/p\/Vilniaus-suaugusij-mokymo-centras-VSMC-gimnazija-100034428106674\/"]}]}},"_links":{"self":[{"href":"https:\/\/vsmc.lt\/index.php?rest_route=\/wp\/v2\/pages\/10834","targetHints":{"allow":["GET"]}}],"collection":[{"href":"https:\/\/vsmc.lt\/index.php?rest_route=\/wp\/v2\/pages"}],"about":[{"href":"https:\/\/vsmc.lt\/index.php?rest_route=\/wp\/v2\/types\/page"}],"author":[{"embeddable":true,"href":"https:\/\/vsmc.lt\/index.php?rest_route=\/wp\/v2\/users\/1"}],"replies":[{"embeddable":true,"href":"https:\/\/vsmc.lt\/index.php?rest_route=%2Fwp%2Fv2%2Fcomments&post=10834"}],"version-history":[{"count":3,"href":"https:\/\/vsmc.lt\/index.php?rest_route=\/wp\/v2\/pages\/10834\/revisions"}],"predecessor-version":[{"id":12381,"href":"https:\/\/vsmc.lt\/index.php?rest_route=\/wp\/v2\/pages\/10834\/revisions\/12381"}],"up":[{"embeddable":true,"href":"https:\/\/vsmc.lt\/index.php?rest_route=\/wp\/v2\/pages\/10830"}],"wp:attachment":[{"href":"https:\/\/vsmc.lt\/index.php?rest_route=%2Fwp%2Fv2%2Fmedia&parent=10834"}],"curies":[{"name":"wp","href":"https:\/\/api.w.org\/{rel}","templated":true}]}}