{"id":10836,"date":"2024-03-04T18:23:22","date_gmt":"2024-03-04T15:23:22","guid":{"rendered":"https:\/\/vsmc.lt\/?page_id=10836"},"modified":"2026-01-23T16:05:52","modified_gmt":"2026-01-23T13:05:52","slug":"gimnazijos-bendruomenes-pasirengimas","status":"publish","type":"page","link":"https:\/\/vsmc.lt\/?page_id=10836","title":{"rendered":"Gimnazijos bendruomen\u0117s pasirengimas"},"content":{"rendered":"<table>\n<tbody>\n<tr>\n<td width=\"297\">Pedagog\u0173 ir pagalbos specialist\u0173 pasirengimas<\/td>\n<td width=\"345\">Mokini\u0173\u00a0 ir nepilname\u010di\u0173 mokini\u0173 t\u0117v\u0173 (glob\u0117j\u0173, r\u016bpintoj\u0173) informavimas<\/td>\n<\/tr>\n<tr>\n<td width=\"297\">\n<p style=\"text-align: left;\">Periodi\u0161kai Mokytoj\u0173 metodin\u0117je taryboje aptariamas SUP mokini\u0173 ugdymas, mokini\u0173 individuali pa\u017eanga ir pasiekimai; kart\u0105 per pusmet\u012f \u0161ie klausimai svarstomi Mokytoj\u0173 taryboje.<\/p>\n<p style=\"text-align: left;\">Vykdoma sistemin\u0117 SUP mokini\u0173 savijautos, saugumo jausmo steb\u0117sena.<\/p>\n<p style=\"text-align: left;\">SUP mokiniai \u012ftraukiami \u012f visas mokini\u0173 ugdom\u0105sias veiklas.<\/p>\n<p style=\"text-align: left;\">Visi mokytojai yra dalyvav\u0119 kviestini\u0173 lektori\u0173 seminaruose temomis, susijusiomis su SUP mokini\u0173 ugdymu:<\/p>\n<p style=\"text-align: left;\">\u00b7\u00a0\u00a0\u00a0\u00a0\u00a0\u00a0\u00a0\u00a0 \u012etraukusis skaitmeninis turinys nuotoliniame ugdyme ;<\/p>\n<p style=\"text-align: left;\">\u00b7\u00a0\u00a0\u00a0\u00a0\u00a0\u00a0\u00a0\u00a0 Saugios aplinkos mokykloje u\u017etikrinimas . Socialini\u0173 ir emocini\u0173 kompetencij\u0173 ugdymas;<\/p>\n<p style=\"text-align: left;\">\u00b7\u00a0\u00a0\u00a0 Mokini\u0173, turin\u010di\u0173 speciali\u0173j\u0173 ugdymosi poreiki\u0173, ugdymo ypatumai;<\/p>\n<p style=\"text-align: left;\">\u00b7\u00a0\u00a0\u00a0 Mokytojo emocinis intelektas \u2013 socialinio emocinio klimato pagrindas;<\/p>\n<p style=\"text-align: left;\">\u00b7\u00a0\u00a0\u00a0 Pozityvi\u0173 santyki\u0173 formavimas kolektyve. Efektyvi komunikacija;<\/p>\n<p style=\"text-align: left;\">\u00b7\u00a0\u00a0\u00a0 Speciali\u0173j\u0173 ugdymosi poreiki\u0173 turin\u010dio mokinio atpa\u017einimas ir kokybin\u0117s pa\u017eangos siekimas;<\/p>\n<p>\u00b7\u00a0 \u00a0 Mokyklos supergalios: atrasti ir \u012fveiklinti;<\/p>\n<p>\u00b7\u00a0 \u00a0 \u012etraukusis ugdymas &#8211; nuo teorijos iki praktikos, nuo problemos iki sprendim\u0173;<\/p>\n<p>\u00b7\u00a0 \u00a0 Nesud\u0117tingos, bet veiksmingos skaitmenini\u0173 priemoni\u0173 k\u016brimo programos \u012ftraukiajam ugdymui;<\/p>\n<p>\u00b7\u00a0 \u00a0 Aplinkos, ugdymo strukt\u016brizavimas ir optimizavimas speciali\u0173j\u0173 ugdymosi poreiki\u0173 turin\u010diam mokiniui;<\/p>\n<p>\u00b7\u00a0 \u00a0 Darbas su autisti\u0161ki\u0173 mokini\u0173 emocijomis;<\/p>\n<p>\u00b7\u00a0 \u00a0 Hiperaktyvi\u0173 ir impulsyvi\u0173 mokini\u0173 ugdymas.<\/p>\n<p>\u00b7 Suprasti ir individualizuoti: mokini\u0173, turin\u010di\u0173 speciali\u0173j\u0173 ugdymosi poreiki\u0173, \u012fvairov\u0117s atpa\u017einimas ir \u012ftraukties organizavimas;<\/p>\n<p>\u00b7 Itin jautrus mokinys klas\u0117je;<\/p>\n<p>\u00b7Kaip galima pad\u0117ti mokiniui, susidurin\u010diam su kalbos ir kalb\u0117jimo sunkumais?;<\/p>\n<p>\u00b7Mokini\u0173, turin\u010di\u0173 speciali\u0173j\u0173 ugdymosi poreiki\u0173, konsultavimo karjerai organizavimas, naudojant edukacines priemones;<\/p>\n<p>\u00b7Mokini\u0173, turin\u010di\u0173 raidos sutrikim\u0173, bendradarbiavimo skatinimas.<\/p>\n<p style=\"text-align: left;\">Dalyvaudami seminaruose mokytojai pagilino darbo su SUP turin\u010diais mokiniais \u017einias; pl\u0117tojo bendr\u0105sias ir profesines kompetencijas.<\/p>\n<\/td>\n<td width=\"345\"><a href=\"https:\/\/www.nsa.smm.lt\/itrauktis-ugdyme\/\"><em>https:\/\/www.nsa.smm.lt\/itrauktis-ugdyme\/<\/em><\/a><\/p>\n<p>&nbsp;<\/p>\n<p><a href=\"https:\/\/www.youtube.com\/watch?v=yIMU9YHTirs\"><em>https:\/\/www.youtube.com\/watch?v=yIMU9YHTirs<\/em><\/a><\/p>\n<p>&nbsp;<\/p>\n<p><a href=\"https:\/\/www.youtube.com\/watch?v=f-RA_JgLfhQ\"><em>https:\/\/www.youtube.com\/watch?v=f-RA_JgLfhQ<\/em><\/a><\/p>\n<p>&nbsp;<\/p>\n<p><a href=\"https:\/\/www.youtube.com\/watch?v=KZ0UcU5HnWw\"><em>https:\/\/www.youtube.com\/watch?v=KZ0UcU5HnWw<\/em><\/a><\/p>\n<p>&nbsp;<\/p>\n<p>&nbsp;<\/td>\n<\/tr>\n<\/tbody>\n<\/table>\n","protected":false},"excerpt":{"rendered":"<p>Pedagog\u0173 ir pagalbos specialist\u0173 pasirengimas Mokini\u0173\u00a0 ir nepilname\u010di\u0173 mokini\u0173 t\u0117v\u0173 (glob\u0117j\u0173, r\u016bpintoj\u0173) informavimas Periodi\u0161kai Mokytoj\u0173 metodin\u0117je taryboje aptariamas SUP mokini\u0173 ugdymas, mokini\u0173 individuali pa\u017eanga ir pasiekimai; kart\u0105 per pusmet\u012f \u0161ie klausimai svarstomi Mokytoj\u0173 taryboje. Vykdoma sistemin\u0117 SUP mokini\u0173 savijautos, saugumo jausmo steb\u0117sena. SUP mokiniai \u012ftraukiami \u012f visas mokini\u0173 ugdom\u0105sias veiklas. Visi mokytojai yra dalyvav\u0119 kviestini\u0173 [&hellip;]<\/p>\n","protected":false},"author":1,"featured_media":0,"parent":10830,"menu_order":0,"comment_status":"closed","ping_status":"closed","template":"","meta":{"footnotes":""},"class_list":["post-10836","page","type-page","status-publish","hentry"],"yoast_head":"<!-- This site is optimized with the Yoast SEO plugin v27.5 - https:\/\/yoast.com\/product\/yoast-seo-wordpress\/ -->\n<title>Gimnazijos bendruomen\u0117s pasirengimas - Vilniaus suaugusi\u0173j\u0173 mokymo centras<\/title>\n<meta name=\"robots\" content=\"index, follow, max-snippet:-1, max-image-preview:large, max-video-preview:-1\" \/>\n<link rel=\"canonical\" href=\"https:\/\/vsmc.lt\/?page_id=10836\" \/>\n<meta property=\"og:locale\" content=\"lt_LT\" \/>\n<meta property=\"og:type\" content=\"article\" \/>\n<meta property=\"og:title\" content=\"Gimnazijos bendruomen\u0117s pasirengimas - Vilniaus suaugusi\u0173j\u0173 mokymo centras\" \/>\n<meta property=\"og:description\" content=\"Pedagog\u0173 ir pagalbos specialist\u0173 pasirengimas Mokini\u0173\u00a0 ir nepilname\u010di\u0173 mokini\u0173 t\u0117v\u0173 (glob\u0117j\u0173, r\u016bpintoj\u0173) informavimas Periodi\u0161kai Mokytoj\u0173 metodin\u0117je taryboje aptariamas SUP mokini\u0173 ugdymas, mokini\u0173 individuali pa\u017eanga ir pasiekimai; kart\u0105 per pusmet\u012f \u0161ie klausimai svarstomi Mokytoj\u0173 taryboje. Vykdoma sistemin\u0117 SUP mokini\u0173 savijautos, saugumo jausmo steb\u0117sena. SUP mokiniai \u012ftraukiami \u012f visas mokini\u0173 ugdom\u0105sias veiklas. Visi mokytojai yra dalyvav\u0119 kviestini\u0173 [&hellip;]\" \/>\n<meta property=\"og:url\" content=\"https:\/\/vsmc.lt\/?page_id=10836\" \/>\n<meta property=\"og:site_name\" content=\"Vilniaus suaugusi\u0173j\u0173 mokymo centras\" \/>\n<meta property=\"article:publisher\" content=\"https:\/\/www.facebook.com\/p\/Vilniaus-suaugusij-mokymo-centras-VSMC-gimnazija-100034428106674\/\" \/>\n<meta property=\"article:modified_time\" content=\"2026-01-23T13:05:52+00:00\" \/>\n<meta property=\"og:image\" content=\"https:\/\/vsmc.lt\/wp-content\/uploads\/2018\/05\/03\/VSMC_PASTATAS_1-1.jpg\" \/>\n\t<meta property=\"og:image:width\" content=\"1500\" \/>\n\t<meta property=\"og:image:height\" content=\"925\" \/>\n\t<meta property=\"og:image:type\" content=\"image\/jpeg\" \/>\n<meta name=\"twitter:card\" content=\"summary_large_image\" \/>\n<meta name=\"twitter:label1\" content=\"Est. reading time\" \/>\n\t<meta name=\"twitter:data1\" content=\"2 minut\u0117s\" \/>\n<script type=\"application\/ld+json\" class=\"yoast-schema-graph\">{\"@context\":\"https:\\\/\\\/schema.org\",\"@graph\":[{\"@type\":\"WebPage\",\"@id\":\"https:\\\/\\\/vsmc.lt\\\/?page_id=10836\",\"url\":\"https:\\\/\\\/vsmc.lt\\\/?page_id=10836\",\"name\":\"Gimnazijos bendruomen\u0117s pasirengimas - Vilniaus suaugusi\u0173j\u0173 mokymo centras\",\"isPartOf\":{\"@id\":\"https:\\\/\\\/vsmc.lt\\\/#website\"},\"datePublished\":\"2024-03-04T15:23:22+00:00\",\"dateModified\":\"2026-01-23T13:05:52+00:00\",\"breadcrumb\":{\"@id\":\"https:\\\/\\\/vsmc.lt\\\/?page_id=10836#breadcrumb\"},\"inLanguage\":\"lt-LT\",\"potentialAction\":[{\"@type\":\"ReadAction\",\"target\":[\"https:\\\/\\\/vsmc.lt\\\/?page_id=10836\"]}]},{\"@type\":\"BreadcrumbList\",\"@id\":\"https:\\\/\\\/vsmc.lt\\\/?page_id=10836#breadcrumb\",\"itemListElement\":[{\"@type\":\"ListItem\",\"position\":1,\"name\":\"Home\",\"item\":\"https:\\\/\\\/vsmc.lt\\\/\"},{\"@type\":\"ListItem\",\"position\":2,\"name\":\"\u012etraukusis ugdymas\",\"item\":\"https:\\\/\\\/vsmc.lt\\\/?page_id=10830\"},{\"@type\":\"ListItem\",\"position\":3,\"name\":\"Gimnazijos bendruomen\u0117s pasirengimas\"}]},{\"@type\":\"WebSite\",\"@id\":\"https:\\\/\\\/vsmc.lt\\\/#website\",\"url\":\"https:\\\/\\\/vsmc.lt\\\/\",\"name\":\"Vilniaus suaugusi\u0173j\u0173 mokymo centras\",\"description\":\"VSMC\",\"publisher\":{\"@id\":\"https:\\\/\\\/vsmc.lt\\\/#organization\"},\"alternateName\":\"VSMC\",\"potentialAction\":[{\"@type\":\"SearchAction\",\"target\":{\"@type\":\"EntryPoint\",\"urlTemplate\":\"https:\\\/\\\/vsmc.lt\\\/?s={search_term_string}\"},\"query-input\":{\"@type\":\"PropertyValueSpecification\",\"valueRequired\":true,\"valueName\":\"search_term_string\"}}],\"inLanguage\":\"lt-LT\"},{\"@type\":\"Organization\",\"@id\":\"https:\\\/\\\/vsmc.lt\\\/#organization\",\"name\":\"Vilniaus suaugusi\u0173j\u0173 mokymo centras\",\"alternateName\":\"VSMC\",\"url\":\"https:\\\/\\\/vsmc.lt\\\/\",\"logo\":{\"@type\":\"ImageObject\",\"inLanguage\":\"lt-LT\",\"@id\":\"https:\\\/\\\/vsmc.lt\\\/#\\\/schema\\\/logo\\\/image\\\/\",\"url\":\"https:\\\/\\\/vsmc.lt\\\/wp-content\\\/uploads\\\/2016\\\/11\\\/15\\\/logo.png\",\"contentUrl\":\"https:\\\/\\\/vsmc.lt\\\/wp-content\\\/uploads\\\/2016\\\/11\\\/15\\\/logo.png\",\"width\":96,\"height\":121,\"caption\":\"Vilniaus suaugusi\u0173j\u0173 mokymo centras\"},\"image\":{\"@id\":\"https:\\\/\\\/vsmc.lt\\\/#\\\/schema\\\/logo\\\/image\\\/\"},\"sameAs\":[\"https:\\\/\\\/www.facebook.com\\\/p\\\/Vilniaus-suaugusij-mokymo-centras-VSMC-gimnazija-100034428106674\\\/\"]}]}<\/script>\n<!-- \/ Yoast SEO plugin. -->","yoast_head_json":{"title":"Gimnazijos bendruomen\u0117s pasirengimas - Vilniaus suaugusi\u0173j\u0173 mokymo centras","robots":{"index":"index","follow":"follow","max-snippet":"max-snippet:-1","max-image-preview":"max-image-preview:large","max-video-preview":"max-video-preview:-1"},"canonical":"https:\/\/vsmc.lt\/?page_id=10836","og_locale":"lt_LT","og_type":"article","og_title":"Gimnazijos bendruomen\u0117s pasirengimas - Vilniaus suaugusi\u0173j\u0173 mokymo centras","og_description":"Pedagog\u0173 ir pagalbos specialist\u0173 pasirengimas Mokini\u0173\u00a0 ir nepilname\u010di\u0173 mokini\u0173 t\u0117v\u0173 (glob\u0117j\u0173, r\u016bpintoj\u0173) informavimas Periodi\u0161kai Mokytoj\u0173 metodin\u0117je taryboje aptariamas SUP mokini\u0173 ugdymas, mokini\u0173 individuali pa\u017eanga ir pasiekimai; kart\u0105 per pusmet\u012f \u0161ie klausimai svarstomi Mokytoj\u0173 taryboje. Vykdoma sistemin\u0117 SUP mokini\u0173 savijautos, saugumo jausmo steb\u0117sena. SUP mokiniai \u012ftraukiami \u012f visas mokini\u0173 ugdom\u0105sias veiklas. Visi mokytojai yra dalyvav\u0119 kviestini\u0173 [&hellip;]","og_url":"https:\/\/vsmc.lt\/?page_id=10836","og_site_name":"Vilniaus suaugusi\u0173j\u0173 mokymo centras","article_publisher":"https:\/\/www.facebook.com\/p\/Vilniaus-suaugusij-mokymo-centras-VSMC-gimnazija-100034428106674\/","article_modified_time":"2026-01-23T13:05:52+00:00","og_image":[{"width":1500,"height":925,"url":"https:\/\/vsmc.lt\/wp-content\/uploads\/2018\/05\/03\/VSMC_PASTATAS_1-1.jpg","type":"image\/jpeg"}],"twitter_card":"summary_large_image","twitter_misc":{"Est. reading time":"2 minut\u0117s"},"schema":{"@context":"https:\/\/schema.org","@graph":[{"@type":"WebPage","@id":"https:\/\/vsmc.lt\/?page_id=10836","url":"https:\/\/vsmc.lt\/?page_id=10836","name":"Gimnazijos bendruomen\u0117s pasirengimas - Vilniaus suaugusi\u0173j\u0173 mokymo centras","isPartOf":{"@id":"https:\/\/vsmc.lt\/#website"},"datePublished":"2024-03-04T15:23:22+00:00","dateModified":"2026-01-23T13:05:52+00:00","breadcrumb":{"@id":"https:\/\/vsmc.lt\/?page_id=10836#breadcrumb"},"inLanguage":"lt-LT","potentialAction":[{"@type":"ReadAction","target":["https:\/\/vsmc.lt\/?page_id=10836"]}]},{"@type":"BreadcrumbList","@id":"https:\/\/vsmc.lt\/?page_id=10836#breadcrumb","itemListElement":[{"@type":"ListItem","position":1,"name":"Home","item":"https:\/\/vsmc.lt\/"},{"@type":"ListItem","position":2,"name":"\u012etraukusis ugdymas","item":"https:\/\/vsmc.lt\/?page_id=10830"},{"@type":"ListItem","position":3,"name":"Gimnazijos bendruomen\u0117s pasirengimas"}]},{"@type":"WebSite","@id":"https:\/\/vsmc.lt\/#website","url":"https:\/\/vsmc.lt\/","name":"Vilniaus suaugusi\u0173j\u0173 mokymo centras","description":"VSMC","publisher":{"@id":"https:\/\/vsmc.lt\/#organization"},"alternateName":"VSMC","potentialAction":[{"@type":"SearchAction","target":{"@type":"EntryPoint","urlTemplate":"https:\/\/vsmc.lt\/?s={search_term_string}"},"query-input":{"@type":"PropertyValueSpecification","valueRequired":true,"valueName":"search_term_string"}}],"inLanguage":"lt-LT"},{"@type":"Organization","@id":"https:\/\/vsmc.lt\/#organization","name":"Vilniaus suaugusi\u0173j\u0173 mokymo centras","alternateName":"VSMC","url":"https:\/\/vsmc.lt\/","logo":{"@type":"ImageObject","inLanguage":"lt-LT","@id":"https:\/\/vsmc.lt\/#\/schema\/logo\/image\/","url":"https:\/\/vsmc.lt\/wp-content\/uploads\/2016\/11\/15\/logo.png","contentUrl":"https:\/\/vsmc.lt\/wp-content\/uploads\/2016\/11\/15\/logo.png","width":96,"height":121,"caption":"Vilniaus suaugusi\u0173j\u0173 mokymo centras"},"image":{"@id":"https:\/\/vsmc.lt\/#\/schema\/logo\/image\/"},"sameAs":["https:\/\/www.facebook.com\/p\/Vilniaus-suaugusij-mokymo-centras-VSMC-gimnazija-100034428106674\/"]}]}},"_links":{"self":[{"href":"https:\/\/vsmc.lt\/index.php?rest_route=\/wp\/v2\/pages\/10836","targetHints":{"allow":["GET"]}}],"collection":[{"href":"https:\/\/vsmc.lt\/index.php?rest_route=\/wp\/v2\/pages"}],"about":[{"href":"https:\/\/vsmc.lt\/index.php?rest_route=\/wp\/v2\/types\/page"}],"author":[{"embeddable":true,"href":"https:\/\/vsmc.lt\/index.php?rest_route=\/wp\/v2\/users\/1"}],"replies":[{"embeddable":true,"href":"https:\/\/vsmc.lt\/index.php?rest_route=%2Fwp%2Fv2%2Fcomments&post=10836"}],"version-history":[{"count":10,"href":"https:\/\/vsmc.lt\/index.php?rest_route=\/wp\/v2\/pages\/10836\/revisions"}],"predecessor-version":[{"id":12106,"href":"https:\/\/vsmc.lt\/index.php?rest_route=\/wp\/v2\/pages\/10836\/revisions\/12106"}],"up":[{"embeddable":true,"href":"https:\/\/vsmc.lt\/index.php?rest_route=\/wp\/v2\/pages\/10830"}],"wp:attachment":[{"href":"https:\/\/vsmc.lt\/index.php?rest_route=%2Fwp%2Fv2%2Fmedia&parent=10836"}],"curies":[{"name":"wp","href":"https:\/\/api.w.org\/{rel}","templated":true}]}}