{"id":12388,"date":"2026-04-23T15:31:24","date_gmt":"2026-04-23T12:31:24","guid":{"rendered":"https:\/\/vsmc.lt\/?page_id=12388"},"modified":"2026-04-23T15:31:24","modified_gmt":"2026-04-23T12:31:24","slug":"veikla","status":"publish","type":"page","link":"https:\/\/vsmc.lt\/?page_id=12388","title":{"rendered":"Veikla"},"content":{"rendered":"<p><span style=\"font-family: Times New Roman, serif;\"><span style=\"font-size: medium;\"><b>Vilniaus suaugusi\u0173j\u0173 mokymo centro veiklos sritys<\/b><\/span><\/span><\/p>\n<p>&nbsp;<\/p>\n<p align=\"justify\"><span style=\"font-family: Times New Roman, serif;\"><span style=\"font-size: medium;\">Centro veiklos sritis \u2013 \u0161vietimas. Veiklos r\u016b\u0161ys (pagal Ekonomin\u0117s veiklos r\u016b\u0161i\u0173 klasifikatori\u0173 (EVRK 2.1 red.), patvirtint\u0105 Valstyb\u0117s duomen\u0173 agent\u016bros generalinio direktoriaus 2024 m. gruod\u017eio 3 d. \u012fsakymu Nr. D\u012e-266 \u201eD\u0117l Ekonomin\u0117s veiklos r\u016b\u0161i\u0173 klasifikatoriaus (EVRK 2.1 red.) patvirtinimo\u201c):<\/span><\/span><\/p>\n<p><span style=\"font-family: Times New Roman, serif;\"><span style=\"font-size: medium;\">1. pagrindin\u0117 \u0161vietimo veiklos r\u016b\u0161is \u2013 bendrasis pagrindinis ir vidurinis ugdymas, kodas 85.31.00;<\/span><\/span><\/p>\n<p><span style=\"font-family: Times New Roman, serif;\"><span style=\"font-size: medium;\">2. kitos \u0161vietimo veiklos r\u016b\u0161ys:<\/span><\/span><\/p>\n<p><span style=\"font-family: Times New Roman, serif;\"><span style=\"font-size: medium;\">2.1. sportinis ir rekreacinis \u0161vietimas, kodas 85.51.00;<\/span><\/span><\/p>\n<p><span style=\"font-family: Times New Roman, serif;\"><span style=\"font-size: medium;\">2.2. kult\u016brinis \u0161vietimas, kodas 85.52.00;<\/span><\/span><\/p>\n<p><span style=\"font-family: Times New Roman, serif;\"><span style=\"font-size: medium;\">2.3. kitas, niekur kitur nepriskirtas, \u0161vietimas, kodas 85.59.00;<\/span><\/span><\/p>\n<p><span style=\"font-family: Times New Roman, serif;\"><span style=\"font-size: medium;\">2.4. niekur kitur nepriskirta su \u0161vietimu susijusi\u0173 paslaug\u0173 veikla, kodas 85.69.00;<\/span><\/span><\/p>\n<p><span style=\"font-family: Times New Roman, serif;\"><span style=\"font-size: medium;\">3. kitos ne \u0161vietimo veiklos r\u016b\u0161ys:<\/span><\/span><\/p>\n<p><span style=\"font-family: Times New Roman, serif;\"><span style=\"font-size: medium;\">3.1. kit\u0173 maisto ir g\u0117rim\u0173 tiekimas pagal sutart\u012f ir kit\u0173 maitinimo paslaug\u0173 veikla, kodas 56.22.00;<\/span><\/span><\/p>\n<p><span style=\"font-family: Times New Roman, serif;\"><span style=\"font-size: medium;\">3.2. nuosavo arba nuomojamo nekilnojamojo turto nuoma ir eksploatavimas, kodas 68.20.20;<\/span><\/span><\/p>\n<p><span style=\"font-family: Times New Roman, serif;\"><span style=\"font-size: medium;\">3.3. bibliotek\u0173 veikla, kodas 91.11.00;<\/span><\/span><\/p>\n<p><span style=\"font-family: Times New Roman, serif;\"><span style=\"font-size: medium;\">3.4. archyv\u0173 veikla, kodas 91.12.00.<\/span><\/span><\/p>\n","protected":false},"excerpt":{"rendered":"<p>Vilniaus suaugusi\u0173j\u0173 mokymo centro veiklos sritys &nbsp; Centro veiklos sritis \u2013 \u0161vietimas. Veiklos r\u016b\u0161ys (pagal Ekonomin\u0117s veiklos r\u016b\u0161i\u0173 klasifikatori\u0173 (EVRK 2.1 red.), patvirtint\u0105 Valstyb\u0117s duomen\u0173 agent\u016bros generalinio direktoriaus 2024 m. gruod\u017eio 3 d. \u012fsakymu Nr. D\u012e-266 \u201eD\u0117l Ekonomin\u0117s veiklos r\u016b\u0161i\u0173 klasifikatoriaus (EVRK 2.1 red.) patvirtinimo\u201c): 1. pagrindin\u0117 \u0161vietimo veiklos r\u016b\u0161is \u2013 bendrasis pagrindinis ir vidurinis [&hellip;]<\/p>\n","protected":false},"author":1,"featured_media":0,"parent":846,"menu_order":0,"comment_status":"closed","ping_status":"closed","template":"","meta":{"footnotes":""},"class_list":["post-12388","page","type-page","status-publish","hentry"],"yoast_head":"<!-- This site is optimized with the Yoast SEO plugin v27.3 - https:\/\/yoast.com\/product\/yoast-seo-wordpress\/ -->\n<title>Veikla - Vilniaus suaugusi\u0173j\u0173 mokymo centras<\/title>\n<meta name=\"robots\" content=\"index, follow, max-snippet:-1, max-image-preview:large, max-video-preview:-1\" \/>\n<link rel=\"canonical\" href=\"https:\/\/vsmc.lt\/?page_id=12388\" \/>\n<meta property=\"og:locale\" content=\"lt_LT\" \/>\n<meta property=\"og:type\" content=\"article\" \/>\n<meta property=\"og:title\" content=\"Veikla - Vilniaus suaugusi\u0173j\u0173 mokymo centras\" \/>\n<meta property=\"og:description\" content=\"Vilniaus suaugusi\u0173j\u0173 mokymo centro veiklos sritys &nbsp; Centro veiklos sritis \u2013 \u0161vietimas. Veiklos r\u016b\u0161ys (pagal Ekonomin\u0117s veiklos r\u016b\u0161i\u0173 klasifikatori\u0173 (EVRK 2.1 red.), patvirtint\u0105 Valstyb\u0117s duomen\u0173 agent\u016bros generalinio direktoriaus 2024 m. gruod\u017eio 3 d. \u012fsakymu Nr. D\u012e-266 \u201eD\u0117l Ekonomin\u0117s veiklos r\u016b\u0161i\u0173 klasifikatoriaus (EVRK 2.1 red.) patvirtinimo\u201c): 1. pagrindin\u0117 \u0161vietimo veiklos r\u016b\u0161is \u2013 bendrasis pagrindinis ir vidurinis [&hellip;]\" \/>\n<meta property=\"og:url\" content=\"https:\/\/vsmc.lt\/?page_id=12388\" \/>\n<meta property=\"og:site_name\" content=\"Vilniaus suaugusi\u0173j\u0173 mokymo centras\" \/>\n<meta property=\"article:publisher\" content=\"https:\/\/www.facebook.com\/p\/Vilniaus-suaugusij-mokymo-centras-VSMC-gimnazija-100034428106674\/\" \/>\n<meta property=\"og:image\" content=\"https:\/\/vsmc.lt\/wp-content\/uploads\/2018\/05\/03\/VSMC_PASTATAS_1-1.jpg\" \/>\n\t<meta property=\"og:image:width\" content=\"1500\" \/>\n\t<meta property=\"og:image:height\" content=\"925\" \/>\n\t<meta property=\"og:image:type\" content=\"image\/jpeg\" \/>\n<meta name=\"twitter:card\" content=\"summary_large_image\" \/>\n<meta name=\"twitter:label1\" content=\"Est. reading time\" \/>\n\t<meta name=\"twitter:data1\" content=\"1 minut\u0117\" \/>\n<script type=\"application\/ld+json\" class=\"yoast-schema-graph\">{\"@context\":\"https:\\\/\\\/schema.org\",\"@graph\":[{\"@type\":\"WebPage\",\"@id\":\"https:\\\/\\\/vsmc.lt\\\/?page_id=12388\",\"url\":\"https:\\\/\\\/vsmc.lt\\\/?page_id=12388\",\"name\":\"Veikla - Vilniaus suaugusi\u0173j\u0173 mokymo centras\",\"isPartOf\":{\"@id\":\"https:\\\/\\\/vsmc.lt\\\/#website\"},\"datePublished\":\"2026-04-23T12:31:24+00:00\",\"breadcrumb\":{\"@id\":\"https:\\\/\\\/vsmc.lt\\\/?page_id=12388#breadcrumb\"},\"inLanguage\":\"lt-LT\",\"potentialAction\":[{\"@type\":\"ReadAction\",\"target\":[\"https:\\\/\\\/vsmc.lt\\\/?page_id=12388\"]}]},{\"@type\":\"BreadcrumbList\",\"@id\":\"https:\\\/\\\/vsmc.lt\\\/?page_id=12388#breadcrumb\",\"itemListElement\":[{\"@type\":\"ListItem\",\"position\":1,\"name\":\"Home\",\"item\":\"https:\\\/\\\/vsmc.lt\\\/\"},{\"@type\":\"ListItem\",\"position\":2,\"name\":\"Veiklos sritys\",\"item\":\"https:\\\/\\\/vsmc.lt\\\/?page_id=846\"},{\"@type\":\"ListItem\",\"position\":3,\"name\":\"Veikla\"}]},{\"@type\":\"WebSite\",\"@id\":\"https:\\\/\\\/vsmc.lt\\\/#website\",\"url\":\"https:\\\/\\\/vsmc.lt\\\/\",\"name\":\"Vilniaus suaugusi\u0173j\u0173 mokymo centras\",\"description\":\"VSMC\",\"publisher\":{\"@id\":\"https:\\\/\\\/vsmc.lt\\\/#organization\"},\"alternateName\":\"VSMC\",\"potentialAction\":[{\"@type\":\"SearchAction\",\"target\":{\"@type\":\"EntryPoint\",\"urlTemplate\":\"https:\\\/\\\/vsmc.lt\\\/?s={search_term_string}\"},\"query-input\":{\"@type\":\"PropertyValueSpecification\",\"valueRequired\":true,\"valueName\":\"search_term_string\"}}],\"inLanguage\":\"lt-LT\"},{\"@type\":\"Organization\",\"@id\":\"https:\\\/\\\/vsmc.lt\\\/#organization\",\"name\":\"Vilniaus suaugusi\u0173j\u0173 mokymo centras\",\"alternateName\":\"VSMC\",\"url\":\"https:\\\/\\\/vsmc.lt\\\/\",\"logo\":{\"@type\":\"ImageObject\",\"inLanguage\":\"lt-LT\",\"@id\":\"https:\\\/\\\/vsmc.lt\\\/#\\\/schema\\\/logo\\\/image\\\/\",\"url\":\"https:\\\/\\\/vsmc.lt\\\/wp-content\\\/uploads\\\/2016\\\/11\\\/15\\\/logo.png\",\"contentUrl\":\"https:\\\/\\\/vsmc.lt\\\/wp-content\\\/uploads\\\/2016\\\/11\\\/15\\\/logo.png\",\"width\":96,\"height\":121,\"caption\":\"Vilniaus suaugusi\u0173j\u0173 mokymo centras\"},\"image\":{\"@id\":\"https:\\\/\\\/vsmc.lt\\\/#\\\/schema\\\/logo\\\/image\\\/\"},\"sameAs\":[\"https:\\\/\\\/www.facebook.com\\\/p\\\/Vilniaus-suaugusij-mokymo-centras-VSMC-gimnazija-100034428106674\\\/\"]}]}<\/script>\n<!-- \/ Yoast SEO plugin. -->","yoast_head_json":{"title":"Veikla - Vilniaus suaugusi\u0173j\u0173 mokymo centras","robots":{"index":"index","follow":"follow","max-snippet":"max-snippet:-1","max-image-preview":"max-image-preview:large","max-video-preview":"max-video-preview:-1"},"canonical":"https:\/\/vsmc.lt\/?page_id=12388","og_locale":"lt_LT","og_type":"article","og_title":"Veikla - Vilniaus suaugusi\u0173j\u0173 mokymo centras","og_description":"Vilniaus suaugusi\u0173j\u0173 mokymo centro veiklos sritys &nbsp; Centro veiklos sritis \u2013 \u0161vietimas. Veiklos r\u016b\u0161ys (pagal Ekonomin\u0117s veiklos r\u016b\u0161i\u0173 klasifikatori\u0173 (EVRK 2.1 red.), patvirtint\u0105 Valstyb\u0117s duomen\u0173 agent\u016bros generalinio direktoriaus 2024 m. gruod\u017eio 3 d. \u012fsakymu Nr. D\u012e-266 \u201eD\u0117l Ekonomin\u0117s veiklos r\u016b\u0161i\u0173 klasifikatoriaus (EVRK 2.1 red.) patvirtinimo\u201c): 1. pagrindin\u0117 \u0161vietimo veiklos r\u016b\u0161is \u2013 bendrasis pagrindinis ir vidurinis [&hellip;]","og_url":"https:\/\/vsmc.lt\/?page_id=12388","og_site_name":"Vilniaus suaugusi\u0173j\u0173 mokymo centras","article_publisher":"https:\/\/www.facebook.com\/p\/Vilniaus-suaugusij-mokymo-centras-VSMC-gimnazija-100034428106674\/","og_image":[{"width":1500,"height":925,"url":"https:\/\/vsmc.lt\/wp-content\/uploads\/2018\/05\/03\/VSMC_PASTATAS_1-1.jpg","type":"image\/jpeg"}],"twitter_card":"summary_large_image","twitter_misc":{"Est. reading time":"1 minut\u0117"},"schema":{"@context":"https:\/\/schema.org","@graph":[{"@type":"WebPage","@id":"https:\/\/vsmc.lt\/?page_id=12388","url":"https:\/\/vsmc.lt\/?page_id=12388","name":"Veikla - Vilniaus suaugusi\u0173j\u0173 mokymo centras","isPartOf":{"@id":"https:\/\/vsmc.lt\/#website"},"datePublished":"2026-04-23T12:31:24+00:00","breadcrumb":{"@id":"https:\/\/vsmc.lt\/?page_id=12388#breadcrumb"},"inLanguage":"lt-LT","potentialAction":[{"@type":"ReadAction","target":["https:\/\/vsmc.lt\/?page_id=12388"]}]},{"@type":"BreadcrumbList","@id":"https:\/\/vsmc.lt\/?page_id=12388#breadcrumb","itemListElement":[{"@type":"ListItem","position":1,"name":"Home","item":"https:\/\/vsmc.lt\/"},{"@type":"ListItem","position":2,"name":"Veiklos sritys","item":"https:\/\/vsmc.lt\/?page_id=846"},{"@type":"ListItem","position":3,"name":"Veikla"}]},{"@type":"WebSite","@id":"https:\/\/vsmc.lt\/#website","url":"https:\/\/vsmc.lt\/","name":"Vilniaus suaugusi\u0173j\u0173 mokymo centras","description":"VSMC","publisher":{"@id":"https:\/\/vsmc.lt\/#organization"},"alternateName":"VSMC","potentialAction":[{"@type":"SearchAction","target":{"@type":"EntryPoint","urlTemplate":"https:\/\/vsmc.lt\/?s={search_term_string}"},"query-input":{"@type":"PropertyValueSpecification","valueRequired":true,"valueName":"search_term_string"}}],"inLanguage":"lt-LT"},{"@type":"Organization","@id":"https:\/\/vsmc.lt\/#organization","name":"Vilniaus suaugusi\u0173j\u0173 mokymo centras","alternateName":"VSMC","url":"https:\/\/vsmc.lt\/","logo":{"@type":"ImageObject","inLanguage":"lt-LT","@id":"https:\/\/vsmc.lt\/#\/schema\/logo\/image\/","url":"https:\/\/vsmc.lt\/wp-content\/uploads\/2016\/11\/15\/logo.png","contentUrl":"https:\/\/vsmc.lt\/wp-content\/uploads\/2016\/11\/15\/logo.png","width":96,"height":121,"caption":"Vilniaus suaugusi\u0173j\u0173 mokymo centras"},"image":{"@id":"https:\/\/vsmc.lt\/#\/schema\/logo\/image\/"},"sameAs":["https:\/\/www.facebook.com\/p\/Vilniaus-suaugusij-mokymo-centras-VSMC-gimnazija-100034428106674\/"]}]}},"_links":{"self":[{"href":"https:\/\/vsmc.lt\/index.php?rest_route=\/wp\/v2\/pages\/12388","targetHints":{"allow":["GET"]}}],"collection":[{"href":"https:\/\/vsmc.lt\/index.php?rest_route=\/wp\/v2\/pages"}],"about":[{"href":"https:\/\/vsmc.lt\/index.php?rest_route=\/wp\/v2\/types\/page"}],"author":[{"embeddable":true,"href":"https:\/\/vsmc.lt\/index.php?rest_route=\/wp\/v2\/users\/1"}],"replies":[{"embeddable":true,"href":"https:\/\/vsmc.lt\/index.php?rest_route=%2Fwp%2Fv2%2Fcomments&post=12388"}],"version-history":[{"count":1,"href":"https:\/\/vsmc.lt\/index.php?rest_route=\/wp\/v2\/pages\/12388\/revisions"}],"predecessor-version":[{"id":12389,"href":"https:\/\/vsmc.lt\/index.php?rest_route=\/wp\/v2\/pages\/12388\/revisions\/12389"}],"up":[{"embeddable":true,"href":"https:\/\/vsmc.lt\/index.php?rest_route=\/wp\/v2\/pages\/846"}],"wp:attachment":[{"href":"https:\/\/vsmc.lt\/index.php?rest_route=%2Fwp%2Fv2%2Fmedia&parent=12388"}],"curies":[{"name":"wp","href":"https:\/\/api.w.org\/{rel}","templated":true}]}}