{"id":2939,"date":"2017-06-30T10:21:46","date_gmt":"2017-06-30T07:21:46","guid":{"rendered":"http:\/\/vsmc.lt\/?page_id=2939"},"modified":"2023-01-19T18:31:32","modified_gmt":"2023-01-19T15:31:32","slug":"ugdymo-aprupinimo-skyriaus-darbuotojai","status":"publish","type":"page","link":"https:\/\/vsmc.lt\/?page_id=2939","title":{"rendered":"Ugdymo apr\u016bpinimo skyriaus darbuotojai"},"content":{"rendered":"\r\n<p>&nbsp;<\/p>\r\n<table style=\"width: 100%;\" width=\"665\" cellspacing=\"0\" cellpadding=\"2\">\r\n<tbody>\r\n<tr>\r\n<td style=\"width: 32.8947%;\" width=\"242\">\r\n<p align=\"center\"><strong>Pareigos<\/strong><\/p>\r\n<\/td>\r\n<td style=\"width: 20.1316%;\" width=\"122\">\r\n<p align=\"center\"><strong>Vardas, pavard\u0117<\/strong><\/p>\r\n<\/td>\r\n<td style=\"width: 11.1842%;\" width=\"75\">\r\n<p align=\"center\"><strong>Tel. numeris<\/strong><\/p>\r\n<\/td>\r\n<td style=\"width: 35.5263%;\" width=\"210\">\r\n<p align=\"center\"><strong>El. Pa\u0161tas<\/strong><\/p>\r\n<\/td>\r\n<\/tr>\r\n<tr>\r\n<td style=\"width: 32.8947%;\" width=\"242\">\r\n<p align=\"center\"><a href=\"https:\/\/vsmc.lt\/wp-content\/uploads\/2020\/12\/21\/Vyr.-fin.-pareigybes-aprasymas.pdf\">Vyr. finansinink\u0117<\/a><\/p>\r\n<\/td>\r\n<td style=\"width: 20.1316%;\" width=\"122\">\r\n<p align=\"center\">Danut\u0117 Pirtinien\u0117<\/p>\r\n<\/td>\r\n<td style=\"width: 11.1842%;\" width=\"75\">\r\n<p align=\"center\">(8 5) 2751577<\/p>\r\n<\/td>\r\n<td style=\"width: 35.5263%;\" width=\"210\">\r\n<p align=\"center\">dapirti9799@emokykla.lt<\/p>\r\n<\/td>\r\n<\/tr>\r\n<tr>\r\n<td style=\"width: 32.8947%;\" width=\"242\">\r\n<p align=\"center\"><a href=\"https:\/\/vsmc.lt\/wp-content\/uploads\/2020\/12\/21\/Ugdymo-aprup.-sk.-vedejo-pareigybes-aprasymas.pdf\">Ugdymo apr\u016bpinimo skyriaus ved\u0117ja<\/a><\/p>\r\n<\/td>\r\n<td style=\"width: 20.1316%;\" width=\"122\">\r\n<p align=\"center\">Jolita Kubiakovskaja<\/p>\r\n<\/td>\r\n<td style=\"width: 11.1842%;\" width=\"75\">\r\n<p align=\"center\">(8 5) 2751577<\/p>\r\n<\/td>\r\n<td style=\"width: 35.5263%;\" width=\"210\">\r\n<p align=\"center\">JoKubia7319@emokykla.lt<\/p>\r\n<\/td>\r\n<\/tr>\r\n<tr>\r\n<td style=\"width: 32.8947%;\" width=\"242\">\r\n<p align=\"center\"><a href=\"https:\/\/vsmc.lt\/wp-content\/uploads\/2020\/12\/21\/Personalo-ir-dok.-poskyrio-vedejo-pareig.pdf\">Personalo ir dokument\u0173 poskyrio ved\u0117ja<\/a><\/p>\r\n<\/td>\r\n<td style=\"width: 20.1316%;\" width=\"122\">\r\n<p align=\"center\">Asta Stankevi\u010dien\u0117<\/p>\r\n<\/td>\r\n<td style=\"width: 11.1842%;\" width=\"75\">\r\n<p align=\"center\">(8 5) 2751577<\/p>\r\n<\/td>\r\n<td style=\"width: 35.5263%;\" width=\"210\">\r\n<p align=\"center\">AsStank9571@emokykla.lt<\/p>\r\n<\/td>\r\n<\/tr>\r\n<tr>\r\n<td style=\"width: 32.8947%;\" width=\"242\">\r\n<p align=\"center\"><a href=\"https:\/\/vsmc.lt\/wp-content\/uploads\/2022\/11\/24\/Bibliotekininko-pareigybes-aprasymas-2022-09-01.pdf\">Bibliotekinink\u0117<\/a><\/p>\r\n<\/td>\r\n<td style=\"width: 20.1316%;\" width=\"122\">\r\n<p align=\"center\">Jolanta Ma\u010dichinien\u0117<\/p>\r\n<\/td>\r\n<td style=\"width: 11.1842%;\" width=\"75\">\r\n<p align=\"center\">(8 5) 2751577<\/p>\r\n<\/td>\r\n<td style=\"width: 35.5263%;\" width=\"210\">\r\n<p align=\"center\">JoMacic6168@emokykla.lt<\/p>\r\n<\/td>\r\n<\/tr>\r\n<tr>\r\n<td style=\"width: 32.8947%;\" width=\"242\">\r\n<p align=\"center\"><a href=\"https:\/\/vsmc.lt\/wp-content\/uploads\/2020\/12\/21\/IT-specialisto-pareigybes-aprasymas-A.K..pdf\">IT specialistas<\/a><\/p>\r\n<\/td>\r\n<td style=\"width: 20.1316%;\" width=\"122\">\r\n<p align=\"center\">Art\u016br Kal\u010devskij<\/p>\r\n<\/td>\r\n<td style=\"width: 11.1842%;\" width=\"75\">\r\n<p align=\"center\">(8 5) 2751577<\/p>\r\n<\/td>\r\n<td style=\"width: 35.5263%;\" width=\"210\">\r\n<p align=\"center\">arkalce6383@emokykla.lt<\/p>\r\n<\/td>\r\n<\/tr>\r\n<tr>\r\n<td style=\"width: 32.8947%;\" width=\"242\">\r\n<p align=\"center\"><a href=\"https:\/\/vsmc.lt\/wp-content\/uploads\/2020\/12\/21\/Valytojos-pareigybes-aprasymas.pdf\">Valytoja<\/a>, <a href=\"https:\/\/vsmc.lt\/wp-content\/uploads\/2020\/12\/21\/Kiemsargio-pareigybes-aprasymas.pdf\">kiemsarg\u0117<\/a>, <a href=\"https:\/\/vsmc.lt\/wp-content\/uploads\/2017\/06\/30\/Budetojas-sargas.pdf\">bud\u0117tojas-sargas<\/a><\/p>\r\n<\/td>\r\n<td style=\"width: 20.1316%;\" width=\"122\">\r\n<p align=\"center\">Danuta Baranovi\u010d<\/p>\r\n<\/td>\r\n<td style=\"width: 11.1842%;\" width=\"75\">\r\n<p align=\"center\">(8 5) 2751577<\/p>\r\n<\/td>\r\n<td style=\"width: 35.5263%;\" width=\"210\">\r\n<p align=\"center\">DaBaran4894@emokykla.lt<\/p>\r\n<\/td>\r\n<\/tr>\r\n<tr>\r\n<td style=\"width: 32.8947%;\" width=\"242\">\r\n<p align=\"center\"><a href=\"https:\/\/vsmc.lt\/wp-content\/uploads\/2017\/06\/30\/Budetojas-sargas.pdf\">Bud\u0117tojas-sargas<\/a><\/p>\r\n<\/td>\r\n<td style=\"width: 20.1316%;\" width=\"122\">\r\n<p align=\"center\">Tatjana Da\u010dkien\u0117<\/p>\r\n<\/td>\r\n<td style=\"width: 11.1842%;\" width=\"75\">\r\n<p align=\"center\">(8 5) 2751577<\/p>\r\n<\/td>\r\n<td style=\"width: 35.5263%;\" width=\"210\">\r\n<p align=\"center\">TaDacki9317@emokykla.lt<\/p>\r\n<\/td>\r\n<\/tr>\r\n<tr>\r\n<td style=\"width: 32.8947%;\" width=\"242\">\r\n<p align=\"center\"><a href=\"https:\/\/vsmc.lt\/wp-content\/uploads\/2020\/12\/21\/Valytojos-pareigybes-aprasymas.pdf\">Valytoja<\/a>, <a href=\"https:\/\/vsmc.lt\/wp-content\/uploads\/2020\/12\/21\/Kiemsargio-pareigybes-aprasymas.pdf\">kiemsarg\u0117<\/a><\/p>\r\n<\/td>\r\n<td style=\"width: 20.1316%;\" width=\"122\">\r\n<p align=\"center\">Valentina Pavtel<\/p>\r\n<\/td>\r\n<td style=\"width: 11.1842%;\" width=\"75\">\r\n<p align=\"center\">(8 5) 2751577<\/p>\r\n<\/td>\r\n<td style=\"width: 35.5263%;\" width=\"210\">\r\n<p align=\"center\">&#8211;<\/p>\r\n<\/td>\r\n<\/tr>\r\n<tr>\r\n<td style=\"width: 32.8947%;\" width=\"242\">\r\n<p align=\"center\"><a href=\"https:\/\/vsmc.lt\/wp-content\/uploads\/2020\/12\/21\/Rubininkes-pareigybes-aprasymas.pdf\">R\u016bbinink\u0117<\/a>, <a href=\"https:\/\/vsmc.lt\/wp-content\/uploads\/2017\/06\/30\/Budetojas-sargas.pdf\">bud\u0117tojas-sargas<\/a><\/p>\r\n<\/td>\r\n<td style=\"width: 20.1316%;\" width=\"122\">\r\n<p align=\"center\">Jadvyga Kaziuk\u0117nien\u0117<\/p>\r\n<\/td>\r\n<td style=\"width: 11.1842%;\" width=\"75\">\r\n<p align=\"center\">(8 5) 2751577<\/p>\r\n<\/td>\r\n<td style=\"width: 35.5263%;\" width=\"210\">\r\n<p align=\"center\">JaKaziu6259@emokykla.lt<\/p>\r\n<\/td>\r\n<\/tr>\r\n<tr>\r\n<td style=\"width: 32.8947%;\" width=\"242\">\r\n<p align=\"center\"><a href=\"https:\/\/vsmc.lt\/wp-content\/uploads\/2017\/06\/30\/Budetojas-sargas.pdf\">Bud\u0117tojas-sargas<\/a><\/p>\r\n<\/td>\r\n<td style=\"width: 20.1316%;\" width=\"122\">\r\n<p align=\"center\">Nina Marcevi\u010d<\/p>\r\n<\/td>\r\n<td style=\"width: 11.1842%;\" width=\"75\">\r\n<p align=\"center\">(8 5) 2751577<\/p>\r\n<\/td>\r\n<td style=\"width: 35.5263%;\" width=\"210\">\r\n<p align=\"center\">NiMarce6292@emokykla.lt<\/p>\r\n<\/td>\r\n<\/tr>\r\n<tr>\r\n<td style=\"width: 32.8947%;\" width=\"242\">\r\n<p align=\"center\"><a href=\"https:\/\/vsmc.lt\/wp-content\/uploads\/2020\/12\/21\/Pastatu-prieziuros-darbuotojas-pareigybes-aprasymas.pdf\">Pastat\u0173 prie\u017ei\u016bros darbuotojas<\/a><\/p>\r\n<\/td>\r\n<td style=\"width: 20.1316%;\" width=\"122\">\r\n<p align=\"center\">Vitalijus Stru\u010dalinas<\/p>\r\n<\/td>\r\n<td style=\"width: 11.1842%;\" width=\"75\">\r\n<p align=\"center\">(8 5) 2751577<\/p>\r\n<\/td>\r\n<td style=\"width: 35.5263%;\" width=\"210\">\r\n<p align=\"center\">ViStruc2709@emokykla.lt<\/p>\r\n<\/td>\r\n<\/tr>\r\n<tr>\r\n<td style=\"width: 32.8947%;\" width=\"242\">\r\n<p align=\"center\"><a href=\"https:\/\/vsmc.lt\/wp-content\/uploads\/2020\/12\/21\/IT-specialisto-pareigybes-aprasymas-A.K..pdf\">IT specialistas<\/a><\/p>\r\n<\/td>\r\n<td style=\"width: 20.1316%;\" width=\"122\">\r\n<p align=\"center\">Aldas Ma\u010diulis<\/p>\r\n<\/td>\r\n<td style=\"width: 11.1842%;\" width=\"75\">\r\n<p align=\"center\">(8 5) 2751577<\/p>\r\n<\/td>\r\n<td style=\"width: 35.5263%;\" width=\"210\">\r\n<p align=\"center\">AlMaciu5431@emokykla.lt<\/p>\r\n<\/td>\r\n<\/tr>\r\n<\/tbody>\r\n<\/table>\r\n","protected":false},"excerpt":{"rendered":"","protected":false},"author":1,"featured_media":0,"parent":854,"menu_order":0,"comment_status":"closed","ping_status":"closed","template":"","meta":{"footnotes":""},"class_list":["post-2939","page","type-page","status-publish","hentry"],"yoast_head":"<!-- This site is optimized with the Yoast SEO plugin v27.6 - https:\/\/yoast.com\/product\/yoast-seo-wordpress\/ -->\n<title>Ugdymo apr\u016bpinimo skyriaus darbuotojai - Vilniaus suaugusi\u0173j\u0173 mokymo centras<\/title>\n<meta name=\"robots\" content=\"index, follow, max-snippet:-1, max-image-preview:large, max-video-preview:-1\" \/>\n<link rel=\"canonical\" href=\"https:\/\/vsmc.lt\/?page_id=2939\" \/>\n<meta property=\"og:locale\" content=\"lt_LT\" \/>\n<meta property=\"og:type\" content=\"article\" \/>\n<meta property=\"og:title\" content=\"Ugdymo apr\u016bpinimo skyriaus darbuotojai - Vilniaus suaugusi\u0173j\u0173 mokymo centras\" \/>\n<meta property=\"og:url\" content=\"https:\/\/vsmc.lt\/?page_id=2939\" \/>\n<meta property=\"og:site_name\" content=\"Vilniaus suaugusi\u0173j\u0173 mokymo centras\" \/>\n<meta property=\"article:publisher\" content=\"https:\/\/www.facebook.com\/p\/Vilniaus-suaugusij-mokymo-centras-VSMC-gimnazija-100034428106674\/\" \/>\n<meta property=\"article:modified_time\" content=\"2023-01-19T15:31:32+00:00\" \/>\n<meta property=\"og:image\" content=\"https:\/\/vsmc.lt\/wp-content\/uploads\/2018\/05\/03\/VSMC_PASTATAS_1-1.jpg\" \/>\n\t<meta property=\"og:image:width\" content=\"1500\" \/>\n\t<meta property=\"og:image:height\" content=\"925\" \/>\n\t<meta property=\"og:image:type\" content=\"image\/jpeg\" \/>\n<meta name=\"twitter:card\" content=\"summary_large_image\" \/>\n<meta name=\"twitter:label1\" content=\"Est. reading time\" \/>\n\t<meta name=\"twitter:data1\" content=\"1 minut\u0117\" \/>\n<script type=\"application\/ld+json\" class=\"yoast-schema-graph\">{\"@context\":\"https:\\\/\\\/schema.org\",\"@graph\":[{\"@type\":\"WebPage\",\"@id\":\"https:\\\/\\\/vsmc.lt\\\/?page_id=2939\",\"url\":\"https:\\\/\\\/vsmc.lt\\\/?page_id=2939\",\"name\":\"Ugdymo apr\u016bpinimo skyriaus darbuotojai - Vilniaus suaugusi\u0173j\u0173 mokymo centras\",\"isPartOf\":{\"@id\":\"https:\\\/\\\/vsmc.lt\\\/#website\"},\"datePublished\":\"2017-06-30T07:21:46+00:00\",\"dateModified\":\"2023-01-19T15:31:32+00:00\",\"breadcrumb\":{\"@id\":\"https:\\\/\\\/vsmc.lt\\\/?page_id=2939#breadcrumb\"},\"inLanguage\":\"lt-LT\",\"potentialAction\":[{\"@type\":\"ReadAction\",\"target\":[\"https:\\\/\\\/vsmc.lt\\\/?page_id=2939\"]}]},{\"@type\":\"BreadcrumbList\",\"@id\":\"https:\\\/\\\/vsmc.lt\\\/?page_id=2939#breadcrumb\",\"itemListElement\":[{\"@type\":\"ListItem\",\"position\":1,\"name\":\"Home\",\"item\":\"https:\\\/\\\/vsmc.lt\\\/\"},{\"@type\":\"ListItem\",\"position\":2,\"name\":\"Strukt\u016bra ir kontaktai\",\"item\":\"https:\\\/\\\/vsmc.lt\\\/?page_id=788\"},{\"@type\":\"ListItem\",\"position\":3,\"name\":\"Strukt\u016bra\",\"item\":\"https:\\\/\\\/vsmc.lt\\\/?page_id=854\"},{\"@type\":\"ListItem\",\"position\":4,\"name\":\"Ugdymo apr\u016bpinimo skyriaus darbuotojai\"}]},{\"@type\":\"WebSite\",\"@id\":\"https:\\\/\\\/vsmc.lt\\\/#website\",\"url\":\"https:\\\/\\\/vsmc.lt\\\/\",\"name\":\"Vilniaus suaugusi\u0173j\u0173 mokymo centras\",\"description\":\"VSMC\",\"publisher\":{\"@id\":\"https:\\\/\\\/vsmc.lt\\\/#organization\"},\"alternateName\":\"VSMC\",\"potentialAction\":[{\"@type\":\"SearchAction\",\"target\":{\"@type\":\"EntryPoint\",\"urlTemplate\":\"https:\\\/\\\/vsmc.lt\\\/?s={search_term_string}\"},\"query-input\":{\"@type\":\"PropertyValueSpecification\",\"valueRequired\":true,\"valueName\":\"search_term_string\"}}],\"inLanguage\":\"lt-LT\"},{\"@type\":\"Organization\",\"@id\":\"https:\\\/\\\/vsmc.lt\\\/#organization\",\"name\":\"Vilniaus suaugusi\u0173j\u0173 mokymo centras\",\"alternateName\":\"VSMC\",\"url\":\"https:\\\/\\\/vsmc.lt\\\/\",\"logo\":{\"@type\":\"ImageObject\",\"inLanguage\":\"lt-LT\",\"@id\":\"https:\\\/\\\/vsmc.lt\\\/#\\\/schema\\\/logo\\\/image\\\/\",\"url\":\"https:\\\/\\\/vsmc.lt\\\/wp-content\\\/uploads\\\/2016\\\/11\\\/15\\\/logo.png\",\"contentUrl\":\"https:\\\/\\\/vsmc.lt\\\/wp-content\\\/uploads\\\/2016\\\/11\\\/15\\\/logo.png\",\"width\":96,\"height\":121,\"caption\":\"Vilniaus suaugusi\u0173j\u0173 mokymo centras\"},\"image\":{\"@id\":\"https:\\\/\\\/vsmc.lt\\\/#\\\/schema\\\/logo\\\/image\\\/\"},\"sameAs\":[\"https:\\\/\\\/www.facebook.com\\\/p\\\/Vilniaus-suaugusij-mokymo-centras-VSMC-gimnazija-100034428106674\\\/\"]}]}<\/script>\n<!-- \/ Yoast SEO plugin. -->","yoast_head_json":{"title":"Ugdymo apr\u016bpinimo skyriaus darbuotojai - Vilniaus suaugusi\u0173j\u0173 mokymo centras","robots":{"index":"index","follow":"follow","max-snippet":"max-snippet:-1","max-image-preview":"max-image-preview:large","max-video-preview":"max-video-preview:-1"},"canonical":"https:\/\/vsmc.lt\/?page_id=2939","og_locale":"lt_LT","og_type":"article","og_title":"Ugdymo apr\u016bpinimo skyriaus darbuotojai - Vilniaus suaugusi\u0173j\u0173 mokymo centras","og_url":"https:\/\/vsmc.lt\/?page_id=2939","og_site_name":"Vilniaus suaugusi\u0173j\u0173 mokymo centras","article_publisher":"https:\/\/www.facebook.com\/p\/Vilniaus-suaugusij-mokymo-centras-VSMC-gimnazija-100034428106674\/","article_modified_time":"2023-01-19T15:31:32+00:00","og_image":[{"width":1500,"height":925,"url":"https:\/\/vsmc.lt\/wp-content\/uploads\/2018\/05\/03\/VSMC_PASTATAS_1-1.jpg","type":"image\/jpeg"}],"twitter_card":"summary_large_image","twitter_misc":{"Est. reading time":"1 minut\u0117"},"schema":{"@context":"https:\/\/schema.org","@graph":[{"@type":"WebPage","@id":"https:\/\/vsmc.lt\/?page_id=2939","url":"https:\/\/vsmc.lt\/?page_id=2939","name":"Ugdymo apr\u016bpinimo skyriaus darbuotojai - Vilniaus suaugusi\u0173j\u0173 mokymo centras","isPartOf":{"@id":"https:\/\/vsmc.lt\/#website"},"datePublished":"2017-06-30T07:21:46+00:00","dateModified":"2023-01-19T15:31:32+00:00","breadcrumb":{"@id":"https:\/\/vsmc.lt\/?page_id=2939#breadcrumb"},"inLanguage":"lt-LT","potentialAction":[{"@type":"ReadAction","target":["https:\/\/vsmc.lt\/?page_id=2939"]}]},{"@type":"BreadcrumbList","@id":"https:\/\/vsmc.lt\/?page_id=2939#breadcrumb","itemListElement":[{"@type":"ListItem","position":1,"name":"Home","item":"https:\/\/vsmc.lt\/"},{"@type":"ListItem","position":2,"name":"Strukt\u016bra ir kontaktai","item":"https:\/\/vsmc.lt\/?page_id=788"},{"@type":"ListItem","position":3,"name":"Strukt\u016bra","item":"https:\/\/vsmc.lt\/?page_id=854"},{"@type":"ListItem","position":4,"name":"Ugdymo apr\u016bpinimo skyriaus darbuotojai"}]},{"@type":"WebSite","@id":"https:\/\/vsmc.lt\/#website","url":"https:\/\/vsmc.lt\/","name":"Vilniaus suaugusi\u0173j\u0173 mokymo centras","description":"VSMC","publisher":{"@id":"https:\/\/vsmc.lt\/#organization"},"alternateName":"VSMC","potentialAction":[{"@type":"SearchAction","target":{"@type":"EntryPoint","urlTemplate":"https:\/\/vsmc.lt\/?s={search_term_string}"},"query-input":{"@type":"PropertyValueSpecification","valueRequired":true,"valueName":"search_term_string"}}],"inLanguage":"lt-LT"},{"@type":"Organization","@id":"https:\/\/vsmc.lt\/#organization","name":"Vilniaus suaugusi\u0173j\u0173 mokymo centras","alternateName":"VSMC","url":"https:\/\/vsmc.lt\/","logo":{"@type":"ImageObject","inLanguage":"lt-LT","@id":"https:\/\/vsmc.lt\/#\/schema\/logo\/image\/","url":"https:\/\/vsmc.lt\/wp-content\/uploads\/2016\/11\/15\/logo.png","contentUrl":"https:\/\/vsmc.lt\/wp-content\/uploads\/2016\/11\/15\/logo.png","width":96,"height":121,"caption":"Vilniaus suaugusi\u0173j\u0173 mokymo centras"},"image":{"@id":"https:\/\/vsmc.lt\/#\/schema\/logo\/image\/"},"sameAs":["https:\/\/www.facebook.com\/p\/Vilniaus-suaugusij-mokymo-centras-VSMC-gimnazija-100034428106674\/"]}]}},"_links":{"self":[{"href":"https:\/\/vsmc.lt\/index.php?rest_route=\/wp\/v2\/pages\/2939","targetHints":{"allow":["GET"]}}],"collection":[{"href":"https:\/\/vsmc.lt\/index.php?rest_route=\/wp\/v2\/pages"}],"about":[{"href":"https:\/\/vsmc.lt\/index.php?rest_route=\/wp\/v2\/types\/page"}],"author":[{"embeddable":true,"href":"https:\/\/vsmc.lt\/index.php?rest_route=\/wp\/v2\/users\/1"}],"replies":[{"embeddable":true,"href":"https:\/\/vsmc.lt\/index.php?rest_route=%2Fwp%2Fv2%2Fcomments&post=2939"}],"version-history":[{"count":25,"href":"https:\/\/vsmc.lt\/index.php?rest_route=\/wp\/v2\/pages\/2939\/revisions"}],"predecessor-version":[{"id":10190,"href":"https:\/\/vsmc.lt\/index.php?rest_route=\/wp\/v2\/pages\/2939\/revisions\/10190"}],"up":[{"embeddable":true,"href":"https:\/\/vsmc.lt\/index.php?rest_route=\/wp\/v2\/pages\/854"}],"wp:attachment":[{"href":"https:\/\/vsmc.lt\/index.php?rest_route=%2Fwp%2Fv2%2Fmedia&parent=2939"}],"curies":[{"name":"wp","href":"https:\/\/api.w.org\/{rel}","templated":true}]}}