{"id":3539,"date":"2018-03-08T10:53:27","date_gmt":"2018-03-08T07:53:27","guid":{"rendered":"http:\/\/vsmc.lt\/?page_id=3539"},"modified":"2024-03-26T11:09:35","modified_gmt":"2024-03-26T08:09:35","slug":"teises-aktai","status":"publish","type":"page","link":"https:\/\/vsmc.lt\/?page_id=3539","title":{"rendered":"Teis\u0117s aktai"},"content":{"rendered":"<p>Lietuvos Respublikos\u00a0<a href=\"http:\/\/www3.lrs.lt\/home\/Konstitucija\/Konstitucija.htm\">Konstitucija<\/a><\/p>\n<p>Lietuvos Respublikos\u00a0<a href=\"https:\/\/www.e-tar.lt\/portal\/lt\/legalAct\/f6d686707e7011e6b969d7ae07280e89\">darbo kodeksas<\/a><\/p>\n<p>Lietuvos Respublikos\u00a0<a href=\"https:\/\/e-seimas.lrs.lt\/portal\/legalAct\/lt\/TAD\/TAIS.395105\">\u0161vietimo \u012fstatymas<\/a><\/p>\n<p>Lietuvos Respublikos\u00a0<a href=\"https:\/\/www.e-tar.lt\/portal\/lt\/legalAct\/TAR.3A756D83A99B\/GWsYYafUwB\">biud\u017eetini\u0173 \u012fstaig\u0173 \u012fstatymas<\/a><\/p>\n<p>Lietuvos Respublikos\u00a0<a href=\"https:\/\/www.e-tar.lt\/portal\/lt\/legalAct\/TAR.F0E90ABE387D\">specialiojo ugdymo \u012fstatymas<\/a><\/p>\n<p>Lietuvos Respublikos\u00a0<a href=\"https:\/\/www.e-tar.lt\/portal\/lt\/legalAct\/1a9058e049b311e6b5d09300a16a686c\">mokslo ir studij\u0173 \u012fstatymas<\/a><\/p>\n<p>Lietuvos Respublikos\u00a0<a href=\"https:\/\/www.e-tar.lt\/portal\/lt\/legalAct\/1a9058e049b311e6b5d09300a16a686c\">auk\u0161tojo mokslo \u012fstatymas<\/a><\/p>\n<p>Lietuvos Respublikos\u00a0<a href=\"https:\/\/www.e-tar.lt\/portal\/lt\/legalAct\/48953b10f75111e68034be159a964f47\">vaiko teisi\u0173 apsaugos \u012fstatymas<\/a><\/p>\n<p>Lietuvos Respublikos\u00a0<a href=\"https:\/\/www.e-tar.lt\/portal\/lt\/legalAct\/70593dd04a7311e6b5d09300a16a686c\">vaiko minimalios ir ir vidutin\u0117s prie\u017ei\u016bros \u012fstatymas<\/a><\/p>\n<p>Lietuvos Respublikos valstyb\u0117s ir savivaldybi\u0173\u00a0<a href=\"https:\/\/www.e-tar.lt\/portal\/lt\/legalAct\/2d8b78b0e79411e68503b67e3b82e8bd\">\u012fstaig\u0173 darbuotoj\u0173 darbo apmok\u0117jimo \u012fstatymas<\/a><\/p>\n<p><strong>Lietuvos Respublikos \u0161vietimo, mokslo ir sporto ministerija<\/strong><\/p>\n<p>Lietuvos Respublikos \u0161vietimo, mokslo ir sporto ministro \u012fsakymas <a href=\"https:\/\/e-seimas.lrs.lt\/portal\/legalAct\/lt\/TAD\/46675970a82611e59010bea026bdb259\">\u201eD\u0117l geros mokyklos koncepcijos\u201c<\/a><\/p>\n<p>Lietuvos Respublikos \u0161vietimo, mokslo ir sporto ministro 2014 m. rugpj\u016b\u010dio 29 d. <a href=\"https:\/\/www.e-tar.lt\/portal\/lt\/legalAct\/7f45d9f02f7911e4a83cb4f588d2ac1a\">\u012fstatymas Nr. V-778<\/a>\u00a0\u201eD\u0117l reikalavim\u0173 mokytoj\u0173 kvalifikacijai apra\u0161o patvirtinimo\u201c<\/p>\n<p>Nuosekliojo mokymosi pagal bendrojo ugdymo programas\u00a0<a href=\"https:\/\/e-seimas.lrs.lt\/portal\/legalAct\/lt\/TAD\/TAIS.253802\/asr\">tvarkos apra\u0161as<\/a><\/p>\n<p>Mokymosi pagal formaliojo \u0161vietimo programas (i\u0161skyrus auk\u0161tojo mokslo studij\u0173 programas) form\u0173 ir mokymo\u00a0<a href=\"https:\/\/www.e-tar.lt\/portal\/lt\/legalAct\/54fd19607d7f11e5b7eba10a9b5a9c5f\">organizavimo tvarkos apra\u0161as<\/a><\/p>\n<p>Lietuvos Respublikos \u0161vietimo, mokslo ir sporto ministro\u00a0<a href=\"https:\/\/vsmc.lt\/wp-content\/uploads\/2018\/03\/08\/Psichologinespagalbosteikimotvarkosaprasas20200724.docx\">\u012fsakymas d\u0117l psichologin\u0117s pagalbos teikimo tvarkos apra\u0161o patvirtinimo<\/a><\/p>\n<p><a href=\"https:\/\/vsmc.lt\/wp-content\/uploads\/2018\/03\/08\/Isakymas_del_Psichologines_pagalbos_teikimo_tvarkos_apraso_2017-08-28003.docx\">Psichologin\u0117s pagalbos teikimo tvarkos apra\u0161as<\/a><\/p>\n<p align=\"justify\"><strong>Vilniaus miesto savivaldyb\u0117s tarybos sprendimai<\/strong><\/p>\n<p align=\"justify\">Sprendimas\u00a0d\u0117l pri\u0117mimo \u012f <a href=\"https:\/\/vsmc.lt\/wp-content\/uploads\/2024\/03\/26\/VMS-priemimas-i-mokykla.pdf\">Vilniaus miesto savivaldyb\u0117s bendrojo ugdymo mokyklas apra\u0161o tvirtinimo<\/a><\/p>\n<p align=\"left\"><strong>Narkotik\u0173, tabako ir alkoholio kontrol\u0117s departamentas<\/strong><\/p>\n<p align=\"left\">Sprendimas\u00a0<a href=\"https:\/\/e-seimas.lrs.lt\/portal\/legalAct\/lt\/TAD\/TAIS.229451\">d\u0117l alkoholio bei tabako vartojimo prevencijos ir kontrol\u0117s<\/a><\/p>\n","protected":false},"excerpt":{"rendered":"<p>Lietuvos Respublikos\u00a0Konstitucija Lietuvos Respublikos\u00a0darbo kodeksas Lietuvos Respublikos\u00a0\u0161vietimo \u012fstatymas Lietuvos Respublikos\u00a0biud\u017eetini\u0173 \u012fstaig\u0173 \u012fstatymas Lietuvos Respublikos\u00a0specialiojo ugdymo \u012fstatymas Lietuvos Respublikos\u00a0mokslo ir studij\u0173 \u012fstatymas Lietuvos Respublikos\u00a0auk\u0161tojo mokslo \u012fstatymas Lietuvos Respublikos\u00a0vaiko teisi\u0173 apsaugos \u012fstatymas Lietuvos Respublikos\u00a0vaiko minimalios ir ir vidutin\u0117s prie\u017ei\u016bros \u012fstatymas Lietuvos Respublikos valstyb\u0117s ir savivaldybi\u0173\u00a0\u012fstaig\u0173 darbuotoj\u0173 darbo apmok\u0117jimo \u012fstatymas Lietuvos Respublikos \u0161vietimo, mokslo ir sporto ministerija Lietuvos [&hellip;]<\/p>\n","protected":false},"author":1,"featured_media":0,"parent":3494,"menu_order":0,"comment_status":"closed","ping_status":"closed","template":"","meta":{"footnotes":""},"class_list":["post-3539","page","type-page","status-publish","hentry"],"yoast_head":"<!-- This site is optimized with the Yoast SEO plugin v27.5 - https:\/\/yoast.com\/product\/yoast-seo-wordpress\/ -->\n<title>Teis\u0117s aktai - Vilniaus suaugusi\u0173j\u0173 mokymo centras<\/title>\n<meta name=\"robots\" content=\"index, follow, max-snippet:-1, max-image-preview:large, max-video-preview:-1\" \/>\n<link rel=\"canonical\" href=\"https:\/\/vsmc.lt\/?page_id=3539\" \/>\n<meta property=\"og:locale\" content=\"lt_LT\" \/>\n<meta property=\"og:type\" content=\"article\" \/>\n<meta property=\"og:title\" content=\"Teis\u0117s aktai - Vilniaus suaugusi\u0173j\u0173 mokymo centras\" \/>\n<meta property=\"og:description\" content=\"Lietuvos Respublikos\u00a0Konstitucija Lietuvos Respublikos\u00a0darbo kodeksas Lietuvos Respublikos\u00a0\u0161vietimo \u012fstatymas Lietuvos Respublikos\u00a0biud\u017eetini\u0173 \u012fstaig\u0173 \u012fstatymas Lietuvos Respublikos\u00a0specialiojo ugdymo \u012fstatymas Lietuvos Respublikos\u00a0mokslo ir studij\u0173 \u012fstatymas Lietuvos Respublikos\u00a0auk\u0161tojo mokslo \u012fstatymas Lietuvos Respublikos\u00a0vaiko teisi\u0173 apsaugos \u012fstatymas Lietuvos Respublikos\u00a0vaiko minimalios ir ir vidutin\u0117s prie\u017ei\u016bros \u012fstatymas Lietuvos Respublikos valstyb\u0117s ir savivaldybi\u0173\u00a0\u012fstaig\u0173 darbuotoj\u0173 darbo apmok\u0117jimo \u012fstatymas Lietuvos Respublikos \u0161vietimo, mokslo ir sporto ministerija Lietuvos [&hellip;]\" \/>\n<meta property=\"og:url\" content=\"https:\/\/vsmc.lt\/?page_id=3539\" \/>\n<meta property=\"og:site_name\" content=\"Vilniaus suaugusi\u0173j\u0173 mokymo centras\" \/>\n<meta property=\"article:publisher\" content=\"https:\/\/www.facebook.com\/p\/Vilniaus-suaugusij-mokymo-centras-VSMC-gimnazija-100034428106674\/\" \/>\n<meta property=\"article:modified_time\" content=\"2024-03-26T08:09:35+00:00\" \/>\n<meta property=\"og:image\" content=\"https:\/\/vsmc.lt\/wp-content\/uploads\/2018\/05\/03\/VSMC_PASTATAS_1-1.jpg\" \/>\n\t<meta property=\"og:image:width\" content=\"1500\" \/>\n\t<meta property=\"og:image:height\" content=\"925\" \/>\n\t<meta property=\"og:image:type\" content=\"image\/jpeg\" \/>\n<meta name=\"twitter:card\" content=\"summary_large_image\" \/>\n<meta name=\"twitter:label1\" content=\"Est. reading time\" \/>\n\t<meta name=\"twitter:data1\" content=\"1 minut\u0117\" \/>\n<script type=\"application\/ld+json\" class=\"yoast-schema-graph\">{\"@context\":\"https:\\\/\\\/schema.org\",\"@graph\":[{\"@type\":\"WebPage\",\"@id\":\"https:\\\/\\\/vsmc.lt\\\/?page_id=3539\",\"url\":\"https:\\\/\\\/vsmc.lt\\\/?page_id=3539\",\"name\":\"Teis\u0117s aktai - Vilniaus suaugusi\u0173j\u0173 mokymo centras\",\"isPartOf\":{\"@id\":\"https:\\\/\\\/vsmc.lt\\\/#website\"},\"datePublished\":\"2018-03-08T07:53:27+00:00\",\"dateModified\":\"2024-03-26T08:09:35+00:00\",\"breadcrumb\":{\"@id\":\"https:\\\/\\\/vsmc.lt\\\/?page_id=3539#breadcrumb\"},\"inLanguage\":\"lt-LT\",\"potentialAction\":[{\"@type\":\"ReadAction\",\"target\":[\"https:\\\/\\\/vsmc.lt\\\/?page_id=3539\"]}]},{\"@type\":\"BreadcrumbList\",\"@id\":\"https:\\\/\\\/vsmc.lt\\\/?page_id=3539#breadcrumb\",\"itemListElement\":[{\"@type\":\"ListItem\",\"position\":1,\"name\":\"Home\",\"item\":\"https:\\\/\\\/vsmc.lt\\\/\"},{\"@type\":\"ListItem\",\"position\":2,\"name\":\"Teisin\u0117 informacija\",\"item\":\"https:\\\/\\\/vsmc.lt\\\/?page_id=3494\"},{\"@type\":\"ListItem\",\"position\":3,\"name\":\"Teis\u0117s aktai\"}]},{\"@type\":\"WebSite\",\"@id\":\"https:\\\/\\\/vsmc.lt\\\/#website\",\"url\":\"https:\\\/\\\/vsmc.lt\\\/\",\"name\":\"Vilniaus suaugusi\u0173j\u0173 mokymo centras\",\"description\":\"VSMC\",\"publisher\":{\"@id\":\"https:\\\/\\\/vsmc.lt\\\/#organization\"},\"alternateName\":\"VSMC\",\"potentialAction\":[{\"@type\":\"SearchAction\",\"target\":{\"@type\":\"EntryPoint\",\"urlTemplate\":\"https:\\\/\\\/vsmc.lt\\\/?s={search_term_string}\"},\"query-input\":{\"@type\":\"PropertyValueSpecification\",\"valueRequired\":true,\"valueName\":\"search_term_string\"}}],\"inLanguage\":\"lt-LT\"},{\"@type\":\"Organization\",\"@id\":\"https:\\\/\\\/vsmc.lt\\\/#organization\",\"name\":\"Vilniaus suaugusi\u0173j\u0173 mokymo centras\",\"alternateName\":\"VSMC\",\"url\":\"https:\\\/\\\/vsmc.lt\\\/\",\"logo\":{\"@type\":\"ImageObject\",\"inLanguage\":\"lt-LT\",\"@id\":\"https:\\\/\\\/vsmc.lt\\\/#\\\/schema\\\/logo\\\/image\\\/\",\"url\":\"https:\\\/\\\/vsmc.lt\\\/wp-content\\\/uploads\\\/2016\\\/11\\\/15\\\/logo.png\",\"contentUrl\":\"https:\\\/\\\/vsmc.lt\\\/wp-content\\\/uploads\\\/2016\\\/11\\\/15\\\/logo.png\",\"width\":96,\"height\":121,\"caption\":\"Vilniaus suaugusi\u0173j\u0173 mokymo centras\"},\"image\":{\"@id\":\"https:\\\/\\\/vsmc.lt\\\/#\\\/schema\\\/logo\\\/image\\\/\"},\"sameAs\":[\"https:\\\/\\\/www.facebook.com\\\/p\\\/Vilniaus-suaugusij-mokymo-centras-VSMC-gimnazija-100034428106674\\\/\"]}]}<\/script>\n<!-- \/ Yoast SEO plugin. -->","yoast_head_json":{"title":"Teis\u0117s aktai - Vilniaus suaugusi\u0173j\u0173 mokymo centras","robots":{"index":"index","follow":"follow","max-snippet":"max-snippet:-1","max-image-preview":"max-image-preview:large","max-video-preview":"max-video-preview:-1"},"canonical":"https:\/\/vsmc.lt\/?page_id=3539","og_locale":"lt_LT","og_type":"article","og_title":"Teis\u0117s aktai - Vilniaus suaugusi\u0173j\u0173 mokymo centras","og_description":"Lietuvos Respublikos\u00a0Konstitucija Lietuvos Respublikos\u00a0darbo kodeksas Lietuvos Respublikos\u00a0\u0161vietimo \u012fstatymas Lietuvos Respublikos\u00a0biud\u017eetini\u0173 \u012fstaig\u0173 \u012fstatymas Lietuvos Respublikos\u00a0specialiojo ugdymo \u012fstatymas Lietuvos Respublikos\u00a0mokslo ir studij\u0173 \u012fstatymas Lietuvos Respublikos\u00a0auk\u0161tojo mokslo \u012fstatymas Lietuvos Respublikos\u00a0vaiko teisi\u0173 apsaugos \u012fstatymas Lietuvos Respublikos\u00a0vaiko minimalios ir ir vidutin\u0117s prie\u017ei\u016bros \u012fstatymas Lietuvos Respublikos valstyb\u0117s ir savivaldybi\u0173\u00a0\u012fstaig\u0173 darbuotoj\u0173 darbo apmok\u0117jimo \u012fstatymas Lietuvos Respublikos \u0161vietimo, mokslo ir sporto ministerija Lietuvos [&hellip;]","og_url":"https:\/\/vsmc.lt\/?page_id=3539","og_site_name":"Vilniaus suaugusi\u0173j\u0173 mokymo centras","article_publisher":"https:\/\/www.facebook.com\/p\/Vilniaus-suaugusij-mokymo-centras-VSMC-gimnazija-100034428106674\/","article_modified_time":"2024-03-26T08:09:35+00:00","og_image":[{"width":1500,"height":925,"url":"https:\/\/vsmc.lt\/wp-content\/uploads\/2018\/05\/03\/VSMC_PASTATAS_1-1.jpg","type":"image\/jpeg"}],"twitter_card":"summary_large_image","twitter_misc":{"Est. reading time":"1 minut\u0117"},"schema":{"@context":"https:\/\/schema.org","@graph":[{"@type":"WebPage","@id":"https:\/\/vsmc.lt\/?page_id=3539","url":"https:\/\/vsmc.lt\/?page_id=3539","name":"Teis\u0117s aktai - Vilniaus suaugusi\u0173j\u0173 mokymo centras","isPartOf":{"@id":"https:\/\/vsmc.lt\/#website"},"datePublished":"2018-03-08T07:53:27+00:00","dateModified":"2024-03-26T08:09:35+00:00","breadcrumb":{"@id":"https:\/\/vsmc.lt\/?page_id=3539#breadcrumb"},"inLanguage":"lt-LT","potentialAction":[{"@type":"ReadAction","target":["https:\/\/vsmc.lt\/?page_id=3539"]}]},{"@type":"BreadcrumbList","@id":"https:\/\/vsmc.lt\/?page_id=3539#breadcrumb","itemListElement":[{"@type":"ListItem","position":1,"name":"Home","item":"https:\/\/vsmc.lt\/"},{"@type":"ListItem","position":2,"name":"Teisin\u0117 informacija","item":"https:\/\/vsmc.lt\/?page_id=3494"},{"@type":"ListItem","position":3,"name":"Teis\u0117s aktai"}]},{"@type":"WebSite","@id":"https:\/\/vsmc.lt\/#website","url":"https:\/\/vsmc.lt\/","name":"Vilniaus suaugusi\u0173j\u0173 mokymo centras","description":"VSMC","publisher":{"@id":"https:\/\/vsmc.lt\/#organization"},"alternateName":"VSMC","potentialAction":[{"@type":"SearchAction","target":{"@type":"EntryPoint","urlTemplate":"https:\/\/vsmc.lt\/?s={search_term_string}"},"query-input":{"@type":"PropertyValueSpecification","valueRequired":true,"valueName":"search_term_string"}}],"inLanguage":"lt-LT"},{"@type":"Organization","@id":"https:\/\/vsmc.lt\/#organization","name":"Vilniaus suaugusi\u0173j\u0173 mokymo centras","alternateName":"VSMC","url":"https:\/\/vsmc.lt\/","logo":{"@type":"ImageObject","inLanguage":"lt-LT","@id":"https:\/\/vsmc.lt\/#\/schema\/logo\/image\/","url":"https:\/\/vsmc.lt\/wp-content\/uploads\/2016\/11\/15\/logo.png","contentUrl":"https:\/\/vsmc.lt\/wp-content\/uploads\/2016\/11\/15\/logo.png","width":96,"height":121,"caption":"Vilniaus suaugusi\u0173j\u0173 mokymo centras"},"image":{"@id":"https:\/\/vsmc.lt\/#\/schema\/logo\/image\/"},"sameAs":["https:\/\/www.facebook.com\/p\/Vilniaus-suaugusij-mokymo-centras-VSMC-gimnazija-100034428106674\/"]}]}},"_links":{"self":[{"href":"https:\/\/vsmc.lt\/index.php?rest_route=\/wp\/v2\/pages\/3539","targetHints":{"allow":["GET"]}}],"collection":[{"href":"https:\/\/vsmc.lt\/index.php?rest_route=\/wp\/v2\/pages"}],"about":[{"href":"https:\/\/vsmc.lt\/index.php?rest_route=\/wp\/v2\/types\/page"}],"author":[{"embeddable":true,"href":"https:\/\/vsmc.lt\/index.php?rest_route=\/wp\/v2\/users\/1"}],"replies":[{"embeddable":true,"href":"https:\/\/vsmc.lt\/index.php?rest_route=%2Fwp%2Fv2%2Fcomments&post=3539"}],"version-history":[{"count":31,"href":"https:\/\/vsmc.lt\/index.php?rest_route=\/wp\/v2\/pages\/3539\/revisions"}],"predecessor-version":[{"id":10930,"href":"https:\/\/vsmc.lt\/index.php?rest_route=\/wp\/v2\/pages\/3539\/revisions\/10930"}],"up":[{"embeddable":true,"href":"https:\/\/vsmc.lt\/index.php?rest_route=\/wp\/v2\/pages\/3494"}],"wp:attachment":[{"href":"https:\/\/vsmc.lt\/index.php?rest_route=%2Fwp%2Fv2%2Fmedia&parent=3539"}],"curies":[{"name":"wp","href":"https:\/\/api.w.org\/{rel}","templated":true}]}}