{"id":3549,"date":"2018-03-08T10:55:24","date_gmt":"2018-03-08T07:55:24","guid":{"rendered":"http:\/\/vsmc.lt\/?page_id=3549"},"modified":"2026-04-02T16:09:41","modified_gmt":"2026-04-02T13:09:41","slug":"korupcijos-prevencija","status":"publish","type":"page","link":"https:\/\/vsmc.lt\/?page_id=3549","title":{"rendered":"Korupcijos prevencija"},"content":{"rendered":"<p><a href=\"https:\/\/vsmc.lt\/wp-content\/uploads\/2018\/03\/08\/VSMC-2026-2030-m.-korupcijos-prevencijos-programa.pdf\">VSMC 2026-2030 m. korupcijos prevencijos programa<\/a><\/p>\n<p><a href=\"https:\/\/vsmc.lt\/wp-content\/uploads\/2018\/03\/08\/VSMC-korupcijos-prevencijos-programos-igyvendinimo-veiksmu-ir-priemoniu-planas-2026-2030-metams-.pdf\">VSMC korupcijos prevencijos programos \u012fgyvendinimo veiksm\u0173 ir priemoni\u0173 planas 2026-2030 metams<\/a><\/p>\n<p><a href=\"https:\/\/vsmc.lt\/wp-content\/uploads\/2018\/03\/08\/Korupcijos-prevencijos-programos-igyvendimo-ataskaita-uz-2025-m.docx\">Korupcijos prevencijos programos \u012fgyvendimo ataskaita u\u017e 2025 m.<\/a><\/p>\n<p><a href=\"https:\/\/vsmc.lt\/wp-content\/uploads\/2018\/03\/08\/2025-12-01-isakymas-Nr.-V-307-Del-pareigybiu-kurias-einantys-Vilniaus-suaugusiuju-mokymo-centro-darbuotojai-privalo-deklaruoti-privacius-interesus-saraso.pdf\">2025-12-01 \u012fsakymas Nr. V-307 D\u0117l pareigybi\u0173, kurias einantys Vilniaus suaugusi\u0173j\u0173 mokymo centro darbuotojai privalo deklaruoti priva\u010dius interesus, s\u0105ra\u0161o<\/a><\/p>\n<p><a href=\"https:\/\/vsmc.lt\/wp-content\/uploads\/2018\/03\/08\/2025-12-01-isakymas-Nr.-V-309-Del-pareigybiu-del-kuriu-teikiamas-prasymas-Lietuvos-Respublikos-specialiuju-tyrimu-tarnybai-saraso.pdf\">2025-12-01 \u012fsakymas Nr. V-309 D\u0117l pareigybi\u0173, d\u0117l kuri\u0173 teikiamas pra\u0161ymas Lietuvos Respublikos speciali\u0173j\u0173 tyrim\u0173 tarnybai, s\u0105ra\u0161o<\/a><\/p>\n<p>&nbsp;<\/p>\n<p>Informacij\u0105 apie pasteb\u0117tus korupcijos atvejus Vilniaus suaugusi\u0173j\u0173 mokymo centre (toliau VSMC) galima pateikti:<\/p>\n<ul>\n<li>tiesiogiai atvykus \u012f VSMC pateikti prane\u0161im\u0105 ra\u0161tu Administratoriui;<\/li>\n<li>atsi\u0173sti prane\u0161im\u0105 pa\u0161tu;<\/li>\n<li>elektroniniu pa\u0161tu\u00a0<a style=\"text-underline-offset: 0.25ch;\" href=\"mailto:rastine@smc.vilnius.lm..lt\">rastine@vsmc.lt\u00a0<\/a><\/li>\n<li>paskambinti telefonu +370 644 50741.<\/li>\n<\/ul>\n<p>Asmens atsakingo u\u017e korupcijos prevencijos funkcij\u0173 vykdym\u0105 VSMC kontaktai: Danut\u0117 Pirtinien\u0117, direktoriaus pavaduotoja ugdymui, ekonomikos vyr. mokytoja, el. pa\u0161tas &#8211; dapirti9799@emokykla.lt<\/p>\n<p>&nbsp;<\/p>\n<p><a href=\"https:\/\/vsmc.lt\/wp-content\/uploads\/2018\/03\/08\/VSMC-dovanu-politika.pdf\">VSMC dovan\u0173 politika<\/a><\/p>\n","protected":false},"excerpt":{"rendered":"<p>VSMC 2026-2030 m. korupcijos prevencijos programa VSMC korupcijos prevencijos programos \u012fgyvendinimo veiksm\u0173 ir priemoni\u0173 planas 2026-2030 metams Korupcijos prevencijos programos \u012fgyvendimo ataskaita u\u017e 2025 m. 2025-12-01 \u012fsakymas Nr. V-307 D\u0117l pareigybi\u0173, kurias einantys Vilniaus suaugusi\u0173j\u0173 mokymo centro darbuotojai privalo deklaruoti priva\u010dius interesus, s\u0105ra\u0161o 2025-12-01 \u012fsakymas Nr. V-309 D\u0117l pareigybi\u0173, d\u0117l kuri\u0173 teikiamas pra\u0161ymas Lietuvos Respublikos [&hellip;]<\/p>\n","protected":false},"author":1,"featured_media":0,"parent":3551,"menu_order":0,"comment_status":"closed","ping_status":"closed","template":"","meta":{"footnotes":""},"class_list":["post-3549","page","type-page","status-publish","hentry"],"yoast_head":"<!-- This site is optimized with the Yoast SEO plugin v27.5 - https:\/\/yoast.com\/product\/yoast-seo-wordpress\/ -->\n<title>Korupcijos prevencija - Vilniaus suaugusi\u0173j\u0173 mokymo centras<\/title>\n<meta name=\"robots\" content=\"index, follow, max-snippet:-1, max-image-preview:large, max-video-preview:-1\" \/>\n<link rel=\"canonical\" href=\"https:\/\/vsmc.lt\/?page_id=3549\" \/>\n<meta property=\"og:locale\" content=\"lt_LT\" \/>\n<meta property=\"og:type\" content=\"article\" \/>\n<meta property=\"og:title\" content=\"Korupcijos prevencija - Vilniaus suaugusi\u0173j\u0173 mokymo centras\" \/>\n<meta property=\"og:description\" content=\"VSMC 2026-2030 m. korupcijos prevencijos programa VSMC korupcijos prevencijos programos \u012fgyvendinimo veiksm\u0173 ir priemoni\u0173 planas 2026-2030 metams Korupcijos prevencijos programos \u012fgyvendimo ataskaita u\u017e 2025 m. 2025-12-01 \u012fsakymas Nr. V-307 D\u0117l pareigybi\u0173, kurias einantys Vilniaus suaugusi\u0173j\u0173 mokymo centro darbuotojai privalo deklaruoti priva\u010dius interesus, s\u0105ra\u0161o 2025-12-01 \u012fsakymas Nr. V-309 D\u0117l pareigybi\u0173, d\u0117l kuri\u0173 teikiamas pra\u0161ymas Lietuvos Respublikos [&hellip;]\" \/>\n<meta property=\"og:url\" content=\"https:\/\/vsmc.lt\/?page_id=3549\" \/>\n<meta property=\"og:site_name\" content=\"Vilniaus suaugusi\u0173j\u0173 mokymo centras\" \/>\n<meta property=\"article:publisher\" content=\"https:\/\/www.facebook.com\/p\/Vilniaus-suaugusij-mokymo-centras-VSMC-gimnazija-100034428106674\/\" \/>\n<meta property=\"article:modified_time\" content=\"2026-04-02T13:09:41+00:00\" \/>\n<meta property=\"og:image\" content=\"https:\/\/vsmc.lt\/wp-content\/uploads\/2018\/05\/03\/VSMC_PASTATAS_1-1.jpg\" \/>\n\t<meta property=\"og:image:width\" content=\"1500\" \/>\n\t<meta property=\"og:image:height\" content=\"925\" \/>\n\t<meta property=\"og:image:type\" content=\"image\/jpeg\" \/>\n<meta name=\"twitter:card\" content=\"summary_large_image\" \/>\n<meta name=\"twitter:label1\" content=\"Est. reading time\" \/>\n\t<meta name=\"twitter:data1\" content=\"1 minut\u0117\" \/>\n<script type=\"application\/ld+json\" class=\"yoast-schema-graph\">{\"@context\":\"https:\\\/\\\/schema.org\",\"@graph\":[{\"@type\":\"WebPage\",\"@id\":\"https:\\\/\\\/vsmc.lt\\\/?page_id=3549\",\"url\":\"https:\\\/\\\/vsmc.lt\\\/?page_id=3549\",\"name\":\"Korupcijos prevencija - Vilniaus suaugusi\u0173j\u0173 mokymo centras\",\"isPartOf\":{\"@id\":\"https:\\\/\\\/vsmc.lt\\\/#website\"},\"datePublished\":\"2018-03-08T07:55:24+00:00\",\"dateModified\":\"2026-04-02T13:09:41+00:00\",\"breadcrumb\":{\"@id\":\"https:\\\/\\\/vsmc.lt\\\/?page_id=3549#breadcrumb\"},\"inLanguage\":\"lt-LT\",\"potentialAction\":[{\"@type\":\"ReadAction\",\"target\":[\"https:\\\/\\\/vsmc.lt\\\/?page_id=3549\"]}]},{\"@type\":\"BreadcrumbList\",\"@id\":\"https:\\\/\\\/vsmc.lt\\\/?page_id=3549#breadcrumb\",\"itemListElement\":[{\"@type\":\"ListItem\",\"position\":1,\"name\":\"Home\",\"item\":\"https:\\\/\\\/vsmc.lt\\\/\"},{\"@type\":\"ListItem\",\"position\":2,\"name\":\"Administracin\u0117 informacija\",\"item\":\"https:\\\/\\\/vsmc.lt\\\/?page_id=3551\"},{\"@type\":\"ListItem\",\"position\":3,\"name\":\"Korupcijos prevencija\"}]},{\"@type\":\"WebSite\",\"@id\":\"https:\\\/\\\/vsmc.lt\\\/#website\",\"url\":\"https:\\\/\\\/vsmc.lt\\\/\",\"name\":\"Vilniaus suaugusi\u0173j\u0173 mokymo centras\",\"description\":\"VSMC\",\"publisher\":{\"@id\":\"https:\\\/\\\/vsmc.lt\\\/#organization\"},\"alternateName\":\"VSMC\",\"potentialAction\":[{\"@type\":\"SearchAction\",\"target\":{\"@type\":\"EntryPoint\",\"urlTemplate\":\"https:\\\/\\\/vsmc.lt\\\/?s={search_term_string}\"},\"query-input\":{\"@type\":\"PropertyValueSpecification\",\"valueRequired\":true,\"valueName\":\"search_term_string\"}}],\"inLanguage\":\"lt-LT\"},{\"@type\":\"Organization\",\"@id\":\"https:\\\/\\\/vsmc.lt\\\/#organization\",\"name\":\"Vilniaus suaugusi\u0173j\u0173 mokymo centras\",\"alternateName\":\"VSMC\",\"url\":\"https:\\\/\\\/vsmc.lt\\\/\",\"logo\":{\"@type\":\"ImageObject\",\"inLanguage\":\"lt-LT\",\"@id\":\"https:\\\/\\\/vsmc.lt\\\/#\\\/schema\\\/logo\\\/image\\\/\",\"url\":\"https:\\\/\\\/vsmc.lt\\\/wp-content\\\/uploads\\\/2016\\\/11\\\/15\\\/logo.png\",\"contentUrl\":\"https:\\\/\\\/vsmc.lt\\\/wp-content\\\/uploads\\\/2016\\\/11\\\/15\\\/logo.png\",\"width\":96,\"height\":121,\"caption\":\"Vilniaus suaugusi\u0173j\u0173 mokymo centras\"},\"image\":{\"@id\":\"https:\\\/\\\/vsmc.lt\\\/#\\\/schema\\\/logo\\\/image\\\/\"},\"sameAs\":[\"https:\\\/\\\/www.facebook.com\\\/p\\\/Vilniaus-suaugusij-mokymo-centras-VSMC-gimnazija-100034428106674\\\/\"]}]}<\/script>\n<!-- \/ Yoast SEO plugin. -->","yoast_head_json":{"title":"Korupcijos prevencija - Vilniaus suaugusi\u0173j\u0173 mokymo centras","robots":{"index":"index","follow":"follow","max-snippet":"max-snippet:-1","max-image-preview":"max-image-preview:large","max-video-preview":"max-video-preview:-1"},"canonical":"https:\/\/vsmc.lt\/?page_id=3549","og_locale":"lt_LT","og_type":"article","og_title":"Korupcijos prevencija - Vilniaus suaugusi\u0173j\u0173 mokymo centras","og_description":"VSMC 2026-2030 m. korupcijos prevencijos programa VSMC korupcijos prevencijos programos \u012fgyvendinimo veiksm\u0173 ir priemoni\u0173 planas 2026-2030 metams Korupcijos prevencijos programos \u012fgyvendimo ataskaita u\u017e 2025 m. 2025-12-01 \u012fsakymas Nr. V-307 D\u0117l pareigybi\u0173, kurias einantys Vilniaus suaugusi\u0173j\u0173 mokymo centro darbuotojai privalo deklaruoti priva\u010dius interesus, s\u0105ra\u0161o 2025-12-01 \u012fsakymas Nr. V-309 D\u0117l pareigybi\u0173, d\u0117l kuri\u0173 teikiamas pra\u0161ymas Lietuvos Respublikos [&hellip;]","og_url":"https:\/\/vsmc.lt\/?page_id=3549","og_site_name":"Vilniaus suaugusi\u0173j\u0173 mokymo centras","article_publisher":"https:\/\/www.facebook.com\/p\/Vilniaus-suaugusij-mokymo-centras-VSMC-gimnazija-100034428106674\/","article_modified_time":"2026-04-02T13:09:41+00:00","og_image":[{"width":1500,"height":925,"url":"https:\/\/vsmc.lt\/wp-content\/uploads\/2018\/05\/03\/VSMC_PASTATAS_1-1.jpg","type":"image\/jpeg"}],"twitter_card":"summary_large_image","twitter_misc":{"Est. reading time":"1 minut\u0117"},"schema":{"@context":"https:\/\/schema.org","@graph":[{"@type":"WebPage","@id":"https:\/\/vsmc.lt\/?page_id=3549","url":"https:\/\/vsmc.lt\/?page_id=3549","name":"Korupcijos prevencija - Vilniaus suaugusi\u0173j\u0173 mokymo centras","isPartOf":{"@id":"https:\/\/vsmc.lt\/#website"},"datePublished":"2018-03-08T07:55:24+00:00","dateModified":"2026-04-02T13:09:41+00:00","breadcrumb":{"@id":"https:\/\/vsmc.lt\/?page_id=3549#breadcrumb"},"inLanguage":"lt-LT","potentialAction":[{"@type":"ReadAction","target":["https:\/\/vsmc.lt\/?page_id=3549"]}]},{"@type":"BreadcrumbList","@id":"https:\/\/vsmc.lt\/?page_id=3549#breadcrumb","itemListElement":[{"@type":"ListItem","position":1,"name":"Home","item":"https:\/\/vsmc.lt\/"},{"@type":"ListItem","position":2,"name":"Administracin\u0117 informacija","item":"https:\/\/vsmc.lt\/?page_id=3551"},{"@type":"ListItem","position":3,"name":"Korupcijos prevencija"}]},{"@type":"WebSite","@id":"https:\/\/vsmc.lt\/#website","url":"https:\/\/vsmc.lt\/","name":"Vilniaus suaugusi\u0173j\u0173 mokymo centras","description":"VSMC","publisher":{"@id":"https:\/\/vsmc.lt\/#organization"},"alternateName":"VSMC","potentialAction":[{"@type":"SearchAction","target":{"@type":"EntryPoint","urlTemplate":"https:\/\/vsmc.lt\/?s={search_term_string}"},"query-input":{"@type":"PropertyValueSpecification","valueRequired":true,"valueName":"search_term_string"}}],"inLanguage":"lt-LT"},{"@type":"Organization","@id":"https:\/\/vsmc.lt\/#organization","name":"Vilniaus suaugusi\u0173j\u0173 mokymo centras","alternateName":"VSMC","url":"https:\/\/vsmc.lt\/","logo":{"@type":"ImageObject","inLanguage":"lt-LT","@id":"https:\/\/vsmc.lt\/#\/schema\/logo\/image\/","url":"https:\/\/vsmc.lt\/wp-content\/uploads\/2016\/11\/15\/logo.png","contentUrl":"https:\/\/vsmc.lt\/wp-content\/uploads\/2016\/11\/15\/logo.png","width":96,"height":121,"caption":"Vilniaus suaugusi\u0173j\u0173 mokymo centras"},"image":{"@id":"https:\/\/vsmc.lt\/#\/schema\/logo\/image\/"},"sameAs":["https:\/\/www.facebook.com\/p\/Vilniaus-suaugusij-mokymo-centras-VSMC-gimnazija-100034428106674\/"]}]}},"_links":{"self":[{"href":"https:\/\/vsmc.lt\/index.php?rest_route=\/wp\/v2\/pages\/3549","targetHints":{"allow":["GET"]}}],"collection":[{"href":"https:\/\/vsmc.lt\/index.php?rest_route=\/wp\/v2\/pages"}],"about":[{"href":"https:\/\/vsmc.lt\/index.php?rest_route=\/wp\/v2\/types\/page"}],"author":[{"embeddable":true,"href":"https:\/\/vsmc.lt\/index.php?rest_route=\/wp\/v2\/users\/1"}],"replies":[{"embeddable":true,"href":"https:\/\/vsmc.lt\/index.php?rest_route=%2Fwp%2Fv2%2Fcomments&post=3549"}],"version-history":[{"count":20,"href":"https:\/\/vsmc.lt\/index.php?rest_route=\/wp\/v2\/pages\/3549\/revisions"}],"predecessor-version":[{"id":12269,"href":"https:\/\/vsmc.lt\/index.php?rest_route=\/wp\/v2\/pages\/3549\/revisions\/12269"}],"up":[{"embeddable":true,"href":"https:\/\/vsmc.lt\/index.php?rest_route=\/wp\/v2\/pages\/3551"}],"wp:attachment":[{"href":"https:\/\/vsmc.lt\/index.php?rest_route=%2Fwp%2Fv2%2Fmedia&parent=3549"}],"curies":[{"name":"wp","href":"https:\/\/api.w.org\/{rel}","templated":true}]}}