{"id":3759,"date":"2018-04-10T10:07:03","date_gmt":"2018-04-10T07:07:03","guid":{"rendered":"http:\/\/vsmc.lt\/?page_id=3759"},"modified":"2026-04-09T18:06:29","modified_gmt":"2026-04-09T15:06:29","slug":"pamoku-laikas","status":"publish","type":"page","link":"https:\/\/vsmc.lt\/?page_id=3759","title":{"rendered":"PAMOK\u0172 LAIKAS"},"content":{"rendered":"<p><strong>Pirmadienis \u2013\u00a0 ketvirtadienis<\/strong><\/p>\n<p><strong>Rytin\u0117 pamaina<\/strong><\/p>\n<p><strong>1. 9.00 \u2013 9.45<br \/>\n2. 9.50 \u2013 10.35<br \/>\n3. 10.40 \u2013 11.25<br \/>\n4. 11.30 \u2013 12.15<br \/>\n5. 12.20 \u2013 13.05<br \/>\n6. 13.10 \u2013 13.55<br \/>\n<\/strong><strong>7. 14.00 \u2013 14.45<\/strong><\/p>\n<p><strong>Vakarin\u0117 pamaina<\/strong><\/p>\n<p><strong>0. 15.05 \u2013 15.50<br \/>\n<\/strong><strong>1. 15.55 \u2013 16.40<br \/>\n<\/strong><strong>2. 16.45 \u2013 17.30<br \/>\n<\/strong><strong>3. 17.35 \u2013 18.20<br \/>\n<\/strong><strong>4. 18.25 \u2013 19.10<br \/>\n<\/strong><strong>5. 19.15 \u2013 20.00<br \/>\n<\/strong><strong>6. 20.05 \u2013 20.50<\/strong><\/p>\n<p><strong>Penktadienis<\/strong><\/p>\n<p><strong>1. 9.00 \u2013 9.45<br \/>\n<\/strong><strong>2. 9.50 \u2013 10.35<br \/>\n<\/strong><strong>3. 10.40 \u2013 11.25<br \/>\n<\/strong><strong>4. 11.30 \u2013 12.15<br \/>\n<\/strong><strong>5. 12.20 \u2013 13.05<br \/>\n<\/strong><strong>6. 13.10 \u2013 13.55<br \/>\n<\/strong><strong>7. 14.15 \u2013 15.00<br \/>\n<\/strong><strong>8. 15.05 \u2013 15.50<\/strong><\/p>\n","protected":false},"excerpt":{"rendered":"<p>Pirmadienis \u2013\u00a0 ketvirtadienis Rytin\u0117 pamaina 1. 9.00 \u2013 9.45 2. 9.50 \u2013 10.35 3. 10.40 \u2013 11.25 4. 11.30 \u2013 12.15 5. 12.20 \u2013 13.05 6. 13.10 \u2013 13.55 7. 14.00 \u2013 14.45 Vakarin\u0117 pamaina 0. 15.05 \u2013 15.50 1. 15.55 \u2013 16.40 2. 16.45 \u2013 17.30 3. 17.35 \u2013 18.20 4. 18.25 \u2013 19.10 [&hellip;]<\/p>\n","protected":false},"author":1,"featured_media":0,"parent":809,"menu_order":0,"comment_status":"closed","ping_status":"closed","template":"","meta":{"footnotes":""},"class_list":["post-3759","page","type-page","status-publish","hentry"],"yoast_head":"<!-- This site is optimized with the Yoast SEO plugin v27.5 - https:\/\/yoast.com\/product\/yoast-seo-wordpress\/ -->\n<title>PAMOK\u0172 LAIKAS - Vilniaus suaugusi\u0173j\u0173 mokymo centras<\/title>\n<meta name=\"robots\" content=\"index, follow, max-snippet:-1, max-image-preview:large, max-video-preview:-1\" \/>\n<link rel=\"canonical\" href=\"https:\/\/vsmc.lt\/?page_id=3759\" \/>\n<meta property=\"og:locale\" content=\"lt_LT\" \/>\n<meta property=\"og:type\" content=\"article\" \/>\n<meta property=\"og:title\" content=\"PAMOK\u0172 LAIKAS - Vilniaus suaugusi\u0173j\u0173 mokymo centras\" \/>\n<meta property=\"og:description\" content=\"Pirmadienis \u2013\u00a0 ketvirtadienis Rytin\u0117 pamaina 1. 9.00 \u2013 9.45 2. 9.50 \u2013 10.35 3. 10.40 \u2013 11.25 4. 11.30 \u2013 12.15 5. 12.20 \u2013 13.05 6. 13.10 \u2013 13.55 7. 14.00 \u2013 14.45 Vakarin\u0117 pamaina 0. 15.05 \u2013 15.50 1. 15.55 \u2013 16.40 2. 16.45 \u2013 17.30 3. 17.35 \u2013 18.20 4. 18.25 \u2013 19.10 [&hellip;]\" \/>\n<meta property=\"og:url\" content=\"https:\/\/vsmc.lt\/?page_id=3759\" \/>\n<meta property=\"og:site_name\" content=\"Vilniaus suaugusi\u0173j\u0173 mokymo centras\" \/>\n<meta property=\"article:publisher\" content=\"https:\/\/www.facebook.com\/p\/Vilniaus-suaugusij-mokymo-centras-VSMC-gimnazija-100034428106674\/\" \/>\n<meta property=\"article:modified_time\" content=\"2026-04-09T15:06:29+00:00\" \/>\n<meta property=\"og:image\" content=\"https:\/\/vsmc.lt\/wp-content\/uploads\/2018\/05\/03\/VSMC_PASTATAS_1-1.jpg\" \/>\n\t<meta property=\"og:image:width\" content=\"1500\" \/>\n\t<meta property=\"og:image:height\" content=\"925\" \/>\n\t<meta property=\"og:image:type\" content=\"image\/jpeg\" \/>\n<meta name=\"twitter:card\" content=\"summary_large_image\" \/>\n<meta name=\"twitter:label1\" content=\"Est. reading time\" \/>\n\t<meta name=\"twitter:data1\" content=\"1 minut\u0117\" \/>\n<script type=\"application\/ld+json\" class=\"yoast-schema-graph\">{\"@context\":\"https:\\\/\\\/schema.org\",\"@graph\":[{\"@type\":\"WebPage\",\"@id\":\"https:\\\/\\\/vsmc.lt\\\/?page_id=3759\",\"url\":\"https:\\\/\\\/vsmc.lt\\\/?page_id=3759\",\"name\":\"PAMOK\u0172 LAIKAS - Vilniaus suaugusi\u0173j\u0173 mokymo centras\",\"isPartOf\":{\"@id\":\"https:\\\/\\\/vsmc.lt\\\/#website\"},\"datePublished\":\"2018-04-10T07:07:03+00:00\",\"dateModified\":\"2026-04-09T15:06:29+00:00\",\"breadcrumb\":{\"@id\":\"https:\\\/\\\/vsmc.lt\\\/?page_id=3759#breadcrumb\"},\"inLanguage\":\"lt-LT\",\"potentialAction\":[{\"@type\":\"ReadAction\",\"target\":[\"https:\\\/\\\/vsmc.lt\\\/?page_id=3759\"]}]},{\"@type\":\"BreadcrumbList\",\"@id\":\"https:\\\/\\\/vsmc.lt\\\/?page_id=3759#breadcrumb\",\"itemListElement\":[{\"@type\":\"ListItem\",\"position\":1,\"name\":\"Home\",\"item\":\"https:\\\/\\\/vsmc.lt\\\/\"},{\"@type\":\"ListItem\",\"position\":2,\"name\":\"TVARKARAS\u010cIAI\",\"item\":\"https:\\\/\\\/vsmc.lt\\\/?page_id=809\"},{\"@type\":\"ListItem\",\"position\":3,\"name\":\"PAMOK\u0172 LAIKAS\"}]},{\"@type\":\"WebSite\",\"@id\":\"https:\\\/\\\/vsmc.lt\\\/#website\",\"url\":\"https:\\\/\\\/vsmc.lt\\\/\",\"name\":\"Vilniaus suaugusi\u0173j\u0173 mokymo centras\",\"description\":\"VSMC\",\"publisher\":{\"@id\":\"https:\\\/\\\/vsmc.lt\\\/#organization\"},\"alternateName\":\"VSMC\",\"potentialAction\":[{\"@type\":\"SearchAction\",\"target\":{\"@type\":\"EntryPoint\",\"urlTemplate\":\"https:\\\/\\\/vsmc.lt\\\/?s={search_term_string}\"},\"query-input\":{\"@type\":\"PropertyValueSpecification\",\"valueRequired\":true,\"valueName\":\"search_term_string\"}}],\"inLanguage\":\"lt-LT\"},{\"@type\":\"Organization\",\"@id\":\"https:\\\/\\\/vsmc.lt\\\/#organization\",\"name\":\"Vilniaus suaugusi\u0173j\u0173 mokymo centras\",\"alternateName\":\"VSMC\",\"url\":\"https:\\\/\\\/vsmc.lt\\\/\",\"logo\":{\"@type\":\"ImageObject\",\"inLanguage\":\"lt-LT\",\"@id\":\"https:\\\/\\\/vsmc.lt\\\/#\\\/schema\\\/logo\\\/image\\\/\",\"url\":\"https:\\\/\\\/vsmc.lt\\\/wp-content\\\/uploads\\\/2016\\\/11\\\/15\\\/logo.png\",\"contentUrl\":\"https:\\\/\\\/vsmc.lt\\\/wp-content\\\/uploads\\\/2016\\\/11\\\/15\\\/logo.png\",\"width\":96,\"height\":121,\"caption\":\"Vilniaus suaugusi\u0173j\u0173 mokymo centras\"},\"image\":{\"@id\":\"https:\\\/\\\/vsmc.lt\\\/#\\\/schema\\\/logo\\\/image\\\/\"},\"sameAs\":[\"https:\\\/\\\/www.facebook.com\\\/p\\\/Vilniaus-suaugusij-mokymo-centras-VSMC-gimnazija-100034428106674\\\/\"]}]}<\/script>\n<!-- \/ Yoast SEO plugin. -->","yoast_head_json":{"title":"PAMOK\u0172 LAIKAS - Vilniaus suaugusi\u0173j\u0173 mokymo centras","robots":{"index":"index","follow":"follow","max-snippet":"max-snippet:-1","max-image-preview":"max-image-preview:large","max-video-preview":"max-video-preview:-1"},"canonical":"https:\/\/vsmc.lt\/?page_id=3759","og_locale":"lt_LT","og_type":"article","og_title":"PAMOK\u0172 LAIKAS - Vilniaus suaugusi\u0173j\u0173 mokymo centras","og_description":"Pirmadienis \u2013\u00a0 ketvirtadienis Rytin\u0117 pamaina 1. 9.00 \u2013 9.45 2. 9.50 \u2013 10.35 3. 10.40 \u2013 11.25 4. 11.30 \u2013 12.15 5. 12.20 \u2013 13.05 6. 13.10 \u2013 13.55 7. 14.00 \u2013 14.45 Vakarin\u0117 pamaina 0. 15.05 \u2013 15.50 1. 15.55 \u2013 16.40 2. 16.45 \u2013 17.30 3. 17.35 \u2013 18.20 4. 18.25 \u2013 19.10 [&hellip;]","og_url":"https:\/\/vsmc.lt\/?page_id=3759","og_site_name":"Vilniaus suaugusi\u0173j\u0173 mokymo centras","article_publisher":"https:\/\/www.facebook.com\/p\/Vilniaus-suaugusij-mokymo-centras-VSMC-gimnazija-100034428106674\/","article_modified_time":"2026-04-09T15:06:29+00:00","og_image":[{"width":1500,"height":925,"url":"https:\/\/vsmc.lt\/wp-content\/uploads\/2018\/05\/03\/VSMC_PASTATAS_1-1.jpg","type":"image\/jpeg"}],"twitter_card":"summary_large_image","twitter_misc":{"Est. reading time":"1 minut\u0117"},"schema":{"@context":"https:\/\/schema.org","@graph":[{"@type":"WebPage","@id":"https:\/\/vsmc.lt\/?page_id=3759","url":"https:\/\/vsmc.lt\/?page_id=3759","name":"PAMOK\u0172 LAIKAS - Vilniaus suaugusi\u0173j\u0173 mokymo centras","isPartOf":{"@id":"https:\/\/vsmc.lt\/#website"},"datePublished":"2018-04-10T07:07:03+00:00","dateModified":"2026-04-09T15:06:29+00:00","breadcrumb":{"@id":"https:\/\/vsmc.lt\/?page_id=3759#breadcrumb"},"inLanguage":"lt-LT","potentialAction":[{"@type":"ReadAction","target":["https:\/\/vsmc.lt\/?page_id=3759"]}]},{"@type":"BreadcrumbList","@id":"https:\/\/vsmc.lt\/?page_id=3759#breadcrumb","itemListElement":[{"@type":"ListItem","position":1,"name":"Home","item":"https:\/\/vsmc.lt\/"},{"@type":"ListItem","position":2,"name":"TVARKARAS\u010cIAI","item":"https:\/\/vsmc.lt\/?page_id=809"},{"@type":"ListItem","position":3,"name":"PAMOK\u0172 LAIKAS"}]},{"@type":"WebSite","@id":"https:\/\/vsmc.lt\/#website","url":"https:\/\/vsmc.lt\/","name":"Vilniaus suaugusi\u0173j\u0173 mokymo centras","description":"VSMC","publisher":{"@id":"https:\/\/vsmc.lt\/#organization"},"alternateName":"VSMC","potentialAction":[{"@type":"SearchAction","target":{"@type":"EntryPoint","urlTemplate":"https:\/\/vsmc.lt\/?s={search_term_string}"},"query-input":{"@type":"PropertyValueSpecification","valueRequired":true,"valueName":"search_term_string"}}],"inLanguage":"lt-LT"},{"@type":"Organization","@id":"https:\/\/vsmc.lt\/#organization","name":"Vilniaus suaugusi\u0173j\u0173 mokymo centras","alternateName":"VSMC","url":"https:\/\/vsmc.lt\/","logo":{"@type":"ImageObject","inLanguage":"lt-LT","@id":"https:\/\/vsmc.lt\/#\/schema\/logo\/image\/","url":"https:\/\/vsmc.lt\/wp-content\/uploads\/2016\/11\/15\/logo.png","contentUrl":"https:\/\/vsmc.lt\/wp-content\/uploads\/2016\/11\/15\/logo.png","width":96,"height":121,"caption":"Vilniaus suaugusi\u0173j\u0173 mokymo centras"},"image":{"@id":"https:\/\/vsmc.lt\/#\/schema\/logo\/image\/"},"sameAs":["https:\/\/www.facebook.com\/p\/Vilniaus-suaugusij-mokymo-centras-VSMC-gimnazija-100034428106674\/"]}]}},"_links":{"self":[{"href":"https:\/\/vsmc.lt\/index.php?rest_route=\/wp\/v2\/pages\/3759","targetHints":{"allow":["GET"]}}],"collection":[{"href":"https:\/\/vsmc.lt\/index.php?rest_route=\/wp\/v2\/pages"}],"about":[{"href":"https:\/\/vsmc.lt\/index.php?rest_route=\/wp\/v2\/types\/page"}],"author":[{"embeddable":true,"href":"https:\/\/vsmc.lt\/index.php?rest_route=\/wp\/v2\/users\/1"}],"replies":[{"embeddable":true,"href":"https:\/\/vsmc.lt\/index.php?rest_route=%2Fwp%2Fv2%2Fcomments&post=3759"}],"version-history":[{"count":4,"href":"https:\/\/vsmc.lt\/index.php?rest_route=\/wp\/v2\/pages\/3759\/revisions"}],"predecessor-version":[{"id":12320,"href":"https:\/\/vsmc.lt\/index.php?rest_route=\/wp\/v2\/pages\/3759\/revisions\/12320"}],"up":[{"embeddable":true,"href":"https:\/\/vsmc.lt\/index.php?rest_route=\/wp\/v2\/pages\/809"}],"wp:attachment":[{"href":"https:\/\/vsmc.lt\/index.php?rest_route=%2Fwp%2Fv2%2Fmedia&parent=3759"}],"curies":[{"name":"wp","href":"https:\/\/api.w.org\/{rel}","templated":true}]}}