{"id":6346,"date":"2020-02-11T19:19:20","date_gmt":"2020-02-11T16:19:20","guid":{"rendered":"http:\/\/vsmc.lt\/?page_id=6346"},"modified":"2025-02-03T11:25:22","modified_gmt":"2025-02-03T08:25:22","slug":"zapraszamy-do-szkoly","status":"publish","type":"page","link":"https:\/\/vsmc.lt\/?page_id=6346&lang=pl","title":{"rendered":"Zapraszamy do szko\u0142y!"},"content":{"rendered":"<p><img loading=\"lazy\" decoding=\"async\" src=\"https:\/\/vsmc.lt\/wp-content\/uploads\/2018\/04\/19\/Header_VSMC.png\" alt=\"\" width=\"1020\" height=\"120\" \/><\/p>\n<p><strong>\u00a0<\/strong><\/p>\n<p><strong>Zapraszamy na nauk\u0119 i zapewniamy mo\u017cliwo\u015b\u0107 zdobycia podstawowego oraz \u015bredniego wykszta\u0142cenia lub uczenia si\u0119 poszczeg\u00f3lnych przedmiot\u00f3w w pasuj\u0105cym Wam czasie i dogodnej formie.<\/strong><\/p>\n<p>Wnioski o przyj\u0119cie na nauk\u0119 sk\u0142ada si\u0119 od 1 marca do 31 sierpnia w elektronicznym systemie rejestracji samorz\u0105du miasta Wilna <a href=\"https:\/\/svietimas.vilnius.lt\">https:\/\/svietimas.vilnius.lt<\/a><\/p>\n<p><strong>Link znajdziecie na stronie internetowej VSMC<\/strong> <a href=\"http:\/\/www.vsmc.lt\">http:\/\/www.vsmc.lt<\/a><\/p>\n<ol>\n<li><strong>KSZTA\u0141CENIE DZIENNE<\/strong><\/li>\n<\/ol>\n<p><u>Lekcje odbywaj\u0105 si\u0119 od poniedzia\u0142ku do czwartku, rano lub wieczorem, nauczanie odbywa si\u0119 w j\u0119zyku ojczystym (litewskim, polskim, rosyjskim).<\/u><\/p>\n<p><em>Przyjmujemy tak\u017ce osoby, kt\u00f3re uko\u0144czy\u0142y cz\u0119\u015b\u0107 programu edukacyjnego w szkole podstawowej, \u015bredniej lub program szko<\/em><em>\u0142<\/em><em>y podstawowej za granic\u0105 lub w organizacji mi\u0119dzynarodowej.<\/em><\/p>\n<ol start=\"2\">\n<li><strong>KSZTA\u0141CENIE ZAOCZNE<\/strong><\/li>\n<\/ol>\n<p><u>Nauczanie i konsultacje uczniom odbywaj\u0105 si\u0119 raz w tygodniu (w pi\u0105tki) wed\u0142ug program\u00f3w kszta\u0142cenia podstawowego i \u015bredniego dla doros\u0142ych (wszystkich lub poszczeg\u00f3lnych przedmiot<\/u><u>\u00f3w, a tak\u017ce <\/u><u>ich modu\u0142\u00f3w).<\/u><\/p>\n<p><em>Uczy\u0107 si\u0119 mog\u0105 r\u00f3wnie\u017c osoby, posiadaj\u0105ce wykszta\u0142cenie \u015brednie. Powt<\/em><em>\u00f3rna n<\/em><em>auka poszczeg\u00f3lnych przedmiot\u00f3w zgodnie z programem kszta\u0142cenia na poziomie szko\u0142y \u015bredniej dla doros\u0142ych jest op\u0142acana we w\u0142asnym zakresie.<\/em><\/p>\n<ol start=\"3\">\n<li><strong>KSZTA\u0141CENIE ZDALNE<\/strong><\/li>\n<\/ol>\n<p><u>Osoby, kt\u00f3re nie mog\u0105 uczy\u0107 si\u0119 w trybie dziennym\/zaocznym, maj\u0105 mo\u017cliwo\u015b\u0107 kontynuowania nauki poprzez \u0142\u0105czenie nauczania tradycyjnego i pozaszkolnego na odleg\u0142o\u015b\u0107. <\/u><\/p>\n<p><strong>Sk\u0142adane s\u0105 nast\u0119puj\u0105ce dokumenty:<\/strong><\/p>\n<ol>\n<li>dokument osobisty (w przypadku obcokrajowc\u00f3w \u2013 zezwolenie na pobyt na Litwie);<\/li>\n<li>\u015bwiadectwo szkolne;<\/li>\n<li>dokument zmiany nazwiska i\/lub imienia (w przypadku rozbie\u017cno\u015bci nazwiska i\/lub imienia w \u015bwiadectwie szkolnym);<\/li>\n<li>wniosek.<\/li>\n<\/ol>\n<p><strong>\u00a0<\/strong><\/p>\n<p><strong>Adres:<\/strong>\u00a0 ul. Wykinto 11, LT \u2013 08118 Wilno<\/p>\n<p>Tel. ( +370) 644 50741,\u00a0 (+370) 693 11623<\/p>\n<p>Poczta elektroniczna:\u00a0<a href=\"mailto:rastine@smc.vilnius.lm.lt\">rastine@vsmc.lt<\/a><\/p>\n<p>Strona internetowa: http:\/\/www.vsmc.lt<\/p>\n<p>&nbsp;<\/p>\n","protected":false},"excerpt":{"rendered":"<p>\u00a0 Zapraszamy na nauk\u0119 i zapewniamy mo\u017cliwo\u015b\u0107 zdobycia podstawowego oraz \u015bredniego wykszta\u0142cenia lub uczenia si\u0119 poszczeg\u00f3lnych przedmiot\u00f3w w pasuj\u0105cym Wam czasie i dogodnej formie. Wnioski o przyj\u0119cie na nauk\u0119 sk\u0142ada si\u0119 od 1 marca do 31 sierpnia w elektronicznym systemie rejestracji samorz\u0105du miasta Wilna https:\/\/svietimas.vilnius.lt Link znajdziecie na stronie internetowej VSMC http:\/\/www.vsmc.lt KSZTA\u0141CENIE DZIENNE Lekcje [&hellip;]<\/p>\n","protected":false},"author":1,"featured_media":0,"parent":0,"menu_order":0,"comment_status":"closed","ping_status":"closed","template":"","meta":{"footnotes":""},"class_list":["post-6346","page","type-page","status-publish","hentry"],"yoast_head":"<!-- This site is optimized with the Yoast SEO plugin v27.4 - https:\/\/yoast.com\/product\/yoast-seo-wordpress\/ -->\n<title>Zapraszamy do szko\u0142y! - Vilniaus suaugusi\u0173j\u0173 mokymo centras<\/title>\n<meta name=\"robots\" content=\"index, follow, max-snippet:-1, max-image-preview:large, max-video-preview:-1\" \/>\n<link rel=\"canonical\" href=\"https:\/\/vsmc.lt\/?page_id=6346&lang=pl\" \/>\n<meta property=\"og:locale\" content=\"lt_LT\" \/>\n<meta property=\"og:type\" content=\"article\" \/>\n<meta property=\"og:title\" content=\"Zapraszamy do szko\u0142y! - Vilniaus suaugusi\u0173j\u0173 mokymo centras\" \/>\n<meta property=\"og:description\" content=\"\u00a0 Zapraszamy na nauk\u0119 i zapewniamy mo\u017cliwo\u015b\u0107 zdobycia podstawowego oraz \u015bredniego wykszta\u0142cenia lub uczenia si\u0119 poszczeg\u00f3lnych przedmiot\u00f3w w pasuj\u0105cym Wam czasie i dogodnej formie. Wnioski o przyj\u0119cie na nauk\u0119 sk\u0142ada si\u0119 od 1 marca do 31 sierpnia w elektronicznym systemie rejestracji samorz\u0105du miasta Wilna https:\/\/svietimas.vilnius.lt Link znajdziecie na stronie internetowej VSMC http:\/\/www.vsmc.lt KSZTA\u0141CENIE DZIENNE Lekcje [&hellip;]\" \/>\n<meta property=\"og:url\" content=\"https:\/\/vsmc.lt\/?page_id=6346&amp;lang=pl\" \/>\n<meta property=\"og:site_name\" content=\"Vilniaus suaugusi\u0173j\u0173 mokymo centras\" \/>\n<meta property=\"article:publisher\" content=\"https:\/\/www.facebook.com\/p\/Vilniaus-suaugusij-mokymo-centras-VSMC-gimnazija-100034428106674\/\" \/>\n<meta property=\"article:modified_time\" content=\"2025-02-03T08:25:22+00:00\" \/>\n<meta property=\"og:image\" content=\"http:\/\/vsmc.lt\/wp-content\/uploads\/2018\/04\/19\/Header_VSMC.png\" \/>\n<meta name=\"twitter:card\" content=\"summary_large_image\" \/>\n<meta name=\"twitter:label1\" content=\"Est. reading time\" \/>\n\t<meta name=\"twitter:data1\" content=\"1 minut\u0117\" \/>\n<script type=\"application\/ld+json\" class=\"yoast-schema-graph\">{\"@context\":\"https:\\\/\\\/schema.org\",\"@graph\":[{\"@type\":\"WebPage\",\"@id\":\"https:\\\/\\\/vsmc.lt\\\/?page_id=6346&lang=pl\",\"url\":\"https:\\\/\\\/vsmc.lt\\\/?page_id=6346&lang=pl\",\"name\":\"Zapraszamy do szko\u0142y! - Vilniaus suaugusi\u0173j\u0173 mokymo centras\",\"isPartOf\":{\"@id\":\"https:\\\/\\\/vsmc.lt\\\/#website\"},\"primaryImageOfPage\":{\"@id\":\"https:\\\/\\\/vsmc.lt\\\/?page_id=6346&lang=pl#primaryimage\"},\"image\":{\"@id\":\"https:\\\/\\\/vsmc.lt\\\/?page_id=6346&lang=pl#primaryimage\"},\"thumbnailUrl\":\"http:\\\/\\\/vsmc.lt\\\/wp-content\\\/uploads\\\/2018\\\/04\\\/19\\\/Header_VSMC.png\",\"datePublished\":\"2020-02-11T16:19:20+00:00\",\"dateModified\":\"2025-02-03T08:25:22+00:00\",\"breadcrumb\":{\"@id\":\"https:\\\/\\\/vsmc.lt\\\/?page_id=6346&lang=pl#breadcrumb\"},\"inLanguage\":\"lt-LT\",\"potentialAction\":[{\"@type\":\"ReadAction\",\"target\":[\"https:\\\/\\\/vsmc.lt\\\/?page_id=6346&lang=pl\"]}]},{\"@type\":\"ImageObject\",\"inLanguage\":\"lt-LT\",\"@id\":\"https:\\\/\\\/vsmc.lt\\\/?page_id=6346&lang=pl#primaryimage\",\"url\":\"http:\\\/\\\/vsmc.lt\\\/wp-content\\\/uploads\\\/2018\\\/04\\\/19\\\/Header_VSMC.png\",\"contentUrl\":\"http:\\\/\\\/vsmc.lt\\\/wp-content\\\/uploads\\\/2018\\\/04\\\/19\\\/Header_VSMC.png\"},{\"@type\":\"BreadcrumbList\",\"@id\":\"https:\\\/\\\/vsmc.lt\\\/?page_id=6346&lang=pl#breadcrumb\",\"itemListElement\":[{\"@type\":\"ListItem\",\"position\":1,\"name\":\"Home\",\"item\":\"https:\\\/\\\/vsmc.lt\\\/\"},{\"@type\":\"ListItem\",\"position\":2,\"name\":\"Zapraszamy do szko\u0142y!\"}]},{\"@type\":\"WebSite\",\"@id\":\"https:\\\/\\\/vsmc.lt\\\/#website\",\"url\":\"https:\\\/\\\/vsmc.lt\\\/\",\"name\":\"Vilniaus suaugusi\u0173j\u0173 mokymo centras\",\"description\":\"VSMC\",\"publisher\":{\"@id\":\"https:\\\/\\\/vsmc.lt\\\/#organization\"},\"alternateName\":\"VSMC\",\"potentialAction\":[{\"@type\":\"SearchAction\",\"target\":{\"@type\":\"EntryPoint\",\"urlTemplate\":\"https:\\\/\\\/vsmc.lt\\\/?s={search_term_string}\"},\"query-input\":{\"@type\":\"PropertyValueSpecification\",\"valueRequired\":true,\"valueName\":\"search_term_string\"}}],\"inLanguage\":\"lt-LT\"},{\"@type\":\"Organization\",\"@id\":\"https:\\\/\\\/vsmc.lt\\\/#organization\",\"name\":\"Vilniaus suaugusi\u0173j\u0173 mokymo centras\",\"alternateName\":\"VSMC\",\"url\":\"https:\\\/\\\/vsmc.lt\\\/\",\"logo\":{\"@type\":\"ImageObject\",\"inLanguage\":\"lt-LT\",\"@id\":\"https:\\\/\\\/vsmc.lt\\\/#\\\/schema\\\/logo\\\/image\\\/\",\"url\":\"https:\\\/\\\/vsmc.lt\\\/wp-content\\\/uploads\\\/2016\\\/11\\\/15\\\/logo.png\",\"contentUrl\":\"https:\\\/\\\/vsmc.lt\\\/wp-content\\\/uploads\\\/2016\\\/11\\\/15\\\/logo.png\",\"width\":96,\"height\":121,\"caption\":\"Vilniaus suaugusi\u0173j\u0173 mokymo centras\"},\"image\":{\"@id\":\"https:\\\/\\\/vsmc.lt\\\/#\\\/schema\\\/logo\\\/image\\\/\"},\"sameAs\":[\"https:\\\/\\\/www.facebook.com\\\/p\\\/Vilniaus-suaugusij-mokymo-centras-VSMC-gimnazija-100034428106674\\\/\"]}]}<\/script>\n<!-- \/ Yoast SEO plugin. -->","yoast_head_json":{"title":"Zapraszamy do szko\u0142y! - Vilniaus suaugusi\u0173j\u0173 mokymo centras","robots":{"index":"index","follow":"follow","max-snippet":"max-snippet:-1","max-image-preview":"max-image-preview:large","max-video-preview":"max-video-preview:-1"},"canonical":"https:\/\/vsmc.lt\/?page_id=6346&lang=pl","og_locale":"lt_LT","og_type":"article","og_title":"Zapraszamy do szko\u0142y! - Vilniaus suaugusi\u0173j\u0173 mokymo centras","og_description":"\u00a0 Zapraszamy na nauk\u0119 i zapewniamy mo\u017cliwo\u015b\u0107 zdobycia podstawowego oraz \u015bredniego wykszta\u0142cenia lub uczenia si\u0119 poszczeg\u00f3lnych przedmiot\u00f3w w pasuj\u0105cym Wam czasie i dogodnej formie. Wnioski o przyj\u0119cie na nauk\u0119 sk\u0142ada si\u0119 od 1 marca do 31 sierpnia w elektronicznym systemie rejestracji samorz\u0105du miasta Wilna https:\/\/svietimas.vilnius.lt Link znajdziecie na stronie internetowej VSMC http:\/\/www.vsmc.lt KSZTA\u0141CENIE DZIENNE Lekcje [&hellip;]","og_url":"https:\/\/vsmc.lt\/?page_id=6346&lang=pl","og_site_name":"Vilniaus suaugusi\u0173j\u0173 mokymo centras","article_publisher":"https:\/\/www.facebook.com\/p\/Vilniaus-suaugusij-mokymo-centras-VSMC-gimnazija-100034428106674\/","article_modified_time":"2025-02-03T08:25:22+00:00","og_image":[{"url":"http:\/\/vsmc.lt\/wp-content\/uploads\/2018\/04\/19\/Header_VSMC.png","type":"","width":"","height":""}],"twitter_card":"summary_large_image","twitter_misc":{"Est. reading time":"1 minut\u0117"},"schema":{"@context":"https:\/\/schema.org","@graph":[{"@type":"WebPage","@id":"https:\/\/vsmc.lt\/?page_id=6346&lang=pl","url":"https:\/\/vsmc.lt\/?page_id=6346&lang=pl","name":"Zapraszamy do szko\u0142y! - Vilniaus suaugusi\u0173j\u0173 mokymo centras","isPartOf":{"@id":"https:\/\/vsmc.lt\/#website"},"primaryImageOfPage":{"@id":"https:\/\/vsmc.lt\/?page_id=6346&lang=pl#primaryimage"},"image":{"@id":"https:\/\/vsmc.lt\/?page_id=6346&lang=pl#primaryimage"},"thumbnailUrl":"http:\/\/vsmc.lt\/wp-content\/uploads\/2018\/04\/19\/Header_VSMC.png","datePublished":"2020-02-11T16:19:20+00:00","dateModified":"2025-02-03T08:25:22+00:00","breadcrumb":{"@id":"https:\/\/vsmc.lt\/?page_id=6346&lang=pl#breadcrumb"},"inLanguage":"lt-LT","potentialAction":[{"@type":"ReadAction","target":["https:\/\/vsmc.lt\/?page_id=6346&lang=pl"]}]},{"@type":"ImageObject","inLanguage":"lt-LT","@id":"https:\/\/vsmc.lt\/?page_id=6346&lang=pl#primaryimage","url":"http:\/\/vsmc.lt\/wp-content\/uploads\/2018\/04\/19\/Header_VSMC.png","contentUrl":"http:\/\/vsmc.lt\/wp-content\/uploads\/2018\/04\/19\/Header_VSMC.png"},{"@type":"BreadcrumbList","@id":"https:\/\/vsmc.lt\/?page_id=6346&lang=pl#breadcrumb","itemListElement":[{"@type":"ListItem","position":1,"name":"Home","item":"https:\/\/vsmc.lt\/"},{"@type":"ListItem","position":2,"name":"Zapraszamy do szko\u0142y!"}]},{"@type":"WebSite","@id":"https:\/\/vsmc.lt\/#website","url":"https:\/\/vsmc.lt\/","name":"Vilniaus suaugusi\u0173j\u0173 mokymo centras","description":"VSMC","publisher":{"@id":"https:\/\/vsmc.lt\/#organization"},"alternateName":"VSMC","potentialAction":[{"@type":"SearchAction","target":{"@type":"EntryPoint","urlTemplate":"https:\/\/vsmc.lt\/?s={search_term_string}"},"query-input":{"@type":"PropertyValueSpecification","valueRequired":true,"valueName":"search_term_string"}}],"inLanguage":"lt-LT"},{"@type":"Organization","@id":"https:\/\/vsmc.lt\/#organization","name":"Vilniaus suaugusi\u0173j\u0173 mokymo centras","alternateName":"VSMC","url":"https:\/\/vsmc.lt\/","logo":{"@type":"ImageObject","inLanguage":"lt-LT","@id":"https:\/\/vsmc.lt\/#\/schema\/logo\/image\/","url":"https:\/\/vsmc.lt\/wp-content\/uploads\/2016\/11\/15\/logo.png","contentUrl":"https:\/\/vsmc.lt\/wp-content\/uploads\/2016\/11\/15\/logo.png","width":96,"height":121,"caption":"Vilniaus suaugusi\u0173j\u0173 mokymo centras"},"image":{"@id":"https:\/\/vsmc.lt\/#\/schema\/logo\/image\/"},"sameAs":["https:\/\/www.facebook.com\/p\/Vilniaus-suaugusij-mokymo-centras-VSMC-gimnazija-100034428106674\/"]}]}},"_links":{"self":[{"href":"https:\/\/vsmc.lt\/index.php?rest_route=\/wp\/v2\/pages\/6346","targetHints":{"allow":["GET"]}}],"collection":[{"href":"https:\/\/vsmc.lt\/index.php?rest_route=\/wp\/v2\/pages"}],"about":[{"href":"https:\/\/vsmc.lt\/index.php?rest_route=\/wp\/v2\/types\/page"}],"author":[{"embeddable":true,"href":"https:\/\/vsmc.lt\/index.php?rest_route=\/wp\/v2\/users\/1"}],"replies":[{"embeddable":true,"href":"https:\/\/vsmc.lt\/index.php?rest_route=%2Fwp%2Fv2%2Fcomments&post=6346"}],"version-history":[{"count":11,"href":"https:\/\/vsmc.lt\/index.php?rest_route=\/wp\/v2\/pages\/6346\/revisions"}],"predecessor-version":[{"id":11500,"href":"https:\/\/vsmc.lt\/index.php?rest_route=\/wp\/v2\/pages\/6346\/revisions\/11500"}],"wp:attachment":[{"href":"https:\/\/vsmc.lt\/index.php?rest_route=%2Fwp%2Fv2%2Fmedia&parent=6346"}],"curies":[{"name":"wp","href":"https:\/\/api.w.org\/{rel}","templated":true}]}}