{"id":6405,"date":"2020-03-02T18:57:40","date_gmt":"2020-03-02T15:57:40","guid":{"rendered":"http:\/\/vsmc.lt\/?page_id=6405"},"modified":"2022-04-26T17:30:22","modified_gmt":"2022-04-26T14:30:22","slug":"koronavirusas","status":"publish","type":"page","link":"https:\/\/vsmc.lt\/?page_id=6405","title":{"rendered":"Informacija susijusi su COVID-19"},"content":{"rendered":"\r\n<p><img loading=\"lazy\" decoding=\"async\" class=\"size-full wp-image-8632 aligncenter\" src=\"https:\/\/vsmc.lt\/wp-content\/uploads\/2021\/07\/05\/Ar-jau-skiepijote\u0307s_SM-2.png\" alt=\"\" width=\"1200\" height=\"1200\" srcset=\"https:\/\/vsmc.lt\/wp-content\/uploads\/2021\/07\/05\/Ar-jau-skiepijote\u0307s_SM-2.png 1200w, https:\/\/vsmc.lt\/wp-content\/uploads\/2021\/07\/05\/Ar-jau-skiepijote\u0307s_SM-2-360x360.png 360w, https:\/\/vsmc.lt\/wp-content\/uploads\/2021\/07\/05\/Ar-jau-skiepijote\u0307s_SM-2-720x720.png 720w, https:\/\/vsmc.lt\/wp-content\/uploads\/2021\/07\/05\/Ar-jau-skiepijote\u0307s_SM-2-768x768.png 768w\" sizes=\"auto, (max-width: 1200px) 100vw, 1200px\" \/><\/p>\r\n<p>&nbsp;<\/p>\r\n<p>&nbsp;<\/p>\r\n<p><img loading=\"lazy\" decoding=\"async\" class=\"alignnone size-full wp-image-9570\" src=\"https:\/\/vsmc.lt\/wp-content\/uploads\/2020\/03\/02\/OV-sprendimu-pakeitimas_2.png\" alt=\"\" width=\"1414\" height=\"2000\" srcset=\"https:\/\/vsmc.lt\/wp-content\/uploads\/2020\/03\/02\/OV-sprendimu-pakeitimas_2.png 1414w, https:\/\/vsmc.lt\/wp-content\/uploads\/2020\/03\/02\/OV-sprendimu-pakeitimas_2-255x360.png 255w, https:\/\/vsmc.lt\/wp-content\/uploads\/2020\/03\/02\/OV-sprendimu-pakeitimas_2-509x720.png 509w, https:\/\/vsmc.lt\/wp-content\/uploads\/2020\/03\/02\/OV-sprendimu-pakeitimas_2-768x1086.png 768w, https:\/\/vsmc.lt\/wp-content\/uploads\/2020\/03\/02\/OV-sprendimu-pakeitimas_2-1086x1536.png 1086w\" sizes=\"auto, (max-width: 1414px) 100vw, 1414px\" \/><\/p>\r\n<p><img loading=\"lazy\" decoding=\"async\" class=\"alignnone size-full wp-image-9638\" src=\"https:\/\/vsmc.lt\/wp-content\/uploads\/2020\/03\/02\/De\u0307l-pradinio-pagrindinio-ir-vidurinio-ugdymo-organizavimo-bu\u0304tinu\u0328-sa\u0328lygu\u0328_-3.png\" alt=\"\" width=\"1414\" height=\"2000\" srcset=\"https:\/\/vsmc.lt\/wp-content\/uploads\/2020\/03\/02\/De\u0307l-pradinio-pagrindinio-ir-vidurinio-ugdymo-organizavimo-bu\u0304tinu\u0328-sa\u0328lygu\u0328_-3.png 1414w, https:\/\/vsmc.lt\/wp-content\/uploads\/2020\/03\/02\/De\u0307l-pradinio-pagrindinio-ir-vidurinio-ugdymo-organizavimo-bu\u0304tinu\u0328-sa\u0328lygu\u0328_-3-255x360.png 255w, https:\/\/vsmc.lt\/wp-content\/uploads\/2020\/03\/02\/De\u0307l-pradinio-pagrindinio-ir-vidurinio-ugdymo-organizavimo-bu\u0304tinu\u0328-sa\u0328lygu\u0328_-3-509x720.png 509w, https:\/\/vsmc.lt\/wp-content\/uploads\/2020\/03\/02\/De\u0307l-pradinio-pagrindinio-ir-vidurinio-ugdymo-organizavimo-bu\u0304tinu\u0328-sa\u0328lygu\u0328_-3-768x1086.png 768w, https:\/\/vsmc.lt\/wp-content\/uploads\/2020\/03\/02\/De\u0307l-pradinio-pagrindinio-ir-vidurinio-ugdymo-organizavimo-bu\u0304tinu\u0328-sa\u0328lygu\u0328_-3-1086x1536.png 1086w\" sizes=\"auto, (max-width: 1414px) 100vw, 1414px\" \/><\/p>\r\n<p><a href=\"https:\/\/nvsc.lrv.lt\/lt\/visuomenei\/programele-korona-stop-lt\">Program\u0117l\u0117 KORONA STOP LT<\/a><\/p>\r\n<p>Atsi\u0173sti PDF formatu:\u00a0<a href=\"https:\/\/vsmc.lt\/wp-content\/uploads\/2020\/03\/03\/del-ranku-higienos.pdf\">d\u0117l rank\u0173 higienos rekomendacij\u0173<\/a><\/p>\r\n<p>Atsi\u0173sti PDF formatu:\u00a0<a href=\"https:\/\/vsmc.lt\/wp-content\/uploads\/2020\/03\/03\/KORONOVIRUSAS-ranku-higiena.pdf\">KORONOVIRUSAS rank\u0173 higiena\u00a0<\/a><\/p>\r\n<p>Atsi\u0173sti PDF formatu: <a href=\"https:\/\/vsmc.lt\/wp-content\/uploads\/2020\/03\/03\/DUK-istaigoms.pdf\">DUK istaigoms<\/a><\/p>\r\n<p>Atsi\u0173sti PDF formatu: <a href=\"https:\/\/vsmc.lt\/wp-content\/uploads\/2020\/03\/02\/COVID-19.pdf\">COVID-19<\/a><\/p>\r\n<div data-carousel-extra='{\"blog_id\":1,\"permalink\":\"https:\\\/\\\/vsmc.lt\\\/?page_id=6405\"}' class=\"tiled-gallery type-rectangular\" data-original-width=\"500\"><div class=\"gallery-row\" style=\"width: 495px; height: 873px;\"><div class=\"gallery-group images-1\" style=\"width: 495px; height: 877px;\"><div class=\"tiled-gallery-item tiled-gallery-item-large\"><a href=\"https:\/\/vsmc.lt\/?attachment_id=6632\"><img loading=\"lazy\" decoding=\"async\" data-attachment-id=\"6632\" data-orig-file=\"https:\/\/vsmc.lt\/wp-content\/uploads\/2020\/03\/13\/2020-04-02.png\" data-orig-size=\"576,1024\" data-comments-opened=\"0\" data-image-meta=\"{&quot;aperture&quot;:&quot;0&quot;,&quot;credit&quot;:&quot;&quot;,&quot;camera&quot;:&quot;&quot;,&quot;caption&quot;:&quot;&quot;,&quot;created_timestamp&quot;:&quot;0&quot;,&quot;copyright&quot;:&quot;&quot;,&quot;focal_length&quot;:&quot;0&quot;,&quot;iso&quot;:&quot;0&quot;,&quot;shutter_speed&quot;:&quot;0&quot;,&quot;title&quot;:&quot;&quot;,&quot;orientation&quot;:&quot;0&quot;}\" data-image-title=\"2020-04-02\" data-image-description=\"\" data-medium-file=\"https:\/\/vsmc.lt\/wp-content\/uploads\/2020\/03\/13\/2020-04-02-203x360.png\" data-large-file=\"https:\/\/vsmc.lt\/wp-content\/uploads\/2020\/03\/13\/2020-04-02-405x720.png\" src=\"https:\/\/vsmc.lt\/wp-content\/uploads\/2020\/03\/13\/2020-04-02-491x873.png\" width=\"491\" height=\"873\" align=\"left\" title=\"2020-04-02\" \/><\/a><\/div><\/div><\/div><\/div>\r\n","protected":false},"excerpt":{"rendered":"","protected":false},"author":1,"featured_media":0,"parent":0,"menu_order":0,"comment_status":"closed","ping_status":"closed","template":"","meta":{"footnotes":""},"class_list":["post-6405","page","type-page","status-publish","hentry"],"yoast_head":"<!-- This site is optimized with the Yoast SEO plugin v27.6 - https:\/\/yoast.com\/product\/yoast-seo-wordpress\/ -->\n<title>Informacija susijusi su COVID-19 - Vilniaus suaugusi\u0173j\u0173 mokymo centras<\/title>\n<meta name=\"robots\" content=\"index, follow, max-snippet:-1, max-image-preview:large, max-video-preview:-1\" \/>\n<link rel=\"canonical\" href=\"https:\/\/vsmc.lt\/?page_id=6405\" \/>\n<meta property=\"og:locale\" content=\"lt_LT\" \/>\n<meta property=\"og:type\" content=\"article\" \/>\n<meta property=\"og:title\" content=\"Informacija susijusi su COVID-19 - Vilniaus suaugusi\u0173j\u0173 mokymo centras\" \/>\n<meta property=\"og:url\" content=\"https:\/\/vsmc.lt\/?page_id=6405\" \/>\n<meta property=\"og:site_name\" content=\"Vilniaus suaugusi\u0173j\u0173 mokymo centras\" \/>\n<meta property=\"article:publisher\" content=\"https:\/\/www.facebook.com\/p\/Vilniaus-suaugusij-mokymo-centras-VSMC-gimnazija-100034428106674\/\" \/>\n<meta property=\"article:modified_time\" content=\"2022-04-26T14:30:22+00:00\" \/>\n<meta property=\"og:image\" content=\"https:\/\/vsmc.lt\/wp-content\/uploads\/2020\/03\/13\/2020-04-02-491x873.png\" \/>\n<meta name=\"twitter:card\" content=\"summary_large_image\" \/>\n<script type=\"application\/ld+json\" class=\"yoast-schema-graph\">{\"@context\":\"https:\\\/\\\/schema.org\",\"@graph\":[{\"@type\":\"WebPage\",\"@id\":\"https:\\\/\\\/vsmc.lt\\\/?page_id=6405\",\"url\":\"https:\\\/\\\/vsmc.lt\\\/?page_id=6405\",\"name\":\"Informacija susijusi su COVID-19 - Vilniaus suaugusi\u0173j\u0173 mokymo centras\",\"isPartOf\":{\"@id\":\"https:\\\/\\\/vsmc.lt\\\/#website\"},\"primaryImageOfPage\":{\"@id\":\"https:\\\/\\\/vsmc.lt\\\/?page_id=6405#primaryimage\"},\"image\":{\"@id\":\"https:\\\/\\\/vsmc.lt\\\/?page_id=6405#primaryimage\"},\"thumbnailUrl\":\"https:\\\/\\\/vsmc.lt\\\/wp-content\\\/uploads\\\/2020\\\/03\\\/02\\\/OV-sprendimu-pakeitimas_2.png\",\"datePublished\":\"2020-03-02T15:57:40+00:00\",\"dateModified\":\"2022-04-26T14:30:22+00:00\",\"breadcrumb\":{\"@id\":\"https:\\\/\\\/vsmc.lt\\\/?page_id=6405#breadcrumb\"},\"inLanguage\":\"lt-LT\",\"potentialAction\":[{\"@type\":\"ReadAction\",\"target\":[\"https:\\\/\\\/vsmc.lt\\\/?page_id=6405\"]}]},{\"@type\":\"ImageObject\",\"inLanguage\":\"lt-LT\",\"@id\":\"https:\\\/\\\/vsmc.lt\\\/?page_id=6405#primaryimage\",\"url\":\"https:\\\/\\\/vsmc.lt\\\/wp-content\\\/uploads\\\/2020\\\/03\\\/02\\\/OV-sprendimu-pakeitimas_2.png\",\"contentUrl\":\"https:\\\/\\\/vsmc.lt\\\/wp-content\\\/uploads\\\/2020\\\/03\\\/02\\\/OV-sprendimu-pakeitimas_2.png\",\"width\":1414,\"height\":2000},{\"@type\":\"BreadcrumbList\",\"@id\":\"https:\\\/\\\/vsmc.lt\\\/?page_id=6405#breadcrumb\",\"itemListElement\":[{\"@type\":\"ListItem\",\"position\":1,\"name\":\"Home\",\"item\":\"https:\\\/\\\/vsmc.lt\\\/\"},{\"@type\":\"ListItem\",\"position\":2,\"name\":\"Informacija susijusi su COVID-19\"}]},{\"@type\":\"WebSite\",\"@id\":\"https:\\\/\\\/vsmc.lt\\\/#website\",\"url\":\"https:\\\/\\\/vsmc.lt\\\/\",\"name\":\"Vilniaus suaugusi\u0173j\u0173 mokymo centras\",\"description\":\"VSMC\",\"publisher\":{\"@id\":\"https:\\\/\\\/vsmc.lt\\\/#organization\"},\"alternateName\":\"VSMC\",\"potentialAction\":[{\"@type\":\"SearchAction\",\"target\":{\"@type\":\"EntryPoint\",\"urlTemplate\":\"https:\\\/\\\/vsmc.lt\\\/?s={search_term_string}\"},\"query-input\":{\"@type\":\"PropertyValueSpecification\",\"valueRequired\":true,\"valueName\":\"search_term_string\"}}],\"inLanguage\":\"lt-LT\"},{\"@type\":\"Organization\",\"@id\":\"https:\\\/\\\/vsmc.lt\\\/#organization\",\"name\":\"Vilniaus suaugusi\u0173j\u0173 mokymo centras\",\"alternateName\":\"VSMC\",\"url\":\"https:\\\/\\\/vsmc.lt\\\/\",\"logo\":{\"@type\":\"ImageObject\",\"inLanguage\":\"lt-LT\",\"@id\":\"https:\\\/\\\/vsmc.lt\\\/#\\\/schema\\\/logo\\\/image\\\/\",\"url\":\"https:\\\/\\\/vsmc.lt\\\/wp-content\\\/uploads\\\/2016\\\/11\\\/15\\\/logo.png\",\"contentUrl\":\"https:\\\/\\\/vsmc.lt\\\/wp-content\\\/uploads\\\/2016\\\/11\\\/15\\\/logo.png\",\"width\":96,\"height\":121,\"caption\":\"Vilniaus suaugusi\u0173j\u0173 mokymo centras\"},\"image\":{\"@id\":\"https:\\\/\\\/vsmc.lt\\\/#\\\/schema\\\/logo\\\/image\\\/\"},\"sameAs\":[\"https:\\\/\\\/www.facebook.com\\\/p\\\/Vilniaus-suaugusij-mokymo-centras-VSMC-gimnazija-100034428106674\\\/\"]}]}<\/script>\n<!-- \/ Yoast SEO plugin. -->","yoast_head_json":{"title":"Informacija susijusi su COVID-19 - Vilniaus suaugusi\u0173j\u0173 mokymo centras","robots":{"index":"index","follow":"follow","max-snippet":"max-snippet:-1","max-image-preview":"max-image-preview:large","max-video-preview":"max-video-preview:-1"},"canonical":"https:\/\/vsmc.lt\/?page_id=6405","og_locale":"lt_LT","og_type":"article","og_title":"Informacija susijusi su COVID-19 - Vilniaus suaugusi\u0173j\u0173 mokymo centras","og_url":"https:\/\/vsmc.lt\/?page_id=6405","og_site_name":"Vilniaus suaugusi\u0173j\u0173 mokymo centras","article_publisher":"https:\/\/www.facebook.com\/p\/Vilniaus-suaugusij-mokymo-centras-VSMC-gimnazija-100034428106674\/","article_modified_time":"2022-04-26T14:30:22+00:00","og_image":[{"url":"https:\/\/vsmc.lt\/wp-content\/uploads\/2020\/03\/13\/2020-04-02-491x873.png","type":"","width":"","height":""}],"twitter_card":"summary_large_image","schema":{"@context":"https:\/\/schema.org","@graph":[{"@type":"WebPage","@id":"https:\/\/vsmc.lt\/?page_id=6405","url":"https:\/\/vsmc.lt\/?page_id=6405","name":"Informacija susijusi su COVID-19 - Vilniaus suaugusi\u0173j\u0173 mokymo centras","isPartOf":{"@id":"https:\/\/vsmc.lt\/#website"},"primaryImageOfPage":{"@id":"https:\/\/vsmc.lt\/?page_id=6405#primaryimage"},"image":{"@id":"https:\/\/vsmc.lt\/?page_id=6405#primaryimage"},"thumbnailUrl":"https:\/\/vsmc.lt\/wp-content\/uploads\/2020\/03\/02\/OV-sprendimu-pakeitimas_2.png","datePublished":"2020-03-02T15:57:40+00:00","dateModified":"2022-04-26T14:30:22+00:00","breadcrumb":{"@id":"https:\/\/vsmc.lt\/?page_id=6405#breadcrumb"},"inLanguage":"lt-LT","potentialAction":[{"@type":"ReadAction","target":["https:\/\/vsmc.lt\/?page_id=6405"]}]},{"@type":"ImageObject","inLanguage":"lt-LT","@id":"https:\/\/vsmc.lt\/?page_id=6405#primaryimage","url":"https:\/\/vsmc.lt\/wp-content\/uploads\/2020\/03\/02\/OV-sprendimu-pakeitimas_2.png","contentUrl":"https:\/\/vsmc.lt\/wp-content\/uploads\/2020\/03\/02\/OV-sprendimu-pakeitimas_2.png","width":1414,"height":2000},{"@type":"BreadcrumbList","@id":"https:\/\/vsmc.lt\/?page_id=6405#breadcrumb","itemListElement":[{"@type":"ListItem","position":1,"name":"Home","item":"https:\/\/vsmc.lt\/"},{"@type":"ListItem","position":2,"name":"Informacija susijusi su COVID-19"}]},{"@type":"WebSite","@id":"https:\/\/vsmc.lt\/#website","url":"https:\/\/vsmc.lt\/","name":"Vilniaus suaugusi\u0173j\u0173 mokymo centras","description":"VSMC","publisher":{"@id":"https:\/\/vsmc.lt\/#organization"},"alternateName":"VSMC","potentialAction":[{"@type":"SearchAction","target":{"@type":"EntryPoint","urlTemplate":"https:\/\/vsmc.lt\/?s={search_term_string}"},"query-input":{"@type":"PropertyValueSpecification","valueRequired":true,"valueName":"search_term_string"}}],"inLanguage":"lt-LT"},{"@type":"Organization","@id":"https:\/\/vsmc.lt\/#organization","name":"Vilniaus suaugusi\u0173j\u0173 mokymo centras","alternateName":"VSMC","url":"https:\/\/vsmc.lt\/","logo":{"@type":"ImageObject","inLanguage":"lt-LT","@id":"https:\/\/vsmc.lt\/#\/schema\/logo\/image\/","url":"https:\/\/vsmc.lt\/wp-content\/uploads\/2016\/11\/15\/logo.png","contentUrl":"https:\/\/vsmc.lt\/wp-content\/uploads\/2016\/11\/15\/logo.png","width":96,"height":121,"caption":"Vilniaus suaugusi\u0173j\u0173 mokymo centras"},"image":{"@id":"https:\/\/vsmc.lt\/#\/schema\/logo\/image\/"},"sameAs":["https:\/\/www.facebook.com\/p\/Vilniaus-suaugusij-mokymo-centras-VSMC-gimnazija-100034428106674\/"]}]}},"_links":{"self":[{"href":"https:\/\/vsmc.lt\/index.php?rest_route=\/wp\/v2\/pages\/6405","targetHints":{"allow":["GET"]}}],"collection":[{"href":"https:\/\/vsmc.lt\/index.php?rest_route=\/wp\/v2\/pages"}],"about":[{"href":"https:\/\/vsmc.lt\/index.php?rest_route=\/wp\/v2\/types\/page"}],"author":[{"embeddable":true,"href":"https:\/\/vsmc.lt\/index.php?rest_route=\/wp\/v2\/users\/1"}],"replies":[{"embeddable":true,"href":"https:\/\/vsmc.lt\/index.php?rest_route=%2Fwp%2Fv2%2Fcomments&post=6405"}],"version-history":[{"count":31,"href":"https:\/\/vsmc.lt\/index.php?rest_route=\/wp\/v2\/pages\/6405\/revisions"}],"predecessor-version":[{"id":9639,"href":"https:\/\/vsmc.lt\/index.php?rest_route=\/wp\/v2\/pages\/6405\/revisions\/9639"}],"wp:attachment":[{"href":"https:\/\/vsmc.lt\/index.php?rest_route=%2Fwp%2Fv2%2Fmedia&parent=6405"}],"curies":[{"name":"wp","href":"https:\/\/api.w.org\/{rel}","templated":true}]}}