{"id":7577,"date":"2020-12-08T16:25:09","date_gmt":"2020-12-08T13:25:09","guid":{"rendered":"http:\/\/vsmc.lt\/?page_id=7577"},"modified":"2026-04-09T18:02:23","modified_gmt":"2026-04-09T15:02:23","slug":"informacija-prisijungiant-prie-nuotolinio-mokymo","status":"publish","type":"page","link":"https:\/\/vsmc.lt\/?page_id=7577","title":{"rendered":"Instrukcijos prisijungiant prie MOODLE aplinkos"},"content":{"rendered":"<h1><strong>Kaip prisijungti prie MOODLE aplinkos:<\/strong><\/h1>\n<p>1. VSMC puslapyje susirandame skilt\u012f:<\/p>\n<p><img loading=\"lazy\" decoding=\"async\" class=\"alignnone size-full wp-image-7593\" src=\"https:\/\/vsmc.lt\/wp-content\/uploads\/2020\/12\/08\/Nuotolinis-mokymas-prisijungimo-nuoroda-1.png\" alt=\"\" width=\"329\" height=\"154\" \/><\/p>\n<p>2. Pasirenkame &#8222;<a href=\"https:\/\/vsmc.vma.lm.lt\/login\/index.php\">NUOTOLINIS MOKYMAS<\/a>&#8221;<br \/>\n3. Naujai pakrautame tinklapyje pasirenkame mygtuk\u0105 &#8222;Microsoft&#8221;<\/p>\n<p><img loading=\"lazy\" decoding=\"async\" class=\"alignnone size-full wp-image-7582\" src=\"https:\/\/vsmc.lt\/wp-content\/uploads\/2020\/12\/08\/Nuotolinis-mokymas-prisijungimas-Microsoft.png\" alt=\"\" width=\"431\" height=\"160\" \/><\/p>\n<p>4. Naujame lange \u012fvedame individuali\u0105 &#8222;XXXXXX@emokykla.lt&#8221;* paskyr\u0105.<br \/>\n* kiekvienas mokinys veda individualiai gaut\u0105 i\u0161 aukl\u0117tojos paskyros informacij\u0105.<\/p>\n<p><img loading=\"lazy\" decoding=\"async\" class=\"alignnone size-full wp-image-7583\" src=\"https:\/\/vsmc.lt\/wp-content\/uploads\/2020\/12\/08\/Nuotolinis-mokymas-prisijungimas-Microsoft-login.png\" alt=\"\" width=\"540\" height=\"441\" srcset=\"https:\/\/vsmc.lt\/wp-content\/uploads\/2020\/12\/08\/Nuotolinis-mokymas-prisijungimas-Microsoft-login.png 540w, https:\/\/vsmc.lt\/wp-content\/uploads\/2020\/12\/08\/Nuotolinis-mokymas-prisijungimas-Microsoft-login-441x360.png 441w\" sizes=\"auto, (max-width: 540px) 100vw, 540px\" \/><\/p>\n<p>5. Laikinas slapta\u017eodis yra individualus kiekvienam vartotojui ir gaunamas kartu su paskyros informacija i\u0161 klas\u0117s aukl\u0117tojo.<\/p>\n<p>6. Pirm\u0105 kart\u0105 prisijungiant su laikinu slapta\u017eod\u017eiu prie sistemos automati\u0161kai i\u0161\u0161oks langas laikinam slapta\u017eod\u017eiui pasikeisti, pra\u0161ome tai padaryti ir neu\u017emir\u0161ti naujai \u012fvesto pastovaus slapta\u017eod\u017eio, nes kit\u0105 kart\u0105 prisijungiant reikalaus naujai pastovaus slapta\u017eod\u017eio.<\/p>\n<h1 class=\"title style-scope ytd-video-primary-info-renderer\">Kaip pirm\u0105 kart\u0105 prisijungti prie VSMC Moodle aplinkos:<\/h1>\n<h1 style=\"text-align: center;\"><iframe loading=\"lazy\" src=\"\/\/www.youtube.com\/embed\/1tohKUI2094\" width=\"560\" height=\"314\" allowfullscreen=\"allowfullscreen\"><\/iframe><\/h1>\n<p>Jeigu J\u016bs atlikote anks\u010diau i\u0161vardytus veiksmus ir Jums vis tiek nepavyko prisijungti, kreipkit\u0117s \u012f savo klas\u0117s aukl\u0117toj\u0105 arba informuokite apie savo prisijungimo problemas atsakingus asmenis:<\/p>\n<p>Ri\u010dardas \u017dilinskas \u2013 el. pa\u0161tas rizilin4322@emokykla.lt<br \/>\nOksana Aleknavi\u010dius \u2013 el. pa\u0161tas okalekn3194@emokykla.lt<br \/>\nAna Diadi\u016bra \u2013 el. pa\u0161tas andiadi8702@emokykla.lt<br \/>\nJovita Kavoli\u016bnien\u0117 \u2013 el. pa\u0161tas jokavol4067@emokykla.lt<br \/>\nAna Tym\u010diuk \u2013 el. pa\u0161tas antymci6584@emokykla.lt<\/p>\n<p>Jei laikinai gyvenate u\u017esienyje ir negalite prisijungti, kreipkit\u0117s \u012f IT specialist\u0105:<br \/>\nArt\u016br Kal\u010devskij \u2013 el. pa\u0161tas arkalce6383@emokykla.lt<\/p>\n<h1>Kaip prisijungti su lietuvi\u0161ku VPN adresu<\/h1>\n<p style=\"text-align: center;\"><iframe loading=\"lazy\" src=\"\/\/www.youtube.com\/embed\/VjWz5WdsmzA\" width=\"560\" height=\"314\" allowfullscreen=\"allowfullscreen\"><\/iframe><\/p>\n<h1 style=\"text-align: left;\">Kaip prisijungti prie vaizdo konferencijos moodle aplinkoje:<\/h1>\n<h1 style=\"text-align: center;\"><iframe loading=\"lazy\" src=\"https:\/\/www.youtube.com\/embed\/q6rpEBcgHvA\" width=\"560\" height=\"315\" frameborder=\"0\" allowfullscreen=\"allowfullscreen\"><\/iframe><\/h1>\n<h1 style=\"text-align: left;\"><strong>Kaip prisijungti prie el.dienyno pirm\u0105 kart\u0105:<\/strong><\/h1>\n<h1 style=\"text-align: center;\"><iframe loading=\"lazy\" src=\"https:\/\/www.youtube.com\/embed\/djwcI0QCa7Q\" width=\"560\" height=\"315\" frameborder=\"0\" allowfullscreen=\"allowfullscreen\" data-mce-fragment=\"1\"><\/iframe><\/h1>\n<h1><\/h1>\n","protected":false},"excerpt":{"rendered":"<p>Kaip prisijungti prie MOODLE aplinkos: 1. VSMC puslapyje susirandame skilt\u012f: 2. Pasirenkame &#8222;NUOTOLINIS MOKYMAS&#8221; 3. Naujai pakrautame tinklapyje pasirenkame mygtuk\u0105 &#8222;Microsoft&#8221; 4. Naujame lange \u012fvedame individuali\u0105 &#8222;XXXXXX@emokykla.lt&#8221;* paskyr\u0105. * kiekvienas mokinys veda individualiai gaut\u0105 i\u0161 aukl\u0117tojos paskyros informacij\u0105. 5. Laikinas slapta\u017eodis yra individualus kiekvienam vartotojui ir gaunamas kartu su paskyros informacija i\u0161 klas\u0117s aukl\u0117tojo. 6. [&hellip;]<\/p>\n","protected":false},"author":1,"featured_media":0,"parent":0,"menu_order":0,"comment_status":"closed","ping_status":"closed","template":"","meta":{"footnotes":""},"class_list":["post-7577","page","type-page","status-publish","hentry"],"yoast_head":"<!-- This site is optimized with the Yoast SEO plugin v27.3 - https:\/\/yoast.com\/product\/yoast-seo-wordpress\/ -->\n<title>Instrukcijos prisijungiant prie MOODLE aplinkos - Vilniaus suaugusi\u0173j\u0173 mokymo centras<\/title>\n<meta name=\"robots\" content=\"index, follow, max-snippet:-1, max-image-preview:large, max-video-preview:-1\" \/>\n<link rel=\"canonical\" href=\"https:\/\/vsmc.lt\/?page_id=7577\" \/>\n<meta property=\"og:locale\" content=\"lt_LT\" \/>\n<meta property=\"og:type\" content=\"article\" \/>\n<meta property=\"og:title\" content=\"Instrukcijos prisijungiant prie MOODLE aplinkos - Vilniaus suaugusi\u0173j\u0173 mokymo centras\" \/>\n<meta property=\"og:description\" content=\"Kaip prisijungti prie MOODLE aplinkos: 1. VSMC puslapyje susirandame skilt\u012f: 2. Pasirenkame &#8222;NUOTOLINIS MOKYMAS&#8221; 3. Naujai pakrautame tinklapyje pasirenkame mygtuk\u0105 &#8222;Microsoft&#8221; 4. Naujame lange \u012fvedame individuali\u0105 &#8222;XXXXXX@emokykla.lt&#8221;* paskyr\u0105. * kiekvienas mokinys veda individualiai gaut\u0105 i\u0161 aukl\u0117tojos paskyros informacij\u0105. 5. Laikinas slapta\u017eodis yra individualus kiekvienam vartotojui ir gaunamas kartu su paskyros informacija i\u0161 klas\u0117s aukl\u0117tojo. 6. [&hellip;]\" \/>\n<meta property=\"og:url\" content=\"https:\/\/vsmc.lt\/?page_id=7577\" \/>\n<meta property=\"og:site_name\" content=\"Vilniaus suaugusi\u0173j\u0173 mokymo centras\" \/>\n<meta property=\"article:publisher\" content=\"https:\/\/www.facebook.com\/p\/Vilniaus-suaugusij-mokymo-centras-VSMC-gimnazija-100034428106674\/\" \/>\n<meta property=\"article:modified_time\" content=\"2026-04-09T15:02:23+00:00\" \/>\n<meta property=\"og:image\" content=\"http:\/\/vsmc.lt\/wp-content\/uploads\/2020\/12\/08\/Nuotolinis-mokymas-prisijungimo-nuoroda-1.png\" \/>\n<meta name=\"twitter:card\" content=\"summary_large_image\" \/>\n<meta name=\"twitter:label1\" content=\"Est. reading time\" \/>\n\t<meta name=\"twitter:data1\" content=\"2 minut\u0117s\" \/>\n<script type=\"application\/ld+json\" class=\"yoast-schema-graph\">{\"@context\":\"https:\\\/\\\/schema.org\",\"@graph\":[{\"@type\":\"WebPage\",\"@id\":\"https:\\\/\\\/vsmc.lt\\\/?page_id=7577\",\"url\":\"https:\\\/\\\/vsmc.lt\\\/?page_id=7577\",\"name\":\"Instrukcijos prisijungiant prie MOODLE aplinkos - Vilniaus suaugusi\u0173j\u0173 mokymo centras\",\"isPartOf\":{\"@id\":\"https:\\\/\\\/vsmc.lt\\\/#website\"},\"primaryImageOfPage\":{\"@id\":\"https:\\\/\\\/vsmc.lt\\\/?page_id=7577#primaryimage\"},\"image\":{\"@id\":\"https:\\\/\\\/vsmc.lt\\\/?page_id=7577#primaryimage\"},\"thumbnailUrl\":\"http:\\\/\\\/vsmc.lt\\\/wp-content\\\/uploads\\\/2020\\\/12\\\/08\\\/Nuotolinis-mokymas-prisijungimo-nuoroda-1.png\",\"datePublished\":\"2020-12-08T13:25:09+00:00\",\"dateModified\":\"2026-04-09T15:02:23+00:00\",\"breadcrumb\":{\"@id\":\"https:\\\/\\\/vsmc.lt\\\/?page_id=7577#breadcrumb\"},\"inLanguage\":\"lt-LT\",\"potentialAction\":[{\"@type\":\"ReadAction\",\"target\":[\"https:\\\/\\\/vsmc.lt\\\/?page_id=7577\"]}]},{\"@type\":\"ImageObject\",\"inLanguage\":\"lt-LT\",\"@id\":\"https:\\\/\\\/vsmc.lt\\\/?page_id=7577#primaryimage\",\"url\":\"http:\\\/\\\/vsmc.lt\\\/wp-content\\\/uploads\\\/2020\\\/12\\\/08\\\/Nuotolinis-mokymas-prisijungimo-nuoroda-1.png\",\"contentUrl\":\"http:\\\/\\\/vsmc.lt\\\/wp-content\\\/uploads\\\/2020\\\/12\\\/08\\\/Nuotolinis-mokymas-prisijungimo-nuoroda-1.png\"},{\"@type\":\"BreadcrumbList\",\"@id\":\"https:\\\/\\\/vsmc.lt\\\/?page_id=7577#breadcrumb\",\"itemListElement\":[{\"@type\":\"ListItem\",\"position\":1,\"name\":\"Home\",\"item\":\"https:\\\/\\\/vsmc.lt\\\/\"},{\"@type\":\"ListItem\",\"position\":2,\"name\":\"Instrukcijos prisijungiant prie MOODLE aplinkos\"}]},{\"@type\":\"WebSite\",\"@id\":\"https:\\\/\\\/vsmc.lt\\\/#website\",\"url\":\"https:\\\/\\\/vsmc.lt\\\/\",\"name\":\"Vilniaus suaugusi\u0173j\u0173 mokymo centras\",\"description\":\"VSMC\",\"publisher\":{\"@id\":\"https:\\\/\\\/vsmc.lt\\\/#organization\"},\"alternateName\":\"VSMC\",\"potentialAction\":[{\"@type\":\"SearchAction\",\"target\":{\"@type\":\"EntryPoint\",\"urlTemplate\":\"https:\\\/\\\/vsmc.lt\\\/?s={search_term_string}\"},\"query-input\":{\"@type\":\"PropertyValueSpecification\",\"valueRequired\":true,\"valueName\":\"search_term_string\"}}],\"inLanguage\":\"lt-LT\"},{\"@type\":\"Organization\",\"@id\":\"https:\\\/\\\/vsmc.lt\\\/#organization\",\"name\":\"Vilniaus suaugusi\u0173j\u0173 mokymo centras\",\"alternateName\":\"VSMC\",\"url\":\"https:\\\/\\\/vsmc.lt\\\/\",\"logo\":{\"@type\":\"ImageObject\",\"inLanguage\":\"lt-LT\",\"@id\":\"https:\\\/\\\/vsmc.lt\\\/#\\\/schema\\\/logo\\\/image\\\/\",\"url\":\"https:\\\/\\\/vsmc.lt\\\/wp-content\\\/uploads\\\/2016\\\/11\\\/15\\\/logo.png\",\"contentUrl\":\"https:\\\/\\\/vsmc.lt\\\/wp-content\\\/uploads\\\/2016\\\/11\\\/15\\\/logo.png\",\"width\":96,\"height\":121,\"caption\":\"Vilniaus suaugusi\u0173j\u0173 mokymo centras\"},\"image\":{\"@id\":\"https:\\\/\\\/vsmc.lt\\\/#\\\/schema\\\/logo\\\/image\\\/\"},\"sameAs\":[\"https:\\\/\\\/www.facebook.com\\\/p\\\/Vilniaus-suaugusij-mokymo-centras-VSMC-gimnazija-100034428106674\\\/\"]}]}<\/script>\n<!-- \/ Yoast SEO plugin. -->","yoast_head_json":{"title":"Instrukcijos prisijungiant prie MOODLE aplinkos - Vilniaus suaugusi\u0173j\u0173 mokymo centras","robots":{"index":"index","follow":"follow","max-snippet":"max-snippet:-1","max-image-preview":"max-image-preview:large","max-video-preview":"max-video-preview:-1"},"canonical":"https:\/\/vsmc.lt\/?page_id=7577","og_locale":"lt_LT","og_type":"article","og_title":"Instrukcijos prisijungiant prie MOODLE aplinkos - Vilniaus suaugusi\u0173j\u0173 mokymo centras","og_description":"Kaip prisijungti prie MOODLE aplinkos: 1. VSMC puslapyje susirandame skilt\u012f: 2. Pasirenkame &#8222;NUOTOLINIS MOKYMAS&#8221; 3. Naujai pakrautame tinklapyje pasirenkame mygtuk\u0105 &#8222;Microsoft&#8221; 4. Naujame lange \u012fvedame individuali\u0105 &#8222;XXXXXX@emokykla.lt&#8221;* paskyr\u0105. * kiekvienas mokinys veda individualiai gaut\u0105 i\u0161 aukl\u0117tojos paskyros informacij\u0105. 5. Laikinas slapta\u017eodis yra individualus kiekvienam vartotojui ir gaunamas kartu su paskyros informacija i\u0161 klas\u0117s aukl\u0117tojo. 6. [&hellip;]","og_url":"https:\/\/vsmc.lt\/?page_id=7577","og_site_name":"Vilniaus suaugusi\u0173j\u0173 mokymo centras","article_publisher":"https:\/\/www.facebook.com\/p\/Vilniaus-suaugusij-mokymo-centras-VSMC-gimnazija-100034428106674\/","article_modified_time":"2026-04-09T15:02:23+00:00","og_image":[{"url":"http:\/\/vsmc.lt\/wp-content\/uploads\/2020\/12\/08\/Nuotolinis-mokymas-prisijungimo-nuoroda-1.png","type":"","width":"","height":""}],"twitter_card":"summary_large_image","twitter_misc":{"Est. reading time":"2 minut\u0117s"},"schema":{"@context":"https:\/\/schema.org","@graph":[{"@type":"WebPage","@id":"https:\/\/vsmc.lt\/?page_id=7577","url":"https:\/\/vsmc.lt\/?page_id=7577","name":"Instrukcijos prisijungiant prie MOODLE aplinkos - Vilniaus suaugusi\u0173j\u0173 mokymo centras","isPartOf":{"@id":"https:\/\/vsmc.lt\/#website"},"primaryImageOfPage":{"@id":"https:\/\/vsmc.lt\/?page_id=7577#primaryimage"},"image":{"@id":"https:\/\/vsmc.lt\/?page_id=7577#primaryimage"},"thumbnailUrl":"http:\/\/vsmc.lt\/wp-content\/uploads\/2020\/12\/08\/Nuotolinis-mokymas-prisijungimo-nuoroda-1.png","datePublished":"2020-12-08T13:25:09+00:00","dateModified":"2026-04-09T15:02:23+00:00","breadcrumb":{"@id":"https:\/\/vsmc.lt\/?page_id=7577#breadcrumb"},"inLanguage":"lt-LT","potentialAction":[{"@type":"ReadAction","target":["https:\/\/vsmc.lt\/?page_id=7577"]}]},{"@type":"ImageObject","inLanguage":"lt-LT","@id":"https:\/\/vsmc.lt\/?page_id=7577#primaryimage","url":"http:\/\/vsmc.lt\/wp-content\/uploads\/2020\/12\/08\/Nuotolinis-mokymas-prisijungimo-nuoroda-1.png","contentUrl":"http:\/\/vsmc.lt\/wp-content\/uploads\/2020\/12\/08\/Nuotolinis-mokymas-prisijungimo-nuoroda-1.png"},{"@type":"BreadcrumbList","@id":"https:\/\/vsmc.lt\/?page_id=7577#breadcrumb","itemListElement":[{"@type":"ListItem","position":1,"name":"Home","item":"https:\/\/vsmc.lt\/"},{"@type":"ListItem","position":2,"name":"Instrukcijos prisijungiant prie MOODLE aplinkos"}]},{"@type":"WebSite","@id":"https:\/\/vsmc.lt\/#website","url":"https:\/\/vsmc.lt\/","name":"Vilniaus suaugusi\u0173j\u0173 mokymo centras","description":"VSMC","publisher":{"@id":"https:\/\/vsmc.lt\/#organization"},"alternateName":"VSMC","potentialAction":[{"@type":"SearchAction","target":{"@type":"EntryPoint","urlTemplate":"https:\/\/vsmc.lt\/?s={search_term_string}"},"query-input":{"@type":"PropertyValueSpecification","valueRequired":true,"valueName":"search_term_string"}}],"inLanguage":"lt-LT"},{"@type":"Organization","@id":"https:\/\/vsmc.lt\/#organization","name":"Vilniaus suaugusi\u0173j\u0173 mokymo centras","alternateName":"VSMC","url":"https:\/\/vsmc.lt\/","logo":{"@type":"ImageObject","inLanguage":"lt-LT","@id":"https:\/\/vsmc.lt\/#\/schema\/logo\/image\/","url":"https:\/\/vsmc.lt\/wp-content\/uploads\/2016\/11\/15\/logo.png","contentUrl":"https:\/\/vsmc.lt\/wp-content\/uploads\/2016\/11\/15\/logo.png","width":96,"height":121,"caption":"Vilniaus suaugusi\u0173j\u0173 mokymo centras"},"image":{"@id":"https:\/\/vsmc.lt\/#\/schema\/logo\/image\/"},"sameAs":["https:\/\/www.facebook.com\/p\/Vilniaus-suaugusij-mokymo-centras-VSMC-gimnazija-100034428106674\/"]}]}},"_links":{"self":[{"href":"https:\/\/vsmc.lt\/index.php?rest_route=\/wp\/v2\/pages\/7577","targetHints":{"allow":["GET"]}}],"collection":[{"href":"https:\/\/vsmc.lt\/index.php?rest_route=\/wp\/v2\/pages"}],"about":[{"href":"https:\/\/vsmc.lt\/index.php?rest_route=\/wp\/v2\/types\/page"}],"author":[{"embeddable":true,"href":"https:\/\/vsmc.lt\/index.php?rest_route=\/wp\/v2\/users\/1"}],"replies":[{"embeddable":true,"href":"https:\/\/vsmc.lt\/index.php?rest_route=%2Fwp%2Fv2%2Fcomments&post=7577"}],"version-history":[{"count":22,"href":"https:\/\/vsmc.lt\/index.php?rest_route=\/wp\/v2\/pages\/7577\/revisions"}],"predecessor-version":[{"id":12317,"href":"https:\/\/vsmc.lt\/index.php?rest_route=\/wp\/v2\/pages\/7577\/revisions\/12317"}],"wp:attachment":[{"href":"https:\/\/vsmc.lt\/index.php?rest_route=%2Fwp%2Fv2%2Fmedia&parent=7577"}],"curies":[{"name":"wp","href":"https:\/\/api.w.org\/{rel}","templated":true}]}}