{"id":809,"date":"2015-03-12T15:42:22","date_gmt":"2015-03-12T12:42:22","guid":{"rendered":"http:\/\/vsmc.lt\/?page_id=809"},"modified":"2025-10-29T11:38:42","modified_gmt":"2025-10-29T08:38:42","slug":"tvarkarasciai","status":"publish","type":"page","link":"https:\/\/vsmc.lt\/?page_id=809","title":{"rendered":"TVARKARAS\u010cIAI"},"content":{"rendered":"\r\n\r\n\r\n<p class=\"is-layout-flow wp-block-group-is-layout-flow\"><a href=\"https:\/\/vsmc.lt\/wp-content\/uploads\/2015\/03\/12\/2025-2026-m.m.-savaiciu-datos.docx\">2025-2026 m.m. savai\u010di\u0173 datos<\/a><\/p>\r\n<p><a href=\"https:\/\/vsmc.lt\/wp-content\/uploads\/2015\/03\/12\/2025-2026-m.m.-IV-G-neakivaizdines-klases-grupiniu-konsultaciju-tvarkarastis.docx\">2025-2026 m.m. IV G neakivaizdin\u0117s klas\u0117s grupini\u0173 konsultacij\u0173 tvarkara\u0161tis<\/a><\/p>\r\n<p><a href=\"https:\/\/vsmc.lt\/wp-content\/uploads\/2015\/03\/12\/2025-2026-m.m.-kasdieniu-klasiu-konsultaciju-tvarkarastis.docx\">2025-2026 m.m. kasdieniu klasi\u0173 konsultacij\u0173 tvarkara\u0161tis<\/a><\/p>\r\n<p><a href=\"https:\/\/vsmc.lt\/wp-content\/uploads\/2015\/03\/12\/2025-2026-m.m.-kasdieniu-klasiu-pamoku-ir-IV-G-III-H-III-I-neakivaizdines-klasiu-konsultaciju-tvarkarastis-1.xlsx\">2025-2026 m.m. kasdieni\u0173 klasi\u0173 pamok\u0173 ir IV G, III H, III I neakivaizdin\u0117s klasi\u0173 konsultacij\u0173 tvarkara\u0161tis<\/a><\/p>\r\n<p>&nbsp;<\/p>\r\n<p>&nbsp;<\/p>\r\n<p>&nbsp;<\/p>\r\n<div class=\"wp-block-group\">\r\n<div class=\"wp-block-group__inner-container\">\r\n<p>&nbsp;<\/p>\r\n<hr \/>\r\n<p>&nbsp;<\/p>\r\n<\/div>\r\n<\/div>\r\n\r\n\r\n\r\n<p>&nbsp;<\/p>\r\n<p>&nbsp;<\/p>\r\n<p>&nbsp;<\/p>\r\n<p>&nbsp;<\/p>\r\n<p>&nbsp;<\/p>","protected":false},"excerpt":{"rendered":"<p>2025-2026 m.m. savai\u010di\u0173 datos 2025-2026 m.m. IV G neakivaizdin\u0117s klas\u0117s grupini\u0173 konsultacij\u0173 tvarkara\u0161tis 2025-2026 m.m. kasdieniu klasi\u0173 konsultacij\u0173 tvarkara\u0161tis 2025-2026 m.m. kasdieni\u0173 klasi\u0173 pamok\u0173 ir IV G, III H, III I neakivaizdin\u0117s klasi\u0173 konsultacij\u0173 tvarkara\u0161tis &nbsp; &nbsp; &nbsp; &nbsp; &nbsp; &nbsp; &nbsp; &nbsp; &nbsp; &nbsp;<\/p>\n","protected":false},"author":1,"featured_media":0,"parent":0,"menu_order":0,"comment_status":"closed","ping_status":"closed","template":"","meta":{"footnotes":""},"class_list":["post-809","page","type-page","status-publish","hentry"],"yoast_head":"<!-- This site is optimized with the Yoast SEO plugin v27.3 - https:\/\/yoast.com\/product\/yoast-seo-wordpress\/ -->\n<title>TVARKARAS\u010cIAI - Vilniaus suaugusi\u0173j\u0173 mokymo centras<\/title>\n<meta name=\"robots\" content=\"index, follow, max-snippet:-1, max-image-preview:large, max-video-preview:-1\" \/>\n<link rel=\"canonical\" href=\"https:\/\/vsmc.lt\/?page_id=809\" \/>\n<meta property=\"og:locale\" content=\"lt_LT\" \/>\n<meta property=\"og:type\" content=\"article\" \/>\n<meta property=\"og:title\" content=\"TVARKARAS\u010cIAI - Vilniaus suaugusi\u0173j\u0173 mokymo centras\" \/>\n<meta property=\"og:description\" content=\"2025-2026 m.m. savai\u010di\u0173 datos 2025-2026 m.m. IV G neakivaizdin\u0117s klas\u0117s grupini\u0173 konsultacij\u0173 tvarkara\u0161tis 2025-2026 m.m. kasdieniu klasi\u0173 konsultacij\u0173 tvarkara\u0161tis 2025-2026 m.m. kasdieni\u0173 klasi\u0173 pamok\u0173 ir IV G, III H, III I neakivaizdin\u0117s klasi\u0173 konsultacij\u0173 tvarkara\u0161tis &nbsp; &nbsp; &nbsp; &nbsp; &nbsp; &nbsp; &nbsp; &nbsp; &nbsp; &nbsp;\" \/>\n<meta property=\"og:url\" content=\"https:\/\/vsmc.lt\/?page_id=809\" \/>\n<meta property=\"og:site_name\" content=\"Vilniaus suaugusi\u0173j\u0173 mokymo centras\" \/>\n<meta property=\"article:publisher\" content=\"https:\/\/www.facebook.com\/p\/Vilniaus-suaugusij-mokymo-centras-VSMC-gimnazija-100034428106674\/\" \/>\n<meta property=\"article:modified_time\" content=\"2025-10-29T08:38:42+00:00\" \/>\n<meta property=\"og:image\" content=\"https:\/\/vsmc.lt\/wp-content\/uploads\/2018\/05\/03\/VSMC_PASTATAS_1-1.jpg\" \/>\n\t<meta property=\"og:image:width\" content=\"1500\" \/>\n\t<meta property=\"og:image:height\" content=\"925\" \/>\n\t<meta property=\"og:image:type\" content=\"image\/jpeg\" \/>\n<meta name=\"twitter:card\" content=\"summary_large_image\" \/>\n<meta name=\"twitter:label1\" content=\"Est. reading time\" \/>\n\t<meta name=\"twitter:data1\" content=\"1 minut\u0117\" \/>\n<script type=\"application\/ld+json\" class=\"yoast-schema-graph\">{\"@context\":\"https:\\\/\\\/schema.org\",\"@graph\":[{\"@type\":\"WebPage\",\"@id\":\"https:\\\/\\\/vsmc.lt\\\/?page_id=809\",\"url\":\"https:\\\/\\\/vsmc.lt\\\/?page_id=809\",\"name\":\"TVARKARAS\u010cIAI - Vilniaus suaugusi\u0173j\u0173 mokymo centras\",\"isPartOf\":{\"@id\":\"https:\\\/\\\/vsmc.lt\\\/#website\"},\"datePublished\":\"2015-03-12T12:42:22+00:00\",\"dateModified\":\"2025-10-29T08:38:42+00:00\",\"breadcrumb\":{\"@id\":\"https:\\\/\\\/vsmc.lt\\\/?page_id=809#breadcrumb\"},\"inLanguage\":\"lt-LT\",\"potentialAction\":[{\"@type\":\"ReadAction\",\"target\":[\"https:\\\/\\\/vsmc.lt\\\/?page_id=809\"]}]},{\"@type\":\"BreadcrumbList\",\"@id\":\"https:\\\/\\\/vsmc.lt\\\/?page_id=809#breadcrumb\",\"itemListElement\":[{\"@type\":\"ListItem\",\"position\":1,\"name\":\"Home\",\"item\":\"https:\\\/\\\/vsmc.lt\\\/\"},{\"@type\":\"ListItem\",\"position\":2,\"name\":\"TVARKARAS\u010cIAI\"}]},{\"@type\":\"WebSite\",\"@id\":\"https:\\\/\\\/vsmc.lt\\\/#website\",\"url\":\"https:\\\/\\\/vsmc.lt\\\/\",\"name\":\"Vilniaus suaugusi\u0173j\u0173 mokymo centras\",\"description\":\"VSMC\",\"publisher\":{\"@id\":\"https:\\\/\\\/vsmc.lt\\\/#organization\"},\"alternateName\":\"VSMC\",\"potentialAction\":[{\"@type\":\"SearchAction\",\"target\":{\"@type\":\"EntryPoint\",\"urlTemplate\":\"https:\\\/\\\/vsmc.lt\\\/?s={search_term_string}\"},\"query-input\":{\"@type\":\"PropertyValueSpecification\",\"valueRequired\":true,\"valueName\":\"search_term_string\"}}],\"inLanguage\":\"lt-LT\"},{\"@type\":\"Organization\",\"@id\":\"https:\\\/\\\/vsmc.lt\\\/#organization\",\"name\":\"Vilniaus suaugusi\u0173j\u0173 mokymo centras\",\"alternateName\":\"VSMC\",\"url\":\"https:\\\/\\\/vsmc.lt\\\/\",\"logo\":{\"@type\":\"ImageObject\",\"inLanguage\":\"lt-LT\",\"@id\":\"https:\\\/\\\/vsmc.lt\\\/#\\\/schema\\\/logo\\\/image\\\/\",\"url\":\"https:\\\/\\\/vsmc.lt\\\/wp-content\\\/uploads\\\/2016\\\/11\\\/15\\\/logo.png\",\"contentUrl\":\"https:\\\/\\\/vsmc.lt\\\/wp-content\\\/uploads\\\/2016\\\/11\\\/15\\\/logo.png\",\"width\":96,\"height\":121,\"caption\":\"Vilniaus suaugusi\u0173j\u0173 mokymo centras\"},\"image\":{\"@id\":\"https:\\\/\\\/vsmc.lt\\\/#\\\/schema\\\/logo\\\/image\\\/\"},\"sameAs\":[\"https:\\\/\\\/www.facebook.com\\\/p\\\/Vilniaus-suaugusij-mokymo-centras-VSMC-gimnazija-100034428106674\\\/\"]}]}<\/script>\n<!-- \/ Yoast SEO plugin. -->","yoast_head_json":{"title":"TVARKARAS\u010cIAI - Vilniaus suaugusi\u0173j\u0173 mokymo centras","robots":{"index":"index","follow":"follow","max-snippet":"max-snippet:-1","max-image-preview":"max-image-preview:large","max-video-preview":"max-video-preview:-1"},"canonical":"https:\/\/vsmc.lt\/?page_id=809","og_locale":"lt_LT","og_type":"article","og_title":"TVARKARAS\u010cIAI - Vilniaus suaugusi\u0173j\u0173 mokymo centras","og_description":"2025-2026 m.m. savai\u010di\u0173 datos 2025-2026 m.m. IV G neakivaizdin\u0117s klas\u0117s grupini\u0173 konsultacij\u0173 tvarkara\u0161tis 2025-2026 m.m. kasdieniu klasi\u0173 konsultacij\u0173 tvarkara\u0161tis 2025-2026 m.m. kasdieni\u0173 klasi\u0173 pamok\u0173 ir IV G, III H, III I neakivaizdin\u0117s klasi\u0173 konsultacij\u0173 tvarkara\u0161tis &nbsp; &nbsp; &nbsp; &nbsp; &nbsp; &nbsp; &nbsp; &nbsp; &nbsp; &nbsp;","og_url":"https:\/\/vsmc.lt\/?page_id=809","og_site_name":"Vilniaus suaugusi\u0173j\u0173 mokymo centras","article_publisher":"https:\/\/www.facebook.com\/p\/Vilniaus-suaugusij-mokymo-centras-VSMC-gimnazija-100034428106674\/","article_modified_time":"2025-10-29T08:38:42+00:00","og_image":[{"width":1500,"height":925,"url":"https:\/\/vsmc.lt\/wp-content\/uploads\/2018\/05\/03\/VSMC_PASTATAS_1-1.jpg","type":"image\/jpeg"}],"twitter_card":"summary_large_image","twitter_misc":{"Est. reading time":"1 minut\u0117"},"schema":{"@context":"https:\/\/schema.org","@graph":[{"@type":"WebPage","@id":"https:\/\/vsmc.lt\/?page_id=809","url":"https:\/\/vsmc.lt\/?page_id=809","name":"TVARKARAS\u010cIAI - Vilniaus suaugusi\u0173j\u0173 mokymo centras","isPartOf":{"@id":"https:\/\/vsmc.lt\/#website"},"datePublished":"2015-03-12T12:42:22+00:00","dateModified":"2025-10-29T08:38:42+00:00","breadcrumb":{"@id":"https:\/\/vsmc.lt\/?page_id=809#breadcrumb"},"inLanguage":"lt-LT","potentialAction":[{"@type":"ReadAction","target":["https:\/\/vsmc.lt\/?page_id=809"]}]},{"@type":"BreadcrumbList","@id":"https:\/\/vsmc.lt\/?page_id=809#breadcrumb","itemListElement":[{"@type":"ListItem","position":1,"name":"Home","item":"https:\/\/vsmc.lt\/"},{"@type":"ListItem","position":2,"name":"TVARKARAS\u010cIAI"}]},{"@type":"WebSite","@id":"https:\/\/vsmc.lt\/#website","url":"https:\/\/vsmc.lt\/","name":"Vilniaus suaugusi\u0173j\u0173 mokymo centras","description":"VSMC","publisher":{"@id":"https:\/\/vsmc.lt\/#organization"},"alternateName":"VSMC","potentialAction":[{"@type":"SearchAction","target":{"@type":"EntryPoint","urlTemplate":"https:\/\/vsmc.lt\/?s={search_term_string}"},"query-input":{"@type":"PropertyValueSpecification","valueRequired":true,"valueName":"search_term_string"}}],"inLanguage":"lt-LT"},{"@type":"Organization","@id":"https:\/\/vsmc.lt\/#organization","name":"Vilniaus suaugusi\u0173j\u0173 mokymo centras","alternateName":"VSMC","url":"https:\/\/vsmc.lt\/","logo":{"@type":"ImageObject","inLanguage":"lt-LT","@id":"https:\/\/vsmc.lt\/#\/schema\/logo\/image\/","url":"https:\/\/vsmc.lt\/wp-content\/uploads\/2016\/11\/15\/logo.png","contentUrl":"https:\/\/vsmc.lt\/wp-content\/uploads\/2016\/11\/15\/logo.png","width":96,"height":121,"caption":"Vilniaus suaugusi\u0173j\u0173 mokymo centras"},"image":{"@id":"https:\/\/vsmc.lt\/#\/schema\/logo\/image\/"},"sameAs":["https:\/\/www.facebook.com\/p\/Vilniaus-suaugusij-mokymo-centras-VSMC-gimnazija-100034428106674\/"]}]}},"_links":{"self":[{"href":"https:\/\/vsmc.lt\/index.php?rest_route=\/wp\/v2\/pages\/809","targetHints":{"allow":["GET"]}}],"collection":[{"href":"https:\/\/vsmc.lt\/index.php?rest_route=\/wp\/v2\/pages"}],"about":[{"href":"https:\/\/vsmc.lt\/index.php?rest_route=\/wp\/v2\/types\/page"}],"author":[{"embeddable":true,"href":"https:\/\/vsmc.lt\/index.php?rest_route=\/wp\/v2\/users\/1"}],"replies":[{"embeddable":true,"href":"https:\/\/vsmc.lt\/index.php?rest_route=%2Fwp%2Fv2%2Fcomments&post=809"}],"version-history":[{"count":148,"href":"https:\/\/vsmc.lt\/index.php?rest_route=\/wp\/v2\/pages\/809\/revisions"}],"predecessor-version":[{"id":11933,"href":"https:\/\/vsmc.lt\/index.php?rest_route=\/wp\/v2\/pages\/809\/revisions\/11933"}],"wp:attachment":[{"href":"https:\/\/vsmc.lt\/index.php?rest_route=%2Fwp%2Fv2%2Fmedia&parent=809"}],"curies":[{"name":"wp","href":"https:\/\/api.w.org\/{rel}","templated":true}]}}