{"id":832,"date":"2015-03-12T15:54:09","date_gmt":"2015-03-12T15:54:09","guid":{"rendered":"http:\/\/vsmc.lt\/?page_id=832"},"modified":"2025-09-15T12:21:38","modified_gmt":"2025-09-15T09:21:38","slug":"informacinis-centras-biblioteka","status":"publish","type":"page","link":"https:\/\/vsmc.lt\/?page_id=832","title":{"rendered":"Biblioteka"},"content":{"rendered":"<p><strong><img loading=\"lazy\" decoding=\"async\" class=\"wp-image-10278 aligncenter\" src=\"https:\/\/vsmc.lt\/wp-content\/uploads\/2023\/02\/01\/IMG_20230131_175453-1-268x360.jpg\" alt=\"\" width=\"227\" height=\"305\" srcset=\"https:\/\/vsmc.lt\/wp-content\/uploads\/2023\/02\/01\/IMG_20230131_175453-1-268x360.jpg 268w, https:\/\/vsmc.lt\/wp-content\/uploads\/2023\/02\/01\/IMG_20230131_175453-1-536x720.jpg 536w, https:\/\/vsmc.lt\/wp-content\/uploads\/2023\/02\/01\/IMG_20230131_175453-1-768x1031.jpg 768w, https:\/\/vsmc.lt\/wp-content\/uploads\/2023\/02\/01\/IMG_20230131_175453-1-1144x1536.jpg 1144w, https:\/\/vsmc.lt\/wp-content\/uploads\/2023\/02\/01\/IMG_20230131_175453-1-1525x2048.jpg 1525w, https:\/\/vsmc.lt\/wp-content\/uploads\/2023\/02\/01\/IMG_20230131_175453-1-scaled.jpg 1907w\" sizes=\"auto, (max-width: 227px) 100vw, 227px\" \/><\/strong><\/p>\r\n<p><strong>Biblioteka yra atvira m\u016bs\u0173 centro bendruomen\u0117s nariams<\/strong><\/p>\r\n<p><em>Gimnazijos bendruomen\u0117s nariai (mokiniai, mokytojai, nepedagoginiai darbuotojai) laisvu nuo ugdymo proceso ir mokini\u0173 atostog\u0173 metu gali naudotis bibliotekos teikiamomis paslaugomis<\/em>.<\/p>\r\n<p><strong><u>Bibliotekos darbo laikas<\/u><\/strong><strong>:<\/strong><\/p>\r\n<table style=\"border-collapse: collapse; width: 100%; height: 125px;\">\r\n<tbody>\r\n<tr style=\"height: 25px;\">\r\n<td style=\"width: 25%; height: 25px;\">Pirmadienis<\/td>\r\n<td style=\"width: 25%; height: 25px;\">8.30-19.00<\/td>\r\n<td style=\"width: 25%; height: 25px;\">\u00a0Piet\u0173 pertrauka<\/td>\r\n<td style=\"width: 25%; height: 25px;\">13.00-13.30<\/td>\r\n<\/tr>\r\n<tr style=\"height: 25px;\">\r\n<td style=\"width: 25%; height: 25px;\">Antradienis<\/td>\r\n<td style=\"width: 25%; height: 25px;\">8.30-19.00<\/td>\r\n<td style=\"width: 25%; height: 25px;\">Piet\u0173 pertrauka<\/td>\r\n<td style=\"width: 25%; height: 25px;\">13.00-13.30<\/td>\r\n<\/tr>\r\n<tr style=\"height: 25px;\">\r\n<td style=\"width: 25%; height: 25px;\">Tre\u010diadienis<\/td>\r\n<td style=\"width: 25%; height: 25px;\">8.30-17.00<\/td>\r\n<td style=\"width: 25%; height: 25px;\">Piet\u0173 pertrauka<\/td>\r\n<td style=\"width: 25%; height: 25px;\">13.00-13.30<\/td>\r\n<\/tr>\r\n<tr style=\"height: 25px;\">\r\n<td style=\"width: 25%; height: 25px;\">Ketvirtadienis<\/td>\r\n<td style=\"width: 25%; height: 25px;\">8.30-17.00<\/td>\r\n<td style=\"width: 25%; height: 25px;\">Piet\u0173 pertrauka<\/td>\r\n<td style=\"width: 25%; height: 25px;\">13.00-13.30<\/td>\r\n<\/tr>\r\n<tr style=\"height: 25px;\">\r\n<td style=\"width: 25%; height: 25px;\">Penktadienis<\/td>\r\n<td style=\"width: 25%; height: 25px;\">8.30-15.00<\/td>\r\n<td style=\"width: 25%; height: 25px;\">Piet\u0173 pertrauka<\/td>\r\n<td style=\"width: 25%; height: 25px;\">13.00-13.30<\/td>\r\n<\/tr>\r\n<\/tbody>\r\n<\/table>\r\n<p>*Biblioteka galima naudotis ir mokini\u0173 atostog\u0173 metu bei vasar\u0105 bibliotekos darbo laiku. Informacija apie nedarbo dienas skelbiama www.vsmc.lt.<\/p>\r\n<p><strong>Gimnazijos bibliotekoje:<\/strong><\/p>\r\n<ul>\r\n<li>galima paimti namo vis\u0173 dalyk\u0173 vadov\u0117lius, kuriais galima naudotis visus mokslo metus;<\/li>\r\n<li>galima paimti namo \u012fvairios tematikos mokymo priemoni\u0173 bei gro\u017ein\u0117s ir kitos literat\u016bros (filosofijos, psichologijos, istorijos, geografijos ir kt.);<\/li>\r\n<li>bibliotekoje \u012frengtos 4 kompiuterin\u0117s darbo vietos skirtos mokiniams (prijungtos prie interneto, yra ausin\u0117s), 4 skaitymui ar nam\u0173 darb\u0173 ruo\u0161imui bei 3 poilsiui skirtos vietos;<\/li>\r\n<li>organizuojamos parodos bei publikuojama informacin\u0117 med\u017eiaga stende (naujausia literat\u016bra, \u0161vent\u0117s, egzaminai ir pan.);<\/li>\r\n<li><a href=\"http:\/\/www.vsmc.lt\">vsmc.lt<\/a> skiltyje Paslaugos\/Informacinis centras biblioteka galima rasti \u012fvairios informacijos: privalomos ir rekomenduojamos literat\u016bros s\u0105ra\u0161ai, nauja \u012fsigyta literat\u016bra, naudojimosi biblioteka taisykl\u0117s ir kt.;<\/li>\r\n<li>veikia bibliotek\u0173 informacin\u0117 sistema Tamo biblioteka.<\/li>\r\n<\/ul>\r\n<p><img loading=\"lazy\" decoding=\"async\" class=\"size-medium wp-image-10276 aligncenter\" src=\"https:\/\/vsmc.lt\/wp-content\/uploads\/2023\/02\/01\/IMG_20230131_182456-1-390x360.jpg\" alt=\"\" width=\"390\" height=\"360\" srcset=\"https:\/\/vsmc.lt\/wp-content\/uploads\/2023\/02\/01\/IMG_20230131_182456-1-390x360.jpg 390w, https:\/\/vsmc.lt\/wp-content\/uploads\/2023\/02\/01\/IMG_20230131_182456-1-781x720.jpg 781w, https:\/\/vsmc.lt\/wp-content\/uploads\/2023\/02\/01\/IMG_20230131_182456-1-768x708.jpg 768w, https:\/\/vsmc.lt\/wp-content\/uploads\/2023\/02\/01\/IMG_20230131_182456-1-1536x1416.jpg 1536w, https:\/\/vsmc.lt\/wp-content\/uploads\/2023\/02\/01\/IMG_20230131_182456-1-2048x1888.jpg 2048w\" sizes=\"auto, (max-width: 390px) 100vw, 390px\" \/><\/p>\r\n<p><strong>Pla\u010diau apie reikiamos literat\u016bros paie\u0161k\u0105 bibliotekoje:<\/strong><\/p>\r\n<ul>\r\n<li>Gro\u017ein\u0117 literat\u016bra bibliotekoje suskirstyta ab\u0117c\u0117liniu b\u016bdu pagal autori\u0173 pavardes. Jeigu knyga autoriaus neturi, pagal pavadinim\u0105. Dalykin\u0117 ir mokslin\u0117 literat\u016bra pagal tematika. Jei reikiamos knygos rasti nepavyksta, pra\u0161ome kreiptis \u012f bibliotekinink\u0105, kuris mielai pad\u0117s;<\/li>\r\n<li>Vadov\u0117liai ir metodin\u0117 literat\u016bra saugomi saugykloje, tod\u0117l prireikus pra\u0161ome kreiptis \u012f bibliotekos darbuotoj\u0105;<\/li>\r\n<li>Knyg\u0173 paie\u0161k\u0105 galima atlikti informacin\u0117je sistemoje Tamo biblioteka.<\/li>\r\n<\/ul>\r\n<h3><a href=\"https:\/\/vsmc.lt\/wp-content\/uploads\/2023\/02\/01\/Kam-skirta-Tamo-biblioteka-ir-kaip-ja-naudotis.pdf\">Kam skirta Tamo biblioteka ir kaip j\u0105 naudotis<\/a><\/h3>\r\n<!-- \/wp:post-content -->\r\n\r\n<!-- wp:tadv\/classic-paragraph \/-->","protected":false},"excerpt":{"rendered":"<p>Biblioteka yra atvira m\u016bs\u0173 centro bendruomen\u0117s nariams Gimnazijos bendruomen\u0117s nariai (mokiniai, mokytojai, nepedagoginiai darbuotojai) laisvu nuo ugdymo proceso ir mokini\u0173 atostog\u0173 metu gali naudotis bibliotekos teikiamomis paslaugomis. Bibliotekos darbo laikas: Pirmadienis 8.30-19.00 \u00a0Piet\u0173 pertrauka 13.00-13.30 Antradienis 8.30-19.00 Piet\u0173 pertrauka 13.00-13.30 Tre\u010diadienis 8.30-17.00 Piet\u0173 pertrauka 13.00-13.30 Ketvirtadienis 8.30-17.00 Piet\u0173 pertrauka 13.00-13.30 Penktadienis 8.30-15.00 Piet\u0173 pertrauka 13.00-13.30 [&hellip;]<\/p>\n","protected":false},"author":1,"featured_media":0,"parent":822,"menu_order":0,"comment_status":"closed","ping_status":"closed","template":"","meta":{"footnotes":""},"class_list":["post-832","page","type-page","status-publish","hentry"],"yoast_head":"<!-- This site is optimized with the Yoast SEO plugin v27.3 - https:\/\/yoast.com\/product\/yoast-seo-wordpress\/ -->\n<title>Biblioteka - Vilniaus suaugusi\u0173j\u0173 mokymo centras<\/title>\n<meta name=\"robots\" content=\"index, follow, max-snippet:-1, max-image-preview:large, max-video-preview:-1\" \/>\n<link rel=\"canonical\" href=\"https:\/\/vsmc.lt\/?page_id=832\" \/>\n<meta property=\"og:locale\" content=\"lt_LT\" \/>\n<meta property=\"og:type\" content=\"article\" \/>\n<meta property=\"og:title\" content=\"Biblioteka - Vilniaus suaugusi\u0173j\u0173 mokymo centras\" \/>\n<meta property=\"og:description\" content=\"Biblioteka yra atvira m\u016bs\u0173 centro bendruomen\u0117s nariams Gimnazijos bendruomen\u0117s nariai (mokiniai, mokytojai, nepedagoginiai darbuotojai) laisvu nuo ugdymo proceso ir mokini\u0173 atostog\u0173 metu gali naudotis bibliotekos teikiamomis paslaugomis. Bibliotekos darbo laikas: Pirmadienis 8.30-19.00 \u00a0Piet\u0173 pertrauka 13.00-13.30 Antradienis 8.30-19.00 Piet\u0173 pertrauka 13.00-13.30 Tre\u010diadienis 8.30-17.00 Piet\u0173 pertrauka 13.00-13.30 Ketvirtadienis 8.30-17.00 Piet\u0173 pertrauka 13.00-13.30 Penktadienis 8.30-15.00 Piet\u0173 pertrauka 13.00-13.30 [&hellip;]\" \/>\n<meta property=\"og:url\" content=\"https:\/\/vsmc.lt\/?page_id=832\" \/>\n<meta property=\"og:site_name\" content=\"Vilniaus suaugusi\u0173j\u0173 mokymo centras\" \/>\n<meta property=\"article:publisher\" content=\"https:\/\/www.facebook.com\/p\/Vilniaus-suaugusij-mokymo-centras-VSMC-gimnazija-100034428106674\/\" \/>\n<meta property=\"article:modified_time\" content=\"2025-09-15T09:21:38+00:00\" \/>\n<meta property=\"og:image\" content=\"https:\/\/vsmc.lt\/wp-content\/uploads\/2023\/02\/01\/IMG_20230131_175453-1-scaled.jpg\" \/>\n\t<meta property=\"og:image:width\" content=\"1907\" \/>\n\t<meta property=\"og:image:height\" content=\"2560\" \/>\n\t<meta property=\"og:image:type\" content=\"image\/jpeg\" \/>\n<meta name=\"twitter:card\" content=\"summary_large_image\" \/>\n<meta name=\"twitter:label1\" content=\"Est. reading time\" \/>\n\t<meta name=\"twitter:data1\" content=\"2 minut\u0117s\" \/>\n<script type=\"application\/ld+json\" class=\"yoast-schema-graph\">{\"@context\":\"https:\\\/\\\/schema.org\",\"@graph\":[{\"@type\":\"WebPage\",\"@id\":\"https:\\\/\\\/vsmc.lt\\\/?page_id=832\",\"url\":\"https:\\\/\\\/vsmc.lt\\\/?page_id=832\",\"name\":\"Biblioteka - Vilniaus suaugusi\u0173j\u0173 mokymo centras\",\"isPartOf\":{\"@id\":\"https:\\\/\\\/vsmc.lt\\\/#website\"},\"primaryImageOfPage\":{\"@id\":\"https:\\\/\\\/vsmc.lt\\\/?page_id=832#primaryimage\"},\"image\":{\"@id\":\"https:\\\/\\\/vsmc.lt\\\/?page_id=832#primaryimage\"},\"thumbnailUrl\":\"https:\\\/\\\/vsmc.lt\\\/wp-content\\\/uploads\\\/2023\\\/02\\\/01\\\/IMG_20230131_175453-1-268x360.jpg\",\"datePublished\":\"2015-03-12T15:54:09+00:00\",\"dateModified\":\"2025-09-15T09:21:38+00:00\",\"breadcrumb\":{\"@id\":\"https:\\\/\\\/vsmc.lt\\\/?page_id=832#breadcrumb\"},\"inLanguage\":\"lt-LT\",\"potentialAction\":[{\"@type\":\"ReadAction\",\"target\":[\"https:\\\/\\\/vsmc.lt\\\/?page_id=832\"]}]},{\"@type\":\"ImageObject\",\"inLanguage\":\"lt-LT\",\"@id\":\"https:\\\/\\\/vsmc.lt\\\/?page_id=832#primaryimage\",\"url\":\"https:\\\/\\\/vsmc.lt\\\/wp-content\\\/uploads\\\/2023\\\/02\\\/01\\\/IMG_20230131_175453-1-scaled.jpg\",\"contentUrl\":\"https:\\\/\\\/vsmc.lt\\\/wp-content\\\/uploads\\\/2023\\\/02\\\/01\\\/IMG_20230131_175453-1-scaled.jpg\",\"width\":1907,\"height\":2560},{\"@type\":\"BreadcrumbList\",\"@id\":\"https:\\\/\\\/vsmc.lt\\\/?page_id=832#breadcrumb\",\"itemListElement\":[{\"@type\":\"ListItem\",\"position\":1,\"name\":\"Home\",\"item\":\"https:\\\/\\\/vsmc.lt\\\/\"},{\"@type\":\"ListItem\",\"position\":2,\"name\":\"Paslaugos\",\"item\":\"https:\\\/\\\/vsmc.lt\\\/?page_id=822\"},{\"@type\":\"ListItem\",\"position\":3,\"name\":\"Biblioteka\"}]},{\"@type\":\"WebSite\",\"@id\":\"https:\\\/\\\/vsmc.lt\\\/#website\",\"url\":\"https:\\\/\\\/vsmc.lt\\\/\",\"name\":\"Vilniaus suaugusi\u0173j\u0173 mokymo centras\",\"description\":\"VSMC\",\"publisher\":{\"@id\":\"https:\\\/\\\/vsmc.lt\\\/#organization\"},\"alternateName\":\"VSMC\",\"potentialAction\":[{\"@type\":\"SearchAction\",\"target\":{\"@type\":\"EntryPoint\",\"urlTemplate\":\"https:\\\/\\\/vsmc.lt\\\/?s={search_term_string}\"},\"query-input\":{\"@type\":\"PropertyValueSpecification\",\"valueRequired\":true,\"valueName\":\"search_term_string\"}}],\"inLanguage\":\"lt-LT\"},{\"@type\":\"Organization\",\"@id\":\"https:\\\/\\\/vsmc.lt\\\/#organization\",\"name\":\"Vilniaus suaugusi\u0173j\u0173 mokymo centras\",\"alternateName\":\"VSMC\",\"url\":\"https:\\\/\\\/vsmc.lt\\\/\",\"logo\":{\"@type\":\"ImageObject\",\"inLanguage\":\"lt-LT\",\"@id\":\"https:\\\/\\\/vsmc.lt\\\/#\\\/schema\\\/logo\\\/image\\\/\",\"url\":\"https:\\\/\\\/vsmc.lt\\\/wp-content\\\/uploads\\\/2016\\\/11\\\/15\\\/logo.png\",\"contentUrl\":\"https:\\\/\\\/vsmc.lt\\\/wp-content\\\/uploads\\\/2016\\\/11\\\/15\\\/logo.png\",\"width\":96,\"height\":121,\"caption\":\"Vilniaus suaugusi\u0173j\u0173 mokymo centras\"},\"image\":{\"@id\":\"https:\\\/\\\/vsmc.lt\\\/#\\\/schema\\\/logo\\\/image\\\/\"},\"sameAs\":[\"https:\\\/\\\/www.facebook.com\\\/p\\\/Vilniaus-suaugusij-mokymo-centras-VSMC-gimnazija-100034428106674\\\/\"]}]}<\/script>\n<!-- \/ Yoast SEO plugin. -->","yoast_head_json":{"title":"Biblioteka - Vilniaus suaugusi\u0173j\u0173 mokymo centras","robots":{"index":"index","follow":"follow","max-snippet":"max-snippet:-1","max-image-preview":"max-image-preview:large","max-video-preview":"max-video-preview:-1"},"canonical":"https:\/\/vsmc.lt\/?page_id=832","og_locale":"lt_LT","og_type":"article","og_title":"Biblioteka - Vilniaus suaugusi\u0173j\u0173 mokymo centras","og_description":"Biblioteka yra atvira m\u016bs\u0173 centro bendruomen\u0117s nariams Gimnazijos bendruomen\u0117s nariai (mokiniai, mokytojai, nepedagoginiai darbuotojai) laisvu nuo ugdymo proceso ir mokini\u0173 atostog\u0173 metu gali naudotis bibliotekos teikiamomis paslaugomis. Bibliotekos darbo laikas: Pirmadienis 8.30-19.00 \u00a0Piet\u0173 pertrauka 13.00-13.30 Antradienis 8.30-19.00 Piet\u0173 pertrauka 13.00-13.30 Tre\u010diadienis 8.30-17.00 Piet\u0173 pertrauka 13.00-13.30 Ketvirtadienis 8.30-17.00 Piet\u0173 pertrauka 13.00-13.30 Penktadienis 8.30-15.00 Piet\u0173 pertrauka 13.00-13.30 [&hellip;]","og_url":"https:\/\/vsmc.lt\/?page_id=832","og_site_name":"Vilniaus suaugusi\u0173j\u0173 mokymo centras","article_publisher":"https:\/\/www.facebook.com\/p\/Vilniaus-suaugusij-mokymo-centras-VSMC-gimnazija-100034428106674\/","article_modified_time":"2025-09-15T09:21:38+00:00","og_image":[{"width":1907,"height":2560,"url":"https:\/\/vsmc.lt\/wp-content\/uploads\/2023\/02\/01\/IMG_20230131_175453-1-scaled.jpg","type":"image\/jpeg"}],"twitter_card":"summary_large_image","twitter_misc":{"Est. reading time":"2 minut\u0117s"},"schema":{"@context":"https:\/\/schema.org","@graph":[{"@type":"WebPage","@id":"https:\/\/vsmc.lt\/?page_id=832","url":"https:\/\/vsmc.lt\/?page_id=832","name":"Biblioteka - Vilniaus suaugusi\u0173j\u0173 mokymo centras","isPartOf":{"@id":"https:\/\/vsmc.lt\/#website"},"primaryImageOfPage":{"@id":"https:\/\/vsmc.lt\/?page_id=832#primaryimage"},"image":{"@id":"https:\/\/vsmc.lt\/?page_id=832#primaryimage"},"thumbnailUrl":"https:\/\/vsmc.lt\/wp-content\/uploads\/2023\/02\/01\/IMG_20230131_175453-1-268x360.jpg","datePublished":"2015-03-12T15:54:09+00:00","dateModified":"2025-09-15T09:21:38+00:00","breadcrumb":{"@id":"https:\/\/vsmc.lt\/?page_id=832#breadcrumb"},"inLanguage":"lt-LT","potentialAction":[{"@type":"ReadAction","target":["https:\/\/vsmc.lt\/?page_id=832"]}]},{"@type":"ImageObject","inLanguage":"lt-LT","@id":"https:\/\/vsmc.lt\/?page_id=832#primaryimage","url":"https:\/\/vsmc.lt\/wp-content\/uploads\/2023\/02\/01\/IMG_20230131_175453-1-scaled.jpg","contentUrl":"https:\/\/vsmc.lt\/wp-content\/uploads\/2023\/02\/01\/IMG_20230131_175453-1-scaled.jpg","width":1907,"height":2560},{"@type":"BreadcrumbList","@id":"https:\/\/vsmc.lt\/?page_id=832#breadcrumb","itemListElement":[{"@type":"ListItem","position":1,"name":"Home","item":"https:\/\/vsmc.lt\/"},{"@type":"ListItem","position":2,"name":"Paslaugos","item":"https:\/\/vsmc.lt\/?page_id=822"},{"@type":"ListItem","position":3,"name":"Biblioteka"}]},{"@type":"WebSite","@id":"https:\/\/vsmc.lt\/#website","url":"https:\/\/vsmc.lt\/","name":"Vilniaus suaugusi\u0173j\u0173 mokymo centras","description":"VSMC","publisher":{"@id":"https:\/\/vsmc.lt\/#organization"},"alternateName":"VSMC","potentialAction":[{"@type":"SearchAction","target":{"@type":"EntryPoint","urlTemplate":"https:\/\/vsmc.lt\/?s={search_term_string}"},"query-input":{"@type":"PropertyValueSpecification","valueRequired":true,"valueName":"search_term_string"}}],"inLanguage":"lt-LT"},{"@type":"Organization","@id":"https:\/\/vsmc.lt\/#organization","name":"Vilniaus suaugusi\u0173j\u0173 mokymo centras","alternateName":"VSMC","url":"https:\/\/vsmc.lt\/","logo":{"@type":"ImageObject","inLanguage":"lt-LT","@id":"https:\/\/vsmc.lt\/#\/schema\/logo\/image\/","url":"https:\/\/vsmc.lt\/wp-content\/uploads\/2016\/11\/15\/logo.png","contentUrl":"https:\/\/vsmc.lt\/wp-content\/uploads\/2016\/11\/15\/logo.png","width":96,"height":121,"caption":"Vilniaus suaugusi\u0173j\u0173 mokymo centras"},"image":{"@id":"https:\/\/vsmc.lt\/#\/schema\/logo\/image\/"},"sameAs":["https:\/\/www.facebook.com\/p\/Vilniaus-suaugusij-mokymo-centras-VSMC-gimnazija-100034428106674\/"]}]}},"_links":{"self":[{"href":"https:\/\/vsmc.lt\/index.php?rest_route=\/wp\/v2\/pages\/832","targetHints":{"allow":["GET"]}}],"collection":[{"href":"https:\/\/vsmc.lt\/index.php?rest_route=\/wp\/v2\/pages"}],"about":[{"href":"https:\/\/vsmc.lt\/index.php?rest_route=\/wp\/v2\/types\/page"}],"author":[{"embeddable":true,"href":"https:\/\/vsmc.lt\/index.php?rest_route=\/wp\/v2\/users\/1"}],"replies":[{"embeddable":true,"href":"https:\/\/vsmc.lt\/index.php?rest_route=%2Fwp%2Fv2%2Fcomments&post=832"}],"version-history":[{"count":41,"href":"https:\/\/vsmc.lt\/index.php?rest_route=\/wp\/v2\/pages\/832\/revisions"}],"predecessor-version":[{"id":11849,"href":"https:\/\/vsmc.lt\/index.php?rest_route=\/wp\/v2\/pages\/832\/revisions\/11849"}],"up":[{"embeddable":true,"href":"https:\/\/vsmc.lt\/index.php?rest_route=\/wp\/v2\/pages\/822"}],"wp:attachment":[{"href":"https:\/\/vsmc.lt\/index.php?rest_route=%2Fwp%2Fv2%2Fmedia&parent=832"}],"curies":[{"name":"wp","href":"https:\/\/api.w.org\/{rel}","templated":true}]}}