{"id":840,"date":"2015-03-12T16:02:53","date_gmt":"2015-03-12T13:02:53","guid":{"rendered":"http:\/\/vsmc.lt\/?page_id=840"},"modified":"2026-02-23T19:06:22","modified_gmt":"2026-02-23T16:06:22","slug":"biudzeto-vykdymo-ataskaitu-rinkiniai","status":"publish","type":"page","link":"https:\/\/vsmc.lt\/?page_id=840","title":{"rendered":"Biud\u017eeto vykdymo ataskait\u0173 rinkiniai"},"content":{"rendered":"<p><a href=\"https:\/\/vsmc.lt\/wp-content\/uploads\/2015\/03\/12\/2025-m.-IV-ketvircio-biuzeto-islaidu-samatos-vykdymo-ataskaitos.pdf\">2025 m. IV ketvir\u010dio biu\u017eeto i\u0161laid\u0173 s\u0105matos vykdymo ataskaitos<\/a><\/p>\n<p><a href=\"https:\/\/vsmc.lt\/wp-content\/uploads\/2015\/03\/12\/2025-m.-III-ketvircio-biuzeto-islaidu-samatos-vykdymo-ataskaitos-2.pdf\">2025 m. III ketvir\u010dio biu\u017eeto i\u0161laid\u0173 s\u0105matos vykdymo ataskaitos<\/a><\/p>\n<p><a href=\"https:\/\/vsmc.lt\/wp-content\/uploads\/2015\/03\/12\/2025-m.-II-ketvircio-biudzeto-islaidu-samatos-vykdymo-ataskaitos.pdf\">2025 m. II ketvir\u010dio biud\u017eeto i\u0161laid\u0173 s\u0105matos vykdymo ataskaitos<\/a><\/p>\n<p><a href=\"https:\/\/vsmc.lt\/wp-content\/uploads\/2015\/03\/12\/2025-m.-I-ketv.-biudzeto-islaidu-samatos-vykdymo-ataskaitos.pdf\">2025 m. I ketvir\u010dio biud\u017eeto i\u0161laid\u0173 s\u0105matos vykdymo ataskaitos<\/a><\/p>\n<p><a href=\"https:\/\/vsmc.lt\/wp-content\/uploads\/2015\/03\/12\/2024-m.-gruodzio-31-d.-biudzeto-islaidu-samatos-vykdymo-ataskaitos.pdf\">2024 m. IV ketvir\u010dio biud\u017eeto i\u0161laid\u0173 s\u0105matos vykdymo ataskaitos<\/a><\/p>\n<p><a href=\"https:\/\/vsmc.lt\/wp-content\/uploads\/2015\/03\/12\/2024-m.-III-ketvircio-biudzeto-islaidu-samatos-vykdymo-ataskaitos.pdf\">2024 m. III ketvir\u010dio biud\u017eeto i\u0161laid\u0173 s\u0105matos vykdymo ataskaitos<\/a><\/p>\n<p><a href=\"https:\/\/vsmc.lt\/wp-content\/uploads\/2015\/03\/12\/II_forma_2024_II-kv.pdf\">2024 m. II ketvir\u010dio biud\u017eeto i\u0161laid\u0173 s\u0105matos vykdymo ataskaitos<\/a><\/p>\n<p><a href=\"https:\/\/vsmc.lt\/wp-content\/uploads\/2015\/03\/12\/2024-m.-I-ketvircio-biudzeto-islaidu-samatos.pdf\">2024 m. I ketvir\u010dio biud\u017eeto i\u0161laid\u0173 s\u0105matos vykdymo ataskaitos<\/a><\/p>\n<p><a href=\"https:\/\/vsmc.lt\/wp-content\/uploads\/2015\/03\/12\/II_forma_IV-kv.pdf\">2023 m. IV ketvir\u010dio biud\u017eeto i\u0161laid\u0173 s\u0105matos vykdymo ataskaitos<\/a><\/p>\n<p><a href=\"https:\/\/vsmc.lt\/wp-content\/uploads\/2015\/03\/12\/2023-m.-III-ketvircio-biudzeto-islaidu-samatos.pdf\">2023 m. III ketvir\u010dio biud\u017eeto i\u0161laid\u0173 s\u0105matos vykdymo ataskaitos<\/a><\/p>\n<p><a href=\"https:\/\/vsmc.lt\/wp-content\/uploads\/2023\/07\/05\/II_forma_2023_II-kv.pdf\">2023 m. II ketvir\u010dio biud\u017eeto i\u0161laid\u0173 s\u0105matos vykdymo ataskaitos<\/a><\/p>\n<p><a href=\"https:\/\/vsmc.lt\/wp-content\/uploads\/2023\/04\/15\/II_forma_2023_I-kv.pdf\">2023 m. I ketvir\u010dio biud\u017eeto i\u0161laid\u0173 s\u0105matos vykdymo ataskaitos<\/a><\/p>\n<p><a href=\"https:\/\/vsmc.lt\/wp-content\/uploads\/2015\/03\/12\/2022-m.-IV-ketvircio-biudzeto-islaidu-samatos.pdf\">2022 m. IV ketvir\u010dio biud\u017eeto i\u0161laid\u0173 s\u0105matos vykdymo ataskaitos<\/a><\/p>\n<p><a href=\"https:\/\/vsmc.lt\/wp-content\/uploads\/2015\/03\/12\/II_forma_2022_IIIkv.pdf\">2022 m. III ketvir\u010dio biud\u017eeto i\u0161laid\u0173 s\u0105matos vykdymo ataskaitos<\/a><\/p>\n<p><a href=\"https:\/\/vsmc.lt\/wp-content\/uploads\/2022\/07\/05\/II_forma_2022_II.pdf\">2022 m. II ketvir\u010dio biud\u017eeto i\u0161laid\u0173 s\u0105matos vykdymo ataskaitos<\/a><\/p>\n<p><a href=\"https:\/\/vsmc.lt\/wp-content\/uploads\/2015\/03\/12\/II_forma_2022_I.pdf\">2022 m. I ketvir\u010dio biud\u017eeto i\u0161laid\u0173 s\u0105matos vykdymo ataskaitos<\/a><\/p>\n<p><a style=\"text-underline-offset: 0.25ch; text-decoration-style: dashed;\" href=\"https:\/\/vsmc.lt\/wp-content\/uploads\/2015\/03\/12\/Forma_2_2021_IV-ketv..pdf\">2021 m. IV ketvir\u010dio biud\u017eeto i\u0161laid\u0173 s\u0105matos vykdymo ataskaitos<\/a><\/p>\n<p><a style=\"text-underline-offset: 0.25ch; text-decoration-style: dashed;\" href=\"https:\/\/vsmc.lt\/wp-content\/uploads\/2015\/03\/12\/Forma_2_2021-m.-III-ketv..pdf\">2021 m. III ketvir\u010dio biud\u017eeto i\u0161laid\u0173 s\u0105matos vykdymo ataskaitos<\/a><\/p>\n<p><a style=\"text-underline-offset: 0.25ch; text-decoration-style: dashed;\" href=\"https:\/\/vsmc.lt\/wp-content\/uploads\/2015\/03\/12\/Forma_2_2021-m.-II-ketv.pdf\">2021 m. II ketvir\u010dio biud\u017eeto i\u0161laid\u0173 s\u0105matos vykdymo ataskaitos<\/a><\/p>\n<p><a style=\"text-underline-offset: 0.25ch; text-decoration-style: dashed;\" href=\"https:\/\/vsmc.lt\/wp-content\/uploads\/2021\/04\/07\/2forma-2021-m.-I-ketv.pdf\">2021 m. I ketvir\u010dio biud\u017eeto i\u0161laid\u0173 s\u0105matos vykdymo ataskaitos<\/a><\/p>\n<p>&nbsp;<\/p>\n<p>&nbsp;<\/p>\n<p>&nbsp;<\/p>\n<p>&nbsp;<\/p>\n<p>&nbsp;<\/p>\n<p>&nbsp;<\/p>\n<p>&nbsp;<\/p>\n<p>&nbsp;<\/p>\n<p>&nbsp;<\/p>\n<p>&nbsp;<\/p>\n<p>&nbsp;<\/p>\n<p>&nbsp;<\/p>\n<p>&nbsp;<\/p>\n<p>&nbsp;<\/p>\n<p>&nbsp;<\/p>\n<p>&nbsp;<\/p>\n<p>&nbsp;<\/p>\n","protected":false},"excerpt":{"rendered":"<p>2025 m. IV ketvir\u010dio biu\u017eeto i\u0161laid\u0173 s\u0105matos vykdymo ataskaitos 2025 m. III ketvir\u010dio biu\u017eeto i\u0161laid\u0173 s\u0105matos vykdymo ataskaitos 2025 m. II ketvir\u010dio biud\u017eeto i\u0161laid\u0173 s\u0105matos vykdymo ataskaitos 2025 m. I ketvir\u010dio biud\u017eeto i\u0161laid\u0173 s\u0105matos vykdymo ataskaitos 2024 m. IV ketvir\u010dio biud\u017eeto i\u0161laid\u0173 s\u0105matos vykdymo ataskaitos 2024 m. III ketvir\u010dio biud\u017eeto i\u0161laid\u0173 s\u0105matos vykdymo ataskaitos 2024 [&hellip;]<\/p>\n","protected":false},"author":1,"featured_media":0,"parent":3551,"menu_order":0,"comment_status":"closed","ping_status":"closed","template":"","meta":{"footnotes":""},"class_list":["post-840","page","type-page","status-publish","hentry"],"yoast_head":"<!-- This site is optimized with the Yoast SEO plugin v27.3 - https:\/\/yoast.com\/product\/yoast-seo-wordpress\/ -->\n<title>Biud\u017eeto vykdymo ataskait\u0173 rinkiniai - Vilniaus suaugusi\u0173j\u0173 mokymo centras<\/title>\n<meta name=\"robots\" content=\"index, follow, max-snippet:-1, max-image-preview:large, max-video-preview:-1\" \/>\n<link rel=\"canonical\" href=\"https:\/\/vsmc.lt\/?page_id=840\" \/>\n<meta property=\"og:locale\" content=\"lt_LT\" \/>\n<meta property=\"og:type\" content=\"article\" \/>\n<meta property=\"og:title\" content=\"Biud\u017eeto vykdymo ataskait\u0173 rinkiniai - Vilniaus suaugusi\u0173j\u0173 mokymo centras\" \/>\n<meta property=\"og:description\" content=\"2025 m. IV ketvir\u010dio biu\u017eeto i\u0161laid\u0173 s\u0105matos vykdymo ataskaitos 2025 m. III ketvir\u010dio biu\u017eeto i\u0161laid\u0173 s\u0105matos vykdymo ataskaitos 2025 m. II ketvir\u010dio biud\u017eeto i\u0161laid\u0173 s\u0105matos vykdymo ataskaitos 2025 m. I ketvir\u010dio biud\u017eeto i\u0161laid\u0173 s\u0105matos vykdymo ataskaitos 2024 m. IV ketvir\u010dio biud\u017eeto i\u0161laid\u0173 s\u0105matos vykdymo ataskaitos 2024 m. III ketvir\u010dio biud\u017eeto i\u0161laid\u0173 s\u0105matos vykdymo ataskaitos 2024 [&hellip;]\" \/>\n<meta property=\"og:url\" content=\"https:\/\/vsmc.lt\/?page_id=840\" \/>\n<meta property=\"og:site_name\" content=\"Vilniaus suaugusi\u0173j\u0173 mokymo centras\" \/>\n<meta property=\"article:publisher\" content=\"https:\/\/www.facebook.com\/p\/Vilniaus-suaugusij-mokymo-centras-VSMC-gimnazija-100034428106674\/\" \/>\n<meta property=\"article:modified_time\" content=\"2026-02-23T16:06:22+00:00\" \/>\n<meta property=\"og:image\" content=\"https:\/\/vsmc.lt\/wp-content\/uploads\/2018\/05\/03\/VSMC_PASTATAS_1-1.jpg\" \/>\n\t<meta property=\"og:image:width\" content=\"1500\" \/>\n\t<meta property=\"og:image:height\" content=\"925\" \/>\n\t<meta property=\"og:image:type\" content=\"image\/jpeg\" \/>\n<meta name=\"twitter:card\" content=\"summary_large_image\" \/>\n<meta name=\"twitter:label1\" content=\"Est. reading time\" \/>\n\t<meta name=\"twitter:data1\" content=\"1 minut\u0117\" \/>\n<script type=\"application\/ld+json\" class=\"yoast-schema-graph\">{\"@context\":\"https:\\\/\\\/schema.org\",\"@graph\":[{\"@type\":\"WebPage\",\"@id\":\"https:\\\/\\\/vsmc.lt\\\/?page_id=840\",\"url\":\"https:\\\/\\\/vsmc.lt\\\/?page_id=840\",\"name\":\"Biud\u017eeto vykdymo ataskait\u0173 rinkiniai - Vilniaus suaugusi\u0173j\u0173 mokymo centras\",\"isPartOf\":{\"@id\":\"https:\\\/\\\/vsmc.lt\\\/#website\"},\"datePublished\":\"2015-03-12T13:02:53+00:00\",\"dateModified\":\"2026-02-23T16:06:22+00:00\",\"breadcrumb\":{\"@id\":\"https:\\\/\\\/vsmc.lt\\\/?page_id=840#breadcrumb\"},\"inLanguage\":\"lt-LT\",\"potentialAction\":[{\"@type\":\"ReadAction\",\"target\":[\"https:\\\/\\\/vsmc.lt\\\/?page_id=840\"]}]},{\"@type\":\"BreadcrumbList\",\"@id\":\"https:\\\/\\\/vsmc.lt\\\/?page_id=840#breadcrumb\",\"itemListElement\":[{\"@type\":\"ListItem\",\"position\":1,\"name\":\"Home\",\"item\":\"https:\\\/\\\/vsmc.lt\\\/\"},{\"@type\":\"ListItem\",\"position\":2,\"name\":\"Administracin\u0117 informacija\",\"item\":\"https:\\\/\\\/vsmc.lt\\\/?page_id=3551\"},{\"@type\":\"ListItem\",\"position\":3,\"name\":\"Biud\u017eeto vykdymo ataskait\u0173 rinkiniai\"}]},{\"@type\":\"WebSite\",\"@id\":\"https:\\\/\\\/vsmc.lt\\\/#website\",\"url\":\"https:\\\/\\\/vsmc.lt\\\/\",\"name\":\"Vilniaus suaugusi\u0173j\u0173 mokymo centras\",\"description\":\"VSMC\",\"publisher\":{\"@id\":\"https:\\\/\\\/vsmc.lt\\\/#organization\"},\"alternateName\":\"VSMC\",\"potentialAction\":[{\"@type\":\"SearchAction\",\"target\":{\"@type\":\"EntryPoint\",\"urlTemplate\":\"https:\\\/\\\/vsmc.lt\\\/?s={search_term_string}\"},\"query-input\":{\"@type\":\"PropertyValueSpecification\",\"valueRequired\":true,\"valueName\":\"search_term_string\"}}],\"inLanguage\":\"lt-LT\"},{\"@type\":\"Organization\",\"@id\":\"https:\\\/\\\/vsmc.lt\\\/#organization\",\"name\":\"Vilniaus suaugusi\u0173j\u0173 mokymo centras\",\"alternateName\":\"VSMC\",\"url\":\"https:\\\/\\\/vsmc.lt\\\/\",\"logo\":{\"@type\":\"ImageObject\",\"inLanguage\":\"lt-LT\",\"@id\":\"https:\\\/\\\/vsmc.lt\\\/#\\\/schema\\\/logo\\\/image\\\/\",\"url\":\"https:\\\/\\\/vsmc.lt\\\/wp-content\\\/uploads\\\/2016\\\/11\\\/15\\\/logo.png\",\"contentUrl\":\"https:\\\/\\\/vsmc.lt\\\/wp-content\\\/uploads\\\/2016\\\/11\\\/15\\\/logo.png\",\"width\":96,\"height\":121,\"caption\":\"Vilniaus suaugusi\u0173j\u0173 mokymo centras\"},\"image\":{\"@id\":\"https:\\\/\\\/vsmc.lt\\\/#\\\/schema\\\/logo\\\/image\\\/\"},\"sameAs\":[\"https:\\\/\\\/www.facebook.com\\\/p\\\/Vilniaus-suaugusij-mokymo-centras-VSMC-gimnazija-100034428106674\\\/\"]}]}<\/script>\n<!-- \/ Yoast SEO plugin. -->","yoast_head_json":{"title":"Biud\u017eeto vykdymo ataskait\u0173 rinkiniai - Vilniaus suaugusi\u0173j\u0173 mokymo centras","robots":{"index":"index","follow":"follow","max-snippet":"max-snippet:-1","max-image-preview":"max-image-preview:large","max-video-preview":"max-video-preview:-1"},"canonical":"https:\/\/vsmc.lt\/?page_id=840","og_locale":"lt_LT","og_type":"article","og_title":"Biud\u017eeto vykdymo ataskait\u0173 rinkiniai - Vilniaus suaugusi\u0173j\u0173 mokymo centras","og_description":"2025 m. IV ketvir\u010dio biu\u017eeto i\u0161laid\u0173 s\u0105matos vykdymo ataskaitos 2025 m. III ketvir\u010dio biu\u017eeto i\u0161laid\u0173 s\u0105matos vykdymo ataskaitos 2025 m. II ketvir\u010dio biud\u017eeto i\u0161laid\u0173 s\u0105matos vykdymo ataskaitos 2025 m. I ketvir\u010dio biud\u017eeto i\u0161laid\u0173 s\u0105matos vykdymo ataskaitos 2024 m. IV ketvir\u010dio biud\u017eeto i\u0161laid\u0173 s\u0105matos vykdymo ataskaitos 2024 m. III ketvir\u010dio biud\u017eeto i\u0161laid\u0173 s\u0105matos vykdymo ataskaitos 2024 [&hellip;]","og_url":"https:\/\/vsmc.lt\/?page_id=840","og_site_name":"Vilniaus suaugusi\u0173j\u0173 mokymo centras","article_publisher":"https:\/\/www.facebook.com\/p\/Vilniaus-suaugusij-mokymo-centras-VSMC-gimnazija-100034428106674\/","article_modified_time":"2026-02-23T16:06:22+00:00","og_image":[{"width":1500,"height":925,"url":"https:\/\/vsmc.lt\/wp-content\/uploads\/2018\/05\/03\/VSMC_PASTATAS_1-1.jpg","type":"image\/jpeg"}],"twitter_card":"summary_large_image","twitter_misc":{"Est. reading time":"1 minut\u0117"},"schema":{"@context":"https:\/\/schema.org","@graph":[{"@type":"WebPage","@id":"https:\/\/vsmc.lt\/?page_id=840","url":"https:\/\/vsmc.lt\/?page_id=840","name":"Biud\u017eeto vykdymo ataskait\u0173 rinkiniai - Vilniaus suaugusi\u0173j\u0173 mokymo centras","isPartOf":{"@id":"https:\/\/vsmc.lt\/#website"},"datePublished":"2015-03-12T13:02:53+00:00","dateModified":"2026-02-23T16:06:22+00:00","breadcrumb":{"@id":"https:\/\/vsmc.lt\/?page_id=840#breadcrumb"},"inLanguage":"lt-LT","potentialAction":[{"@type":"ReadAction","target":["https:\/\/vsmc.lt\/?page_id=840"]}]},{"@type":"BreadcrumbList","@id":"https:\/\/vsmc.lt\/?page_id=840#breadcrumb","itemListElement":[{"@type":"ListItem","position":1,"name":"Home","item":"https:\/\/vsmc.lt\/"},{"@type":"ListItem","position":2,"name":"Administracin\u0117 informacija","item":"https:\/\/vsmc.lt\/?page_id=3551"},{"@type":"ListItem","position":3,"name":"Biud\u017eeto vykdymo ataskait\u0173 rinkiniai"}]},{"@type":"WebSite","@id":"https:\/\/vsmc.lt\/#website","url":"https:\/\/vsmc.lt\/","name":"Vilniaus suaugusi\u0173j\u0173 mokymo centras","description":"VSMC","publisher":{"@id":"https:\/\/vsmc.lt\/#organization"},"alternateName":"VSMC","potentialAction":[{"@type":"SearchAction","target":{"@type":"EntryPoint","urlTemplate":"https:\/\/vsmc.lt\/?s={search_term_string}"},"query-input":{"@type":"PropertyValueSpecification","valueRequired":true,"valueName":"search_term_string"}}],"inLanguage":"lt-LT"},{"@type":"Organization","@id":"https:\/\/vsmc.lt\/#organization","name":"Vilniaus suaugusi\u0173j\u0173 mokymo centras","alternateName":"VSMC","url":"https:\/\/vsmc.lt\/","logo":{"@type":"ImageObject","inLanguage":"lt-LT","@id":"https:\/\/vsmc.lt\/#\/schema\/logo\/image\/","url":"https:\/\/vsmc.lt\/wp-content\/uploads\/2016\/11\/15\/logo.png","contentUrl":"https:\/\/vsmc.lt\/wp-content\/uploads\/2016\/11\/15\/logo.png","width":96,"height":121,"caption":"Vilniaus suaugusi\u0173j\u0173 mokymo centras"},"image":{"@id":"https:\/\/vsmc.lt\/#\/schema\/logo\/image\/"},"sameAs":["https:\/\/www.facebook.com\/p\/Vilniaus-suaugusij-mokymo-centras-VSMC-gimnazija-100034428106674\/"]}]}},"_links":{"self":[{"href":"https:\/\/vsmc.lt\/index.php?rest_route=\/wp\/v2\/pages\/840","targetHints":{"allow":["GET"]}}],"collection":[{"href":"https:\/\/vsmc.lt\/index.php?rest_route=\/wp\/v2\/pages"}],"about":[{"href":"https:\/\/vsmc.lt\/index.php?rest_route=\/wp\/v2\/types\/page"}],"author":[{"embeddable":true,"href":"https:\/\/vsmc.lt\/index.php?rest_route=\/wp\/v2\/users\/1"}],"replies":[{"embeddable":true,"href":"https:\/\/vsmc.lt\/index.php?rest_route=%2Fwp%2Fv2%2Fcomments&post=840"}],"version-history":[{"count":52,"href":"https:\/\/vsmc.lt\/index.php?rest_route=\/wp\/v2\/pages\/840\/revisions"}],"predecessor-version":[{"id":12195,"href":"https:\/\/vsmc.lt\/index.php?rest_route=\/wp\/v2\/pages\/840\/revisions\/12195"}],"up":[{"embeddable":true,"href":"https:\/\/vsmc.lt\/index.php?rest_route=\/wp\/v2\/pages\/3551"}],"wp:attachment":[{"href":"https:\/\/vsmc.lt\/index.php?rest_route=%2Fwp%2Fv2%2Fmedia&parent=840"}],"curies":[{"name":"wp","href":"https:\/\/api.w.org\/{rel}","templated":true}]}}