{"id":856,"date":"2015-03-12T16:11:53","date_gmt":"2015-03-12T16:11:53","guid":{"rendered":"http:\/\/vsmc.lt\/?page_id=856"},"modified":"2024-03-26T20:31:01","modified_gmt":"2024-03-26T17:31:01","slug":"administracija","status":"publish","type":"page","link":"https:\/\/vsmc.lt\/?page_id=856","title":{"rendered":"Administracija"},"content":{"rendered":"<p style=\"text-align: left;\"><img loading=\"lazy\" decoding=\"async\" class=\"alignnone\" src=\"\/wp-content\/uploads\/OLD\/images\/Darbuotojai\/n.kimso_Portret_szary.jpg\" alt=\"\" width=\"226\" height=\"277\" \/><\/p>\n<table>\n<tbody>\n<tr>\n<td width=\"208\"><strong>Natalja Kimso<\/strong><\/td>\n<td width=\"208\"><\/td>\n<td width=\"208\"><\/td>\n<\/tr>\n<tr>\n<td width=\"208\">Direktor\u0117<\/td>\n<td width=\"208\"><a href=\"https:\/\/vsmc.lt\/wp-content\/uploads\/2015\/03\/12\/CV-N.Kimso-2024-03-21_IMAGE.pdf\">Gyvenimo apra\u0161ymas<\/a><\/td>\n<td width=\"208\"><a href=\"https:\/\/vsmc.lt\/wp-content\/uploads\/2024\/03\/26\/NK-pareigybes-aprasymas-2023-04-06_IMAGE.pdf\">Pareigyb\u0117s apra\u0161ymas<\/a><\/td>\n<\/tr>\n<\/tbody>\n<\/table>\n<p>&nbsp;<\/p>\n<table>\n<tbody>\n<tr>\n<td width=\"208\"><strong>Ana Diadi\u016bra<\/strong><\/td>\n<td width=\"208\"><\/td>\n<td width=\"208\"><strong>\u00a0<\/strong><\/td>\n<\/tr>\n<tr>\n<td width=\"208\">Tiksli\u0173j\u0173, gamtos ir technologinio ugdymo skyriaus ved\u0117ja<br \/>\nChemijos\u00a0 mokytoja<\/td>\n<td width=\"208\"><\/td>\n<td width=\"208\"><a href=\"https:\/\/vsmc.lt\/wp-content\/uploads\/2022\/11\/24\/Tiksliuju-gamtos-ir-techn.-ugd.-sk.-vedejo-pareigybes-aprasymas-2022-09-01-A.D_.pdf\">Pareigyb\u0117s apra\u0161ymas<\/a><\/td>\n<\/tr>\n<\/tbody>\n<\/table>\n<p>&nbsp;<\/p>\n<table>\n<tbody>\n<tr>\n<td width=\"208\"><strong>Jolanta Makovska<\/strong><\/td>\n<td width=\"208\"><\/td>\n<td width=\"208\"><strong>\u00a0<\/strong><\/td>\n<\/tr>\n<tr>\n<td width=\"208\">Humanitarini\u0173 ir socialini\u0173 moksl\u0173 skyriaus ved\u0117ja<br \/>\nLenk\u0173 kalbos mokytoja<\/td>\n<td width=\"208\"><\/td>\n<td width=\"208\"><a href=\"https:\/\/vsmc.lt\/wp-content\/uploads\/2022\/11\/24\/Humanit.-ir-soc.-mokslu-sk.-vedejo-pareigybes-aprasymas-2022-09-01-J.-M_.pdf\">Pareigyb\u0117s apra\u0161ymas<\/a><\/td>\n<\/tr>\n<\/tbody>\n<\/table>\n<p>&nbsp;<\/p>\n<table style=\"width: 646px; height: 149px;\">\n<tbody>\n<tr style=\"height: 26px;\">\n<td style=\"height: 26px;\"><strong>Birut\u0117 Kubilinskien\u0117<\/strong><\/td>\n<td style=\"height: 26px;\"><\/td>\n<td style=\"height: 26px;\"><\/td>\n<\/tr>\n<tr style=\"height: 48px;\">\n<td style=\"height: 48px;\">Neformaliojo \u0161vietimo, veiklos steb\u0117senos ir pagalbos skyriaus ved\u0117ja<\/td>\n<td style=\"height: 48px;\"><\/td>\n<td style=\"height: 48px;\"><a href=\"https:\/\/vsmc.lt\/wp-content\/uploads\/2022\/11\/24\/Neformal.-stebesenos-ir-pagalbos-sk.-vedejo-pareigybes-aprasymas-2022-09-01-B.K_.pdf\">Pareigyb\u0117s apra\u0161ymas<\/a><\/td>\n<\/tr>\n<tr style=\"height: 48px;\">\n<td style=\"height: 48px;\">Psicholog\u0117<\/td>\n<td style=\"height: 48px;\"><\/td>\n<td style=\"height: 48px;\"><a href=\"https:\/\/vsmc.lt\/wp-content\/uploads\/2022\/11\/24\/Psichologo-pareigybes-aprasymas-B.-K_.pdf\">Pareigyb\u0117s apra\u0161ymas<\/a><\/td>\n<\/tr>\n<\/tbody>\n<\/table>\n<p><strong><img loading=\"lazy\" decoding=\"async\" class=\"alignnone\" src=\"\/wp-content\/uploads\/OLD\/images\/Darbuotojai\/Danute.jpg\" alt=\"\" width=\"226\" height=\"208\" \/><\/strong><\/p>\n<table>\n<tbody>\n<tr>\n<td width=\"208\"><strong>Danut\u0117 Pirtinien\u0117<\/strong><\/td>\n<td width=\"208\"><\/td>\n<td width=\"208\"><\/td>\n<\/tr>\n<tr>\n<td width=\"208\">Vyriausioji finansinink\u0117<br \/>\nTechnologij\u0173 ir ekonomikos mokytoja<\/td>\n<td width=\"208\"><\/td>\n<td width=\"208\"><a href=\"https:\/\/vsmc.lt\/?page_id=2939\">Pareigyb\u0117s apra\u0161ymas<\/a><\/td>\n<\/tr>\n<\/tbody>\n<\/table>\n<p>&nbsp;<\/p>\n<table>\n<tbody>\n<tr>\n<td width=\"208\"><strong>Jolita Kubiakovskaja<\/strong><\/td>\n<td width=\"208\"><\/td>\n<td width=\"208\"><\/td>\n<\/tr>\n<tr>\n<td width=\"208\">Ugdymo apr\u016bpinimo skyriaus ved\u0117ja<\/td>\n<td width=\"208\"><\/td>\n<td width=\"208\"><a href=\"https:\/\/vsmc.lt\/?page_id=2939\">Pareigyb\u0117s apra\u0161ymas<\/a><\/td>\n<\/tr>\n<\/tbody>\n<\/table>\n<p>&nbsp;<\/p>\n<table>\n<tbody>\n<tr>\n<td width=\"208\"><strong>Asta Stankevi\u010dien\u0117<\/strong><\/td>\n<td width=\"208\"><\/td>\n<td width=\"208\"><\/td>\n<\/tr>\n<tr>\n<td width=\"208\">Personalo ir dokument\u0173 poskyrio ved\u0117ja<\/td>\n<td width=\"208\"><\/td>\n<td width=\"208\"><a href=\"https:\/\/vsmc.lt\/?page_id=2939\">Pareigyb\u0117s apra\u0161ymas<\/a><\/td>\n<\/tr>\n<\/tbody>\n<\/table>\n<p>&nbsp;<\/p>\n","protected":false},"excerpt":{"rendered":"<p>Natalja Kimso Direktor\u0117 Gyvenimo apra\u0161ymas Pareigyb\u0117s apra\u0161ymas &nbsp; Ana Diadi\u016bra \u00a0 Tiksli\u0173j\u0173, gamtos ir technologinio ugdymo skyriaus ved\u0117ja Chemijos\u00a0 mokytoja Pareigyb\u0117s apra\u0161ymas &nbsp; Jolanta Makovska \u00a0 Humanitarini\u0173 ir socialini\u0173 moksl\u0173 skyriaus ved\u0117ja Lenk\u0173 kalbos mokytoja Pareigyb\u0117s apra\u0161ymas &nbsp; Birut\u0117 Kubilinskien\u0117 Neformaliojo \u0161vietimo, veiklos steb\u0117senos ir pagalbos skyriaus ved\u0117ja Pareigyb\u0117s apra\u0161ymas Psicholog\u0117 Pareigyb\u0117s apra\u0161ymas Danut\u0117 Pirtinien\u0117 [&hellip;]<\/p>\n","protected":false},"author":1,"featured_media":0,"parent":854,"menu_order":0,"comment_status":"closed","ping_status":"closed","template":"","meta":{"footnotes":""},"class_list":["post-856","page","type-page","status-publish","hentry"],"yoast_head":"<!-- This site is optimized with the Yoast SEO plugin v27.3 - https:\/\/yoast.com\/product\/yoast-seo-wordpress\/ -->\n<title>Administracija - Vilniaus suaugusi\u0173j\u0173 mokymo centras<\/title>\n<meta name=\"robots\" content=\"index, follow, max-snippet:-1, max-image-preview:large, max-video-preview:-1\" \/>\n<link rel=\"canonical\" href=\"https:\/\/vsmc.lt\/?page_id=856\" \/>\n<meta property=\"og:locale\" content=\"lt_LT\" \/>\n<meta property=\"og:type\" content=\"article\" \/>\n<meta property=\"og:title\" content=\"Administracija - Vilniaus suaugusi\u0173j\u0173 mokymo centras\" \/>\n<meta property=\"og:description\" content=\"Natalja Kimso Direktor\u0117 Gyvenimo apra\u0161ymas Pareigyb\u0117s apra\u0161ymas &nbsp; Ana Diadi\u016bra \u00a0 Tiksli\u0173j\u0173, gamtos ir technologinio ugdymo skyriaus ved\u0117ja Chemijos\u00a0 mokytoja Pareigyb\u0117s apra\u0161ymas &nbsp; Jolanta Makovska \u00a0 Humanitarini\u0173 ir socialini\u0173 moksl\u0173 skyriaus ved\u0117ja Lenk\u0173 kalbos mokytoja Pareigyb\u0117s apra\u0161ymas &nbsp; Birut\u0117 Kubilinskien\u0117 Neformaliojo \u0161vietimo, veiklos steb\u0117senos ir pagalbos skyriaus ved\u0117ja Pareigyb\u0117s apra\u0161ymas Psicholog\u0117 Pareigyb\u0117s apra\u0161ymas Danut\u0117 Pirtinien\u0117 [&hellip;]\" \/>\n<meta property=\"og:url\" content=\"https:\/\/vsmc.lt\/?page_id=856\" \/>\n<meta property=\"og:site_name\" content=\"Vilniaus suaugusi\u0173j\u0173 mokymo centras\" \/>\n<meta property=\"article:publisher\" content=\"https:\/\/www.facebook.com\/p\/Vilniaus-suaugusij-mokymo-centras-VSMC-gimnazija-100034428106674\/\" \/>\n<meta property=\"article:modified_time\" content=\"2024-03-26T17:31:01+00:00\" \/>\n<meta property=\"og:image\" content=\"https:\/\/vsmc.lt\/wp-content\/uploads\/2018\/05\/03\/VSMC_PASTATAS_1-1.jpg\" \/>\n\t<meta property=\"og:image:width\" content=\"1500\" \/>\n\t<meta property=\"og:image:height\" content=\"925\" \/>\n\t<meta property=\"og:image:type\" content=\"image\/jpeg\" \/>\n<meta name=\"twitter:card\" content=\"summary_large_image\" \/>\n<meta name=\"twitter:label1\" content=\"Est. reading time\" \/>\n\t<meta name=\"twitter:data1\" content=\"1 minut\u0117\" \/>\n<script type=\"application\/ld+json\" class=\"yoast-schema-graph\">{\"@context\":\"https:\\\/\\\/schema.org\",\"@graph\":[{\"@type\":\"WebPage\",\"@id\":\"https:\\\/\\\/vsmc.lt\\\/?page_id=856\",\"url\":\"https:\\\/\\\/vsmc.lt\\\/?page_id=856\",\"name\":\"Administracija - Vilniaus suaugusi\u0173j\u0173 mokymo centras\",\"isPartOf\":{\"@id\":\"https:\\\/\\\/vsmc.lt\\\/#website\"},\"datePublished\":\"2015-03-12T16:11:53+00:00\",\"dateModified\":\"2024-03-26T17:31:01+00:00\",\"breadcrumb\":{\"@id\":\"https:\\\/\\\/vsmc.lt\\\/?page_id=856#breadcrumb\"},\"inLanguage\":\"lt-LT\",\"potentialAction\":[{\"@type\":\"ReadAction\",\"target\":[\"https:\\\/\\\/vsmc.lt\\\/?page_id=856\"]}]},{\"@type\":\"BreadcrumbList\",\"@id\":\"https:\\\/\\\/vsmc.lt\\\/?page_id=856#breadcrumb\",\"itemListElement\":[{\"@type\":\"ListItem\",\"position\":1,\"name\":\"Home\",\"item\":\"https:\\\/\\\/vsmc.lt\\\/\"},{\"@type\":\"ListItem\",\"position\":2,\"name\":\"Strukt\u016bra ir kontaktai\",\"item\":\"https:\\\/\\\/vsmc.lt\\\/?page_id=788\"},{\"@type\":\"ListItem\",\"position\":3,\"name\":\"Strukt\u016bra\",\"item\":\"https:\\\/\\\/vsmc.lt\\\/?page_id=854\"},{\"@type\":\"ListItem\",\"position\":4,\"name\":\"Administracija\"}]},{\"@type\":\"WebSite\",\"@id\":\"https:\\\/\\\/vsmc.lt\\\/#website\",\"url\":\"https:\\\/\\\/vsmc.lt\\\/\",\"name\":\"Vilniaus suaugusi\u0173j\u0173 mokymo centras\",\"description\":\"VSMC\",\"publisher\":{\"@id\":\"https:\\\/\\\/vsmc.lt\\\/#organization\"},\"alternateName\":\"VSMC\",\"potentialAction\":[{\"@type\":\"SearchAction\",\"target\":{\"@type\":\"EntryPoint\",\"urlTemplate\":\"https:\\\/\\\/vsmc.lt\\\/?s={search_term_string}\"},\"query-input\":{\"@type\":\"PropertyValueSpecification\",\"valueRequired\":true,\"valueName\":\"search_term_string\"}}],\"inLanguage\":\"lt-LT\"},{\"@type\":\"Organization\",\"@id\":\"https:\\\/\\\/vsmc.lt\\\/#organization\",\"name\":\"Vilniaus suaugusi\u0173j\u0173 mokymo centras\",\"alternateName\":\"VSMC\",\"url\":\"https:\\\/\\\/vsmc.lt\\\/\",\"logo\":{\"@type\":\"ImageObject\",\"inLanguage\":\"lt-LT\",\"@id\":\"https:\\\/\\\/vsmc.lt\\\/#\\\/schema\\\/logo\\\/image\\\/\",\"url\":\"https:\\\/\\\/vsmc.lt\\\/wp-content\\\/uploads\\\/2016\\\/11\\\/15\\\/logo.png\",\"contentUrl\":\"https:\\\/\\\/vsmc.lt\\\/wp-content\\\/uploads\\\/2016\\\/11\\\/15\\\/logo.png\",\"width\":96,\"height\":121,\"caption\":\"Vilniaus suaugusi\u0173j\u0173 mokymo centras\"},\"image\":{\"@id\":\"https:\\\/\\\/vsmc.lt\\\/#\\\/schema\\\/logo\\\/image\\\/\"},\"sameAs\":[\"https:\\\/\\\/www.facebook.com\\\/p\\\/Vilniaus-suaugusij-mokymo-centras-VSMC-gimnazija-100034428106674\\\/\"]}]}<\/script>\n<!-- \/ Yoast SEO plugin. -->","yoast_head_json":{"title":"Administracija - Vilniaus suaugusi\u0173j\u0173 mokymo centras","robots":{"index":"index","follow":"follow","max-snippet":"max-snippet:-1","max-image-preview":"max-image-preview:large","max-video-preview":"max-video-preview:-1"},"canonical":"https:\/\/vsmc.lt\/?page_id=856","og_locale":"lt_LT","og_type":"article","og_title":"Administracija - Vilniaus suaugusi\u0173j\u0173 mokymo centras","og_description":"Natalja Kimso Direktor\u0117 Gyvenimo apra\u0161ymas Pareigyb\u0117s apra\u0161ymas &nbsp; Ana Diadi\u016bra \u00a0 Tiksli\u0173j\u0173, gamtos ir technologinio ugdymo skyriaus ved\u0117ja Chemijos\u00a0 mokytoja Pareigyb\u0117s apra\u0161ymas &nbsp; Jolanta Makovska \u00a0 Humanitarini\u0173 ir socialini\u0173 moksl\u0173 skyriaus ved\u0117ja Lenk\u0173 kalbos mokytoja Pareigyb\u0117s apra\u0161ymas &nbsp; Birut\u0117 Kubilinskien\u0117 Neformaliojo \u0161vietimo, veiklos steb\u0117senos ir pagalbos skyriaus ved\u0117ja Pareigyb\u0117s apra\u0161ymas Psicholog\u0117 Pareigyb\u0117s apra\u0161ymas Danut\u0117 Pirtinien\u0117 [&hellip;]","og_url":"https:\/\/vsmc.lt\/?page_id=856","og_site_name":"Vilniaus suaugusi\u0173j\u0173 mokymo centras","article_publisher":"https:\/\/www.facebook.com\/p\/Vilniaus-suaugusij-mokymo-centras-VSMC-gimnazija-100034428106674\/","article_modified_time":"2024-03-26T17:31:01+00:00","og_image":[{"width":1500,"height":925,"url":"https:\/\/vsmc.lt\/wp-content\/uploads\/2018\/05\/03\/VSMC_PASTATAS_1-1.jpg","type":"image\/jpeg"}],"twitter_card":"summary_large_image","twitter_misc":{"Est. reading time":"1 minut\u0117"},"schema":{"@context":"https:\/\/schema.org","@graph":[{"@type":"WebPage","@id":"https:\/\/vsmc.lt\/?page_id=856","url":"https:\/\/vsmc.lt\/?page_id=856","name":"Administracija - Vilniaus suaugusi\u0173j\u0173 mokymo centras","isPartOf":{"@id":"https:\/\/vsmc.lt\/#website"},"datePublished":"2015-03-12T16:11:53+00:00","dateModified":"2024-03-26T17:31:01+00:00","breadcrumb":{"@id":"https:\/\/vsmc.lt\/?page_id=856#breadcrumb"},"inLanguage":"lt-LT","potentialAction":[{"@type":"ReadAction","target":["https:\/\/vsmc.lt\/?page_id=856"]}]},{"@type":"BreadcrumbList","@id":"https:\/\/vsmc.lt\/?page_id=856#breadcrumb","itemListElement":[{"@type":"ListItem","position":1,"name":"Home","item":"https:\/\/vsmc.lt\/"},{"@type":"ListItem","position":2,"name":"Strukt\u016bra ir kontaktai","item":"https:\/\/vsmc.lt\/?page_id=788"},{"@type":"ListItem","position":3,"name":"Strukt\u016bra","item":"https:\/\/vsmc.lt\/?page_id=854"},{"@type":"ListItem","position":4,"name":"Administracija"}]},{"@type":"WebSite","@id":"https:\/\/vsmc.lt\/#website","url":"https:\/\/vsmc.lt\/","name":"Vilniaus suaugusi\u0173j\u0173 mokymo centras","description":"VSMC","publisher":{"@id":"https:\/\/vsmc.lt\/#organization"},"alternateName":"VSMC","potentialAction":[{"@type":"SearchAction","target":{"@type":"EntryPoint","urlTemplate":"https:\/\/vsmc.lt\/?s={search_term_string}"},"query-input":{"@type":"PropertyValueSpecification","valueRequired":true,"valueName":"search_term_string"}}],"inLanguage":"lt-LT"},{"@type":"Organization","@id":"https:\/\/vsmc.lt\/#organization","name":"Vilniaus suaugusi\u0173j\u0173 mokymo centras","alternateName":"VSMC","url":"https:\/\/vsmc.lt\/","logo":{"@type":"ImageObject","inLanguage":"lt-LT","@id":"https:\/\/vsmc.lt\/#\/schema\/logo\/image\/","url":"https:\/\/vsmc.lt\/wp-content\/uploads\/2016\/11\/15\/logo.png","contentUrl":"https:\/\/vsmc.lt\/wp-content\/uploads\/2016\/11\/15\/logo.png","width":96,"height":121,"caption":"Vilniaus suaugusi\u0173j\u0173 mokymo centras"},"image":{"@id":"https:\/\/vsmc.lt\/#\/schema\/logo\/image\/"},"sameAs":["https:\/\/www.facebook.com\/p\/Vilniaus-suaugusij-mokymo-centras-VSMC-gimnazija-100034428106674\/"]}]}},"_links":{"self":[{"href":"https:\/\/vsmc.lt\/index.php?rest_route=\/wp\/v2\/pages\/856","targetHints":{"allow":["GET"]}}],"collection":[{"href":"https:\/\/vsmc.lt\/index.php?rest_route=\/wp\/v2\/pages"}],"about":[{"href":"https:\/\/vsmc.lt\/index.php?rest_route=\/wp\/v2\/types\/page"}],"author":[{"embeddable":true,"href":"https:\/\/vsmc.lt\/index.php?rest_route=\/wp\/v2\/users\/1"}],"replies":[{"embeddable":true,"href":"https:\/\/vsmc.lt\/index.php?rest_route=%2Fwp%2Fv2%2Fcomments&post=856"}],"version-history":[{"count":46,"href":"https:\/\/vsmc.lt\/index.php?rest_route=\/wp\/v2\/pages\/856\/revisions"}],"predecessor-version":[{"id":11008,"href":"https:\/\/vsmc.lt\/index.php?rest_route=\/wp\/v2\/pages\/856\/revisions\/11008"}],"up":[{"embeddable":true,"href":"https:\/\/vsmc.lt\/index.php?rest_route=\/wp\/v2\/pages\/854"}],"wp:attachment":[{"href":"https:\/\/vsmc.lt\/index.php?rest_route=%2Fwp%2Fv2%2Fmedia&parent=856"}],"curies":[{"name":"wp","href":"https:\/\/api.w.org\/{rel}","templated":true}]}}