{"id":858,"date":"2015-03-12T16:12:32","date_gmt":"2015-03-12T16:12:32","guid":{"rendered":"http:\/\/vsmc.lt\/?page_id=858"},"modified":"2025-09-10T18:58:35","modified_gmt":"2025-09-10T15:58:35","slug":"metodine-taryba","status":"publish","type":"page","link":"https:\/\/vsmc.lt\/?page_id=858","title":{"rendered":"Mokytoj\u0173 taryba"},"content":{"rendered":"<p style=\"text-align: center;\"><strong>Mokytoj\u0173 taryba<\/strong><\/p>\n<p><strong>Pirminink\u0117:<\/strong><\/p>\n<p>Direktoriaus pavaduotoja ugdymui, chemijos mokytoja Ana Diadi\u016bra (chemijos mokytoja metodinink\u0117)<\/p>\n<p><strong>Nariai:<\/strong><\/p>\n<p>Lietuvi\u0173 kalbos mokytoja Oksana Aleknavi\u010dius (lietuvi\u0173 kalbos mokytoja metodinink\u0117)<\/p>\n<p>Matematikos ir informatikos mokytoja Jelena Aleknien\u0117 (matematikos ir informatikos mokytoja metodinink\u0117)<\/p>\n<p>Etikos ir geografijos mokytoja Ilona Mikul\u0117nien\u0117 (etikos mokytoja metodinink\u0117, geografijos vyresnioji mokytoja)<\/p>\n","protected":false},"excerpt":{"rendered":"<p>Mokytoj\u0173 taryba Pirminink\u0117: Direktoriaus pavaduotoja ugdymui, chemijos mokytoja Ana Diadi\u016bra (chemijos mokytoja metodinink\u0117) Nariai: Lietuvi\u0173 kalbos mokytoja Oksana Aleknavi\u010dius (lietuvi\u0173 kalbos mokytoja metodinink\u0117) Matematikos ir informatikos mokytoja Jelena Aleknien\u0117 (matematikos ir informatikos mokytoja metodinink\u0117) Etikos ir geografijos mokytoja Ilona Mikul\u0117nien\u0117 (etikos mokytoja metodinink\u0117, geografijos vyresnioji mokytoja)<\/p>\n","protected":false},"author":1,"featured_media":0,"parent":854,"menu_order":0,"comment_status":"closed","ping_status":"closed","template":"","meta":{"footnotes":""},"class_list":["post-858","page","type-page","status-publish","hentry"],"yoast_head":"<!-- This site is optimized with the Yoast SEO plugin v27.5 - https:\/\/yoast.com\/product\/yoast-seo-wordpress\/ -->\n<title>Mokytoj\u0173 taryba - Vilniaus suaugusi\u0173j\u0173 mokymo centras<\/title>\n<meta name=\"robots\" content=\"index, follow, max-snippet:-1, max-image-preview:large, max-video-preview:-1\" \/>\n<link rel=\"canonical\" href=\"https:\/\/vsmc.lt\/?page_id=858\" \/>\n<meta property=\"og:locale\" content=\"lt_LT\" \/>\n<meta property=\"og:type\" content=\"article\" \/>\n<meta property=\"og:title\" content=\"Mokytoj\u0173 taryba - Vilniaus suaugusi\u0173j\u0173 mokymo centras\" \/>\n<meta property=\"og:description\" content=\"Mokytoj\u0173 taryba Pirminink\u0117: Direktoriaus pavaduotoja ugdymui, chemijos mokytoja Ana Diadi\u016bra (chemijos mokytoja metodinink\u0117) Nariai: Lietuvi\u0173 kalbos mokytoja Oksana Aleknavi\u010dius (lietuvi\u0173 kalbos mokytoja metodinink\u0117) Matematikos ir informatikos mokytoja Jelena Aleknien\u0117 (matematikos ir informatikos mokytoja metodinink\u0117) Etikos ir geografijos mokytoja Ilona Mikul\u0117nien\u0117 (etikos mokytoja metodinink\u0117, geografijos vyresnioji mokytoja)\" \/>\n<meta property=\"og:url\" content=\"https:\/\/vsmc.lt\/?page_id=858\" \/>\n<meta property=\"og:site_name\" content=\"Vilniaus suaugusi\u0173j\u0173 mokymo centras\" \/>\n<meta property=\"article:publisher\" content=\"https:\/\/www.facebook.com\/p\/Vilniaus-suaugusij-mokymo-centras-VSMC-gimnazija-100034428106674\/\" \/>\n<meta property=\"article:modified_time\" content=\"2025-09-10T15:58:35+00:00\" \/>\n<meta property=\"og:image\" content=\"https:\/\/vsmc.lt\/wp-content\/uploads\/2018\/05\/03\/VSMC_PASTATAS_1-1.jpg\" \/>\n\t<meta property=\"og:image:width\" content=\"1500\" \/>\n\t<meta property=\"og:image:height\" content=\"925\" \/>\n\t<meta property=\"og:image:type\" content=\"image\/jpeg\" \/>\n<meta name=\"twitter:card\" content=\"summary_large_image\" \/>\n<meta name=\"twitter:label1\" content=\"Est. reading time\" \/>\n\t<meta name=\"twitter:data1\" content=\"1 minut\u0117\" \/>\n<script type=\"application\/ld+json\" class=\"yoast-schema-graph\">{\"@context\":\"https:\\\/\\\/schema.org\",\"@graph\":[{\"@type\":\"WebPage\",\"@id\":\"https:\\\/\\\/vsmc.lt\\\/?page_id=858\",\"url\":\"https:\\\/\\\/vsmc.lt\\\/?page_id=858\",\"name\":\"Mokytoj\u0173 taryba - Vilniaus suaugusi\u0173j\u0173 mokymo centras\",\"isPartOf\":{\"@id\":\"https:\\\/\\\/vsmc.lt\\\/#website\"},\"datePublished\":\"2015-03-12T16:12:32+00:00\",\"dateModified\":\"2025-09-10T15:58:35+00:00\",\"breadcrumb\":{\"@id\":\"https:\\\/\\\/vsmc.lt\\\/?page_id=858#breadcrumb\"},\"inLanguage\":\"lt-LT\",\"potentialAction\":[{\"@type\":\"ReadAction\",\"target\":[\"https:\\\/\\\/vsmc.lt\\\/?page_id=858\"]}]},{\"@type\":\"BreadcrumbList\",\"@id\":\"https:\\\/\\\/vsmc.lt\\\/?page_id=858#breadcrumb\",\"itemListElement\":[{\"@type\":\"ListItem\",\"position\":1,\"name\":\"Home\",\"item\":\"https:\\\/\\\/vsmc.lt\\\/\"},{\"@type\":\"ListItem\",\"position\":2,\"name\":\"Strukt\u016bra ir kontaktai\",\"item\":\"https:\\\/\\\/vsmc.lt\\\/?page_id=788\"},{\"@type\":\"ListItem\",\"position\":3,\"name\":\"Strukt\u016bra\",\"item\":\"https:\\\/\\\/vsmc.lt\\\/?page_id=854\"},{\"@type\":\"ListItem\",\"position\":4,\"name\":\"Mokytoj\u0173 taryba\"}]},{\"@type\":\"WebSite\",\"@id\":\"https:\\\/\\\/vsmc.lt\\\/#website\",\"url\":\"https:\\\/\\\/vsmc.lt\\\/\",\"name\":\"Vilniaus suaugusi\u0173j\u0173 mokymo centras\",\"description\":\"VSMC\",\"publisher\":{\"@id\":\"https:\\\/\\\/vsmc.lt\\\/#organization\"},\"alternateName\":\"VSMC\",\"potentialAction\":[{\"@type\":\"SearchAction\",\"target\":{\"@type\":\"EntryPoint\",\"urlTemplate\":\"https:\\\/\\\/vsmc.lt\\\/?s={search_term_string}\"},\"query-input\":{\"@type\":\"PropertyValueSpecification\",\"valueRequired\":true,\"valueName\":\"search_term_string\"}}],\"inLanguage\":\"lt-LT\"},{\"@type\":\"Organization\",\"@id\":\"https:\\\/\\\/vsmc.lt\\\/#organization\",\"name\":\"Vilniaus suaugusi\u0173j\u0173 mokymo centras\",\"alternateName\":\"VSMC\",\"url\":\"https:\\\/\\\/vsmc.lt\\\/\",\"logo\":{\"@type\":\"ImageObject\",\"inLanguage\":\"lt-LT\",\"@id\":\"https:\\\/\\\/vsmc.lt\\\/#\\\/schema\\\/logo\\\/image\\\/\",\"url\":\"https:\\\/\\\/vsmc.lt\\\/wp-content\\\/uploads\\\/2016\\\/11\\\/15\\\/logo.png\",\"contentUrl\":\"https:\\\/\\\/vsmc.lt\\\/wp-content\\\/uploads\\\/2016\\\/11\\\/15\\\/logo.png\",\"width\":96,\"height\":121,\"caption\":\"Vilniaus suaugusi\u0173j\u0173 mokymo centras\"},\"image\":{\"@id\":\"https:\\\/\\\/vsmc.lt\\\/#\\\/schema\\\/logo\\\/image\\\/\"},\"sameAs\":[\"https:\\\/\\\/www.facebook.com\\\/p\\\/Vilniaus-suaugusij-mokymo-centras-VSMC-gimnazija-100034428106674\\\/\"]}]}<\/script>\n<!-- \/ Yoast SEO plugin. -->","yoast_head_json":{"title":"Mokytoj\u0173 taryba - Vilniaus suaugusi\u0173j\u0173 mokymo centras","robots":{"index":"index","follow":"follow","max-snippet":"max-snippet:-1","max-image-preview":"max-image-preview:large","max-video-preview":"max-video-preview:-1"},"canonical":"https:\/\/vsmc.lt\/?page_id=858","og_locale":"lt_LT","og_type":"article","og_title":"Mokytoj\u0173 taryba - Vilniaus suaugusi\u0173j\u0173 mokymo centras","og_description":"Mokytoj\u0173 taryba Pirminink\u0117: Direktoriaus pavaduotoja ugdymui, chemijos mokytoja Ana Diadi\u016bra (chemijos mokytoja metodinink\u0117) Nariai: Lietuvi\u0173 kalbos mokytoja Oksana Aleknavi\u010dius (lietuvi\u0173 kalbos mokytoja metodinink\u0117) Matematikos ir informatikos mokytoja Jelena Aleknien\u0117 (matematikos ir informatikos mokytoja metodinink\u0117) Etikos ir geografijos mokytoja Ilona Mikul\u0117nien\u0117 (etikos mokytoja metodinink\u0117, geografijos vyresnioji mokytoja)","og_url":"https:\/\/vsmc.lt\/?page_id=858","og_site_name":"Vilniaus suaugusi\u0173j\u0173 mokymo centras","article_publisher":"https:\/\/www.facebook.com\/p\/Vilniaus-suaugusij-mokymo-centras-VSMC-gimnazija-100034428106674\/","article_modified_time":"2025-09-10T15:58:35+00:00","og_image":[{"width":1500,"height":925,"url":"https:\/\/vsmc.lt\/wp-content\/uploads\/2018\/05\/03\/VSMC_PASTATAS_1-1.jpg","type":"image\/jpeg"}],"twitter_card":"summary_large_image","twitter_misc":{"Est. reading time":"1 minut\u0117"},"schema":{"@context":"https:\/\/schema.org","@graph":[{"@type":"WebPage","@id":"https:\/\/vsmc.lt\/?page_id=858","url":"https:\/\/vsmc.lt\/?page_id=858","name":"Mokytoj\u0173 taryba - Vilniaus suaugusi\u0173j\u0173 mokymo centras","isPartOf":{"@id":"https:\/\/vsmc.lt\/#website"},"datePublished":"2015-03-12T16:12:32+00:00","dateModified":"2025-09-10T15:58:35+00:00","breadcrumb":{"@id":"https:\/\/vsmc.lt\/?page_id=858#breadcrumb"},"inLanguage":"lt-LT","potentialAction":[{"@type":"ReadAction","target":["https:\/\/vsmc.lt\/?page_id=858"]}]},{"@type":"BreadcrumbList","@id":"https:\/\/vsmc.lt\/?page_id=858#breadcrumb","itemListElement":[{"@type":"ListItem","position":1,"name":"Home","item":"https:\/\/vsmc.lt\/"},{"@type":"ListItem","position":2,"name":"Strukt\u016bra ir kontaktai","item":"https:\/\/vsmc.lt\/?page_id=788"},{"@type":"ListItem","position":3,"name":"Strukt\u016bra","item":"https:\/\/vsmc.lt\/?page_id=854"},{"@type":"ListItem","position":4,"name":"Mokytoj\u0173 taryba"}]},{"@type":"WebSite","@id":"https:\/\/vsmc.lt\/#website","url":"https:\/\/vsmc.lt\/","name":"Vilniaus suaugusi\u0173j\u0173 mokymo centras","description":"VSMC","publisher":{"@id":"https:\/\/vsmc.lt\/#organization"},"alternateName":"VSMC","potentialAction":[{"@type":"SearchAction","target":{"@type":"EntryPoint","urlTemplate":"https:\/\/vsmc.lt\/?s={search_term_string}"},"query-input":{"@type":"PropertyValueSpecification","valueRequired":true,"valueName":"search_term_string"}}],"inLanguage":"lt-LT"},{"@type":"Organization","@id":"https:\/\/vsmc.lt\/#organization","name":"Vilniaus suaugusi\u0173j\u0173 mokymo centras","alternateName":"VSMC","url":"https:\/\/vsmc.lt\/","logo":{"@type":"ImageObject","inLanguage":"lt-LT","@id":"https:\/\/vsmc.lt\/#\/schema\/logo\/image\/","url":"https:\/\/vsmc.lt\/wp-content\/uploads\/2016\/11\/15\/logo.png","contentUrl":"https:\/\/vsmc.lt\/wp-content\/uploads\/2016\/11\/15\/logo.png","width":96,"height":121,"caption":"Vilniaus suaugusi\u0173j\u0173 mokymo centras"},"image":{"@id":"https:\/\/vsmc.lt\/#\/schema\/logo\/image\/"},"sameAs":["https:\/\/www.facebook.com\/p\/Vilniaus-suaugusij-mokymo-centras-VSMC-gimnazija-100034428106674\/"]}]}},"_links":{"self":[{"href":"https:\/\/vsmc.lt\/index.php?rest_route=\/wp\/v2\/pages\/858","targetHints":{"allow":["GET"]}}],"collection":[{"href":"https:\/\/vsmc.lt\/index.php?rest_route=\/wp\/v2\/pages"}],"about":[{"href":"https:\/\/vsmc.lt\/index.php?rest_route=\/wp\/v2\/types\/page"}],"author":[{"embeddable":true,"href":"https:\/\/vsmc.lt\/index.php?rest_route=\/wp\/v2\/users\/1"}],"replies":[{"embeddable":true,"href":"https:\/\/vsmc.lt\/index.php?rest_route=%2Fwp%2Fv2%2Fcomments&post=858"}],"version-history":[{"count":11,"href":"https:\/\/vsmc.lt\/index.php?rest_route=\/wp\/v2\/pages\/858\/revisions"}],"predecessor-version":[{"id":11815,"href":"https:\/\/vsmc.lt\/index.php?rest_route=\/wp\/v2\/pages\/858\/revisions\/11815"}],"up":[{"embeddable":true,"href":"https:\/\/vsmc.lt\/index.php?rest_route=\/wp\/v2\/pages\/854"}],"wp:attachment":[{"href":"https:\/\/vsmc.lt\/index.php?rest_route=%2Fwp%2Fv2%2Fmedia&parent=858"}],"curies":[{"name":"wp","href":"https:\/\/api.w.org\/{rel}","templated":true}]}}