{"id":862,"date":"2015-03-12T16:15:31","date_gmt":"2015-03-12T16:15:31","guid":{"rendered":"http:\/\/vsmc.lt\/?page_id=862"},"modified":"2023-03-16T20:17:53","modified_gmt":"2023-03-16T17:17:53","slug":"mokytojai","status":"publish","type":"page","link":"https:\/\/vsmc.lt\/?page_id=862","title":{"rendered":"Mokytojai"},"content":{"rendered":"<p><a href=\"https:\/\/vsmc.lt\/wp-content\/uploads\/2017\/06\/30\/1Mokytojo-pareigin\u0117-bendra.pdf\"><strong>MOKYTOJO (ANDRAGOGO) PAREIGYB\u0116S APRA\u0160YMAS<\/strong><\/a><\/p>\r\n<p><strong><a href=\"https:\/\/vsmc.lt\/wp-content\/uploads\/2020\/12\/21\/Aukletojo-pareigybe-2020-09-01.pdf\">KLAS\u0116S AUKL\u0116TOJO PAREIGYB\u0116S APRA\u0160YMAS<\/a><\/strong><\/p>\r\n<p>&nbsp;<\/p>\r\n<p><strong>Oksana Aleknavi\u010dius<\/strong><\/p>\r\n<p>Pareigos ir pedagogin\u0117 kvalifikacija:\u00a0 mokytoja, Centro tarybos sekretor\u0117, mokytoja metodinink\u0117.<br \/>I\u0161silavinimas ir specialyb\u0117: auk\u0161tasis, lietuvi\u0173 filologija.<br \/>Mokomasis dalykas: <a href=\"https:\/\/vsmc.lt\/wp-content\/uploads\/2020\/12\/21\/lietuviu-kalbos-mokytojo-pareigine.pdf\">lietuvi\u0173 kalba ir literat\u016bra<\/a>.<\/p>\r\n<p><strong>Jelena Aleknien\u0117 <\/strong><\/p>\r\n<p>Pareigos ir pedagogin\u0117 kvalifikacija:\u00a0mokytoja, vyresn. mokytoja, mokytoja metodinink\u0117.<br \/>I\u0161silavinimas ir specialyb\u0117: auk\u0161tasis, matematika ir informatika.<br \/>Mokomasis dalykas: <a href=\"https:\/\/vsmc.lt\/wp-content\/uploads\/2023\/03\/16\/Matematikos-mokytojo-pareigine.pdf\">matematika<\/a>, <a href=\"https:\/\/vsmc.lt\/wp-content\/uploads\/2023\/03\/16\/informaciniu-technologiju-mokytojo-pareigine.pdf\">informacin\u0117s technologijos<\/a>.<\/p>\r\n<p><strong>Rasa Bliuj\u016bt\u0117<\/strong><\/p>\r\n<p>Pareigos ir pedagogin\u0117 kvalifikacija: mokytoja, mokytoja metodinink\u0117.<br \/>I\u0161silavinimas ir specialyb\u0117: auk\u0161tasis, matematika ir informatika.<br \/>Mokomasis dalykas: <a href=\"https:\/\/vsmc.lt\/wp-content\/uploads\/2020\/12\/21\/Matematikos-mokytojo-pareigine.pdf\">matematika<\/a>.<\/p>\r\n<p><strong>Vita Budinien\u0117<\/strong><\/p>\r\n<p>Pareigos ir pedagogin\u0117 kvalifikacija: mokytoja, mokytoja metodinink\u0117.<br \/>I\u0161silavinimas ir specialyb\u0117: auk\u0161tasis, lietuvi\u0173 kalba ir literat\u016bra.<br \/>Mokomasis dalykas: <a href=\"https:\/\/vsmc.lt\/wp-content\/uploads\/2020\/12\/21\/lietuviu-kalbos-mokytojo-pareigine.pdf\">lietuvi\u0173 kalba ir literat\u016bra<\/a>.<\/p>\r\n<p><strong>Galina \u010cerny\u0161iova <\/strong><\/p>\r\n<p>Pareigos ir pedagogin\u0117 kvalifikacija: Kalb\u0173 metodin\u0117s grup\u0117s pirminink\u0117, mokytoja, vyresn. mokytoja.<br \/>I\u0161silavinimas ir specialyb\u0117: auk\u0161tasis,\u00a0 rus\u0173 kalba ir literat\u016bra.<br \/>Mokomasis dalykas: <a href=\"https:\/\/vsmc.lt\/wp-content\/uploads\/2020\/12\/21\/uzsienio-kalbosmokytojo-pareigine.pdf\">u\u017esienio kalba (rus\u0173)<\/a>, <a href=\"https:\/\/vsmc.lt\/wp-content\/uploads\/2020\/12\/21\/gimtosios-kalbosmokytojo-pareigine.pdf\">gimtoji kalba (rus\u0173)<\/a>.<\/p>\r\n<p><strong>Ana Diadi\u016bra <\/strong><\/p>\r\n<p>Pareigos ir pedagogin\u0117 kvalifikacija: Tiklsli\u0173j\u0173 ir gamtos moksl\u0173 metodin\u0117s grup\u0117s pirminink\u0117, mokytoja, mokytoja metodinink\u0117.<br \/>I\u0161silavinimas ir specialyb\u0117: auk\u0161tasis, biochemija, chemija, technologij\u0173 vadybinink\u0117.<br \/>Mokomasis dalykas: <a href=\"https:\/\/vsmc.lt\/wp-content\/uploads\/2020\/12\/21\/Chemijos-mokytojos-pareigine.pdf\">chemija<\/a>.<\/p>\r\n<p><strong>J\u016brat\u0117 Geigalien\u0117 <\/strong><\/p>\r\n<p>Pareigos ir pedagogin\u0117 kvalifikacija: mokytoja, vyresn. mokytoja.<br \/>I\u0161silavinimas ir specialyb\u0117: auk\u0161tasis, vokie\u010di\u0173 kalba.<br \/>Mokomasis dalykas: <a href=\"https:\/\/vsmc.lt\/wp-content\/uploads\/2020\/12\/21\/uzsienio-kalbosmokytojo-pareigine.pdf\">u\u017esienio kalba (vokie\u010di\u0173)<\/a>.<\/p>\r\n<p><strong>An\u017eela Jablonskait\u0117 <\/strong><\/p>\r\n<p>Pareigos ir pedagogin\u0117 kvalifikacija:\u00a0mokytoja, mokytoja metodinink\u0117.<br \/>I\u0161silavinimas ir specialyb\u0117: auk\u0161tasis, istorija.<br \/>Mokomasis dalykas: <a href=\"https:\/\/vsmc.lt\/wp-content\/uploads\/2020\/12\/21\/Istorijos-mokytojo-pareigine.pdf\">istorija<\/a> , <a href=\"https:\/\/vsmc.lt\/wp-content\/uploads\/2020\/12\/21\/pilietiskumo-pagrindai-mokytojo-pareigine.pdf\">pilieti\u0161kumo pagrindai<\/a>.<\/p>\r\n<p><strong>Jovita Kavoli\u016bnien\u0117 <\/strong><\/p>\r\n<p>Pareigos ir pedagogin\u0117 kvalifikacija:\u00a0mokytoja, mokytoja metodinink\u0117.<br \/>I\u0161silavinimas ir specialyb\u0117: auk\u0161tasis, ekologija ir aplinkotyra.<br \/>Mokomasis dalykas: <a href=\"https:\/\/vsmc.lt\/wp-content\/uploads\/2020\/12\/21\/biologijos-mokytojos-pareigine.pdf\">biologija<\/a>, sveika gyvensena.<\/p>\r\n<p><strong>Vilma Kruopien\u0117 <\/strong><\/p>\r\n<p>Pareigos ir pedagogin\u0117 kvalifikacija: Lietuvi\u0173 kalbos metodin\u0117s grup\u0117s pirminink\u0117, mokytoja, mokytoja metodinink\u0117.<br \/>I\u0161silavinimas ir specialyb\u0117: auk\u0161tasis,\u00a0 lietuvi\u0173 kalba ir literat\u016bra.<br \/>Mokomasis dalykas:\u00a0 <a href=\"https:\/\/vsmc.lt\/wp-content\/uploads\/2020\/12\/21\/lietuviu-kalbos-mokytojo-pareigine.pdf\">lietuvi\u0173 kalba ir literat\u016bra<\/a>.<\/p>\r\n<p><strong>Birut\u0117 Kubilinskien\u0117 <\/strong><\/p>\r\n<p>Pareigos ir pedagogin\u0117 kvalifikacija: Neformaliojo \u0161vietimo, veiklos steb\u0117senos ir pagalbos mokiniui skyriaus ved\u0117ja, <a href=\"https:\/\/vsmc.lt\/wp-content\/uploads\/2020\/12\/21\/Psichologo-pareigybes-aprasymas-BK-MELYNAS.pdf\">psicholog\u0117<\/a>.<br \/>I\u0161silavinimas ir specialyb\u0117: auk\u0161tasis, psichologija.<\/p>\r\n<p><strong>Jolanta Makovska <\/strong><\/p>\r\n<p>Pareigos ir pedagogin\u0117 kvalifikacija: Humanitarini\u0173 ir socialini\u0173 moksl\u0173 \u00a0skyriaus ved\u0117ja, mokytoja, Centro tarybos pirminink\u0117, vyresn. mokytoja.<br \/>I\u0161silavinimas ir specialyb\u0117: auk\u0161tasis, lenk\u0173 filologija, ekonomika.<br \/>Mokomasis dalykas: <a href=\"https:\/\/vsmc.lt\/wp-content\/uploads\/2020\/12\/21\/gimtosios-kalbosmokytojo-pareigine.pdf\">gimtoji kalba (lenk\u0173)<\/a>, <a href=\"https:\/\/vsmc.lt\/wp-content\/uploads\/2021\/02\/09\/ekonomikos-mokytojo-pareigine.pdf\">ekonomika<\/a>.<\/p>\r\n<p><strong>Ilona Mikul\u0117nien\u0117 <\/strong><\/p>\r\n<p>Pareigos ir pedagogin\u0117 kvalifikacija: mokytoja, etikos mokytoja metodinink\u0117, geografijos vyresn. mokytoja.<br \/>I\u0161silavinimas ir specialyb\u0117: auk\u0161tasis, geografija.<br \/>Mokomasis dalykas: <a href=\"https:\/\/vsmc.lt\/wp-content\/uploads\/2020\/12\/21\/Etikos-mokytojo-pareigine.pdf\">etika<\/a>, <a href=\"https:\/\/vsmc.lt\/wp-content\/uploads\/2021\/02\/09\/Geografijos-mokytojo-pareigine.pdf\">geografija<\/a>, profesinis karjeros planavimas.<\/p>\r\n<p><strong>Jon\u0117 Paulauskien\u0117 <\/strong><\/p>\r\n<p>Pareigos ir pedagogin\u0117 kvalifikacija: Metodin\u0117s tarybos pirminink\u0117, mokytoja, mokytoja metodinink\u0117.<br \/>I\u0161silavinimas ir specialyb\u0117: auk\u0161tasis, interjeras ir \u012frengimai, suteikta pedagogo kvalifikacija.<br \/>Mokomasis dalykas: <a href=\"https:\/\/vsmc.lt\/wp-content\/uploads\/2020\/12\/21\/menai-mokytojo-pareigine.pdf\">dail\u0117, technologijos, dizainas<\/a>.<\/p>\r\n<p><strong>Danut\u0117 Pirtinien\u0117 <\/strong><\/p>\r\n<p>Pareigos ir pedagogin\u0117 kvalifikacija: \u00a0vyriausioji finansinink\u0117,\u00a0 mokytoja, vyresn. mokytoja.<br \/>I\u0161silavinimas ir specialyb\u0117: auk\u0161tasis, ekonomikos ir verslo pagrindai.<\/p>\r\n<p>Mokomasis dalykas: <a href=\"https:\/\/vsmc.lt\/wp-content\/uploads\/2021\/02\/09\/ekonomikos-mokytojo-pareigine.pdf\">ekonomika<\/a>.<\/p>\r\n<p><strong>Skaist\u0117 Sadauninkait\u0117<\/strong><\/p>\r\n<p>Pareigos ir pedagogin\u0117 kvalifikacija: mokytoja, mokytoja metodinink\u0117.<br \/>I\u0161silavinimas ir specialyb\u0117: auk\u0161tasis, angl\u0173 kalbos filologija.<br \/>Mokomasis dalykas: <a href=\"https:\/\/vsmc.lt\/wp-content\/uploads\/2020\/12\/21\/uzsienio-kalbosmokytojo-pareigine.pdf\">u\u017esienio kalba (angl\u0173)<\/a>.<\/p>\r\n<p><strong style=\"font-size: 1.0625rem;\">Irina Saveljeva<\/strong><\/p>\r\n<p>Pareigos ir pedagogin\u0117 kvalifikacija: \u00a0mokytoja, vyresn. mokytoja.<br \/>I\u0161silavinimas ir specialyb\u0117: auk\u0161tasis, rus\u0173 kalba ir literat\u016bra.<br \/>Mokomasis dalykas: <a href=\"https:\/\/vsmc.lt\/wp-content\/uploads\/2020\/12\/21\/uzsienio-kalbosmokytojo-pareigine.pdf\">u\u017esienio kalba (rus\u0173)<\/a>, <a href=\"https:\/\/vsmc.lt\/wp-content\/uploads\/2020\/12\/21\/gimtosios-kalbosmokytojo-pareigine.pdf\">gimtoji kalba (rus\u0173)<\/a>.<\/p>\r\n<p><strong>Marija Sta\u0161kevi\u010d <\/strong><\/p>\r\n<p>Pareigos ir pedagogin\u0117 kvalifikacija: mokytoja, vyresn. mokytoja.<br \/>I\u0161silavinimas ir specialyb\u0117: auk\u0161tasis, fizika.<br \/>Mokomasis dalykas: <a href=\"https:\/\/vsmc.lt\/wp-content\/uploads\/2020\/12\/21\/Fizikos-mokytojo-pareigine.pdf\">fizika<\/a>.<\/p>\r\n<p><strong>Ana Tym\u010diuk<\/strong><\/p>\r\n<p>Pareigos ir pedagogin\u0117 kvalifikacija: mokytoja, mokytoja metodinink\u0117.<br \/>I\u0161silavinimas ir specialyb\u0117: auk\u0161tasis, angl\u0173 kalbos filologija.<br \/>Mokomasis dalykas: <a href=\"https:\/\/vsmc.lt\/wp-content\/uploads\/2020\/12\/21\/uzsienio-kalbosmokytojo-pareigine.pdf\">u\u017esienio kalba (angl\u0173)<\/a>.<\/p>\r\n<p><strong>Toma\u0161 Tribockij<\/strong><\/p>\r\n<p>Pareigos ir pedagogin\u0117 kvalifikacija: mokytojas, vyresn. mokytojas.<br \/>I\u0161silavinimas ir specialyb\u0117: auk\u0161tasis, fizika ir taikomoji kompiuterija.<br \/>Mokomasis dalykas: <a href=\"https:\/\/vsmc.lt\/wp-content\/uploads\/2020\/12\/21\/Fizikos-mokytojo-pareigine.pdf\">fizika<\/a>, <a href=\"https:\/\/vsmc.lt\/wp-content\/uploads\/2020\/12\/21\/informaciniu-technologiju-mokytojo-pareigine.pdf\">informacin\u0117s technologijos<\/a>.<\/p>\r\n<p><strong>Ri\u010dardas \u017dilinskas<\/strong><\/p>\r\n<p><span style=\"font-size: 1.0625rem;\">Pareigos ir pedagogin\u0117 kvalifikacija:\u00a0mokytojas, vyresn. mokytojas.<br \/>I\u0161silavinimas ir specialyb\u0117: auk\u0161tasis, matematika.<br \/>Mokomasis dalykas: <a href=\"https:\/\/vsmc.lt\/wp-content\/uploads\/2020\/12\/21\/Matematikos-mokytojo-pareigine.pdf\">matematika<\/a>, <a href=\"https:\/\/vsmc.lt\/wp-content\/uploads\/2023\/03\/16\/informaciniu-technologiju-mokytojo-pareigine.pdf\">informacin\u0117s technologijos<\/a>.<\/span><\/p>\r\n\r\n<p>&nbsp;<\/p>\r\n\r\n\r\n","protected":false},"excerpt":{"rendered":"<p>MOKYTOJO (ANDRAGOGO) PAREIGYB\u0116S APRA\u0160YMAS KLAS\u0116S AUKL\u0116TOJO PAREIGYB\u0116S APRA\u0160YMAS &nbsp; Oksana Aleknavi\u010dius Pareigos ir pedagogin\u0117 kvalifikacija:\u00a0 mokytoja, Centro tarybos sekretor\u0117, mokytoja metodinink\u0117.I\u0161silavinimas ir specialyb\u0117: auk\u0161tasis, lietuvi\u0173 filologija.Mokomasis dalykas: lietuvi\u0173 kalba ir literat\u016bra. Jelena Aleknien\u0117 Pareigos ir pedagogin\u0117 kvalifikacija:\u00a0mokytoja, vyresn. mokytoja, mokytoja metodinink\u0117.I\u0161silavinimas ir specialyb\u0117: auk\u0161tasis, matematika ir informatika.Mokomasis dalykas: matematika, informacin\u0117s technologijos. Rasa Bliuj\u016bt\u0117 Pareigos ir [&hellip;]<\/p>\n","protected":false},"author":1,"featured_media":0,"parent":854,"menu_order":0,"comment_status":"closed","ping_status":"closed","template":"","meta":{"footnotes":""},"class_list":["post-862","page","type-page","status-publish","hentry"],"yoast_head":"<!-- This site is optimized with the Yoast SEO plugin v27.3 - https:\/\/yoast.com\/product\/yoast-seo-wordpress\/ -->\n<title>Mokytojai - Vilniaus suaugusi\u0173j\u0173 mokymo centras<\/title>\n<meta name=\"robots\" content=\"index, follow, max-snippet:-1, max-image-preview:large, max-video-preview:-1\" \/>\n<link rel=\"canonical\" href=\"https:\/\/vsmc.lt\/?page_id=862\" \/>\n<meta property=\"og:locale\" content=\"lt_LT\" \/>\n<meta property=\"og:type\" content=\"article\" \/>\n<meta property=\"og:title\" content=\"Mokytojai - Vilniaus suaugusi\u0173j\u0173 mokymo centras\" \/>\n<meta property=\"og:description\" content=\"MOKYTOJO (ANDRAGOGO) PAREIGYB\u0116S APRA\u0160YMAS KLAS\u0116S AUKL\u0116TOJO PAREIGYB\u0116S APRA\u0160YMAS &nbsp; Oksana Aleknavi\u010dius Pareigos ir pedagogin\u0117 kvalifikacija:\u00a0 mokytoja, Centro tarybos sekretor\u0117, mokytoja metodinink\u0117.I\u0161silavinimas ir specialyb\u0117: auk\u0161tasis, lietuvi\u0173 filologija.Mokomasis dalykas: lietuvi\u0173 kalba ir literat\u016bra. Jelena Aleknien\u0117 Pareigos ir pedagogin\u0117 kvalifikacija:\u00a0mokytoja, vyresn. mokytoja, mokytoja metodinink\u0117.I\u0161silavinimas ir specialyb\u0117: auk\u0161tasis, matematika ir informatika.Mokomasis dalykas: matematika, informacin\u0117s technologijos. Rasa Bliuj\u016bt\u0117 Pareigos ir [&hellip;]\" \/>\n<meta property=\"og:url\" content=\"https:\/\/vsmc.lt\/?page_id=862\" \/>\n<meta property=\"og:site_name\" content=\"Vilniaus suaugusi\u0173j\u0173 mokymo centras\" \/>\n<meta property=\"article:publisher\" content=\"https:\/\/www.facebook.com\/p\/Vilniaus-suaugusij-mokymo-centras-VSMC-gimnazija-100034428106674\/\" \/>\n<meta property=\"article:modified_time\" content=\"2023-03-16T17:17:53+00:00\" \/>\n<meta property=\"og:image\" content=\"https:\/\/vsmc.lt\/wp-content\/uploads\/2018\/05\/03\/VSMC_PASTATAS_1-1.jpg\" \/>\n\t<meta property=\"og:image:width\" content=\"1500\" \/>\n\t<meta property=\"og:image:height\" content=\"925\" \/>\n\t<meta property=\"og:image:type\" content=\"image\/jpeg\" \/>\n<meta name=\"twitter:card\" content=\"summary_large_image\" \/>\n<meta name=\"twitter:label1\" content=\"Est. reading time\" \/>\n\t<meta name=\"twitter:data1\" content=\"3 minut\u0117s\" \/>\n<script type=\"application\/ld+json\" class=\"yoast-schema-graph\">{\"@context\":\"https:\\\/\\\/schema.org\",\"@graph\":[{\"@type\":\"WebPage\",\"@id\":\"https:\\\/\\\/vsmc.lt\\\/?page_id=862\",\"url\":\"https:\\\/\\\/vsmc.lt\\\/?page_id=862\",\"name\":\"Mokytojai - Vilniaus suaugusi\u0173j\u0173 mokymo centras\",\"isPartOf\":{\"@id\":\"https:\\\/\\\/vsmc.lt\\\/#website\"},\"datePublished\":\"2015-03-12T16:15:31+00:00\",\"dateModified\":\"2023-03-16T17:17:53+00:00\",\"breadcrumb\":{\"@id\":\"https:\\\/\\\/vsmc.lt\\\/?page_id=862#breadcrumb\"},\"inLanguage\":\"lt-LT\",\"potentialAction\":[{\"@type\":\"ReadAction\",\"target\":[\"https:\\\/\\\/vsmc.lt\\\/?page_id=862\"]}]},{\"@type\":\"BreadcrumbList\",\"@id\":\"https:\\\/\\\/vsmc.lt\\\/?page_id=862#breadcrumb\",\"itemListElement\":[{\"@type\":\"ListItem\",\"position\":1,\"name\":\"Home\",\"item\":\"https:\\\/\\\/vsmc.lt\\\/\"},{\"@type\":\"ListItem\",\"position\":2,\"name\":\"Strukt\u016bra ir kontaktai\",\"item\":\"https:\\\/\\\/vsmc.lt\\\/?page_id=788\"},{\"@type\":\"ListItem\",\"position\":3,\"name\":\"Strukt\u016bra\",\"item\":\"https:\\\/\\\/vsmc.lt\\\/?page_id=854\"},{\"@type\":\"ListItem\",\"position\":4,\"name\":\"Mokytojai\"}]},{\"@type\":\"WebSite\",\"@id\":\"https:\\\/\\\/vsmc.lt\\\/#website\",\"url\":\"https:\\\/\\\/vsmc.lt\\\/\",\"name\":\"Vilniaus suaugusi\u0173j\u0173 mokymo centras\",\"description\":\"VSMC\",\"publisher\":{\"@id\":\"https:\\\/\\\/vsmc.lt\\\/#organization\"},\"alternateName\":\"VSMC\",\"potentialAction\":[{\"@type\":\"SearchAction\",\"target\":{\"@type\":\"EntryPoint\",\"urlTemplate\":\"https:\\\/\\\/vsmc.lt\\\/?s={search_term_string}\"},\"query-input\":{\"@type\":\"PropertyValueSpecification\",\"valueRequired\":true,\"valueName\":\"search_term_string\"}}],\"inLanguage\":\"lt-LT\"},{\"@type\":\"Organization\",\"@id\":\"https:\\\/\\\/vsmc.lt\\\/#organization\",\"name\":\"Vilniaus suaugusi\u0173j\u0173 mokymo centras\",\"alternateName\":\"VSMC\",\"url\":\"https:\\\/\\\/vsmc.lt\\\/\",\"logo\":{\"@type\":\"ImageObject\",\"inLanguage\":\"lt-LT\",\"@id\":\"https:\\\/\\\/vsmc.lt\\\/#\\\/schema\\\/logo\\\/image\\\/\",\"url\":\"https:\\\/\\\/vsmc.lt\\\/wp-content\\\/uploads\\\/2016\\\/11\\\/15\\\/logo.png\",\"contentUrl\":\"https:\\\/\\\/vsmc.lt\\\/wp-content\\\/uploads\\\/2016\\\/11\\\/15\\\/logo.png\",\"width\":96,\"height\":121,\"caption\":\"Vilniaus suaugusi\u0173j\u0173 mokymo centras\"},\"image\":{\"@id\":\"https:\\\/\\\/vsmc.lt\\\/#\\\/schema\\\/logo\\\/image\\\/\"},\"sameAs\":[\"https:\\\/\\\/www.facebook.com\\\/p\\\/Vilniaus-suaugusij-mokymo-centras-VSMC-gimnazija-100034428106674\\\/\"]}]}<\/script>\n<!-- \/ Yoast SEO plugin. -->","yoast_head_json":{"title":"Mokytojai - Vilniaus suaugusi\u0173j\u0173 mokymo centras","robots":{"index":"index","follow":"follow","max-snippet":"max-snippet:-1","max-image-preview":"max-image-preview:large","max-video-preview":"max-video-preview:-1"},"canonical":"https:\/\/vsmc.lt\/?page_id=862","og_locale":"lt_LT","og_type":"article","og_title":"Mokytojai - Vilniaus suaugusi\u0173j\u0173 mokymo centras","og_description":"MOKYTOJO (ANDRAGOGO) PAREIGYB\u0116S APRA\u0160YMAS KLAS\u0116S AUKL\u0116TOJO PAREIGYB\u0116S APRA\u0160YMAS &nbsp; Oksana Aleknavi\u010dius Pareigos ir pedagogin\u0117 kvalifikacija:\u00a0 mokytoja, Centro tarybos sekretor\u0117, mokytoja metodinink\u0117.I\u0161silavinimas ir specialyb\u0117: auk\u0161tasis, lietuvi\u0173 filologija.Mokomasis dalykas: lietuvi\u0173 kalba ir literat\u016bra. Jelena Aleknien\u0117 Pareigos ir pedagogin\u0117 kvalifikacija:\u00a0mokytoja, vyresn. mokytoja, mokytoja metodinink\u0117.I\u0161silavinimas ir specialyb\u0117: auk\u0161tasis, matematika ir informatika.Mokomasis dalykas: matematika, informacin\u0117s technologijos. Rasa Bliuj\u016bt\u0117 Pareigos ir [&hellip;]","og_url":"https:\/\/vsmc.lt\/?page_id=862","og_site_name":"Vilniaus suaugusi\u0173j\u0173 mokymo centras","article_publisher":"https:\/\/www.facebook.com\/p\/Vilniaus-suaugusij-mokymo-centras-VSMC-gimnazija-100034428106674\/","article_modified_time":"2023-03-16T17:17:53+00:00","og_image":[{"width":1500,"height":925,"url":"https:\/\/vsmc.lt\/wp-content\/uploads\/2018\/05\/03\/VSMC_PASTATAS_1-1.jpg","type":"image\/jpeg"}],"twitter_card":"summary_large_image","twitter_misc":{"Est. reading time":"3 minut\u0117s"},"schema":{"@context":"https:\/\/schema.org","@graph":[{"@type":"WebPage","@id":"https:\/\/vsmc.lt\/?page_id=862","url":"https:\/\/vsmc.lt\/?page_id=862","name":"Mokytojai - Vilniaus suaugusi\u0173j\u0173 mokymo centras","isPartOf":{"@id":"https:\/\/vsmc.lt\/#website"},"datePublished":"2015-03-12T16:15:31+00:00","dateModified":"2023-03-16T17:17:53+00:00","breadcrumb":{"@id":"https:\/\/vsmc.lt\/?page_id=862#breadcrumb"},"inLanguage":"lt-LT","potentialAction":[{"@type":"ReadAction","target":["https:\/\/vsmc.lt\/?page_id=862"]}]},{"@type":"BreadcrumbList","@id":"https:\/\/vsmc.lt\/?page_id=862#breadcrumb","itemListElement":[{"@type":"ListItem","position":1,"name":"Home","item":"https:\/\/vsmc.lt\/"},{"@type":"ListItem","position":2,"name":"Strukt\u016bra ir kontaktai","item":"https:\/\/vsmc.lt\/?page_id=788"},{"@type":"ListItem","position":3,"name":"Strukt\u016bra","item":"https:\/\/vsmc.lt\/?page_id=854"},{"@type":"ListItem","position":4,"name":"Mokytojai"}]},{"@type":"WebSite","@id":"https:\/\/vsmc.lt\/#website","url":"https:\/\/vsmc.lt\/","name":"Vilniaus suaugusi\u0173j\u0173 mokymo centras","description":"VSMC","publisher":{"@id":"https:\/\/vsmc.lt\/#organization"},"alternateName":"VSMC","potentialAction":[{"@type":"SearchAction","target":{"@type":"EntryPoint","urlTemplate":"https:\/\/vsmc.lt\/?s={search_term_string}"},"query-input":{"@type":"PropertyValueSpecification","valueRequired":true,"valueName":"search_term_string"}}],"inLanguage":"lt-LT"},{"@type":"Organization","@id":"https:\/\/vsmc.lt\/#organization","name":"Vilniaus suaugusi\u0173j\u0173 mokymo centras","alternateName":"VSMC","url":"https:\/\/vsmc.lt\/","logo":{"@type":"ImageObject","inLanguage":"lt-LT","@id":"https:\/\/vsmc.lt\/#\/schema\/logo\/image\/","url":"https:\/\/vsmc.lt\/wp-content\/uploads\/2016\/11\/15\/logo.png","contentUrl":"https:\/\/vsmc.lt\/wp-content\/uploads\/2016\/11\/15\/logo.png","width":96,"height":121,"caption":"Vilniaus suaugusi\u0173j\u0173 mokymo centras"},"image":{"@id":"https:\/\/vsmc.lt\/#\/schema\/logo\/image\/"},"sameAs":["https:\/\/www.facebook.com\/p\/Vilniaus-suaugusij-mokymo-centras-VSMC-gimnazija-100034428106674\/"]}]}},"_links":{"self":[{"href":"https:\/\/vsmc.lt\/index.php?rest_route=\/wp\/v2\/pages\/862","targetHints":{"allow":["GET"]}}],"collection":[{"href":"https:\/\/vsmc.lt\/index.php?rest_route=\/wp\/v2\/pages"}],"about":[{"href":"https:\/\/vsmc.lt\/index.php?rest_route=\/wp\/v2\/types\/page"}],"author":[{"embeddable":true,"href":"https:\/\/vsmc.lt\/index.php?rest_route=\/wp\/v2\/users\/1"}],"replies":[{"embeddable":true,"href":"https:\/\/vsmc.lt\/index.php?rest_route=%2Fwp%2Fv2%2Fcomments&post=862"}],"version-history":[{"count":32,"href":"https:\/\/vsmc.lt\/index.php?rest_route=\/wp\/v2\/pages\/862\/revisions"}],"predecessor-version":[{"id":10374,"href":"https:\/\/vsmc.lt\/index.php?rest_route=\/wp\/v2\/pages\/862\/revisions\/10374"}],"up":[{"embeddable":true,"href":"https:\/\/vsmc.lt\/index.php?rest_route=\/wp\/v2\/pages\/854"}],"wp:attachment":[{"href":"https:\/\/vsmc.lt\/index.php?rest_route=%2Fwp%2Fv2%2Fmedia&parent=862"}],"curies":[{"name":"wp","href":"https:\/\/api.w.org\/{rel}","templated":true}]}}