{"id":8720,"date":"2021-08-27T14:46:05","date_gmt":"2021-08-27T11:46:05","guid":{"rendered":"http:\/\/vsmc.lt\/?page_id=8720"},"modified":"2026-04-02T10:26:54","modified_gmt":"2026-04-02T07:26:54","slug":"darbuotoju-psichologinio-saugumo-uztikrinimas","status":"publish","type":"page","link":"https:\/\/vsmc.lt\/?page_id=8720","title":{"rendered":"Darbuotoj\u0173 psichologinio saugumo u\u017etikrinimas"},"content":{"rendered":"<p><a href=\"https:\/\/vsmc.lt\/wp-content\/uploads\/2021\/08\/31\/Psichologinio-saugumo-uztikrinimo-politika.pdf\"><strong>Vilniaus suaugusi\u0173j\u0173 mokymo centro darbuotoj\u0173 psichologinio saugumo u\u017etikrinimo politika<\/strong><\/a><\/p>\n<p><a href=\"https:\/\/vsmc.lt\/wp-content\/uploads\/2021\/08\/31\/Psichologinio-saugumo-uztikrinimo-politikos-igyv.-tv.-aprasas.pdf\"><strong><u>Vilniaus suaugusi\u0173j\u0173 mokymo centro<\/u><\/strong> <strong>darbuotoj\u0173 psichologinio saugumo u\u017etikrinimo politikos \u012fgyvendinimo tvarkos apra\u0161as<\/strong><\/a><\/p>\n<p>Vilniaus suaugusi\u0173j\u0173 mokymo centras, siekdamas u\u017etikrinti darbuotoj\u0173 psichologin\u012f saugum\u0105 \u017eemiau pateikia kontaktus, kuriais darbuotojai galimai patyr\u0119 ar pasteb\u0117j\u0119 psichologinio smurto ar mobingo atvej\u012f Centre gali prane\u0161ti:<\/p>\n<ol>\n<li>Ra\u0161tu (Vilniaus suaugusi\u0173j\u0173 mokymo centras, Vykinto g. 11,LT-08118, Vilnius).<\/li>\n<li>Telefonu +370 644 50741<\/li>\n<li>Elektroniniu pa\u0161tu <a href=\"mailto:sda.komisija@vsmc.lt\">sda.komisija@vsmc.lt<\/a><\/li>\n<\/ol>\n<p>Konfidencialumas garantuojamas!<\/p>\n<p><a href=\"https:\/\/vsmc.lt\/wp-content\/uploads\/2021\/08\/31\/Darbuotoju-galimu-psichologinio-smurto-atveju-darbe-anketa.pdf\">Vilniaus suaugusi\u0173j\u0173 mokymo centro darbuotoj\u0173 galim\u0173 psichologinio smurto atvej\u0173 darbe anketa<\/a><\/p>\n<p>1.\u00a0<a href=\"https:\/\/vsmc.lt\/wp-content\/uploads\/2021\/09\/20\/VSMC-psichologinio-smurto-ir-mobingo-precencijos-politika-IMAGE.pdf\">Vilniaus suaugusi\u0173j\u0173 mokymo centro psichologinio smurto ir mobingo prevencijos politika<\/a>;<\/p>\n<p>2. <a href=\"https:\/\/vsmc.lt\/wp-content\/uploads\/2021\/09\/20\/Vilniaus-suaugusiuju-mokymo-centro-darbuotoju-psichologinio-saugumo-uztikrinimo-politikos-igyvendinimo-strategija-IMAGE.pdf\" target=\"_blank\" rel=\"noopener\">Vilniaus suaugusi\u0173j\u0173 mokymo centro darbuotoj\u0173 psichologinio saugumo u\u017etikrinimo politikos \u012fgyvendinimo strategija<\/a>;<\/p>\n<p>3. <a href=\"https:\/\/vsmc.lt\/wp-content\/uploads\/2021\/09\/20\/VSMC-lygiu-galimybiu-politikos-igyvendinimas-ir-prieziuros-principu-taikymo-priemones-IMAGE.pdf\" target=\"_blank\" rel=\"noopener\">Vilniaus suaugusi\u0173j\u0173 mokymo centro lygi\u0173 galimybi\u0173 politikos \u012fgyvendinimo ir prie\u017ei\u016bros princip\u0173 taikymo priemon\u0117s<\/a>;<\/p>\n<p><a href=\"https:\/\/vsmc.lt\/wp-content\/uploads\/2021\/09\/20\/Itampa-darbe-mazinanciu-priemoniu-nustatymo-tvarkos-aprasas-IMAGE.pdf\" target=\"_blank\" rel=\"noopener\">4. \u012etampa darbe ma\u017einan\u010di\u0173 priemoni\u0173 nustatymo tvarkos apra\u0161as<\/a>;<\/p>\n<p>5. <a href=\"https:\/\/vsmc.lt\/wp-content\/uploads\/2021\/09\/20\/Darbuotoju-galimu-psichologinio-smurto-atveju-darbe-anketa-IMAGE.pdf\" target=\"_blank\" rel=\"noopener\">Vilniaus suaugusi\u0173j\u0173 mokymo centro darbuotoj\u0173 galim\u0173 psichologinio smurto atvej\u0173 darbe anketa<\/a>.<\/p>\n","protected":false},"excerpt":{"rendered":"<p>Vilniaus suaugusi\u0173j\u0173 mokymo centro darbuotoj\u0173 psichologinio saugumo u\u017etikrinimo politika Vilniaus suaugusi\u0173j\u0173 mokymo centro darbuotoj\u0173 psichologinio saugumo u\u017etikrinimo politikos \u012fgyvendinimo tvarkos apra\u0161as Vilniaus suaugusi\u0173j\u0173 mokymo centras, siekdamas u\u017etikrinti darbuotoj\u0173 psichologin\u012f saugum\u0105 \u017eemiau pateikia kontaktus, kuriais darbuotojai galimai patyr\u0119 ar pasteb\u0117j\u0119 psichologinio smurto ar mobingo atvej\u012f Centre gali prane\u0161ti: Ra\u0161tu (Vilniaus suaugusi\u0173j\u0173 mokymo centras, Vykinto g. 11,LT-08118, [&hellip;]<\/p>\n","protected":false},"author":1,"featured_media":0,"parent":3551,"menu_order":0,"comment_status":"closed","ping_status":"closed","template":"","meta":{"footnotes":""},"class_list":["post-8720","page","type-page","status-publish","hentry"],"yoast_head":"<!-- This site is optimized with the Yoast SEO plugin v27.3 - https:\/\/yoast.com\/product\/yoast-seo-wordpress\/ -->\n<title>Darbuotoj\u0173 psichologinio saugumo u\u017etikrinimas - Vilniaus suaugusi\u0173j\u0173 mokymo centras<\/title>\n<meta name=\"robots\" content=\"index, follow, max-snippet:-1, max-image-preview:large, max-video-preview:-1\" \/>\n<link rel=\"canonical\" href=\"https:\/\/vsmc.lt\/?page_id=8720\" \/>\n<meta property=\"og:locale\" content=\"lt_LT\" \/>\n<meta property=\"og:type\" content=\"article\" \/>\n<meta property=\"og:title\" content=\"Darbuotoj\u0173 psichologinio saugumo u\u017etikrinimas - Vilniaus suaugusi\u0173j\u0173 mokymo centras\" \/>\n<meta property=\"og:description\" content=\"Vilniaus suaugusi\u0173j\u0173 mokymo centro darbuotoj\u0173 psichologinio saugumo u\u017etikrinimo politika Vilniaus suaugusi\u0173j\u0173 mokymo centro darbuotoj\u0173 psichologinio saugumo u\u017etikrinimo politikos \u012fgyvendinimo tvarkos apra\u0161as Vilniaus suaugusi\u0173j\u0173 mokymo centras, siekdamas u\u017etikrinti darbuotoj\u0173 psichologin\u012f saugum\u0105 \u017eemiau pateikia kontaktus, kuriais darbuotojai galimai patyr\u0119 ar pasteb\u0117j\u0119 psichologinio smurto ar mobingo atvej\u012f Centre gali prane\u0161ti: Ra\u0161tu (Vilniaus suaugusi\u0173j\u0173 mokymo centras, Vykinto g. 11,LT-08118, [&hellip;]\" \/>\n<meta property=\"og:url\" content=\"https:\/\/vsmc.lt\/?page_id=8720\" \/>\n<meta property=\"og:site_name\" content=\"Vilniaus suaugusi\u0173j\u0173 mokymo centras\" \/>\n<meta property=\"article:publisher\" content=\"https:\/\/www.facebook.com\/p\/Vilniaus-suaugusij-mokymo-centras-VSMC-gimnazija-100034428106674\/\" \/>\n<meta property=\"article:modified_time\" content=\"2026-04-02T07:26:54+00:00\" \/>\n<meta property=\"og:image\" content=\"https:\/\/vsmc.lt\/wp-content\/uploads\/2018\/05\/03\/VSMC_PASTATAS_1-1.jpg\" \/>\n\t<meta property=\"og:image:width\" content=\"1500\" \/>\n\t<meta property=\"og:image:height\" content=\"925\" \/>\n\t<meta property=\"og:image:type\" content=\"image\/jpeg\" \/>\n<meta name=\"twitter:card\" content=\"summary_large_image\" \/>\n<meta name=\"twitter:label1\" content=\"Est. reading time\" \/>\n\t<meta name=\"twitter:data1\" content=\"1 minut\u0117\" \/>\n<script type=\"application\/ld+json\" class=\"yoast-schema-graph\">{\"@context\":\"https:\\\/\\\/schema.org\",\"@graph\":[{\"@type\":\"WebPage\",\"@id\":\"https:\\\/\\\/vsmc.lt\\\/?page_id=8720\",\"url\":\"https:\\\/\\\/vsmc.lt\\\/?page_id=8720\",\"name\":\"Darbuotoj\u0173 psichologinio saugumo u\u017etikrinimas - Vilniaus suaugusi\u0173j\u0173 mokymo centras\",\"isPartOf\":{\"@id\":\"https:\\\/\\\/vsmc.lt\\\/#website\"},\"datePublished\":\"2021-08-27T11:46:05+00:00\",\"dateModified\":\"2026-04-02T07:26:54+00:00\",\"breadcrumb\":{\"@id\":\"https:\\\/\\\/vsmc.lt\\\/?page_id=8720#breadcrumb\"},\"inLanguage\":\"lt-LT\",\"potentialAction\":[{\"@type\":\"ReadAction\",\"target\":[\"https:\\\/\\\/vsmc.lt\\\/?page_id=8720\"]}]},{\"@type\":\"BreadcrumbList\",\"@id\":\"https:\\\/\\\/vsmc.lt\\\/?page_id=8720#breadcrumb\",\"itemListElement\":[{\"@type\":\"ListItem\",\"position\":1,\"name\":\"Home\",\"item\":\"https:\\\/\\\/vsmc.lt\\\/\"},{\"@type\":\"ListItem\",\"position\":2,\"name\":\"Administracin\u0117 informacija\",\"item\":\"https:\\\/\\\/vsmc.lt\\\/?page_id=3551\"},{\"@type\":\"ListItem\",\"position\":3,\"name\":\"Darbuotoj\u0173 psichologinio saugumo u\u017etikrinimas\"}]},{\"@type\":\"WebSite\",\"@id\":\"https:\\\/\\\/vsmc.lt\\\/#website\",\"url\":\"https:\\\/\\\/vsmc.lt\\\/\",\"name\":\"Vilniaus suaugusi\u0173j\u0173 mokymo centras\",\"description\":\"VSMC\",\"publisher\":{\"@id\":\"https:\\\/\\\/vsmc.lt\\\/#organization\"},\"alternateName\":\"VSMC\",\"potentialAction\":[{\"@type\":\"SearchAction\",\"target\":{\"@type\":\"EntryPoint\",\"urlTemplate\":\"https:\\\/\\\/vsmc.lt\\\/?s={search_term_string}\"},\"query-input\":{\"@type\":\"PropertyValueSpecification\",\"valueRequired\":true,\"valueName\":\"search_term_string\"}}],\"inLanguage\":\"lt-LT\"},{\"@type\":\"Organization\",\"@id\":\"https:\\\/\\\/vsmc.lt\\\/#organization\",\"name\":\"Vilniaus suaugusi\u0173j\u0173 mokymo centras\",\"alternateName\":\"VSMC\",\"url\":\"https:\\\/\\\/vsmc.lt\\\/\",\"logo\":{\"@type\":\"ImageObject\",\"inLanguage\":\"lt-LT\",\"@id\":\"https:\\\/\\\/vsmc.lt\\\/#\\\/schema\\\/logo\\\/image\\\/\",\"url\":\"https:\\\/\\\/vsmc.lt\\\/wp-content\\\/uploads\\\/2016\\\/11\\\/15\\\/logo.png\",\"contentUrl\":\"https:\\\/\\\/vsmc.lt\\\/wp-content\\\/uploads\\\/2016\\\/11\\\/15\\\/logo.png\",\"width\":96,\"height\":121,\"caption\":\"Vilniaus suaugusi\u0173j\u0173 mokymo centras\"},\"image\":{\"@id\":\"https:\\\/\\\/vsmc.lt\\\/#\\\/schema\\\/logo\\\/image\\\/\"},\"sameAs\":[\"https:\\\/\\\/www.facebook.com\\\/p\\\/Vilniaus-suaugusij-mokymo-centras-VSMC-gimnazija-100034428106674\\\/\"]}]}<\/script>\n<!-- \/ Yoast SEO plugin. -->","yoast_head_json":{"title":"Darbuotoj\u0173 psichologinio saugumo u\u017etikrinimas - Vilniaus suaugusi\u0173j\u0173 mokymo centras","robots":{"index":"index","follow":"follow","max-snippet":"max-snippet:-1","max-image-preview":"max-image-preview:large","max-video-preview":"max-video-preview:-1"},"canonical":"https:\/\/vsmc.lt\/?page_id=8720","og_locale":"lt_LT","og_type":"article","og_title":"Darbuotoj\u0173 psichologinio saugumo u\u017etikrinimas - Vilniaus suaugusi\u0173j\u0173 mokymo centras","og_description":"Vilniaus suaugusi\u0173j\u0173 mokymo centro darbuotoj\u0173 psichologinio saugumo u\u017etikrinimo politika Vilniaus suaugusi\u0173j\u0173 mokymo centro darbuotoj\u0173 psichologinio saugumo u\u017etikrinimo politikos \u012fgyvendinimo tvarkos apra\u0161as Vilniaus suaugusi\u0173j\u0173 mokymo centras, siekdamas u\u017etikrinti darbuotoj\u0173 psichologin\u012f saugum\u0105 \u017eemiau pateikia kontaktus, kuriais darbuotojai galimai patyr\u0119 ar pasteb\u0117j\u0119 psichologinio smurto ar mobingo atvej\u012f Centre gali prane\u0161ti: Ra\u0161tu (Vilniaus suaugusi\u0173j\u0173 mokymo centras, Vykinto g. 11,LT-08118, [&hellip;]","og_url":"https:\/\/vsmc.lt\/?page_id=8720","og_site_name":"Vilniaus suaugusi\u0173j\u0173 mokymo centras","article_publisher":"https:\/\/www.facebook.com\/p\/Vilniaus-suaugusij-mokymo-centras-VSMC-gimnazija-100034428106674\/","article_modified_time":"2026-04-02T07:26:54+00:00","og_image":[{"width":1500,"height":925,"url":"https:\/\/vsmc.lt\/wp-content\/uploads\/2018\/05\/03\/VSMC_PASTATAS_1-1.jpg","type":"image\/jpeg"}],"twitter_card":"summary_large_image","twitter_misc":{"Est. reading time":"1 minut\u0117"},"schema":{"@context":"https:\/\/schema.org","@graph":[{"@type":"WebPage","@id":"https:\/\/vsmc.lt\/?page_id=8720","url":"https:\/\/vsmc.lt\/?page_id=8720","name":"Darbuotoj\u0173 psichologinio saugumo u\u017etikrinimas - Vilniaus suaugusi\u0173j\u0173 mokymo centras","isPartOf":{"@id":"https:\/\/vsmc.lt\/#website"},"datePublished":"2021-08-27T11:46:05+00:00","dateModified":"2026-04-02T07:26:54+00:00","breadcrumb":{"@id":"https:\/\/vsmc.lt\/?page_id=8720#breadcrumb"},"inLanguage":"lt-LT","potentialAction":[{"@type":"ReadAction","target":["https:\/\/vsmc.lt\/?page_id=8720"]}]},{"@type":"BreadcrumbList","@id":"https:\/\/vsmc.lt\/?page_id=8720#breadcrumb","itemListElement":[{"@type":"ListItem","position":1,"name":"Home","item":"https:\/\/vsmc.lt\/"},{"@type":"ListItem","position":2,"name":"Administracin\u0117 informacija","item":"https:\/\/vsmc.lt\/?page_id=3551"},{"@type":"ListItem","position":3,"name":"Darbuotoj\u0173 psichologinio saugumo u\u017etikrinimas"}]},{"@type":"WebSite","@id":"https:\/\/vsmc.lt\/#website","url":"https:\/\/vsmc.lt\/","name":"Vilniaus suaugusi\u0173j\u0173 mokymo centras","description":"VSMC","publisher":{"@id":"https:\/\/vsmc.lt\/#organization"},"alternateName":"VSMC","potentialAction":[{"@type":"SearchAction","target":{"@type":"EntryPoint","urlTemplate":"https:\/\/vsmc.lt\/?s={search_term_string}"},"query-input":{"@type":"PropertyValueSpecification","valueRequired":true,"valueName":"search_term_string"}}],"inLanguage":"lt-LT"},{"@type":"Organization","@id":"https:\/\/vsmc.lt\/#organization","name":"Vilniaus suaugusi\u0173j\u0173 mokymo centras","alternateName":"VSMC","url":"https:\/\/vsmc.lt\/","logo":{"@type":"ImageObject","inLanguage":"lt-LT","@id":"https:\/\/vsmc.lt\/#\/schema\/logo\/image\/","url":"https:\/\/vsmc.lt\/wp-content\/uploads\/2016\/11\/15\/logo.png","contentUrl":"https:\/\/vsmc.lt\/wp-content\/uploads\/2016\/11\/15\/logo.png","width":96,"height":121,"caption":"Vilniaus suaugusi\u0173j\u0173 mokymo centras"},"image":{"@id":"https:\/\/vsmc.lt\/#\/schema\/logo\/image\/"},"sameAs":["https:\/\/www.facebook.com\/p\/Vilniaus-suaugusij-mokymo-centras-VSMC-gimnazija-100034428106674\/"]}]}},"_links":{"self":[{"href":"https:\/\/vsmc.lt\/index.php?rest_route=\/wp\/v2\/pages\/8720","targetHints":{"allow":["GET"]}}],"collection":[{"href":"https:\/\/vsmc.lt\/index.php?rest_route=\/wp\/v2\/pages"}],"about":[{"href":"https:\/\/vsmc.lt\/index.php?rest_route=\/wp\/v2\/types\/page"}],"author":[{"embeddable":true,"href":"https:\/\/vsmc.lt\/index.php?rest_route=\/wp\/v2\/users\/1"}],"replies":[{"embeddable":true,"href":"https:\/\/vsmc.lt\/index.php?rest_route=%2Fwp%2Fv2%2Fcomments&post=8720"}],"version-history":[{"count":14,"href":"https:\/\/vsmc.lt\/index.php?rest_route=\/wp\/v2\/pages\/8720\/revisions"}],"predecessor-version":[{"id":12260,"href":"https:\/\/vsmc.lt\/index.php?rest_route=\/wp\/v2\/pages\/8720\/revisions\/12260"}],"up":[{"embeddable":true,"href":"https:\/\/vsmc.lt\/index.php?rest_route=\/wp\/v2\/pages\/3551"}],"wp:attachment":[{"href":"https:\/\/vsmc.lt\/index.php?rest_route=%2Fwp%2Fv2%2Fmedia&parent=8720"}],"curies":[{"name":"wp","href":"https:\/\/api.w.org\/{rel}","templated":true}]}}