{"id":9201,"date":"2022-02-03T18:35:11","date_gmt":"2022-02-03T15:35:11","guid":{"rendered":"https:\/\/vsmc.lt\/?page_id=9201"},"modified":"2022-02-03T18:35:11","modified_gmt":"2022-02-03T15:35:11","slug":"mokyklu-aprupinimas-gamtos-ir-technologiniu-mokslu-priemonemis","status":"publish","type":"page","link":"https:\/\/vsmc.lt\/?page_id=9201","title":{"rendered":"Mokykl\u0173 apr\u016bpinimas gamtos ir technologini\u0173 moksl\u0173 priemon\u0117mis"},"content":{"rendered":"<p><img loading=\"lazy\" decoding=\"async\" class=\"alignnone size-full wp-image-9203\" src=\"https:\/\/vsmc.lt\/wp-content\/uploads\/2022\/02\/03\/Kuriame-Lietuvos-ateiti.png\" alt=\"\" width=\"600\" height=\"300\" \/><\/p>\n<p><span style=\"color: #000000;\"><span style=\"font-family: Times New Roman, serif;\"><span style=\"font-size: medium;\"><b>Projekto tikslas: <\/b><\/span><\/span><\/span><span style=\"color: #000000;\"><span style=\"font-family: Times New Roman, serif;\"><span style=\"font-size: medium;\">didinti bendrojo ugdymo \u012fstaig\u0173 tinklo veiklos efektyvum\u0105, modernizuojant gamtos ir technologini\u0173 moksl\u0173 bei nuotolinio mokymo(si) aplink\u0105<\/span><\/span><\/span><\/p>\n<p><span style=\"color: #000000;\"><span style=\"font-family: Times New Roman, serif;\"><span style=\"font-size: medium;\"><b>Projekto u\u017edavinys:<\/b><\/span><\/span><\/span><span style=\"color: #000000;\"><span style=\"font-family: Times New Roman, serif;\"><span style=\"font-size: medium;\"> modernizuoti gamtos ir technologini\u0173 moksl\u0173 mokymo(si) aplink\u0105<\/span><\/span><\/span><\/p>\n<p><span style=\"color: #000000;\"><span style=\"font-family: Times New Roman, serif;\"><span style=\"font-size: medium;\"><b>Projekto partneriai:<\/b><\/span><\/span><\/span><span style=\"color: #000000;\"><span style=\"font-family: Times New Roman, serif;\"><span style=\"font-size: medium;\"> visos \u0161alies savivaldyb\u0117s, valstybin\u0117s bendrojo ugdymo mokyklos, \u0161vietimo pagalbos \u012fstaigos, kolegijos ir universitetai<\/span><\/span><\/span><\/p>\n<p><span style=\"color: #000000;\"><span style=\"font-family: Times New Roman, serif;\"><span style=\"font-size: medium;\"><b>Projektui \u012fgyvendinti skirta:<\/b><\/span><\/span><\/span><span style=\"color: #000000;\"><span style=\"font-family: Times New Roman, serif;\"><span style=\"font-size: medium;\"> 24\u00a0065\u00a0118,47 eur\u0173. Projektas finansuojamas i\u0161 Europos regionin\u0117s pl\u0117tros fondo ir Lietuvos Respublikos valstyb\u0117s biud\u017eeto l\u0117\u0161\u0173<\/span><\/span><\/span><\/p>\n<p><span style=\"color: #000000;\"><span style=\"font-family: Times New Roman, serif;\"><span style=\"font-size: medium;\"><b>Projekto vykdymo laikotarpis: <\/b><\/span><\/span><\/span><span style=\"color: #000000;\"><span style=\"font-family: Times New Roman, serif;\"><span style=\"font-size: medium;\">2017 m. kovas \u2013 2022 m. gruodis<\/span><\/span><\/span><\/p>\n<p><span style=\"color: #000000;\"><span style=\"font-family: Times New Roman, serif;\"><span style=\"font-size: medium;\"><b>Projekto kodas:<\/b><\/span><\/span><\/span><span style=\"color: #000000;\"><span style=\"font-family: Times New Roman, serif;\"><span style=\"font-size: medium;\"> 09.1.3-CPVA-V-704-02-0001<\/span><\/span><\/span><\/p>\n<p>&nbsp;<\/p>\n<p><span style=\"color: #000000;\"><span style=\"font-family: Times New Roman, serif;\"><span style=\"font-size: medium;\"><b>\u012egyvendinant projekt\u0105 \u012fvykdytos \u0161ios veiklos:<\/b><\/span><\/span><\/span><\/p>\n<ul>\n<li><span style=\"color: #000000;\"><span style=\"font-family: Times New Roman, serif;\"><span style=\"font-size: medium;\">Bendrojo ugdymo program\u0105 vykdan\u010dioms mokykloms nupirktos gamtos ir technologini\u0173 moksl\u0173 mokymo priemon\u0117s ir \u012franga<\/span><\/span><\/span><span style=\"font-family: Times New Roman, serif;\"><span style=\"font-size: medium;\">. Mokymo priemoni\u0173 ir \u012frangos komplektai skirti 1\u20134 ir 5\u20138 klas\u0117ms. <\/span><\/span><span style=\"font-family: Times New Roman, serif;\"><span style=\"font-size: medium;\">Mokyklos apr\u016bpintos kompiuterine \u012franga nuotoliniam mokymui(si)<\/span><\/span><\/li>\n<li><span style=\"color: #0000ff;\"><u><a href=\"https:\/\/www.vedlys.smm.lt\/medziaga_mokytojams.html\"><span style=\"font-family: Times New Roman, serif;\"><span style=\"font-size: medium;\">Parengtos gamtos ir technologini\u0173 moksl\u0173 mokymo priemoni\u0173 ir \u012frangos panaudojimo ugdymo procese metodikos<\/span><\/span><\/a><\/u><\/span><\/li>\n<\/ul>\n<p><span style=\"color: #000000;\"><span style=\"font-family: Times New Roman, serif;\"><span style=\"font-size: medium;\"><b>Vykdomos veiklos:<\/b><\/span><\/span><\/span><\/p>\n<ul>\n<li><span style=\"color: #000000;\"><span style=\"font-family: Times New Roman, serif;\"><span style=\"font-size: medium;\">Kuriami regioniniai gamtos moksl\u0173, technologij\u0173, in\u017einerinio, men\u0173 ir matematinio ugdymo STEAM atviros prieigos centrai<\/span><\/span><\/span><\/li>\n<\/ul>\n<p align=\"justify\"><span style=\"color: #000000;\"><span style=\"font-family: Times New Roman, serif;\"><span style=\"font-size: medium;\">Projekto nauda<\/span><\/span><\/span><\/p>\n<p align=\"justify\"><span style=\"color: #000000;\"><span style=\"font-family: Times New Roman, serif;\"><span style=\"font-size: medium;\">Projekto metu mokyklos apr\u016bpintos gamtos pa\u017einimo, chemijos ir fizikos mokymo priemon\u0117mis, elektronin\u0117mis mokymo priemon\u0117mis, laboratoriniais indais, kompiuterine technika ir kt.\u00a0Atnaujinus 1\u20138 klasi\u0173 mokini\u0173 tiriamosios ir praktin\u0117s veiklos aplink\u0105, praturtinus mokymo(si) proces\u0105 ger\u0117ja mokini\u0173 ugdymo kokyb\u0117 ir j\u0173 pasiekimai. Projekto l\u0117\u0161omis parengtos metodikos padeda tikslingiau naudoti mokymo priemones ir \u012frang\u0105 atliekant \u012fvairius eksperimentus, tyrimus, bandymus, laboratorinius darbus. Jie skatina mokini\u0173 susidom\u0117jim\u0105 gamtos ir technologiniais mokslais, tikimasi, kad ateityje tai didins ir \u0161i\u0173 moksl\u0173 potencial\u0105 bei b\u016bsim\u0173 technologij\u0173 ir gamtos moksl\u0173 specialist\u0173 skai\u010di\u0173. \u012egyvendinant projekt\u0105 septyniuose \u0161alies regionuose \u012fkurti STEAM atviros prieigos centrai, atveriantys modernias galimybes mokytis gamtos ir technologini\u0173 moksl\u0173, in\u017einerijos ar matematikos.<\/span><\/span><\/span><\/p>\n<p><span style=\"color: #000000;\"><span style=\"font-family: Times New Roman, serif;\"><span style=\"font-size: medium;\">Projekto nuorodos<\/span><\/span><\/span><\/p>\n<ul>\n<li><span style=\"color: #0000ff;\"><u><a href=\"https:\/\/www.vedlys.smm.lt\/#naujienos\"><span style=\"font-family: Times New Roman, serif;\"><span style=\"font-size: medium;\">Daugiau apie projekt\u0105<\/span><\/span><\/a><\/u><\/span><\/li>\n<li><span style=\"color: #0000ff;\"><u><a href=\"https:\/\/www.vedlys.smm.lt\/medziaga_mokytojams.html\"><span style=\"font-family: Times New Roman, serif;\"><span style=\"font-size: medium;\">Projekto metu parengta metodin\u0117 med\u017eiaga mokytojams<\/span><\/span><\/a><\/u><\/span><\/li>\n<\/ul>\n<p><span style=\"color: #000000;\"><span style=\"font-family: Times New Roman, serif;\"><span style=\"font-size: medium;\">Projekt\u0105 \u012fgyvendina<\/span><\/span><\/span><\/p>\n<p><span style=\"color: #0000ff;\"><u><a href=\"https:\/\/www.nsa.smm.lt\/\"><span style=\"font-family: Times New Roman, serif;\"><span style=\"font-size: medium;\">Nacionalin\u0117 \u0161vietimo agent\u016bra<\/span><\/span><\/a><\/u><\/span><\/p>\n<p><img loading=\"lazy\" decoding=\"async\" class=\"alignnone size-full wp-image-9202\" src=\"https:\/\/vsmc.lt\/wp-content\/uploads\/2022\/02\/03\/NSA.png\" alt=\"\" width=\"160\" height=\"146\" \/><\/p>\n","protected":false},"excerpt":{"rendered":"<p>Projekto tikslas: didinti bendrojo ugdymo \u012fstaig\u0173 tinklo veiklos efektyvum\u0105, modernizuojant gamtos ir technologini\u0173 moksl\u0173 bei nuotolinio mokymo(si) aplink\u0105 Projekto u\u017edavinys: modernizuoti gamtos ir technologini\u0173 moksl\u0173 mokymo(si) aplink\u0105 Projekto partneriai: visos \u0161alies savivaldyb\u0117s, valstybin\u0117s bendrojo ugdymo mokyklos, \u0161vietimo pagalbos \u012fstaigos, kolegijos ir universitetai Projektui \u012fgyvendinti skirta: 24\u00a0065\u00a0118,47 eur\u0173. Projektas finansuojamas i\u0161 Europos regionin\u0117s pl\u0117tros fondo ir [&hellip;]<\/p>\n","protected":false},"author":1,"featured_media":0,"parent":815,"menu_order":0,"comment_status":"closed","ping_status":"closed","template":"","meta":{"footnotes":""},"class_list":["post-9201","page","type-page","status-publish","hentry"],"yoast_head":"<!-- This site is optimized with the Yoast SEO plugin v27.3 - https:\/\/yoast.com\/product\/yoast-seo-wordpress\/ -->\n<title>Mokykl\u0173 apr\u016bpinimas gamtos ir technologini\u0173 moksl\u0173 priemon\u0117mis - Vilniaus suaugusi\u0173j\u0173 mokymo centras<\/title>\n<meta name=\"robots\" content=\"index, follow, max-snippet:-1, max-image-preview:large, max-video-preview:-1\" \/>\n<link rel=\"canonical\" href=\"https:\/\/vsmc.lt\/?page_id=9201\" \/>\n<meta property=\"og:locale\" content=\"lt_LT\" \/>\n<meta property=\"og:type\" content=\"article\" \/>\n<meta property=\"og:title\" content=\"Mokykl\u0173 apr\u016bpinimas gamtos ir technologini\u0173 moksl\u0173 priemon\u0117mis - Vilniaus suaugusi\u0173j\u0173 mokymo centras\" \/>\n<meta property=\"og:description\" content=\"Projekto tikslas: didinti bendrojo ugdymo \u012fstaig\u0173 tinklo veiklos efektyvum\u0105, modernizuojant gamtos ir technologini\u0173 moksl\u0173 bei nuotolinio mokymo(si) aplink\u0105 Projekto u\u017edavinys: modernizuoti gamtos ir technologini\u0173 moksl\u0173 mokymo(si) aplink\u0105 Projekto partneriai: visos \u0161alies savivaldyb\u0117s, valstybin\u0117s bendrojo ugdymo mokyklos, \u0161vietimo pagalbos \u012fstaigos, kolegijos ir universitetai Projektui \u012fgyvendinti skirta: 24\u00a0065\u00a0118,47 eur\u0173. Projektas finansuojamas i\u0161 Europos regionin\u0117s pl\u0117tros fondo ir [&hellip;]\" \/>\n<meta property=\"og:url\" content=\"https:\/\/vsmc.lt\/?page_id=9201\" \/>\n<meta property=\"og:site_name\" content=\"Vilniaus suaugusi\u0173j\u0173 mokymo centras\" \/>\n<meta property=\"article:publisher\" content=\"https:\/\/www.facebook.com\/p\/Vilniaus-suaugusij-mokymo-centras-VSMC-gimnazija-100034428106674\/\" \/>\n<meta property=\"og:image\" content=\"https:\/\/vsmc.lt\/wp-content\/uploads\/2022\/02\/03\/Kuriame-Lietuvos-ateiti.png\" \/>\n<meta name=\"twitter:card\" content=\"summary_large_image\" \/>\n<meta name=\"twitter:label1\" content=\"Est. reading time\" \/>\n\t<meta name=\"twitter:data1\" content=\"1 minut\u0117\" \/>\n<script type=\"application\/ld+json\" class=\"yoast-schema-graph\">{\"@context\":\"https:\\\/\\\/schema.org\",\"@graph\":[{\"@type\":\"WebPage\",\"@id\":\"https:\\\/\\\/vsmc.lt\\\/?page_id=9201\",\"url\":\"https:\\\/\\\/vsmc.lt\\\/?page_id=9201\",\"name\":\"Mokykl\u0173 apr\u016bpinimas gamtos ir technologini\u0173 moksl\u0173 priemon\u0117mis - Vilniaus suaugusi\u0173j\u0173 mokymo centras\",\"isPartOf\":{\"@id\":\"https:\\\/\\\/vsmc.lt\\\/#website\"},\"primaryImageOfPage\":{\"@id\":\"https:\\\/\\\/vsmc.lt\\\/?page_id=9201#primaryimage\"},\"image\":{\"@id\":\"https:\\\/\\\/vsmc.lt\\\/?page_id=9201#primaryimage\"},\"thumbnailUrl\":\"https:\\\/\\\/vsmc.lt\\\/wp-content\\\/uploads\\\/2022\\\/02\\\/03\\\/Kuriame-Lietuvos-ateiti.png\",\"datePublished\":\"2022-02-03T15:35:11+00:00\",\"breadcrumb\":{\"@id\":\"https:\\\/\\\/vsmc.lt\\\/?page_id=9201#breadcrumb\"},\"inLanguage\":\"lt-LT\",\"potentialAction\":[{\"@type\":\"ReadAction\",\"target\":[\"https:\\\/\\\/vsmc.lt\\\/?page_id=9201\"]}]},{\"@type\":\"ImageObject\",\"inLanguage\":\"lt-LT\",\"@id\":\"https:\\\/\\\/vsmc.lt\\\/?page_id=9201#primaryimage\",\"url\":\"https:\\\/\\\/vsmc.lt\\\/wp-content\\\/uploads\\\/2022\\\/02\\\/03\\\/Kuriame-Lietuvos-ateiti.png\",\"contentUrl\":\"https:\\\/\\\/vsmc.lt\\\/wp-content\\\/uploads\\\/2022\\\/02\\\/03\\\/Kuriame-Lietuvos-ateiti.png\",\"width\":600,\"height\":300},{\"@type\":\"BreadcrumbList\",\"@id\":\"https:\\\/\\\/vsmc.lt\\\/?page_id=9201#breadcrumb\",\"itemListElement\":[{\"@type\":\"ListItem\",\"position\":1,\"name\":\"Home\",\"item\":\"https:\\\/\\\/vsmc.lt\\\/\"},{\"@type\":\"ListItem\",\"position\":2,\"name\":\"Veiklos sritys\",\"item\":\"https:\\\/\\\/vsmc.lt\\\/?page_id=846\"},{\"@type\":\"ListItem\",\"position\":3,\"name\":\"Projektai\",\"item\":\"https:\\\/\\\/vsmc.lt\\\/?page_id=815\"},{\"@type\":\"ListItem\",\"position\":4,\"name\":\"Mokykl\u0173 apr\u016bpinimas gamtos ir technologini\u0173 moksl\u0173 priemon\u0117mis\"}]},{\"@type\":\"WebSite\",\"@id\":\"https:\\\/\\\/vsmc.lt\\\/#website\",\"url\":\"https:\\\/\\\/vsmc.lt\\\/\",\"name\":\"Vilniaus suaugusi\u0173j\u0173 mokymo centras\",\"description\":\"VSMC\",\"publisher\":{\"@id\":\"https:\\\/\\\/vsmc.lt\\\/#organization\"},\"alternateName\":\"VSMC\",\"potentialAction\":[{\"@type\":\"SearchAction\",\"target\":{\"@type\":\"EntryPoint\",\"urlTemplate\":\"https:\\\/\\\/vsmc.lt\\\/?s={search_term_string}\"},\"query-input\":{\"@type\":\"PropertyValueSpecification\",\"valueRequired\":true,\"valueName\":\"search_term_string\"}}],\"inLanguage\":\"lt-LT\"},{\"@type\":\"Organization\",\"@id\":\"https:\\\/\\\/vsmc.lt\\\/#organization\",\"name\":\"Vilniaus suaugusi\u0173j\u0173 mokymo centras\",\"alternateName\":\"VSMC\",\"url\":\"https:\\\/\\\/vsmc.lt\\\/\",\"logo\":{\"@type\":\"ImageObject\",\"inLanguage\":\"lt-LT\",\"@id\":\"https:\\\/\\\/vsmc.lt\\\/#\\\/schema\\\/logo\\\/image\\\/\",\"url\":\"https:\\\/\\\/vsmc.lt\\\/wp-content\\\/uploads\\\/2016\\\/11\\\/15\\\/logo.png\",\"contentUrl\":\"https:\\\/\\\/vsmc.lt\\\/wp-content\\\/uploads\\\/2016\\\/11\\\/15\\\/logo.png\",\"width\":96,\"height\":121,\"caption\":\"Vilniaus suaugusi\u0173j\u0173 mokymo centras\"},\"image\":{\"@id\":\"https:\\\/\\\/vsmc.lt\\\/#\\\/schema\\\/logo\\\/image\\\/\"},\"sameAs\":[\"https:\\\/\\\/www.facebook.com\\\/p\\\/Vilniaus-suaugusij-mokymo-centras-VSMC-gimnazija-100034428106674\\\/\"]}]}<\/script>\n<!-- \/ Yoast SEO plugin. -->","yoast_head_json":{"title":"Mokykl\u0173 apr\u016bpinimas gamtos ir technologini\u0173 moksl\u0173 priemon\u0117mis - Vilniaus suaugusi\u0173j\u0173 mokymo centras","robots":{"index":"index","follow":"follow","max-snippet":"max-snippet:-1","max-image-preview":"max-image-preview:large","max-video-preview":"max-video-preview:-1"},"canonical":"https:\/\/vsmc.lt\/?page_id=9201","og_locale":"lt_LT","og_type":"article","og_title":"Mokykl\u0173 apr\u016bpinimas gamtos ir technologini\u0173 moksl\u0173 priemon\u0117mis - Vilniaus suaugusi\u0173j\u0173 mokymo centras","og_description":"Projekto tikslas: didinti bendrojo ugdymo \u012fstaig\u0173 tinklo veiklos efektyvum\u0105, modernizuojant gamtos ir technologini\u0173 moksl\u0173 bei nuotolinio mokymo(si) aplink\u0105 Projekto u\u017edavinys: modernizuoti gamtos ir technologini\u0173 moksl\u0173 mokymo(si) aplink\u0105 Projekto partneriai: visos \u0161alies savivaldyb\u0117s, valstybin\u0117s bendrojo ugdymo mokyklos, \u0161vietimo pagalbos \u012fstaigos, kolegijos ir universitetai Projektui \u012fgyvendinti skirta: 24\u00a0065\u00a0118,47 eur\u0173. Projektas finansuojamas i\u0161 Europos regionin\u0117s pl\u0117tros fondo ir [&hellip;]","og_url":"https:\/\/vsmc.lt\/?page_id=9201","og_site_name":"Vilniaus suaugusi\u0173j\u0173 mokymo centras","article_publisher":"https:\/\/www.facebook.com\/p\/Vilniaus-suaugusij-mokymo-centras-VSMC-gimnazija-100034428106674\/","og_image":[{"url":"https:\/\/vsmc.lt\/wp-content\/uploads\/2022\/02\/03\/Kuriame-Lietuvos-ateiti.png","type":"","width":"","height":""}],"twitter_card":"summary_large_image","twitter_misc":{"Est. reading time":"1 minut\u0117"},"schema":{"@context":"https:\/\/schema.org","@graph":[{"@type":"WebPage","@id":"https:\/\/vsmc.lt\/?page_id=9201","url":"https:\/\/vsmc.lt\/?page_id=9201","name":"Mokykl\u0173 apr\u016bpinimas gamtos ir technologini\u0173 moksl\u0173 priemon\u0117mis - Vilniaus suaugusi\u0173j\u0173 mokymo centras","isPartOf":{"@id":"https:\/\/vsmc.lt\/#website"},"primaryImageOfPage":{"@id":"https:\/\/vsmc.lt\/?page_id=9201#primaryimage"},"image":{"@id":"https:\/\/vsmc.lt\/?page_id=9201#primaryimage"},"thumbnailUrl":"https:\/\/vsmc.lt\/wp-content\/uploads\/2022\/02\/03\/Kuriame-Lietuvos-ateiti.png","datePublished":"2022-02-03T15:35:11+00:00","breadcrumb":{"@id":"https:\/\/vsmc.lt\/?page_id=9201#breadcrumb"},"inLanguage":"lt-LT","potentialAction":[{"@type":"ReadAction","target":["https:\/\/vsmc.lt\/?page_id=9201"]}]},{"@type":"ImageObject","inLanguage":"lt-LT","@id":"https:\/\/vsmc.lt\/?page_id=9201#primaryimage","url":"https:\/\/vsmc.lt\/wp-content\/uploads\/2022\/02\/03\/Kuriame-Lietuvos-ateiti.png","contentUrl":"https:\/\/vsmc.lt\/wp-content\/uploads\/2022\/02\/03\/Kuriame-Lietuvos-ateiti.png","width":600,"height":300},{"@type":"BreadcrumbList","@id":"https:\/\/vsmc.lt\/?page_id=9201#breadcrumb","itemListElement":[{"@type":"ListItem","position":1,"name":"Home","item":"https:\/\/vsmc.lt\/"},{"@type":"ListItem","position":2,"name":"Veiklos sritys","item":"https:\/\/vsmc.lt\/?page_id=846"},{"@type":"ListItem","position":3,"name":"Projektai","item":"https:\/\/vsmc.lt\/?page_id=815"},{"@type":"ListItem","position":4,"name":"Mokykl\u0173 apr\u016bpinimas gamtos ir technologini\u0173 moksl\u0173 priemon\u0117mis"}]},{"@type":"WebSite","@id":"https:\/\/vsmc.lt\/#website","url":"https:\/\/vsmc.lt\/","name":"Vilniaus suaugusi\u0173j\u0173 mokymo centras","description":"VSMC","publisher":{"@id":"https:\/\/vsmc.lt\/#organization"},"alternateName":"VSMC","potentialAction":[{"@type":"SearchAction","target":{"@type":"EntryPoint","urlTemplate":"https:\/\/vsmc.lt\/?s={search_term_string}"},"query-input":{"@type":"PropertyValueSpecification","valueRequired":true,"valueName":"search_term_string"}}],"inLanguage":"lt-LT"},{"@type":"Organization","@id":"https:\/\/vsmc.lt\/#organization","name":"Vilniaus suaugusi\u0173j\u0173 mokymo centras","alternateName":"VSMC","url":"https:\/\/vsmc.lt\/","logo":{"@type":"ImageObject","inLanguage":"lt-LT","@id":"https:\/\/vsmc.lt\/#\/schema\/logo\/image\/","url":"https:\/\/vsmc.lt\/wp-content\/uploads\/2016\/11\/15\/logo.png","contentUrl":"https:\/\/vsmc.lt\/wp-content\/uploads\/2016\/11\/15\/logo.png","width":96,"height":121,"caption":"Vilniaus suaugusi\u0173j\u0173 mokymo centras"},"image":{"@id":"https:\/\/vsmc.lt\/#\/schema\/logo\/image\/"},"sameAs":["https:\/\/www.facebook.com\/p\/Vilniaus-suaugusij-mokymo-centras-VSMC-gimnazija-100034428106674\/"]}]}},"_links":{"self":[{"href":"https:\/\/vsmc.lt\/index.php?rest_route=\/wp\/v2\/pages\/9201","targetHints":{"allow":["GET"]}}],"collection":[{"href":"https:\/\/vsmc.lt\/index.php?rest_route=\/wp\/v2\/pages"}],"about":[{"href":"https:\/\/vsmc.lt\/index.php?rest_route=\/wp\/v2\/types\/page"}],"author":[{"embeddable":true,"href":"https:\/\/vsmc.lt\/index.php?rest_route=\/wp\/v2\/users\/1"}],"replies":[{"embeddable":true,"href":"https:\/\/vsmc.lt\/index.php?rest_route=%2Fwp%2Fv2%2Fcomments&post=9201"}],"version-history":[{"count":1,"href":"https:\/\/vsmc.lt\/index.php?rest_route=\/wp\/v2\/pages\/9201\/revisions"}],"predecessor-version":[{"id":9204,"href":"https:\/\/vsmc.lt\/index.php?rest_route=\/wp\/v2\/pages\/9201\/revisions\/9204"}],"up":[{"embeddable":true,"href":"https:\/\/vsmc.lt\/index.php?rest_route=\/wp\/v2\/pages\/815"}],"wp:attachment":[{"href":"https:\/\/vsmc.lt\/index.php?rest_route=%2Fwp%2Fv2%2Fmedia&parent=9201"}],"curies":[{"name":"wp","href":"https:\/\/api.w.org\/{rel}","templated":true}]}}