{"id":9913,"date":"2022-10-04T11:28:57","date_gmt":"2022-10-04T08:28:57","guid":{"rendered":"https:\/\/vsmc.lt\/?page_id=9913"},"modified":"2026-04-10T13:34:34","modified_gmt":"2026-04-10T10:34:34","slug":"vadoveliai-ir-mokymo-priemones","status":"publish","type":"page","link":"https:\/\/vsmc.lt\/?page_id=9913","title":{"rendered":"\u012esigyt\u0173 vadov\u0117li\u0173, mokymo priemoni\u0173 ir literat\u016bros s\u0105ra\u0161ai"},"content":{"rendered":"<p><a href=\"https:\/\/vsmc.lt\/wp-content\/uploads\/2026\/04\/10\/Vilniaus-suaugusiuju-mokymo-centro-vadoveliu-mokymo-priemoniu-ir-literaturos-pirkimai-2025-m.pdf\">Vilniaus suaugusi\u0173j\u0173 mokymo centro vadov\u0117li\u0173, mokymo priemoni\u0173 ir literat\u016bros pirkimai 2025 m.<\/a><\/p>\n<p><a href=\"https:\/\/vsmc.lt\/wp-content\/uploads\/2025\/01\/28\/Vilniaus-suaugusiuju-mokymo-centro-vadoveliu-mokymo-priemoniu-ir-literaturos-pirkimai-.pdf\">Vilniaus suaugusi\u0173j\u0173 mokymo centro vadov\u0117li\u0173, mokymo priemoni\u0173 ir literat\u016bros pirkimai<\/a> 2024 m.<\/p>\n<p>&nbsp;<\/p>\n<p>&nbsp;<\/p>\n","protected":false},"excerpt":{"rendered":"<p>Vilniaus suaugusi\u0173j\u0173 mokymo centro vadov\u0117li\u0173, mokymo priemoni\u0173 ir literat\u016bros pirkimai 2025 m. Vilniaus suaugusi\u0173j\u0173 mokymo centro vadov\u0117li\u0173, mokymo priemoni\u0173 ir literat\u016bros pirkimai 2024 m. &nbsp; &nbsp;<\/p>\n","protected":false},"author":36,"featured_media":0,"parent":832,"menu_order":1,"comment_status":"closed","ping_status":"closed","template":"","meta":{"footnotes":""},"class_list":["post-9913","page","type-page","status-publish","hentry"],"yoast_head":"<!-- This site is optimized with the Yoast SEO plugin v27.4 - https:\/\/yoast.com\/product\/yoast-seo-wordpress\/ -->\n<title>\u012esigyt\u0173 vadov\u0117li\u0173, mokymo priemoni\u0173 ir literat\u016bros s\u0105ra\u0161ai - Vilniaus suaugusi\u0173j\u0173 mokymo centras<\/title>\n<meta name=\"robots\" content=\"index, follow, max-snippet:-1, max-image-preview:large, max-video-preview:-1\" \/>\n<link rel=\"canonical\" href=\"https:\/\/vsmc.lt\/?page_id=9913\" \/>\n<meta property=\"og:locale\" content=\"lt_LT\" \/>\n<meta property=\"og:type\" content=\"article\" \/>\n<meta property=\"og:title\" content=\"\u012esigyt\u0173 vadov\u0117li\u0173, mokymo priemoni\u0173 ir literat\u016bros s\u0105ra\u0161ai - Vilniaus suaugusi\u0173j\u0173 mokymo centras\" \/>\n<meta property=\"og:description\" content=\"Vilniaus suaugusi\u0173j\u0173 mokymo centro vadov\u0117li\u0173, mokymo priemoni\u0173 ir literat\u016bros pirkimai 2025 m. Vilniaus suaugusi\u0173j\u0173 mokymo centro vadov\u0117li\u0173, mokymo priemoni\u0173 ir literat\u016bros pirkimai 2024 m. &nbsp; &nbsp;\" \/>\n<meta property=\"og:url\" content=\"https:\/\/vsmc.lt\/?page_id=9913\" \/>\n<meta property=\"og:site_name\" content=\"Vilniaus suaugusi\u0173j\u0173 mokymo centras\" \/>\n<meta property=\"article:publisher\" content=\"https:\/\/www.facebook.com\/p\/Vilniaus-suaugusij-mokymo-centras-VSMC-gimnazija-100034428106674\/\" \/>\n<meta property=\"article:modified_time\" content=\"2026-04-10T10:34:34+00:00\" \/>\n<meta property=\"og:image\" content=\"https:\/\/vsmc.lt\/wp-content\/uploads\/2018\/05\/03\/VSMC_PASTATAS_1-1.jpg\" \/>\n\t<meta property=\"og:image:width\" content=\"1500\" \/>\n\t<meta property=\"og:image:height\" content=\"925\" \/>\n\t<meta property=\"og:image:type\" content=\"image\/jpeg\" \/>\n<meta name=\"twitter:card\" content=\"summary_large_image\" \/>\n<meta name=\"twitter:label1\" content=\"Est. reading time\" \/>\n\t<meta name=\"twitter:data1\" content=\"1 minut\u0117\" \/>\n<script type=\"application\/ld+json\" class=\"yoast-schema-graph\">{\"@context\":\"https:\\\/\\\/schema.org\",\"@graph\":[{\"@type\":\"WebPage\",\"@id\":\"https:\\\/\\\/vsmc.lt\\\/?page_id=9913\",\"url\":\"https:\\\/\\\/vsmc.lt\\\/?page_id=9913\",\"name\":\"\u012esigyt\u0173 vadov\u0117li\u0173, mokymo priemoni\u0173 ir literat\u016bros s\u0105ra\u0161ai - Vilniaus suaugusi\u0173j\u0173 mokymo centras\",\"isPartOf\":{\"@id\":\"https:\\\/\\\/vsmc.lt\\\/#website\"},\"datePublished\":\"2022-10-04T08:28:57+00:00\",\"dateModified\":\"2026-04-10T10:34:34+00:00\",\"breadcrumb\":{\"@id\":\"https:\\\/\\\/vsmc.lt\\\/?page_id=9913#breadcrumb\"},\"inLanguage\":\"lt-LT\",\"potentialAction\":[{\"@type\":\"ReadAction\",\"target\":[\"https:\\\/\\\/vsmc.lt\\\/?page_id=9913\"]}]},{\"@type\":\"BreadcrumbList\",\"@id\":\"https:\\\/\\\/vsmc.lt\\\/?page_id=9913#breadcrumb\",\"itemListElement\":[{\"@type\":\"ListItem\",\"position\":1,\"name\":\"Home\",\"item\":\"https:\\\/\\\/vsmc.lt\\\/\"},{\"@type\":\"ListItem\",\"position\":2,\"name\":\"Paslaugos\",\"item\":\"https:\\\/\\\/vsmc.lt\\\/?page_id=822\"},{\"@type\":\"ListItem\",\"position\":3,\"name\":\"Biblioteka\",\"item\":\"https:\\\/\\\/vsmc.lt\\\/?page_id=832\"},{\"@type\":\"ListItem\",\"position\":4,\"name\":\"\u012esigyt\u0173 vadov\u0117li\u0173, mokymo priemoni\u0173 ir literat\u016bros s\u0105ra\u0161ai\"}]},{\"@type\":\"WebSite\",\"@id\":\"https:\\\/\\\/vsmc.lt\\\/#website\",\"url\":\"https:\\\/\\\/vsmc.lt\\\/\",\"name\":\"Vilniaus suaugusi\u0173j\u0173 mokymo centras\",\"description\":\"VSMC\",\"publisher\":{\"@id\":\"https:\\\/\\\/vsmc.lt\\\/#organization\"},\"alternateName\":\"VSMC\",\"potentialAction\":[{\"@type\":\"SearchAction\",\"target\":{\"@type\":\"EntryPoint\",\"urlTemplate\":\"https:\\\/\\\/vsmc.lt\\\/?s={search_term_string}\"},\"query-input\":{\"@type\":\"PropertyValueSpecification\",\"valueRequired\":true,\"valueName\":\"search_term_string\"}}],\"inLanguage\":\"lt-LT\"},{\"@type\":\"Organization\",\"@id\":\"https:\\\/\\\/vsmc.lt\\\/#organization\",\"name\":\"Vilniaus suaugusi\u0173j\u0173 mokymo centras\",\"alternateName\":\"VSMC\",\"url\":\"https:\\\/\\\/vsmc.lt\\\/\",\"logo\":{\"@type\":\"ImageObject\",\"inLanguage\":\"lt-LT\",\"@id\":\"https:\\\/\\\/vsmc.lt\\\/#\\\/schema\\\/logo\\\/image\\\/\",\"url\":\"https:\\\/\\\/vsmc.lt\\\/wp-content\\\/uploads\\\/2016\\\/11\\\/15\\\/logo.png\",\"contentUrl\":\"https:\\\/\\\/vsmc.lt\\\/wp-content\\\/uploads\\\/2016\\\/11\\\/15\\\/logo.png\",\"width\":96,\"height\":121,\"caption\":\"Vilniaus suaugusi\u0173j\u0173 mokymo centras\"},\"image\":{\"@id\":\"https:\\\/\\\/vsmc.lt\\\/#\\\/schema\\\/logo\\\/image\\\/\"},\"sameAs\":[\"https:\\\/\\\/www.facebook.com\\\/p\\\/Vilniaus-suaugusij-mokymo-centras-VSMC-gimnazija-100034428106674\\\/\"]}]}<\/script>\n<!-- \/ Yoast SEO plugin. -->","yoast_head_json":{"title":"\u012esigyt\u0173 vadov\u0117li\u0173, mokymo priemoni\u0173 ir literat\u016bros s\u0105ra\u0161ai - Vilniaus suaugusi\u0173j\u0173 mokymo centras","robots":{"index":"index","follow":"follow","max-snippet":"max-snippet:-1","max-image-preview":"max-image-preview:large","max-video-preview":"max-video-preview:-1"},"canonical":"https:\/\/vsmc.lt\/?page_id=9913","og_locale":"lt_LT","og_type":"article","og_title":"\u012esigyt\u0173 vadov\u0117li\u0173, mokymo priemoni\u0173 ir literat\u016bros s\u0105ra\u0161ai - Vilniaus suaugusi\u0173j\u0173 mokymo centras","og_description":"Vilniaus suaugusi\u0173j\u0173 mokymo centro vadov\u0117li\u0173, mokymo priemoni\u0173 ir literat\u016bros pirkimai 2025 m. Vilniaus suaugusi\u0173j\u0173 mokymo centro vadov\u0117li\u0173, mokymo priemoni\u0173 ir literat\u016bros pirkimai 2024 m. &nbsp; &nbsp;","og_url":"https:\/\/vsmc.lt\/?page_id=9913","og_site_name":"Vilniaus suaugusi\u0173j\u0173 mokymo centras","article_publisher":"https:\/\/www.facebook.com\/p\/Vilniaus-suaugusij-mokymo-centras-VSMC-gimnazija-100034428106674\/","article_modified_time":"2026-04-10T10:34:34+00:00","og_image":[{"width":1500,"height":925,"url":"https:\/\/vsmc.lt\/wp-content\/uploads\/2018\/05\/03\/VSMC_PASTATAS_1-1.jpg","type":"image\/jpeg"}],"twitter_card":"summary_large_image","twitter_misc":{"Est. reading time":"1 minut\u0117"},"schema":{"@context":"https:\/\/schema.org","@graph":[{"@type":"WebPage","@id":"https:\/\/vsmc.lt\/?page_id=9913","url":"https:\/\/vsmc.lt\/?page_id=9913","name":"\u012esigyt\u0173 vadov\u0117li\u0173, mokymo priemoni\u0173 ir literat\u016bros s\u0105ra\u0161ai - Vilniaus suaugusi\u0173j\u0173 mokymo centras","isPartOf":{"@id":"https:\/\/vsmc.lt\/#website"},"datePublished":"2022-10-04T08:28:57+00:00","dateModified":"2026-04-10T10:34:34+00:00","breadcrumb":{"@id":"https:\/\/vsmc.lt\/?page_id=9913#breadcrumb"},"inLanguage":"lt-LT","potentialAction":[{"@type":"ReadAction","target":["https:\/\/vsmc.lt\/?page_id=9913"]}]},{"@type":"BreadcrumbList","@id":"https:\/\/vsmc.lt\/?page_id=9913#breadcrumb","itemListElement":[{"@type":"ListItem","position":1,"name":"Home","item":"https:\/\/vsmc.lt\/"},{"@type":"ListItem","position":2,"name":"Paslaugos","item":"https:\/\/vsmc.lt\/?page_id=822"},{"@type":"ListItem","position":3,"name":"Biblioteka","item":"https:\/\/vsmc.lt\/?page_id=832"},{"@type":"ListItem","position":4,"name":"\u012esigyt\u0173 vadov\u0117li\u0173, mokymo priemoni\u0173 ir literat\u016bros s\u0105ra\u0161ai"}]},{"@type":"WebSite","@id":"https:\/\/vsmc.lt\/#website","url":"https:\/\/vsmc.lt\/","name":"Vilniaus suaugusi\u0173j\u0173 mokymo centras","description":"VSMC","publisher":{"@id":"https:\/\/vsmc.lt\/#organization"},"alternateName":"VSMC","potentialAction":[{"@type":"SearchAction","target":{"@type":"EntryPoint","urlTemplate":"https:\/\/vsmc.lt\/?s={search_term_string}"},"query-input":{"@type":"PropertyValueSpecification","valueRequired":true,"valueName":"search_term_string"}}],"inLanguage":"lt-LT"},{"@type":"Organization","@id":"https:\/\/vsmc.lt\/#organization","name":"Vilniaus suaugusi\u0173j\u0173 mokymo centras","alternateName":"VSMC","url":"https:\/\/vsmc.lt\/","logo":{"@type":"ImageObject","inLanguage":"lt-LT","@id":"https:\/\/vsmc.lt\/#\/schema\/logo\/image\/","url":"https:\/\/vsmc.lt\/wp-content\/uploads\/2016\/11\/15\/logo.png","contentUrl":"https:\/\/vsmc.lt\/wp-content\/uploads\/2016\/11\/15\/logo.png","width":96,"height":121,"caption":"Vilniaus suaugusi\u0173j\u0173 mokymo centras"},"image":{"@id":"https:\/\/vsmc.lt\/#\/schema\/logo\/image\/"},"sameAs":["https:\/\/www.facebook.com\/p\/Vilniaus-suaugusij-mokymo-centras-VSMC-gimnazija-100034428106674\/"]}]}},"_links":{"self":[{"href":"https:\/\/vsmc.lt\/index.php?rest_route=\/wp\/v2\/pages\/9913","targetHints":{"allow":["GET"]}}],"collection":[{"href":"https:\/\/vsmc.lt\/index.php?rest_route=\/wp\/v2\/pages"}],"about":[{"href":"https:\/\/vsmc.lt\/index.php?rest_route=\/wp\/v2\/types\/page"}],"author":[{"embeddable":true,"href":"https:\/\/vsmc.lt\/index.php?rest_route=\/wp\/v2\/users\/36"}],"replies":[{"embeddable":true,"href":"https:\/\/vsmc.lt\/index.php?rest_route=%2Fwp%2Fv2%2Fcomments&post=9913"}],"version-history":[{"count":20,"href":"https:\/\/vsmc.lt\/index.php?rest_route=\/wp\/v2\/pages\/9913\/revisions"}],"predecessor-version":[{"id":12360,"href":"https:\/\/vsmc.lt\/index.php?rest_route=\/wp\/v2\/pages\/9913\/revisions\/12360"}],"up":[{"embeddable":true,"href":"https:\/\/vsmc.lt\/index.php?rest_route=\/wp\/v2\/pages\/832"}],"wp:attachment":[{"href":"https:\/\/vsmc.lt\/index.php?rest_route=%2Fwp%2Fv2%2Fmedia&parent=9913"}],"curies":[{"name":"wp","href":"https:\/\/api.w.org\/{rel}","templated":true}]}}